{"id":1384,"date":"2020-08-06T08:32:42","date_gmt":"2020-08-06T08:32:42","guid":{"rendered":"http:\/\/casagredo-hotel.ms.decms.eu\/?page_id=1384"},"modified":"2020-08-06T10:42:12","modified_gmt":"2020-08-06T10:42:12","slug":"die-suite-mit-dem-vier-lichter-fenster","status":"publish","type":"page","link":"https:\/\/www.casagredohotel.com\/de\/zimmer-suiten\/grand-canal-suite\/die-suite-mit-dem-vier-lichter-fenster\/","title":{"rendered":"Die Suite mit dem Vier-Lichter Fenster"},"content":{"rendered":"<p>Die Suite bietet einen grandiosen Ausblick auf den Canal Grande, Ca\u2019D\u2019Oro, dem Rialtomarkt und den vorbeifahrenden Gondeln. Die Farben in der Suite sind alle mit Blaut\u00f6nen versehen, welche die gleichen Farbt\u00f6ne des Wassers sind, in dem sich Ca\u2019Sagredo wiederspiegelt. Die \u201eSuite della Quadrifora\u201c, mit seinen eleganten Fenstern und einem au\u00dfergew\u00f6hnlichen Blick auf eine der eindrucksvollsten Strecken des Canal Grande, vereint Sch\u00f6nheit und den romantischen Charme von Venedig. Die maximale Belegung in der Suite betr\u00e4gt dreiPersonen.<\/p>\n","protected":false},"excerpt":{"rendered":"<p>Die Suite bietet einen grandiosen Ausblick auf den Canal Grande, Ca\u2019D\u2019Oro, dem Rialtomarkt und den vorbeifahrenden Gondeln. Die Farben in der Suite sind alle mit Blaut\u00f6nen versehen, welche die gleichen Farbt\u00f6ne des Wassers sind, in dem sich Ca\u2019Sagredo wiederspiegelt. Die \u201eSuite della Quadrifora\u201c, mit seinen eleganten Fenstern und einem au\u00dfergew\u00f6hnlichen Blick auf eine der eindrucksvollsten [&hellip;]<\/p>\n","protected":false},"author":13,"featured_media":0,"parent":1373,"menu_order":20,"comment_status":"closed","ping_status":"closed","template":"template-single-room-base.php","meta":{"footnotes":""},"class_list":["post-1384","page","type-page","status-publish","hentry"],"yoast_head":"<!-- This site is optimized with the Yoast SEO plugin v26.9 - https:\/\/yoast.com\/product\/yoast-seo-wordpress\/ -->\n<title>Die Suite mit dem Vier-Lichter Fenster - Ca&#039; Sagredo Hotel<\/title>\n<meta name=\"robots\" content=\"index, follow, max-snippet:-1, max-image-preview:large, max-video-preview:-1\" \/>\n<link rel=\"canonical\" href=\"https:\/\/www.casagredohotel.com\/de\/zimmer-suiten\/grand-canal-suite\/die-suite-mit-dem-vier-lichter-fenster\/\" \/>\n<meta property=\"og:locale\" content=\"de_DE\" \/>\n<meta property=\"og:type\" content=\"article\" \/>\n<meta property=\"og:title\" content=\"Die Suite mit dem Vier-Lichter Fenster - Ca&#039; Sagredo Hotel\" \/>\n<meta property=\"og:description\" content=\"Die Suite bietet einen grandiosen Ausblick auf den Canal Grande, Ca\u2019D\u2019Oro, dem Rialtomarkt und den vorbeifahrenden Gondeln. Die Farben in der Suite sind alle mit Blaut\u00f6nen versehen, welche die gleichen Farbt\u00f6ne des Wassers sind, in dem sich Ca\u2019Sagredo wiederspiegelt. Die \u201eSuite della Quadrifora\u201c, mit seinen eleganten Fenstern und einem au\u00dfergew\u00f6hnlichen Blick auf eine der eindrucksvollsten [&hellip;]\" \/>\n<meta property=\"og:url\" content=\"https:\/\/www.casagredohotel.com\/de\/zimmer-suiten\/grand-canal-suite\/die-suite-mit-dem-vier-lichter-fenster\/\" \/>\n<meta property=\"og:site_name\" content=\"Ca&#039; Sagredo Hotel\" \/>\n<meta property=\"article:modified_time\" content=\"2020-08-06T10:42:12+00:00\" \/>\n<meta name=\"twitter:card\" content=\"summary_large_image\" \/>\n<script type=\"application\/ld+json\" class=\"yoast-schema-graph\">{\"@context\":\"https:\/\/schema.org\",\"@graph\":[{\"@type\":\"WebPage\",\"@id\":\"https:\/\/www.casagredohotel.com\/de\/zimmer-suiten\/grand-canal-suite\/die-suite-mit-dem-vier-lichter-fenster\/\",\"url\":\"https:\/\/www.casagredohotel.com\/de\/zimmer-suiten\/grand-canal-suite\/die-suite-mit-dem-vier-lichter-fenster\/\",\"name\":\"Die Suite mit dem Vier-Lichter Fenster - Ca' Sagredo Hotel\",\"isPartOf\":{\"@id\":\"https:\/\/www.casagredohotel.com\/de\/#website\"},\"datePublished\":\"2020-08-06T08:32:42+00:00\",\"dateModified\":\"2020-08-06T10:42:12+00:00\",\"breadcrumb\":{\"@id\":\"https:\/\/www.casagredohotel.com\/de\/zimmer-suiten\/grand-canal-suite\/die-suite-mit-dem-vier-lichter-fenster\/#breadcrumb\"},\"inLanguage\":\"de-DE\",\"potentialAction\":[{\"@type\":\"ReadAction\",\"target\":[\"https:\/\/www.casagredohotel.com\/de\/zimmer-suiten\/grand-canal-suite\/die-suite-mit-dem-vier-lichter-fenster\/\"]}]},{\"@type\":\"BreadcrumbList\",\"@id\":\"https:\/\/www.casagredohotel.com\/de\/zimmer-suiten\/grand-canal-suite\/die-suite-mit-dem-vier-lichter-fenster\/#breadcrumb\",\"itemListElement\":[{\"@type\":\"ListItem\",\"position\":1,\"name\":\"Home\",\"item\":\"https:\/\/www.casagredohotel.com\/de\/\"},{\"@type\":\"ListItem\",\"position\":2,\"name\":\"Zimmer &#038; Suiten\",\"item\":\"https:\/\/www.casagredohotel.com\/de\/zimmer-suiten\/\"},{\"@type\":\"ListItem\",\"position\":3,\"name\":\"Grand Canal Suite\",\"item\":\"https:\/\/www.casagredohotel.com\/de\/zimmer-suiten\/grand-canal-suite\/\"},{\"@type\":\"ListItem\",\"position\":4,\"name\":\"Die Suite mit dem Vier-Lichter Fenster\"}]},{\"@type\":\"WebSite\",\"@id\":\"https:\/\/www.casagredohotel.com\/de\/#website\",\"url\":\"https:\/\/www.casagredohotel.com\/de\/\",\"name\":\"Ca' Sagredo Hotel\",\"description\":\"Just another ms.decms.eu site\",\"potentialAction\":[{\"@type\":\"SearchAction\",\"target\":{\"@type\":\"EntryPoint\",\"urlTemplate\":\"https:\/\/www.casagredohotel.com\/de\/?s={search_term_string}\"},\"query-input\":{\"@type\":\"PropertyValueSpecification\",\"valueRequired\":true,\"valueName\":\"search_term_string\"}}],\"inLanguage\":\"de-DE\"}]}<\/script>\n<!-- \/ Yoast SEO plugin. -->","yoast_head_json":{"title":"Die Suite mit dem Vier-Lichter Fenster - Ca' Sagredo Hotel","robots":{"index":"index","follow":"follow","max-snippet":"max-snippet:-1","max-image-preview":"max-image-preview:large","max-video-preview":"max-video-preview:-1"},"canonical":"https:\/\/www.casagredohotel.com\/de\/zimmer-suiten\/grand-canal-suite\/die-suite-mit-dem-vier-lichter-fenster\/","og_locale":"de_DE","og_type":"article","og_title":"Die Suite mit dem Vier-Lichter Fenster - Ca' Sagredo Hotel","og_description":"Die Suite bietet einen grandiosen Ausblick auf den Canal Grande, Ca\u2019D\u2019Oro, dem Rialtomarkt und den vorbeifahrenden Gondeln. Die Farben in der Suite sind alle mit Blaut\u00f6nen versehen, welche die gleichen Farbt\u00f6ne des Wassers sind, in dem sich Ca\u2019Sagredo wiederspiegelt. Die \u201eSuite della Quadrifora\u201c, mit seinen eleganten Fenstern und einem au\u00dfergew\u00f6hnlichen Blick auf eine der eindrucksvollsten [&hellip;]","og_url":"https:\/\/www.casagredohotel.com\/de\/zimmer-suiten\/grand-canal-suite\/die-suite-mit-dem-vier-lichter-fenster\/","og_site_name":"Ca' Sagredo Hotel","article_modified_time":"2020-08-06T10:42:12+00:00","twitter_card":"summary_large_image","schema":{"@context":"https:\/\/schema.org","@graph":[{"@type":"WebPage","@id":"https:\/\/www.casagredohotel.com\/de\/zimmer-suiten\/grand-canal-suite\/die-suite-mit-dem-vier-lichter-fenster\/","url":"https:\/\/www.casagredohotel.com\/de\/zimmer-suiten\/grand-canal-suite\/die-suite-mit-dem-vier-lichter-fenster\/","name":"Die Suite mit dem Vier-Lichter Fenster - Ca' Sagredo Hotel","isPartOf":{"@id":"https:\/\/www.casagredohotel.com\/de\/#website"},"datePublished":"2020-08-06T08:32:42+00:00","dateModified":"2020-08-06T10:42:12+00:00","breadcrumb":{"@id":"https:\/\/www.casagredohotel.com\/de\/zimmer-suiten\/grand-canal-suite\/die-suite-mit-dem-vier-lichter-fenster\/#breadcrumb"},"inLanguage":"de-DE","potentialAction":[{"@type":"ReadAction","target":["https:\/\/www.casagredohotel.com\/de\/zimmer-suiten\/grand-canal-suite\/die-suite-mit-dem-vier-lichter-fenster\/"]}]},{"@type":"BreadcrumbList","@id":"https:\/\/www.casagredohotel.com\/de\/zimmer-suiten\/grand-canal-suite\/die-suite-mit-dem-vier-lichter-fenster\/#breadcrumb","itemListElement":[{"@type":"ListItem","position":1,"name":"Home","item":"https:\/\/www.casagredohotel.com\/de\/"},{"@type":"ListItem","position":2,"name":"Zimmer &#038; Suiten","item":"https:\/\/www.casagredohotel.com\/de\/zimmer-suiten\/"},{"@type":"ListItem","position":3,"name":"Grand Canal Suite","item":"https:\/\/www.casagredohotel.com\/de\/zimmer-suiten\/grand-canal-suite\/"},{"@type":"ListItem","position":4,"name":"Die Suite mit dem Vier-Lichter Fenster"}]},{"@type":"WebSite","@id":"https:\/\/www.casagredohotel.com\/de\/#website","url":"https:\/\/www.casagredohotel.com\/de\/","name":"Ca' Sagredo Hotel","description":"Just another ms.decms.eu site","potentialAction":[{"@type":"SearchAction","target":{"@type":"EntryPoint","urlTemplate":"https:\/\/www.casagredohotel.com\/de\/?s={search_term_string}"},"query-input":{"@type":"PropertyValueSpecification","valueRequired":true,"valueName":"search_term_string"}}],"inLanguage":"de-DE"}]}},"acf":[],"_links":{"self":[{"href":"https:\/\/www.casagredohotel.com\/de\/wp-json\/wp\/v2\/pages\/1384","targetHints":{"allow":["GET"]}}],"collection":[{"href":"https:\/\/www.casagredohotel.com\/de\/wp-json\/wp\/v2\/pages"}],"about":[{"href":"https:\/\/www.casagredohotel.com\/de\/wp-json\/wp\/v2\/types\/page"}],"author":[{"embeddable":true,"href":"https:\/\/www.casagredohotel.com\/de\/wp-json\/wp\/v2\/users\/13"}],"replies":[{"embeddable":true,"href":"https:\/\/www.casagredohotel.com\/de\/wp-json\/wp\/v2\/comments?post=1384"}],"version-history":[{"count":0,"href":"https:\/\/www.casagredohotel.com\/de\/wp-json\/wp\/v2\/pages\/1384\/revisions"}],"up":[{"embeddable":true,"href":"https:\/\/www.casagredohotel.com\/de\/wp-json\/wp\/v2\/pages\/1373"}],"wp:attachment":[{"href":"https:\/\/www.casagredohotel.com\/de\/wp-json\/wp\/v2\/media?parent=1384"}],"curies":[{"name":"wp","href":"https:\/\/api.w.org\/{rel}","templated":true}]}}