{"id":1391,"date":"2020-08-06T09:02:36","date_gmt":"2020-08-06T09:02:36","guid":{"rendered":"http:\/\/casagredo-hotel.ms.decms.eu\/?page_id=1391"},"modified":"2020-08-06T10:43:12","modified_gmt":"2020-08-06T10:43:12","slug":"grande-suite","status":"publish","type":"page","link":"https:\/\/www.casagredohotel.com\/de\/zimmer-suiten\/grand-canal-suite\/grande-suite\/","title":{"rendered":"Grande suite"},"content":{"rendered":"<p>Die Grand Suite des Ca\u2019Sagredo Hotels, umfasst Historie und Luxus auf h\u00f6chstem Niveau. Hier befanden sich einst die Arbeits- und Aufenthaltsr\u00e4ume der Sagredo Familie mit atemberaubenden Ausblick auf den Grand Canal. Eines der sch\u00f6nsten Gem\u00e4lde der Welt wurde im Schlafraum, der Grand Suite aufbewahrt. Die Grand Suite ist ca. 100qm gro\u00df und die maximale Belegung betr\u00e4gt drei Personen.<\/p>\n","protected":false},"excerpt":{"rendered":"<p>Die Grand Suite des Ca\u2019Sagredo Hotels, umfasst Historie und Luxus auf h\u00f6chstem Niveau. Hier befanden sich einst die Arbeits- und Aufenthaltsr\u00e4ume der Sagredo Familie mit atemberaubenden Ausblick auf den Grand Canal. Eines der sch\u00f6nsten Gem\u00e4lde der Welt wurde im Schlafraum, der Grand Suite aufbewahrt. Die Grand Suite ist ca. 100qm gro\u00df und die maximale Belegung [&hellip;]<\/p>\n","protected":false},"author":13,"featured_media":0,"parent":1373,"menu_order":30,"comment_status":"closed","ping_status":"closed","template":"template-single-room-base.php","meta":{"footnotes":""},"class_list":["post-1391","page","type-page","status-publish","hentry"],"yoast_head":"<!-- This site is optimized with the Yoast SEO plugin v26.9 - https:\/\/yoast.com\/product\/yoast-seo-wordpress\/ -->\n<title>Grande suite - Ca&#039; Sagredo Hotel<\/title>\n<meta name=\"robots\" content=\"index, follow, max-snippet:-1, max-image-preview:large, max-video-preview:-1\" \/>\n<link rel=\"canonical\" href=\"https:\/\/www.casagredohotel.com\/de\/zimmer-suiten\/grand-canal-suite\/grande-suite\/\" \/>\n<meta property=\"og:locale\" content=\"de_DE\" \/>\n<meta property=\"og:type\" content=\"article\" \/>\n<meta property=\"og:title\" content=\"Grande suite - Ca&#039; Sagredo Hotel\" \/>\n<meta property=\"og:description\" content=\"Die Grand Suite des Ca\u2019Sagredo Hotels, umfasst Historie und Luxus auf h\u00f6chstem Niveau. Hier befanden sich einst die Arbeits- und Aufenthaltsr\u00e4ume der Sagredo Familie mit atemberaubenden Ausblick auf den Grand Canal. Eines der sch\u00f6nsten Gem\u00e4lde der Welt wurde im Schlafraum, der Grand Suite aufbewahrt. Die Grand Suite ist ca. 100qm gro\u00df und die maximale Belegung [&hellip;]\" \/>\n<meta property=\"og:url\" content=\"https:\/\/www.casagredohotel.com\/de\/zimmer-suiten\/grand-canal-suite\/grande-suite\/\" \/>\n<meta property=\"og:site_name\" content=\"Ca&#039; Sagredo Hotel\" \/>\n<meta property=\"article:modified_time\" content=\"2020-08-06T10:43:12+00:00\" \/>\n<meta name=\"twitter:card\" content=\"summary_large_image\" \/>\n<script type=\"application\/ld+json\" class=\"yoast-schema-graph\">{\"@context\":\"https:\/\/schema.org\",\"@graph\":[{\"@type\":\"WebPage\",\"@id\":\"https:\/\/www.casagredohotel.com\/de\/zimmer-suiten\/grand-canal-suite\/grande-suite\/\",\"url\":\"https:\/\/www.casagredohotel.com\/de\/zimmer-suiten\/grand-canal-suite\/grande-suite\/\",\"name\":\"Grande suite - Ca' Sagredo Hotel\",\"isPartOf\":{\"@id\":\"https:\/\/www.casagredohotel.com\/de\/#website\"},\"datePublished\":\"2020-08-06T09:02:36+00:00\",\"dateModified\":\"2020-08-06T10:43:12+00:00\",\"breadcrumb\":{\"@id\":\"https:\/\/www.casagredohotel.com\/de\/zimmer-suiten\/grand-canal-suite\/grande-suite\/#breadcrumb\"},\"inLanguage\":\"de-DE\",\"potentialAction\":[{\"@type\":\"ReadAction\",\"target\":[\"https:\/\/www.casagredohotel.com\/de\/zimmer-suiten\/grand-canal-suite\/grande-suite\/\"]}]},{\"@type\":\"BreadcrumbList\",\"@id\":\"https:\/\/www.casagredohotel.com\/de\/zimmer-suiten\/grand-canal-suite\/grande-suite\/#breadcrumb\",\"itemListElement\":[{\"@type\":\"ListItem\",\"position\":1,\"name\":\"Home\",\"item\":\"https:\/\/www.casagredohotel.com\/de\/\"},{\"@type\":\"ListItem\",\"position\":2,\"name\":\"Zimmer &#038; Suiten\",\"item\":\"https:\/\/www.casagredohotel.com\/de\/zimmer-suiten\/\"},{\"@type\":\"ListItem\",\"position\":3,\"name\":\"Grand Canal Suite\",\"item\":\"https:\/\/www.casagredohotel.com\/de\/zimmer-suiten\/grand-canal-suite\/\"},{\"@type\":\"ListItem\",\"position\":4,\"name\":\"Grande suite\"}]},{\"@type\":\"WebSite\",\"@id\":\"https:\/\/www.casagredohotel.com\/de\/#website\",\"url\":\"https:\/\/www.casagredohotel.com\/de\/\",\"name\":\"Ca' Sagredo Hotel\",\"description\":\"Just another ms.decms.eu site\",\"potentialAction\":[{\"@type\":\"SearchAction\",\"target\":{\"@type\":\"EntryPoint\",\"urlTemplate\":\"https:\/\/www.casagredohotel.com\/de\/?s={search_term_string}\"},\"query-input\":{\"@type\":\"PropertyValueSpecification\",\"valueRequired\":true,\"valueName\":\"search_term_string\"}}],\"inLanguage\":\"de-DE\"}]}<\/script>\n<!-- \/ Yoast SEO plugin. -->","yoast_head_json":{"title":"Grande suite - Ca' Sagredo Hotel","robots":{"index":"index","follow":"follow","max-snippet":"max-snippet:-1","max-image-preview":"max-image-preview:large","max-video-preview":"max-video-preview:-1"},"canonical":"https:\/\/www.casagredohotel.com\/de\/zimmer-suiten\/grand-canal-suite\/grande-suite\/","og_locale":"de_DE","og_type":"article","og_title":"Grande suite - Ca' Sagredo Hotel","og_description":"Die Grand Suite des Ca\u2019Sagredo Hotels, umfasst Historie und Luxus auf h\u00f6chstem Niveau. Hier befanden sich einst die Arbeits- und Aufenthaltsr\u00e4ume der Sagredo Familie mit atemberaubenden Ausblick auf den Grand Canal. Eines der sch\u00f6nsten Gem\u00e4lde der Welt wurde im Schlafraum, der Grand Suite aufbewahrt. Die Grand Suite ist ca. 100qm gro\u00df und die maximale Belegung [&hellip;]","og_url":"https:\/\/www.casagredohotel.com\/de\/zimmer-suiten\/grand-canal-suite\/grande-suite\/","og_site_name":"Ca' Sagredo Hotel","article_modified_time":"2020-08-06T10:43:12+00:00","twitter_card":"summary_large_image","schema":{"@context":"https:\/\/schema.org","@graph":[{"@type":"WebPage","@id":"https:\/\/www.casagredohotel.com\/de\/zimmer-suiten\/grand-canal-suite\/grande-suite\/","url":"https:\/\/www.casagredohotel.com\/de\/zimmer-suiten\/grand-canal-suite\/grande-suite\/","name":"Grande suite - Ca' Sagredo Hotel","isPartOf":{"@id":"https:\/\/www.casagredohotel.com\/de\/#website"},"datePublished":"2020-08-06T09:02:36+00:00","dateModified":"2020-08-06T10:43:12+00:00","breadcrumb":{"@id":"https:\/\/www.casagredohotel.com\/de\/zimmer-suiten\/grand-canal-suite\/grande-suite\/#breadcrumb"},"inLanguage":"de-DE","potentialAction":[{"@type":"ReadAction","target":["https:\/\/www.casagredohotel.com\/de\/zimmer-suiten\/grand-canal-suite\/grande-suite\/"]}]},{"@type":"BreadcrumbList","@id":"https:\/\/www.casagredohotel.com\/de\/zimmer-suiten\/grand-canal-suite\/grande-suite\/#breadcrumb","itemListElement":[{"@type":"ListItem","position":1,"name":"Home","item":"https:\/\/www.casagredohotel.com\/de\/"},{"@type":"ListItem","position":2,"name":"Zimmer &#038; Suiten","item":"https:\/\/www.casagredohotel.com\/de\/zimmer-suiten\/"},{"@type":"ListItem","position":3,"name":"Grand Canal Suite","item":"https:\/\/www.casagredohotel.com\/de\/zimmer-suiten\/grand-canal-suite\/"},{"@type":"ListItem","position":4,"name":"Grande suite"}]},{"@type":"WebSite","@id":"https:\/\/www.casagredohotel.com\/de\/#website","url":"https:\/\/www.casagredohotel.com\/de\/","name":"Ca' Sagredo Hotel","description":"Just another ms.decms.eu site","potentialAction":[{"@type":"SearchAction","target":{"@type":"EntryPoint","urlTemplate":"https:\/\/www.casagredohotel.com\/de\/?s={search_term_string}"},"query-input":{"@type":"PropertyValueSpecification","valueRequired":true,"valueName":"search_term_string"}}],"inLanguage":"de-DE"}]}},"acf":[],"_links":{"self":[{"href":"https:\/\/www.casagredohotel.com\/de\/wp-json\/wp\/v2\/pages\/1391","targetHints":{"allow":["GET"]}}],"collection":[{"href":"https:\/\/www.casagredohotel.com\/de\/wp-json\/wp\/v2\/pages"}],"about":[{"href":"https:\/\/www.casagredohotel.com\/de\/wp-json\/wp\/v2\/types\/page"}],"author":[{"embeddable":true,"href":"https:\/\/www.casagredohotel.com\/de\/wp-json\/wp\/v2\/users\/13"}],"replies":[{"embeddable":true,"href":"https:\/\/www.casagredohotel.com\/de\/wp-json\/wp\/v2\/comments?post=1391"}],"version-history":[{"count":0,"href":"https:\/\/www.casagredohotel.com\/de\/wp-json\/wp\/v2\/pages\/1391\/revisions"}],"up":[{"embeddable":true,"href":"https:\/\/www.casagredohotel.com\/de\/wp-json\/wp\/v2\/pages\/1373"}],"wp:attachment":[{"href":"https:\/\/www.casagredohotel.com\/de\/wp-json\/wp\/v2\/media?parent=1391"}],"curies":[{"name":"wp","href":"https:\/\/api.w.org\/{rel}","templated":true}]}}