{"id":1396,"date":"2020-08-06T09:57:37","date_gmt":"2020-08-06T09:57:37","guid":{"rendered":"http:\/\/casagredo-hotel.ms.decms.eu\/?page_id=1396"},"modified":"2020-08-06T10:07:17","modified_gmt":"2020-08-06T10:07:17","slug":"grand-canal-panoramic-suite","status":"publish","type":"page","link":"https:\/\/www.casagredohotel.com\/de\/zimmer-suiten\/grand-canal-panoramic-suite\/","title":{"rendered":"Grand Canal Panoramic Suite"},"content":{"rendered":"<p>Durch ihre Lage auf der Noblen Etage bietet unsere pr\u00e4chtige Suite einen atemberaubenden Panoramablick auf den Canal Grande und die glitzernde Skyline von Venedig. Der perfekte st\u00e4dtische R\u00fcckzugsort, mit perfektem Design, gro\u00dfz\u00fcgigem Grundriss und allen Annehmlichkeiten, die man sich nur w\u00fcnschen kann.<\/p>\n<p>\u00dcberall in der Suite mit zwei Schlafzimmern gibt es einzigartige Kunstwerke, antike M\u00f6bel, vergoldete Spiegel und wundersch\u00f6ne Murano-Gl\u00e4ser und kostbare Stoffe, die alle durch einen Farbton von Braun, Creme und Wei\u00df miteinander verbunden sind, der durch leuchtend geb\u00fcrstete Gold-Accessoires unterstrichen wird.<\/p>\n","protected":false},"excerpt":{"rendered":"<p>Durch ihre Lage auf der Noblen Etage bietet unsere pr\u00e4chtige Suite einen atemberaubenden Panoramablick auf den Canal Grande und die glitzernde Skyline von Venedig. Der perfekte st\u00e4dtische R\u00fcckzugsort, mit perfektem Design, gro\u00dfz\u00fcgigem Grundriss und allen Annehmlichkeiten, die man sich nur w\u00fcnschen kann. \u00dcberall in der Suite mit zwei Schlafzimmern gibt es einzigartige Kunstwerke, antike M\u00f6bel, [&hellip;]<\/p>\n","protected":false},"author":13,"featured_media":0,"parent":1344,"menu_order":40,"comment_status":"closed","ping_status":"closed","template":"template-single-room-children.php","meta":{"footnotes":""},"class_list":["post-1396","page","type-page","status-publish","hentry"],"yoast_head":"<!-- This site is optimized with the Yoast SEO plugin v26.9 - https:\/\/yoast.com\/product\/yoast-seo-wordpress\/ -->\n<title>Grand Canal Panoramic Suite - Ca&#039; Sagredo Hotel<\/title>\n<meta name=\"robots\" content=\"index, follow, max-snippet:-1, max-image-preview:large, max-video-preview:-1\" \/>\n<link rel=\"canonical\" href=\"https:\/\/www.casagredohotel.com\/de\/zimmer-suiten\/grand-canal-panoramic-suite\/\" \/>\n<meta property=\"og:locale\" content=\"de_DE\" \/>\n<meta property=\"og:type\" content=\"article\" \/>\n<meta property=\"og:title\" content=\"Grand Canal Panoramic Suite - Ca&#039; Sagredo Hotel\" \/>\n<meta property=\"og:description\" content=\"Durch ihre Lage auf der Noblen Etage bietet unsere pr\u00e4chtige Suite einen atemberaubenden Panoramablick auf den Canal Grande und die glitzernde Skyline von Venedig. Der perfekte st\u00e4dtische R\u00fcckzugsort, mit perfektem Design, gro\u00dfz\u00fcgigem Grundriss und allen Annehmlichkeiten, die man sich nur w\u00fcnschen kann. \u00dcberall in der Suite mit zwei Schlafzimmern gibt es einzigartige Kunstwerke, antike M\u00f6bel, [&hellip;]\" \/>\n<meta property=\"og:url\" content=\"https:\/\/www.casagredohotel.com\/de\/zimmer-suiten\/grand-canal-panoramic-suite\/\" \/>\n<meta property=\"og:site_name\" content=\"Ca&#039; Sagredo Hotel\" \/>\n<meta property=\"article:modified_time\" content=\"2020-08-06T10:07:17+00:00\" \/>\n<meta name=\"twitter:card\" content=\"summary_large_image\" \/>\n<script type=\"application\/ld+json\" class=\"yoast-schema-graph\">{\"@context\":\"https:\/\/schema.org\",\"@graph\":[{\"@type\":\"WebPage\",\"@id\":\"https:\/\/www.casagredohotel.com\/de\/zimmer-suiten\/grand-canal-panoramic-suite\/\",\"url\":\"https:\/\/www.casagredohotel.com\/de\/zimmer-suiten\/grand-canal-panoramic-suite\/\",\"name\":\"Grand Canal Panoramic Suite - Ca' Sagredo Hotel\",\"isPartOf\":{\"@id\":\"https:\/\/www.casagredohotel.com\/de\/#website\"},\"datePublished\":\"2020-08-06T09:57:37+00:00\",\"dateModified\":\"2020-08-06T10:07:17+00:00\",\"breadcrumb\":{\"@id\":\"https:\/\/www.casagredohotel.com\/de\/zimmer-suiten\/grand-canal-panoramic-suite\/#breadcrumb\"},\"inLanguage\":\"de-DE\",\"potentialAction\":[{\"@type\":\"ReadAction\",\"target\":[\"https:\/\/www.casagredohotel.com\/de\/zimmer-suiten\/grand-canal-panoramic-suite\/\"]}]},{\"@type\":\"BreadcrumbList\",\"@id\":\"https:\/\/www.casagredohotel.com\/de\/zimmer-suiten\/grand-canal-panoramic-suite\/#breadcrumb\",\"itemListElement\":[{\"@type\":\"ListItem\",\"position\":1,\"name\":\"Home\",\"item\":\"https:\/\/www.casagredohotel.com\/de\/\"},{\"@type\":\"ListItem\",\"position\":2,\"name\":\"Zimmer &#038; Suiten\",\"item\":\"https:\/\/www.casagredohotel.com\/de\/zimmer-suiten\/\"},{\"@type\":\"ListItem\",\"position\":3,\"name\":\"Grand Canal Panoramic Suite\"}]},{\"@type\":\"WebSite\",\"@id\":\"https:\/\/www.casagredohotel.com\/de\/#website\",\"url\":\"https:\/\/www.casagredohotel.com\/de\/\",\"name\":\"Ca' Sagredo Hotel\",\"description\":\"Just another ms.decms.eu site\",\"potentialAction\":[{\"@type\":\"SearchAction\",\"target\":{\"@type\":\"EntryPoint\",\"urlTemplate\":\"https:\/\/www.casagredohotel.com\/de\/?s={search_term_string}\"},\"query-input\":{\"@type\":\"PropertyValueSpecification\",\"valueRequired\":true,\"valueName\":\"search_term_string\"}}],\"inLanguage\":\"de-DE\"}]}<\/script>\n<!-- \/ Yoast SEO plugin. -->","yoast_head_json":{"title":"Grand Canal Panoramic Suite - Ca' Sagredo Hotel","robots":{"index":"index","follow":"follow","max-snippet":"max-snippet:-1","max-image-preview":"max-image-preview:large","max-video-preview":"max-video-preview:-1"},"canonical":"https:\/\/www.casagredohotel.com\/de\/zimmer-suiten\/grand-canal-panoramic-suite\/","og_locale":"de_DE","og_type":"article","og_title":"Grand Canal Panoramic Suite - Ca' Sagredo Hotel","og_description":"Durch ihre Lage auf der Noblen Etage bietet unsere pr\u00e4chtige Suite einen atemberaubenden Panoramablick auf den Canal Grande und die glitzernde Skyline von Venedig. Der perfekte st\u00e4dtische R\u00fcckzugsort, mit perfektem Design, gro\u00dfz\u00fcgigem Grundriss und allen Annehmlichkeiten, die man sich nur w\u00fcnschen kann. \u00dcberall in der Suite mit zwei Schlafzimmern gibt es einzigartige Kunstwerke, antike M\u00f6bel, [&hellip;]","og_url":"https:\/\/www.casagredohotel.com\/de\/zimmer-suiten\/grand-canal-panoramic-suite\/","og_site_name":"Ca' Sagredo Hotel","article_modified_time":"2020-08-06T10:07:17+00:00","twitter_card":"summary_large_image","schema":{"@context":"https:\/\/schema.org","@graph":[{"@type":"WebPage","@id":"https:\/\/www.casagredohotel.com\/de\/zimmer-suiten\/grand-canal-panoramic-suite\/","url":"https:\/\/www.casagredohotel.com\/de\/zimmer-suiten\/grand-canal-panoramic-suite\/","name":"Grand Canal Panoramic Suite - Ca' Sagredo Hotel","isPartOf":{"@id":"https:\/\/www.casagredohotel.com\/de\/#website"},"datePublished":"2020-08-06T09:57:37+00:00","dateModified":"2020-08-06T10:07:17+00:00","breadcrumb":{"@id":"https:\/\/www.casagredohotel.com\/de\/zimmer-suiten\/grand-canal-panoramic-suite\/#breadcrumb"},"inLanguage":"de-DE","potentialAction":[{"@type":"ReadAction","target":["https:\/\/www.casagredohotel.com\/de\/zimmer-suiten\/grand-canal-panoramic-suite\/"]}]},{"@type":"BreadcrumbList","@id":"https:\/\/www.casagredohotel.com\/de\/zimmer-suiten\/grand-canal-panoramic-suite\/#breadcrumb","itemListElement":[{"@type":"ListItem","position":1,"name":"Home","item":"https:\/\/www.casagredohotel.com\/de\/"},{"@type":"ListItem","position":2,"name":"Zimmer &#038; Suiten","item":"https:\/\/www.casagredohotel.com\/de\/zimmer-suiten\/"},{"@type":"ListItem","position":3,"name":"Grand Canal Panoramic Suite"}]},{"@type":"WebSite","@id":"https:\/\/www.casagredohotel.com\/de\/#website","url":"https:\/\/www.casagredohotel.com\/de\/","name":"Ca' Sagredo Hotel","description":"Just another ms.decms.eu site","potentialAction":[{"@type":"SearchAction","target":{"@type":"EntryPoint","urlTemplate":"https:\/\/www.casagredohotel.com\/de\/?s={search_term_string}"},"query-input":{"@type":"PropertyValueSpecification","valueRequired":true,"valueName":"search_term_string"}}],"inLanguage":"de-DE"}]}},"acf":[],"_links":{"self":[{"href":"https:\/\/www.casagredohotel.com\/de\/wp-json\/wp\/v2\/pages\/1396","targetHints":{"allow":["GET"]}}],"collection":[{"href":"https:\/\/www.casagredohotel.com\/de\/wp-json\/wp\/v2\/pages"}],"about":[{"href":"https:\/\/www.casagredohotel.com\/de\/wp-json\/wp\/v2\/types\/page"}],"author":[{"embeddable":true,"href":"https:\/\/www.casagredohotel.com\/de\/wp-json\/wp\/v2\/users\/13"}],"replies":[{"embeddable":true,"href":"https:\/\/www.casagredohotel.com\/de\/wp-json\/wp\/v2\/comments?post=1396"}],"version-history":[{"count":0,"href":"https:\/\/www.casagredohotel.com\/de\/wp-json\/wp\/v2\/pages\/1396\/revisions"}],"up":[{"embeddable":true,"href":"https:\/\/www.casagredohotel.com\/de\/wp-json\/wp\/v2\/pages\/1344"}],"wp:attachment":[{"href":"https:\/\/www.casagredohotel.com\/de\/wp-json\/wp\/v2\/media?parent=1396"}],"curies":[{"name":"wp","href":"https:\/\/api.w.org\/{rel}","templated":true}]}}