{"id":1410,"date":"2020-08-06T10:28:12","date_gmt":"2020-08-06T10:28:12","guid":{"rendered":"http:\/\/casagredo-hotel.ms.decms.eu\/?page_id=1410"},"modified":"2020-08-06T10:29:42","modified_gmt":"2020-08-06T10:29:42","slug":"heritage-suite","status":"publish","type":"page","link":"https:\/\/www.casagredohotel.com\/de\/zimmer-suiten\/heritage-suite\/","title":{"rendered":"Heritage Suite"},"content":{"rendered":"<p>Diese Deluxe Suites, versetzen den Gast in das 17. und 18. Jahrhundert Venedigs zur\u00fcck und waren das wahre Herz der Sagredos, mit den jeweils originalen Gem\u00e4lden von den renommiertesten K\u00fcnstlern damaliger Zeit.<\/p>\n<p>Die Historical Suten sind ca. 60-100qm gro\u00df und die maximale Belegung betr\u00e4gt drei Personen.<\/p>\n","protected":false},"excerpt":{"rendered":"<p>Diese Deluxe Suites, versetzen den Gast in das 17. und 18. Jahrhundert Venedigs zur\u00fcck und waren das wahre Herz der Sagredos, mit den jeweils originalen Gem\u00e4lden von den renommiertesten K\u00fcnstlern damaliger Zeit. Die Historical Suten sind ca. 60-100qm gro\u00df und die maximale Belegung betr\u00e4gt drei Personen.<\/p>\n","protected":false},"author":13,"featured_media":0,"parent":1344,"menu_order":40,"comment_status":"closed","ping_status":"closed","template":"template-single-room-children.php","meta":{"footnotes":""},"class_list":["post-1410","page","type-page","status-publish","hentry"],"yoast_head":"<!-- This site is optimized with the Yoast SEO plugin v26.9 - https:\/\/yoast.com\/product\/yoast-seo-wordpress\/ -->\n<title>Heritage Suite - Ca&#039; Sagredo Hotel<\/title>\n<meta name=\"robots\" content=\"index, follow, max-snippet:-1, max-image-preview:large, max-video-preview:-1\" \/>\n<link rel=\"canonical\" href=\"https:\/\/www.casagredohotel.com\/de\/zimmer-suiten\/heritage-suite\/\" \/>\n<meta property=\"og:locale\" content=\"de_DE\" \/>\n<meta property=\"og:type\" content=\"article\" \/>\n<meta property=\"og:title\" content=\"Heritage Suite - Ca&#039; Sagredo Hotel\" \/>\n<meta property=\"og:description\" content=\"Diese Deluxe Suites, versetzen den Gast in das 17. und 18. Jahrhundert Venedigs zur\u00fcck und waren das wahre Herz der Sagredos, mit den jeweils originalen Gem\u00e4lden von den renommiertesten K\u00fcnstlern damaliger Zeit. Die Historical Suten sind ca. 60-100qm gro\u00df und die maximale Belegung betr\u00e4gt drei Personen.\" \/>\n<meta property=\"og:url\" content=\"https:\/\/www.casagredohotel.com\/de\/zimmer-suiten\/heritage-suite\/\" \/>\n<meta property=\"og:site_name\" content=\"Ca&#039; Sagredo Hotel\" \/>\n<meta property=\"article:modified_time\" content=\"2020-08-06T10:29:42+00:00\" \/>\n<meta name=\"twitter:card\" content=\"summary_large_image\" \/>\n<script type=\"application\/ld+json\" class=\"yoast-schema-graph\">{\"@context\":\"https:\/\/schema.org\",\"@graph\":[{\"@type\":\"WebPage\",\"@id\":\"https:\/\/www.casagredohotel.com\/de\/zimmer-suiten\/heritage-suite\/\",\"url\":\"https:\/\/www.casagredohotel.com\/de\/zimmer-suiten\/heritage-suite\/\",\"name\":\"Heritage Suite - Ca' Sagredo Hotel\",\"isPartOf\":{\"@id\":\"https:\/\/www.casagredohotel.com\/de\/#website\"},\"datePublished\":\"2020-08-06T10:28:12+00:00\",\"dateModified\":\"2020-08-06T10:29:42+00:00\",\"breadcrumb\":{\"@id\":\"https:\/\/www.casagredohotel.com\/de\/zimmer-suiten\/heritage-suite\/#breadcrumb\"},\"inLanguage\":\"de-DE\",\"potentialAction\":[{\"@type\":\"ReadAction\",\"target\":[\"https:\/\/www.casagredohotel.com\/de\/zimmer-suiten\/heritage-suite\/\"]}]},{\"@type\":\"BreadcrumbList\",\"@id\":\"https:\/\/www.casagredohotel.com\/de\/zimmer-suiten\/heritage-suite\/#breadcrumb\",\"itemListElement\":[{\"@type\":\"ListItem\",\"position\":1,\"name\":\"Home\",\"item\":\"https:\/\/www.casagredohotel.com\/de\/\"},{\"@type\":\"ListItem\",\"position\":2,\"name\":\"Zimmer &#038; Suiten\",\"item\":\"https:\/\/www.casagredohotel.com\/de\/zimmer-suiten\/\"},{\"@type\":\"ListItem\",\"position\":3,\"name\":\"Heritage Suite\"}]},{\"@type\":\"WebSite\",\"@id\":\"https:\/\/www.casagredohotel.com\/de\/#website\",\"url\":\"https:\/\/www.casagredohotel.com\/de\/\",\"name\":\"Ca' Sagredo Hotel\",\"description\":\"Just another ms.decms.eu site\",\"potentialAction\":[{\"@type\":\"SearchAction\",\"target\":{\"@type\":\"EntryPoint\",\"urlTemplate\":\"https:\/\/www.casagredohotel.com\/de\/?s={search_term_string}\"},\"query-input\":{\"@type\":\"PropertyValueSpecification\",\"valueRequired\":true,\"valueName\":\"search_term_string\"}}],\"inLanguage\":\"de-DE\"}]}<\/script>\n<!-- \/ Yoast SEO plugin. -->","yoast_head_json":{"title":"Heritage Suite - Ca' Sagredo Hotel","robots":{"index":"index","follow":"follow","max-snippet":"max-snippet:-1","max-image-preview":"max-image-preview:large","max-video-preview":"max-video-preview:-1"},"canonical":"https:\/\/www.casagredohotel.com\/de\/zimmer-suiten\/heritage-suite\/","og_locale":"de_DE","og_type":"article","og_title":"Heritage Suite - Ca' Sagredo Hotel","og_description":"Diese Deluxe Suites, versetzen den Gast in das 17. und 18. Jahrhundert Venedigs zur\u00fcck und waren das wahre Herz der Sagredos, mit den jeweils originalen Gem\u00e4lden von den renommiertesten K\u00fcnstlern damaliger Zeit. Die Historical Suten sind ca. 60-100qm gro\u00df und die maximale Belegung betr\u00e4gt drei Personen.","og_url":"https:\/\/www.casagredohotel.com\/de\/zimmer-suiten\/heritage-suite\/","og_site_name":"Ca' Sagredo Hotel","article_modified_time":"2020-08-06T10:29:42+00:00","twitter_card":"summary_large_image","schema":{"@context":"https:\/\/schema.org","@graph":[{"@type":"WebPage","@id":"https:\/\/www.casagredohotel.com\/de\/zimmer-suiten\/heritage-suite\/","url":"https:\/\/www.casagredohotel.com\/de\/zimmer-suiten\/heritage-suite\/","name":"Heritage Suite - Ca' Sagredo Hotel","isPartOf":{"@id":"https:\/\/www.casagredohotel.com\/de\/#website"},"datePublished":"2020-08-06T10:28:12+00:00","dateModified":"2020-08-06T10:29:42+00:00","breadcrumb":{"@id":"https:\/\/www.casagredohotel.com\/de\/zimmer-suiten\/heritage-suite\/#breadcrumb"},"inLanguage":"de-DE","potentialAction":[{"@type":"ReadAction","target":["https:\/\/www.casagredohotel.com\/de\/zimmer-suiten\/heritage-suite\/"]}]},{"@type":"BreadcrumbList","@id":"https:\/\/www.casagredohotel.com\/de\/zimmer-suiten\/heritage-suite\/#breadcrumb","itemListElement":[{"@type":"ListItem","position":1,"name":"Home","item":"https:\/\/www.casagredohotel.com\/de\/"},{"@type":"ListItem","position":2,"name":"Zimmer &#038; Suiten","item":"https:\/\/www.casagredohotel.com\/de\/zimmer-suiten\/"},{"@type":"ListItem","position":3,"name":"Heritage Suite"}]},{"@type":"WebSite","@id":"https:\/\/www.casagredohotel.com\/de\/#website","url":"https:\/\/www.casagredohotel.com\/de\/","name":"Ca' Sagredo Hotel","description":"Just another ms.decms.eu site","potentialAction":[{"@type":"SearchAction","target":{"@type":"EntryPoint","urlTemplate":"https:\/\/www.casagredohotel.com\/de\/?s={search_term_string}"},"query-input":{"@type":"PropertyValueSpecification","valueRequired":true,"valueName":"search_term_string"}}],"inLanguage":"de-DE"}]}},"acf":[],"_links":{"self":[{"href":"https:\/\/www.casagredohotel.com\/de\/wp-json\/wp\/v2\/pages\/1410","targetHints":{"allow":["GET"]}}],"collection":[{"href":"https:\/\/www.casagredohotel.com\/de\/wp-json\/wp\/v2\/pages"}],"about":[{"href":"https:\/\/www.casagredohotel.com\/de\/wp-json\/wp\/v2\/types\/page"}],"author":[{"embeddable":true,"href":"https:\/\/www.casagredohotel.com\/de\/wp-json\/wp\/v2\/users\/13"}],"replies":[{"embeddable":true,"href":"https:\/\/www.casagredohotel.com\/de\/wp-json\/wp\/v2\/comments?post=1410"}],"version-history":[{"count":0,"href":"https:\/\/www.casagredohotel.com\/de\/wp-json\/wp\/v2\/pages\/1410\/revisions"}],"up":[{"embeddable":true,"href":"https:\/\/www.casagredohotel.com\/de\/wp-json\/wp\/v2\/pages\/1344"}],"wp:attachment":[{"href":"https:\/\/www.casagredohotel.com\/de\/wp-json\/wp\/v2\/media?parent=1410"}],"curies":[{"name":"wp","href":"https:\/\/api.w.org\/{rel}","templated":true}]}}