{"id":1411,"date":"2020-08-06T10:34:24","date_gmt":"2020-08-06T10:34:24","guid":{"rendered":"http:\/\/casagredo-hotel.ms.decms.eu\/?page_id=1411"},"modified":"2020-08-06T10:47:51","modified_gmt":"2020-08-06T10:47:51","slug":"die-sebastiano-ricci-suite","status":"publish","type":"page","link":"https:\/\/www.casagredohotel.com\/de\/zimmer-suiten\/heritage-suite\/die-sebastiano-ricci-suite\/","title":{"rendered":"Die Sebastiano Ricci Suite"},"content":{"rendered":"<p>Geschichte und Luxus vereint: Die Sebastian Ricci Suite ist sehr ger\u00e4umig mit einem fabelhaften Zimmer (ca. 100qm), einem gro\u00dfz\u00fcgigen Sitzbereich und einer herrlichen Stuckdecke des 18. Jahrhunderts von dem ber\u00fchmten K\u00fcnstler Sebastiano Ricci. Unglaublich sch\u00f6nund luxuri\u00f6s, ist die Suite mit pr\u00e4chtigen Stoffen, eleganten vergoldeten Spiegeln, typisch-italienisch vergoldeten Sesseln und antiken M\u00f6beln hervorgehoben. Romantik, Lichter, Materialien und Ausstattung spielen so gut zusammen, dass der Raum eine ganz besondere und eigene Note der Verf\u00fchrung mit sich bringt und sich der Gast noch intensiver in die Situation des 18. Jahrhunderts zur\u00fcckversetzt.<\/p>\n","protected":false},"excerpt":{"rendered":"<p>Geschichte und Luxus vereint: Die Sebastian Ricci Suite ist sehr ger\u00e4umig mit einem fabelhaften Zimmer (ca. 100qm), einem gro\u00dfz\u00fcgigen Sitzbereich und einer herrlichen Stuckdecke des 18. Jahrhunderts von dem ber\u00fchmten K\u00fcnstler Sebastiano Ricci. Unglaublich sch\u00f6nund luxuri\u00f6s, ist die Suite mit pr\u00e4chtigen Stoffen, eleganten vergoldeten Spiegeln, typisch-italienisch vergoldeten Sesseln und antiken M\u00f6beln hervorgehoben. Romantik, Lichter, Materialien [&hellip;]<\/p>\n","protected":false},"author":13,"featured_media":0,"parent":1410,"menu_order":10,"comment_status":"closed","ping_status":"closed","template":"template-single-room-base.php","meta":{"footnotes":""},"class_list":["post-1411","page","type-page","status-publish","hentry"],"yoast_head":"<!-- This site is optimized with the Yoast SEO plugin v26.9 - https:\/\/yoast.com\/product\/yoast-seo-wordpress\/ -->\n<title>Die Sebastiano Ricci Suite - Ca&#039; Sagredo Hotel<\/title>\n<meta name=\"robots\" content=\"index, follow, max-snippet:-1, max-image-preview:large, max-video-preview:-1\" \/>\n<link rel=\"canonical\" href=\"https:\/\/www.casagredohotel.com\/de\/zimmer-suiten\/heritage-suite\/die-sebastiano-ricci-suite\/\" \/>\n<meta property=\"og:locale\" content=\"de_DE\" \/>\n<meta property=\"og:type\" content=\"article\" \/>\n<meta property=\"og:title\" content=\"Die Sebastiano Ricci Suite - Ca&#039; Sagredo Hotel\" \/>\n<meta property=\"og:description\" content=\"Geschichte und Luxus vereint: Die Sebastian Ricci Suite ist sehr ger\u00e4umig mit einem fabelhaften Zimmer (ca. 100qm), einem gro\u00dfz\u00fcgigen Sitzbereich und einer herrlichen Stuckdecke des 18. Jahrhunderts von dem ber\u00fchmten K\u00fcnstler Sebastiano Ricci. Unglaublich sch\u00f6nund luxuri\u00f6s, ist die Suite mit pr\u00e4chtigen Stoffen, eleganten vergoldeten Spiegeln, typisch-italienisch vergoldeten Sesseln und antiken M\u00f6beln hervorgehoben. Romantik, Lichter, Materialien [&hellip;]\" \/>\n<meta property=\"og:url\" content=\"https:\/\/www.casagredohotel.com\/de\/zimmer-suiten\/heritage-suite\/die-sebastiano-ricci-suite\/\" \/>\n<meta property=\"og:site_name\" content=\"Ca&#039; Sagredo Hotel\" \/>\n<meta property=\"article:modified_time\" content=\"2020-08-06T10:47:51+00:00\" \/>\n<meta name=\"twitter:card\" content=\"summary_large_image\" \/>\n<script type=\"application\/ld+json\" class=\"yoast-schema-graph\">{\"@context\":\"https:\/\/schema.org\",\"@graph\":[{\"@type\":\"WebPage\",\"@id\":\"https:\/\/www.casagredohotel.com\/de\/zimmer-suiten\/heritage-suite\/die-sebastiano-ricci-suite\/\",\"url\":\"https:\/\/www.casagredohotel.com\/de\/zimmer-suiten\/heritage-suite\/die-sebastiano-ricci-suite\/\",\"name\":\"Die Sebastiano Ricci Suite - Ca' Sagredo Hotel\",\"isPartOf\":{\"@id\":\"https:\/\/www.casagredohotel.com\/de\/#website\"},\"datePublished\":\"2020-08-06T10:34:24+00:00\",\"dateModified\":\"2020-08-06T10:47:51+00:00\",\"breadcrumb\":{\"@id\":\"https:\/\/www.casagredohotel.com\/de\/zimmer-suiten\/heritage-suite\/die-sebastiano-ricci-suite\/#breadcrumb\"},\"inLanguage\":\"de-DE\",\"potentialAction\":[{\"@type\":\"ReadAction\",\"target\":[\"https:\/\/www.casagredohotel.com\/de\/zimmer-suiten\/heritage-suite\/die-sebastiano-ricci-suite\/\"]}]},{\"@type\":\"BreadcrumbList\",\"@id\":\"https:\/\/www.casagredohotel.com\/de\/zimmer-suiten\/heritage-suite\/die-sebastiano-ricci-suite\/#breadcrumb\",\"itemListElement\":[{\"@type\":\"ListItem\",\"position\":1,\"name\":\"Home\",\"item\":\"https:\/\/www.casagredohotel.com\/de\/\"},{\"@type\":\"ListItem\",\"position\":2,\"name\":\"Zimmer &#038; Suiten\",\"item\":\"https:\/\/www.casagredohotel.com\/de\/zimmer-suiten\/\"},{\"@type\":\"ListItem\",\"position\":3,\"name\":\"Heritage Suite\",\"item\":\"https:\/\/www.casagredohotel.com\/de\/zimmer-suiten\/heritage-suite\/\"},{\"@type\":\"ListItem\",\"position\":4,\"name\":\"Die Sebastiano Ricci Suite\"}]},{\"@type\":\"WebSite\",\"@id\":\"https:\/\/www.casagredohotel.com\/de\/#website\",\"url\":\"https:\/\/www.casagredohotel.com\/de\/\",\"name\":\"Ca' Sagredo Hotel\",\"description\":\"Just another ms.decms.eu site\",\"potentialAction\":[{\"@type\":\"SearchAction\",\"target\":{\"@type\":\"EntryPoint\",\"urlTemplate\":\"https:\/\/www.casagredohotel.com\/de\/?s={search_term_string}\"},\"query-input\":{\"@type\":\"PropertyValueSpecification\",\"valueRequired\":true,\"valueName\":\"search_term_string\"}}],\"inLanguage\":\"de-DE\"}]}<\/script>\n<!-- \/ Yoast SEO plugin. -->","yoast_head_json":{"title":"Die Sebastiano Ricci Suite - Ca' Sagredo Hotel","robots":{"index":"index","follow":"follow","max-snippet":"max-snippet:-1","max-image-preview":"max-image-preview:large","max-video-preview":"max-video-preview:-1"},"canonical":"https:\/\/www.casagredohotel.com\/de\/zimmer-suiten\/heritage-suite\/die-sebastiano-ricci-suite\/","og_locale":"de_DE","og_type":"article","og_title":"Die Sebastiano Ricci Suite - Ca' Sagredo Hotel","og_description":"Geschichte und Luxus vereint: Die Sebastian Ricci Suite ist sehr ger\u00e4umig mit einem fabelhaften Zimmer (ca. 100qm), einem gro\u00dfz\u00fcgigen Sitzbereich und einer herrlichen Stuckdecke des 18. Jahrhunderts von dem ber\u00fchmten K\u00fcnstler Sebastiano Ricci. Unglaublich sch\u00f6nund luxuri\u00f6s, ist die Suite mit pr\u00e4chtigen Stoffen, eleganten vergoldeten Spiegeln, typisch-italienisch vergoldeten Sesseln und antiken M\u00f6beln hervorgehoben. Romantik, Lichter, Materialien [&hellip;]","og_url":"https:\/\/www.casagredohotel.com\/de\/zimmer-suiten\/heritage-suite\/die-sebastiano-ricci-suite\/","og_site_name":"Ca' Sagredo Hotel","article_modified_time":"2020-08-06T10:47:51+00:00","twitter_card":"summary_large_image","schema":{"@context":"https:\/\/schema.org","@graph":[{"@type":"WebPage","@id":"https:\/\/www.casagredohotel.com\/de\/zimmer-suiten\/heritage-suite\/die-sebastiano-ricci-suite\/","url":"https:\/\/www.casagredohotel.com\/de\/zimmer-suiten\/heritage-suite\/die-sebastiano-ricci-suite\/","name":"Die Sebastiano Ricci Suite - Ca' Sagredo Hotel","isPartOf":{"@id":"https:\/\/www.casagredohotel.com\/de\/#website"},"datePublished":"2020-08-06T10:34:24+00:00","dateModified":"2020-08-06T10:47:51+00:00","breadcrumb":{"@id":"https:\/\/www.casagredohotel.com\/de\/zimmer-suiten\/heritage-suite\/die-sebastiano-ricci-suite\/#breadcrumb"},"inLanguage":"de-DE","potentialAction":[{"@type":"ReadAction","target":["https:\/\/www.casagredohotel.com\/de\/zimmer-suiten\/heritage-suite\/die-sebastiano-ricci-suite\/"]}]},{"@type":"BreadcrumbList","@id":"https:\/\/www.casagredohotel.com\/de\/zimmer-suiten\/heritage-suite\/die-sebastiano-ricci-suite\/#breadcrumb","itemListElement":[{"@type":"ListItem","position":1,"name":"Home","item":"https:\/\/www.casagredohotel.com\/de\/"},{"@type":"ListItem","position":2,"name":"Zimmer &#038; Suiten","item":"https:\/\/www.casagredohotel.com\/de\/zimmer-suiten\/"},{"@type":"ListItem","position":3,"name":"Heritage Suite","item":"https:\/\/www.casagredohotel.com\/de\/zimmer-suiten\/heritage-suite\/"},{"@type":"ListItem","position":4,"name":"Die Sebastiano Ricci Suite"}]},{"@type":"WebSite","@id":"https:\/\/www.casagredohotel.com\/de\/#website","url":"https:\/\/www.casagredohotel.com\/de\/","name":"Ca' Sagredo Hotel","description":"Just another ms.decms.eu site","potentialAction":[{"@type":"SearchAction","target":{"@type":"EntryPoint","urlTemplate":"https:\/\/www.casagredohotel.com\/de\/?s={search_term_string}"},"query-input":{"@type":"PropertyValueSpecification","valueRequired":true,"valueName":"search_term_string"}}],"inLanguage":"de-DE"}]}},"acf":[],"_links":{"self":[{"href":"https:\/\/www.casagredohotel.com\/de\/wp-json\/wp\/v2\/pages\/1411","targetHints":{"allow":["GET"]}}],"collection":[{"href":"https:\/\/www.casagredohotel.com\/de\/wp-json\/wp\/v2\/pages"}],"about":[{"href":"https:\/\/www.casagredohotel.com\/de\/wp-json\/wp\/v2\/types\/page"}],"author":[{"embeddable":true,"href":"https:\/\/www.casagredohotel.com\/de\/wp-json\/wp\/v2\/users\/13"}],"replies":[{"embeddable":true,"href":"https:\/\/www.casagredohotel.com\/de\/wp-json\/wp\/v2\/comments?post=1411"}],"version-history":[{"count":0,"href":"https:\/\/www.casagredohotel.com\/de\/wp-json\/wp\/v2\/pages\/1411\/revisions"}],"up":[{"embeddable":true,"href":"https:\/\/www.casagredohotel.com\/de\/wp-json\/wp\/v2\/pages\/1410"}],"wp:attachment":[{"href":"https:\/\/www.casagredohotel.com\/de\/wp-json\/wp\/v2\/media?parent=1411"}],"curies":[{"name":"wp","href":"https:\/\/api.w.org\/{rel}","templated":true}]}}