{"id":1420,"date":"2020-08-06T10:51:52","date_gmt":"2020-08-06T10:51:52","guid":{"rendered":"http:\/\/casagredo-hotel.ms.decms.eu\/?page_id=1420"},"modified":"2020-08-06T10:57:08","modified_gmt":"2020-08-06T10:57:08","slug":"die-stuccoes-suite","status":"publish","type":"page","link":"https:\/\/www.casagredohotel.com\/de\/zimmer-suiten\/heritage-suite\/die-stuccoes-suite\/","title":{"rendered":"Die Stuccoes Suite"},"content":{"rendered":"<p>Diese Suite ist eine der bedeutendsten des gesamten Geb\u00e4udes: die Decke verf\u00fcgt \u00fcber eine magische Dekoration von zwei ber\u00fchmten K\u00fcnstlern aus Lugano, welche f\u00fcr die Republik Venedigs im fr\u00fchen 18. Jahrhundert gearbeitet haben: Abbondio Stazio und Carpoforo Mazzetti, besser bekannt als Tecalla. Sie k\u00f6nnen ohne Zweifel das bemerkenswerteste Beispiel der K\u00fcnstler beim Betreten der Suite feststellen: V\u00f6gel, exotische Tiere und verschiedene mythologische Figuren \u2013 alles in einer Vielzahl von zarten T\u00f6nen, fast wie Pastellarbeit. Definitiv ist dieses Kunstwerk aus Deckenmalerei, Friese und diversen Darstellungen, das au\u00dfergew\u00f6hnlichste und qualitativ besterhaltenste Werk der K\u00fcnstler. Die Zimmer waren einst die Privatgem\u00e4cher des Grafen Sagredo und wurden mit dem Hauptgeb\u00e4ude durch geheime T\u00fcren verbund.<\/p>\n","protected":false},"excerpt":{"rendered":"<p>Diese Suite ist eine der bedeutendsten des gesamten Geb\u00e4udes: die Decke verf\u00fcgt \u00fcber eine magische Dekoration von zwei ber\u00fchmten K\u00fcnstlern aus Lugano, welche f\u00fcr die Republik Venedigs im fr\u00fchen 18. Jahrhundert gearbeitet haben: Abbondio Stazio und Carpoforo Mazzetti, besser bekannt als Tecalla. Sie k\u00f6nnen ohne Zweifel das bemerkenswerteste Beispiel der K\u00fcnstler beim Betreten der Suite [&hellip;]<\/p>\n","protected":false},"author":13,"featured_media":0,"parent":1410,"menu_order":20,"comment_status":"closed","ping_status":"closed","template":"template-single-room-base.php","meta":{"footnotes":""},"class_list":["post-1420","page","type-page","status-publish","hentry"],"yoast_head":"<!-- This site is optimized with the Yoast SEO plugin v26.9 - https:\/\/yoast.com\/product\/yoast-seo-wordpress\/ -->\n<title>Die Stuccoes Suite - Ca&#039; Sagredo Hotel<\/title>\n<meta name=\"robots\" content=\"index, follow, max-snippet:-1, max-image-preview:large, max-video-preview:-1\" \/>\n<link rel=\"canonical\" href=\"https:\/\/www.casagredohotel.com\/de\/zimmer-suiten\/heritage-suite\/die-stuccoes-suite\/\" \/>\n<meta property=\"og:locale\" content=\"de_DE\" \/>\n<meta property=\"og:type\" content=\"article\" \/>\n<meta property=\"og:title\" content=\"Die Stuccoes Suite - Ca&#039; Sagredo Hotel\" \/>\n<meta property=\"og:description\" content=\"Diese Suite ist eine der bedeutendsten des gesamten Geb\u00e4udes: die Decke verf\u00fcgt \u00fcber eine magische Dekoration von zwei ber\u00fchmten K\u00fcnstlern aus Lugano, welche f\u00fcr die Republik Venedigs im fr\u00fchen 18. Jahrhundert gearbeitet haben: Abbondio Stazio und Carpoforo Mazzetti, besser bekannt als Tecalla. Sie k\u00f6nnen ohne Zweifel das bemerkenswerteste Beispiel der K\u00fcnstler beim Betreten der Suite [&hellip;]\" \/>\n<meta property=\"og:url\" content=\"https:\/\/www.casagredohotel.com\/de\/zimmer-suiten\/heritage-suite\/die-stuccoes-suite\/\" \/>\n<meta property=\"og:site_name\" content=\"Ca&#039; Sagredo Hotel\" \/>\n<meta property=\"article:modified_time\" content=\"2020-08-06T10:57:08+00:00\" \/>\n<meta name=\"twitter:card\" content=\"summary_large_image\" \/>\n<meta name=\"twitter:label1\" content=\"Gesch\u00e4tzte Lesezeit\" \/>\n\t<meta name=\"twitter:data1\" content=\"1 Minute\" \/>\n<script type=\"application\/ld+json\" class=\"yoast-schema-graph\">{\"@context\":\"https:\/\/schema.org\",\"@graph\":[{\"@type\":\"WebPage\",\"@id\":\"https:\/\/www.casagredohotel.com\/de\/zimmer-suiten\/heritage-suite\/die-stuccoes-suite\/\",\"url\":\"https:\/\/www.casagredohotel.com\/de\/zimmer-suiten\/heritage-suite\/die-stuccoes-suite\/\",\"name\":\"Die Stuccoes Suite - Ca' Sagredo Hotel\",\"isPartOf\":{\"@id\":\"https:\/\/www.casagredohotel.com\/de\/#website\"},\"datePublished\":\"2020-08-06T10:51:52+00:00\",\"dateModified\":\"2020-08-06T10:57:08+00:00\",\"breadcrumb\":{\"@id\":\"https:\/\/www.casagredohotel.com\/de\/zimmer-suiten\/heritage-suite\/die-stuccoes-suite\/#breadcrumb\"},\"inLanguage\":\"de-DE\",\"potentialAction\":[{\"@type\":\"ReadAction\",\"target\":[\"https:\/\/www.casagredohotel.com\/de\/zimmer-suiten\/heritage-suite\/die-stuccoes-suite\/\"]}]},{\"@type\":\"BreadcrumbList\",\"@id\":\"https:\/\/www.casagredohotel.com\/de\/zimmer-suiten\/heritage-suite\/die-stuccoes-suite\/#breadcrumb\",\"itemListElement\":[{\"@type\":\"ListItem\",\"position\":1,\"name\":\"Home\",\"item\":\"https:\/\/www.casagredohotel.com\/de\/\"},{\"@type\":\"ListItem\",\"position\":2,\"name\":\"Zimmer &#038; Suiten\",\"item\":\"https:\/\/www.casagredohotel.com\/de\/zimmer-suiten\/\"},{\"@type\":\"ListItem\",\"position\":3,\"name\":\"Heritage Suite\",\"item\":\"https:\/\/www.casagredohotel.com\/de\/zimmer-suiten\/heritage-suite\/\"},{\"@type\":\"ListItem\",\"position\":4,\"name\":\"Die Stuccoes Suite\"}]},{\"@type\":\"WebSite\",\"@id\":\"https:\/\/www.casagredohotel.com\/de\/#website\",\"url\":\"https:\/\/www.casagredohotel.com\/de\/\",\"name\":\"Ca' Sagredo Hotel\",\"description\":\"Just another ms.decms.eu site\",\"potentialAction\":[{\"@type\":\"SearchAction\",\"target\":{\"@type\":\"EntryPoint\",\"urlTemplate\":\"https:\/\/www.casagredohotel.com\/de\/?s={search_term_string}\"},\"query-input\":{\"@type\":\"PropertyValueSpecification\",\"valueRequired\":true,\"valueName\":\"search_term_string\"}}],\"inLanguage\":\"de-DE\"}]}<\/script>\n<!-- \/ Yoast SEO plugin. -->","yoast_head_json":{"title":"Die Stuccoes Suite - Ca' Sagredo Hotel","robots":{"index":"index","follow":"follow","max-snippet":"max-snippet:-1","max-image-preview":"max-image-preview:large","max-video-preview":"max-video-preview:-1"},"canonical":"https:\/\/www.casagredohotel.com\/de\/zimmer-suiten\/heritage-suite\/die-stuccoes-suite\/","og_locale":"de_DE","og_type":"article","og_title":"Die Stuccoes Suite - Ca' Sagredo Hotel","og_description":"Diese Suite ist eine der bedeutendsten des gesamten Geb\u00e4udes: die Decke verf\u00fcgt \u00fcber eine magische Dekoration von zwei ber\u00fchmten K\u00fcnstlern aus Lugano, welche f\u00fcr die Republik Venedigs im fr\u00fchen 18. Jahrhundert gearbeitet haben: Abbondio Stazio und Carpoforo Mazzetti, besser bekannt als Tecalla. Sie k\u00f6nnen ohne Zweifel das bemerkenswerteste Beispiel der K\u00fcnstler beim Betreten der Suite [&hellip;]","og_url":"https:\/\/www.casagredohotel.com\/de\/zimmer-suiten\/heritage-suite\/die-stuccoes-suite\/","og_site_name":"Ca' Sagredo Hotel","article_modified_time":"2020-08-06T10:57:08+00:00","twitter_card":"summary_large_image","twitter_misc":{"Gesch\u00e4tzte Lesezeit":"1 Minute"},"schema":{"@context":"https:\/\/schema.org","@graph":[{"@type":"WebPage","@id":"https:\/\/www.casagredohotel.com\/de\/zimmer-suiten\/heritage-suite\/die-stuccoes-suite\/","url":"https:\/\/www.casagredohotel.com\/de\/zimmer-suiten\/heritage-suite\/die-stuccoes-suite\/","name":"Die Stuccoes Suite - Ca' Sagredo Hotel","isPartOf":{"@id":"https:\/\/www.casagredohotel.com\/de\/#website"},"datePublished":"2020-08-06T10:51:52+00:00","dateModified":"2020-08-06T10:57:08+00:00","breadcrumb":{"@id":"https:\/\/www.casagredohotel.com\/de\/zimmer-suiten\/heritage-suite\/die-stuccoes-suite\/#breadcrumb"},"inLanguage":"de-DE","potentialAction":[{"@type":"ReadAction","target":["https:\/\/www.casagredohotel.com\/de\/zimmer-suiten\/heritage-suite\/die-stuccoes-suite\/"]}]},{"@type":"BreadcrumbList","@id":"https:\/\/www.casagredohotel.com\/de\/zimmer-suiten\/heritage-suite\/die-stuccoes-suite\/#breadcrumb","itemListElement":[{"@type":"ListItem","position":1,"name":"Home","item":"https:\/\/www.casagredohotel.com\/de\/"},{"@type":"ListItem","position":2,"name":"Zimmer &#038; Suiten","item":"https:\/\/www.casagredohotel.com\/de\/zimmer-suiten\/"},{"@type":"ListItem","position":3,"name":"Heritage Suite","item":"https:\/\/www.casagredohotel.com\/de\/zimmer-suiten\/heritage-suite\/"},{"@type":"ListItem","position":4,"name":"Die Stuccoes Suite"}]},{"@type":"WebSite","@id":"https:\/\/www.casagredohotel.com\/de\/#website","url":"https:\/\/www.casagredohotel.com\/de\/","name":"Ca' Sagredo Hotel","description":"Just another ms.decms.eu site","potentialAction":[{"@type":"SearchAction","target":{"@type":"EntryPoint","urlTemplate":"https:\/\/www.casagredohotel.com\/de\/?s={search_term_string}"},"query-input":{"@type":"PropertyValueSpecification","valueRequired":true,"valueName":"search_term_string"}}],"inLanguage":"de-DE"}]}},"acf":[],"_links":{"self":[{"href":"https:\/\/www.casagredohotel.com\/de\/wp-json\/wp\/v2\/pages\/1420","targetHints":{"allow":["GET"]}}],"collection":[{"href":"https:\/\/www.casagredohotel.com\/de\/wp-json\/wp\/v2\/pages"}],"about":[{"href":"https:\/\/www.casagredohotel.com\/de\/wp-json\/wp\/v2\/types\/page"}],"author":[{"embeddable":true,"href":"https:\/\/www.casagredohotel.com\/de\/wp-json\/wp\/v2\/users\/13"}],"replies":[{"embeddable":true,"href":"https:\/\/www.casagredohotel.com\/de\/wp-json\/wp\/v2\/comments?post=1420"}],"version-history":[{"count":0,"href":"https:\/\/www.casagredohotel.com\/de\/wp-json\/wp\/v2\/pages\/1420\/revisions"}],"up":[{"embeddable":true,"href":"https:\/\/www.casagredohotel.com\/de\/wp-json\/wp\/v2\/pages\/1410"}],"wp:attachment":[{"href":"https:\/\/www.casagredohotel.com\/de\/wp-json\/wp\/v2\/media?parent=1420"}],"curies":[{"name":"wp","href":"https:\/\/api.w.org\/{rel}","templated":true}]}}