{"id":1425,"date":"2020-08-06T12:58:04","date_gmt":"2020-08-06T12:58:04","guid":{"rendered":"http:\/\/casagredo-hotel.ms.decms.eu\/?page_id=1425"},"modified":"2020-08-06T13:30:30","modified_gmt":"2020-08-06T13:30:30","slug":"die-kuenstler-suite","status":"publish","type":"page","link":"https:\/\/www.casagredohotel.com\/de\/zimmer-suiten\/heritage-suite\/die-kuenstler-suite\/","title":{"rendered":"Die K\u00fcnstler Suite"},"content":{"rendered":"<p>Der Clubraum (das ehemalige Casino) in der vierten Etage, welches Graf Sagredo f\u00fcr gesellschaftliche Anl\u00e4sse und Unterhaltungen genutzt hatte, umfasst nun zwei herrliche Suiten. Eine davon ist die Kunst Suite. Sie hat eine gro\u00dfe historische Bedeutung und bietet einige der sch\u00f6nsten Beispiele f\u00fcr venezianische Stuckarbeiten aus dem fr\u00fchen 18. Jahrhundert der K\u00fcnstler Abbondio Stazio und Carpoforo Mazzetti. Die Dekoration ist der Kunst gewidmet.Ein Aufenthalt in der Kunst Suite ist wirklich eine einzigartige Erfahrung, welche die Romantik des 18. Jahrhunderts wieder zum Leben erweckt.<\/p>\n","protected":false},"excerpt":{"rendered":"<p>Der Clubraum (das ehemalige Casino) in der vierten Etage, welches Graf Sagredo f\u00fcr gesellschaftliche Anl\u00e4sse und Unterhaltungen genutzt hatte, umfasst nun zwei herrliche Suiten. Eine davon ist die Kunst Suite. Sie hat eine gro\u00dfe historische Bedeutung und bietet einige der sch\u00f6nsten Beispiele f\u00fcr venezianische Stuckarbeiten aus dem fr\u00fchen 18. Jahrhundert der K\u00fcnstler Abbondio Stazio und [&hellip;]<\/p>\n","protected":false},"author":13,"featured_media":0,"parent":1410,"menu_order":30,"comment_status":"closed","ping_status":"closed","template":"template-single-room-base.php","meta":{"footnotes":""},"class_list":["post-1425","page","type-page","status-publish","hentry"],"yoast_head":"<!-- This site is optimized with the Yoast SEO plugin v26.9 - https:\/\/yoast.com\/product\/yoast-seo-wordpress\/ -->\n<title>Die K\u00fcnstler Suite - Ca&#039; Sagredo Hotel<\/title>\n<meta name=\"robots\" content=\"index, follow, max-snippet:-1, max-image-preview:large, max-video-preview:-1\" \/>\n<link rel=\"canonical\" href=\"https:\/\/www.casagredohotel.com\/de\/zimmer-suiten\/heritage-suite\/die-kuenstler-suite\/\" \/>\n<meta property=\"og:locale\" content=\"de_DE\" \/>\n<meta property=\"og:type\" content=\"article\" \/>\n<meta property=\"og:title\" content=\"Die K\u00fcnstler Suite - Ca&#039; Sagredo Hotel\" \/>\n<meta property=\"og:description\" content=\"Der Clubraum (das ehemalige Casino) in der vierten Etage, welches Graf Sagredo f\u00fcr gesellschaftliche Anl\u00e4sse und Unterhaltungen genutzt hatte, umfasst nun zwei herrliche Suiten. Eine davon ist die Kunst Suite. Sie hat eine gro\u00dfe historische Bedeutung und bietet einige der sch\u00f6nsten Beispiele f\u00fcr venezianische Stuckarbeiten aus dem fr\u00fchen 18. Jahrhundert der K\u00fcnstler Abbondio Stazio und [&hellip;]\" \/>\n<meta property=\"og:url\" content=\"https:\/\/www.casagredohotel.com\/de\/zimmer-suiten\/heritage-suite\/die-kuenstler-suite\/\" \/>\n<meta property=\"og:site_name\" content=\"Ca&#039; Sagredo Hotel\" \/>\n<meta property=\"article:modified_time\" content=\"2020-08-06T13:30:30+00:00\" \/>\n<meta name=\"twitter:card\" content=\"summary_large_image\" \/>\n<script type=\"application\/ld+json\" class=\"yoast-schema-graph\">{\"@context\":\"https:\/\/schema.org\",\"@graph\":[{\"@type\":\"WebPage\",\"@id\":\"https:\/\/www.casagredohotel.com\/de\/zimmer-suiten\/heritage-suite\/die-kuenstler-suite\/\",\"url\":\"https:\/\/www.casagredohotel.com\/de\/zimmer-suiten\/heritage-suite\/die-kuenstler-suite\/\",\"name\":\"Die K\u00fcnstler Suite - Ca' Sagredo Hotel\",\"isPartOf\":{\"@id\":\"https:\/\/www.casagredohotel.com\/de\/#website\"},\"datePublished\":\"2020-08-06T12:58:04+00:00\",\"dateModified\":\"2020-08-06T13:30:30+00:00\",\"breadcrumb\":{\"@id\":\"https:\/\/www.casagredohotel.com\/de\/zimmer-suiten\/heritage-suite\/die-kuenstler-suite\/#breadcrumb\"},\"inLanguage\":\"de-DE\",\"potentialAction\":[{\"@type\":\"ReadAction\",\"target\":[\"https:\/\/www.casagredohotel.com\/de\/zimmer-suiten\/heritage-suite\/die-kuenstler-suite\/\"]}]},{\"@type\":\"BreadcrumbList\",\"@id\":\"https:\/\/www.casagredohotel.com\/de\/zimmer-suiten\/heritage-suite\/die-kuenstler-suite\/#breadcrumb\",\"itemListElement\":[{\"@type\":\"ListItem\",\"position\":1,\"name\":\"Home\",\"item\":\"https:\/\/www.casagredohotel.com\/de\/\"},{\"@type\":\"ListItem\",\"position\":2,\"name\":\"Zimmer &#038; Suiten\",\"item\":\"https:\/\/www.casagredohotel.com\/de\/zimmer-suiten\/\"},{\"@type\":\"ListItem\",\"position\":3,\"name\":\"Heritage Suite\",\"item\":\"https:\/\/www.casagredohotel.com\/de\/zimmer-suiten\/heritage-suite\/\"},{\"@type\":\"ListItem\",\"position\":4,\"name\":\"Die K\u00fcnstler Suite\"}]},{\"@type\":\"WebSite\",\"@id\":\"https:\/\/www.casagredohotel.com\/de\/#website\",\"url\":\"https:\/\/www.casagredohotel.com\/de\/\",\"name\":\"Ca' Sagredo Hotel\",\"description\":\"Just another ms.decms.eu site\",\"potentialAction\":[{\"@type\":\"SearchAction\",\"target\":{\"@type\":\"EntryPoint\",\"urlTemplate\":\"https:\/\/www.casagredohotel.com\/de\/?s={search_term_string}\"},\"query-input\":{\"@type\":\"PropertyValueSpecification\",\"valueRequired\":true,\"valueName\":\"search_term_string\"}}],\"inLanguage\":\"de-DE\"}]}<\/script>\n<!-- \/ Yoast SEO plugin. -->","yoast_head_json":{"title":"Die K\u00fcnstler Suite - Ca' Sagredo Hotel","robots":{"index":"index","follow":"follow","max-snippet":"max-snippet:-1","max-image-preview":"max-image-preview:large","max-video-preview":"max-video-preview:-1"},"canonical":"https:\/\/www.casagredohotel.com\/de\/zimmer-suiten\/heritage-suite\/die-kuenstler-suite\/","og_locale":"de_DE","og_type":"article","og_title":"Die K\u00fcnstler Suite - Ca' Sagredo Hotel","og_description":"Der Clubraum (das ehemalige Casino) in der vierten Etage, welches Graf Sagredo f\u00fcr gesellschaftliche Anl\u00e4sse und Unterhaltungen genutzt hatte, umfasst nun zwei herrliche Suiten. Eine davon ist die Kunst Suite. Sie hat eine gro\u00dfe historische Bedeutung und bietet einige der sch\u00f6nsten Beispiele f\u00fcr venezianische Stuckarbeiten aus dem fr\u00fchen 18. Jahrhundert der K\u00fcnstler Abbondio Stazio und [&hellip;]","og_url":"https:\/\/www.casagredohotel.com\/de\/zimmer-suiten\/heritage-suite\/die-kuenstler-suite\/","og_site_name":"Ca' Sagredo Hotel","article_modified_time":"2020-08-06T13:30:30+00:00","twitter_card":"summary_large_image","schema":{"@context":"https:\/\/schema.org","@graph":[{"@type":"WebPage","@id":"https:\/\/www.casagredohotel.com\/de\/zimmer-suiten\/heritage-suite\/die-kuenstler-suite\/","url":"https:\/\/www.casagredohotel.com\/de\/zimmer-suiten\/heritage-suite\/die-kuenstler-suite\/","name":"Die K\u00fcnstler Suite - Ca' Sagredo Hotel","isPartOf":{"@id":"https:\/\/www.casagredohotel.com\/de\/#website"},"datePublished":"2020-08-06T12:58:04+00:00","dateModified":"2020-08-06T13:30:30+00:00","breadcrumb":{"@id":"https:\/\/www.casagredohotel.com\/de\/zimmer-suiten\/heritage-suite\/die-kuenstler-suite\/#breadcrumb"},"inLanguage":"de-DE","potentialAction":[{"@type":"ReadAction","target":["https:\/\/www.casagredohotel.com\/de\/zimmer-suiten\/heritage-suite\/die-kuenstler-suite\/"]}]},{"@type":"BreadcrumbList","@id":"https:\/\/www.casagredohotel.com\/de\/zimmer-suiten\/heritage-suite\/die-kuenstler-suite\/#breadcrumb","itemListElement":[{"@type":"ListItem","position":1,"name":"Home","item":"https:\/\/www.casagredohotel.com\/de\/"},{"@type":"ListItem","position":2,"name":"Zimmer &#038; Suiten","item":"https:\/\/www.casagredohotel.com\/de\/zimmer-suiten\/"},{"@type":"ListItem","position":3,"name":"Heritage Suite","item":"https:\/\/www.casagredohotel.com\/de\/zimmer-suiten\/heritage-suite\/"},{"@type":"ListItem","position":4,"name":"Die K\u00fcnstler Suite"}]},{"@type":"WebSite","@id":"https:\/\/www.casagredohotel.com\/de\/#website","url":"https:\/\/www.casagredohotel.com\/de\/","name":"Ca' Sagredo Hotel","description":"Just another ms.decms.eu site","potentialAction":[{"@type":"SearchAction","target":{"@type":"EntryPoint","urlTemplate":"https:\/\/www.casagredohotel.com\/de\/?s={search_term_string}"},"query-input":{"@type":"PropertyValueSpecification","valueRequired":true,"valueName":"search_term_string"}}],"inLanguage":"de-DE"}]}},"acf":[],"_links":{"self":[{"href":"https:\/\/www.casagredohotel.com\/de\/wp-json\/wp\/v2\/pages\/1425","targetHints":{"allow":["GET"]}}],"collection":[{"href":"https:\/\/www.casagredohotel.com\/de\/wp-json\/wp\/v2\/pages"}],"about":[{"href":"https:\/\/www.casagredohotel.com\/de\/wp-json\/wp\/v2\/types\/page"}],"author":[{"embeddable":true,"href":"https:\/\/www.casagredohotel.com\/de\/wp-json\/wp\/v2\/users\/13"}],"replies":[{"embeddable":true,"href":"https:\/\/www.casagredohotel.com\/de\/wp-json\/wp\/v2\/comments?post=1425"}],"version-history":[{"count":0,"href":"https:\/\/www.casagredohotel.com\/de\/wp-json\/wp\/v2\/pages\/1425\/revisions"}],"up":[{"embeddable":true,"href":"https:\/\/www.casagredohotel.com\/de\/wp-json\/wp\/v2\/pages\/1410"}],"wp:attachment":[{"href":"https:\/\/www.casagredohotel.com\/de\/wp-json\/wp\/v2\/media?parent=1425"}],"curies":[{"name":"wp","href":"https:\/\/api.w.org\/{rel}","templated":true}]}}