{"id":1741,"date":"2020-08-11T09:04:46","date_gmt":"2020-08-11T09:04:46","guid":{"rendered":"http:\/\/casagredo-hotel.ms.decms.eu\/?page_id=1741"},"modified":"2020-08-11T09:19:45","modified_gmt":"2020-08-11T09:19:45","slug":"sammler-und-kulturerbe","status":"publish","type":"page","link":"https:\/\/www.casagredohotel.com\/de\/momente-auszeichnungen\/geschichte\/sammler-und-kulturerbe\/","title":{"rendered":"Sammler und Kulturerbe"},"content":{"rendered":"<p>Die Sagredo Familie war bekannt f\u00fcr Ihre gro\u00dfe Leidenschaft f\u00fcr Kunst und man kann aufgrund von detaillierten Beschreibungen entnehmen, dass die Sammlung der Meisterwerke so gro\u00df war, dass sie in vier Reihen angeordnet werden mussten, um deren Darstellung im vollen Umfang zu erm\u00f6glichen.<\/p>\n<p>Es existiert immernoch eine gro\u00dfe Anzahl an Stuckarbeiten, Skulpturen, B\u00fcchern, diversen Drucken und anderen Arbeiten, die im Palast der Sagredo Familie hinterlassen wurden, jedoch wurden auch diverse andere beeindruckende Werke aus der Sammlung der Sagredos verkauft oder verloren. Durch schriftlich festgehaltene Zeilen, konnten wir auch verlorene Werke rekonstruieren und den Verlauf des Werkes, wie auch seinen urspr\u00fcnglichen Wert bestimmen.<\/p>\n<p>Unter den vielen Mitgliedern der gro\u00dfen Familie erw\u00e4hnen wir insbesondere Nicol\u00f2, Zaccaria und Agostino Sagredo, welche sich Ihr gesamtes Leben mit viel Aufmerksamkeit und Leidenschaft der Kunst gewidmet und sich daf\u00fcr intensiv interessiert haben.<\/p>\n","protected":false},"excerpt":{"rendered":"<p>Die Sagredo Familie war bekannt f\u00fcr Ihre gro\u00dfe Leidenschaft f\u00fcr Kunst und man kann aufgrund von detaillierten Beschreibungen entnehmen, dass die Sammlung der Meisterwerke so gro\u00df war, dass sie in vier Reihen angeordnet werden mussten, um deren Darstellung im vollen Umfang zu erm\u00f6glichen. Es existiert immernoch eine gro\u00dfe Anzahl an Stuckarbeiten, Skulpturen, B\u00fcchern, diversen Drucken [&hellip;]<\/p>\n","protected":false},"author":13,"featured_media":0,"parent":1723,"menu_order":30,"comment_status":"closed","ping_status":"closed","template":"template-page-with-sections.php","meta":{"footnotes":""},"class_list":["post-1741","page","type-page","status-publish","hentry"],"yoast_head":"<!-- This site is optimized with the Yoast SEO plugin v26.9 - https:\/\/yoast.com\/product\/yoast-seo-wordpress\/ -->\n<title>Sammler und Kulturerbe - Ca&#039; Sagredo Hotel<\/title>\n<meta name=\"robots\" content=\"index, follow, max-snippet:-1, max-image-preview:large, max-video-preview:-1\" \/>\n<link rel=\"canonical\" href=\"https:\/\/www.casagredohotel.com\/de\/momente-auszeichnungen\/geschichte\/sammler-und-kulturerbe\/\" \/>\n<meta property=\"og:locale\" content=\"de_DE\" \/>\n<meta property=\"og:type\" content=\"article\" \/>\n<meta property=\"og:title\" content=\"Sammler und Kulturerbe - Ca&#039; Sagredo Hotel\" \/>\n<meta property=\"og:description\" content=\"Die Sagredo Familie war bekannt f\u00fcr Ihre gro\u00dfe Leidenschaft f\u00fcr Kunst und man kann aufgrund von detaillierten Beschreibungen entnehmen, dass die Sammlung der Meisterwerke so gro\u00df war, dass sie in vier Reihen angeordnet werden mussten, um deren Darstellung im vollen Umfang zu erm\u00f6glichen. Es existiert immernoch eine gro\u00dfe Anzahl an Stuckarbeiten, Skulpturen, B\u00fcchern, diversen Drucken [&hellip;]\" \/>\n<meta property=\"og:url\" content=\"https:\/\/www.casagredohotel.com\/de\/momente-auszeichnungen\/geschichte\/sammler-und-kulturerbe\/\" \/>\n<meta property=\"og:site_name\" content=\"Ca&#039; Sagredo Hotel\" \/>\n<meta property=\"article:modified_time\" content=\"2020-08-11T09:19:45+00:00\" \/>\n<meta name=\"twitter:card\" content=\"summary_large_image\" \/>\n<meta name=\"twitter:label1\" content=\"Gesch\u00e4tzte Lesezeit\" \/>\n\t<meta name=\"twitter:data1\" content=\"1 Minute\" \/>\n<script type=\"application\/ld+json\" class=\"yoast-schema-graph\">{\"@context\":\"https:\/\/schema.org\",\"@graph\":[{\"@type\":\"WebPage\",\"@id\":\"https:\/\/www.casagredohotel.com\/de\/momente-auszeichnungen\/geschichte\/sammler-und-kulturerbe\/\",\"url\":\"https:\/\/www.casagredohotel.com\/de\/momente-auszeichnungen\/geschichte\/sammler-und-kulturerbe\/\",\"name\":\"Sammler und Kulturerbe - Ca' Sagredo Hotel\",\"isPartOf\":{\"@id\":\"https:\/\/www.casagredohotel.com\/de\/#website\"},\"datePublished\":\"2020-08-11T09:04:46+00:00\",\"dateModified\":\"2020-08-11T09:19:45+00:00\",\"breadcrumb\":{\"@id\":\"https:\/\/www.casagredohotel.com\/de\/momente-auszeichnungen\/geschichte\/sammler-und-kulturerbe\/#breadcrumb\"},\"inLanguage\":\"de-DE\",\"potentialAction\":[{\"@type\":\"ReadAction\",\"target\":[\"https:\/\/www.casagredohotel.com\/de\/momente-auszeichnungen\/geschichte\/sammler-und-kulturerbe\/\"]}]},{\"@type\":\"BreadcrumbList\",\"@id\":\"https:\/\/www.casagredohotel.com\/de\/momente-auszeichnungen\/geschichte\/sammler-und-kulturerbe\/#breadcrumb\",\"itemListElement\":[{\"@type\":\"ListItem\",\"position\":1,\"name\":\"Home\",\"item\":\"https:\/\/www.casagredohotel.com\/de\/\"},{\"@type\":\"ListItem\",\"position\":2,\"name\":\"Momente &#038; Auszeichnungen\",\"item\":\"https:\/\/www.casagredohotel.com\/de\/momente-auszeichnungen\/\"},{\"@type\":\"ListItem\",\"position\":3,\"name\":\"Geschichte\",\"item\":\"https:\/\/www.casagredohotel.com\/de\/momente-auszeichnungen\/geschichte\/\"},{\"@type\":\"ListItem\",\"position\":4,\"name\":\"Sammler und Kulturerbe\"}]},{\"@type\":\"WebSite\",\"@id\":\"https:\/\/www.casagredohotel.com\/de\/#website\",\"url\":\"https:\/\/www.casagredohotel.com\/de\/\",\"name\":\"Ca' Sagredo Hotel\",\"description\":\"Just another ms.decms.eu site\",\"potentialAction\":[{\"@type\":\"SearchAction\",\"target\":{\"@type\":\"EntryPoint\",\"urlTemplate\":\"https:\/\/www.casagredohotel.com\/de\/?s={search_term_string}\"},\"query-input\":{\"@type\":\"PropertyValueSpecification\",\"valueRequired\":true,\"valueName\":\"search_term_string\"}}],\"inLanguage\":\"de-DE\"}]}<\/script>\n<!-- \/ Yoast SEO plugin. -->","yoast_head_json":{"title":"Sammler und Kulturerbe - Ca' Sagredo Hotel","robots":{"index":"index","follow":"follow","max-snippet":"max-snippet:-1","max-image-preview":"max-image-preview:large","max-video-preview":"max-video-preview:-1"},"canonical":"https:\/\/www.casagredohotel.com\/de\/momente-auszeichnungen\/geschichte\/sammler-und-kulturerbe\/","og_locale":"de_DE","og_type":"article","og_title":"Sammler und Kulturerbe - Ca' Sagredo Hotel","og_description":"Die Sagredo Familie war bekannt f\u00fcr Ihre gro\u00dfe Leidenschaft f\u00fcr Kunst und man kann aufgrund von detaillierten Beschreibungen entnehmen, dass die Sammlung der Meisterwerke so gro\u00df war, dass sie in vier Reihen angeordnet werden mussten, um deren Darstellung im vollen Umfang zu erm\u00f6glichen. Es existiert immernoch eine gro\u00dfe Anzahl an Stuckarbeiten, Skulpturen, B\u00fcchern, diversen Drucken [&hellip;]","og_url":"https:\/\/www.casagredohotel.com\/de\/momente-auszeichnungen\/geschichte\/sammler-und-kulturerbe\/","og_site_name":"Ca' Sagredo Hotel","article_modified_time":"2020-08-11T09:19:45+00:00","twitter_card":"summary_large_image","twitter_misc":{"Gesch\u00e4tzte Lesezeit":"1 Minute"},"schema":{"@context":"https:\/\/schema.org","@graph":[{"@type":"WebPage","@id":"https:\/\/www.casagredohotel.com\/de\/momente-auszeichnungen\/geschichte\/sammler-und-kulturerbe\/","url":"https:\/\/www.casagredohotel.com\/de\/momente-auszeichnungen\/geschichte\/sammler-und-kulturerbe\/","name":"Sammler und Kulturerbe - Ca' Sagredo Hotel","isPartOf":{"@id":"https:\/\/www.casagredohotel.com\/de\/#website"},"datePublished":"2020-08-11T09:04:46+00:00","dateModified":"2020-08-11T09:19:45+00:00","breadcrumb":{"@id":"https:\/\/www.casagredohotel.com\/de\/momente-auszeichnungen\/geschichte\/sammler-und-kulturerbe\/#breadcrumb"},"inLanguage":"de-DE","potentialAction":[{"@type":"ReadAction","target":["https:\/\/www.casagredohotel.com\/de\/momente-auszeichnungen\/geschichte\/sammler-und-kulturerbe\/"]}]},{"@type":"BreadcrumbList","@id":"https:\/\/www.casagredohotel.com\/de\/momente-auszeichnungen\/geschichte\/sammler-und-kulturerbe\/#breadcrumb","itemListElement":[{"@type":"ListItem","position":1,"name":"Home","item":"https:\/\/www.casagredohotel.com\/de\/"},{"@type":"ListItem","position":2,"name":"Momente &#038; Auszeichnungen","item":"https:\/\/www.casagredohotel.com\/de\/momente-auszeichnungen\/"},{"@type":"ListItem","position":3,"name":"Geschichte","item":"https:\/\/www.casagredohotel.com\/de\/momente-auszeichnungen\/geschichte\/"},{"@type":"ListItem","position":4,"name":"Sammler und Kulturerbe"}]},{"@type":"WebSite","@id":"https:\/\/www.casagredohotel.com\/de\/#website","url":"https:\/\/www.casagredohotel.com\/de\/","name":"Ca' Sagredo Hotel","description":"Just another ms.decms.eu site","potentialAction":[{"@type":"SearchAction","target":{"@type":"EntryPoint","urlTemplate":"https:\/\/www.casagredohotel.com\/de\/?s={search_term_string}"},"query-input":{"@type":"PropertyValueSpecification","valueRequired":true,"valueName":"search_term_string"}}],"inLanguage":"de-DE"}]}},"acf":[],"_links":{"self":[{"href":"https:\/\/www.casagredohotel.com\/de\/wp-json\/wp\/v2\/pages\/1741","targetHints":{"allow":["GET"]}}],"collection":[{"href":"https:\/\/www.casagredohotel.com\/de\/wp-json\/wp\/v2\/pages"}],"about":[{"href":"https:\/\/www.casagredohotel.com\/de\/wp-json\/wp\/v2\/types\/page"}],"author":[{"embeddable":true,"href":"https:\/\/www.casagredohotel.com\/de\/wp-json\/wp\/v2\/users\/13"}],"replies":[{"embeddable":true,"href":"https:\/\/www.casagredohotel.com\/de\/wp-json\/wp\/v2\/comments?post=1741"}],"version-history":[{"count":0,"href":"https:\/\/www.casagredohotel.com\/de\/wp-json\/wp\/v2\/pages\/1741\/revisions"}],"up":[{"embeddable":true,"href":"https:\/\/www.casagredohotel.com\/de\/wp-json\/wp\/v2\/pages\/1723"}],"wp:attachment":[{"href":"https:\/\/www.casagredohotel.com\/de\/wp-json\/wp\/v2\/media?parent=1741"}],"curies":[{"name":"wp","href":"https:\/\/api.w.org\/{rel}","templated":true}]}}