{"id":1337,"date":"2020-08-05T14:06:52","date_gmt":"2020-08-05T14:06:52","guid":{"rendered":"http:\/\/casagredo-hotel.ms.decms.eu\/?page_id=1337"},"modified":"2020-10-29T15:09:18","modified_gmt":"2020-10-29T15:09:18","slug":"ca-sagredo-hotel","status":"publish","type":"page","link":"https:\/\/www.casagredohotel.com\/es\/","title":{"rendered":"Ca&#8217; Sagredo Hotel"},"content":{"rendered":"<p>El Palacio del siglo XV, que se inclina majestuosamente a orillas del Gran Canal, entre Ca\u2019 D\u2019Oro y el puente de Rialto, ha sido declarado Monumento Nacional y a\u00fan conserva la belleza intacta de una antigua residencia noble. Los salones de baile albergan importantes obras de arte, incluyendo pinturas de los pintores venecianos m\u00e1s representativos de los siglos XVII y XVII, artistas de la talla de Sebastiano Ricci, Giambattista Tiepolo, Nicol\u00f2 Bambini y Pietro Longhi. Encuentre un oasis de confort en cualquiera de las 42 habitaciones y suites magn\u00edficamente decoradas del hotel, con impresionantes vistas al Gran Canal, el Ca\u2019 D\u2019Oro, Campo Santa Sofia o el hist\u00f3rico mercado de Rialto.<\/p>\n","protected":false},"excerpt":{"rendered":"<p>El Palacio del siglo XV, que se inclina majestuosamente a orillas del Gran Canal, entre Ca\u2019 D\u2019Oro y el puente de Rialto, ha sido declarado Monumento Nacional y a\u00fan conserva la belleza intacta de una antigua residencia noble. Los salones de baile albergan importantes obras de arte, incluyendo pinturas de los pintores venecianos m\u00e1s representativos [&hellip;]<\/p>\n","protected":false},"author":13,"featured_media":0,"parent":0,"menu_order":10,"comment_status":"closed","ping_status":"closed","template":"","meta":{"footnotes":""},"class_list":["post-1337","page","type-page","status-publish","hentry"],"yoast_head":"<!-- This site is optimized with the Yoast SEO plugin v26.9 - https:\/\/yoast.com\/product\/yoast-seo-wordpress\/ -->\n<title>Ca&#039; Sagredo Hotel - Ca&#039; Sagredo Hotel<\/title>\n<meta name=\"robots\" content=\"index, follow, max-snippet:-1, max-image-preview:large, max-video-preview:-1\" \/>\n<link rel=\"canonical\" href=\"https:\/\/www.casagredohotel.com\/es\/\" \/>\n<meta property=\"og:locale\" content=\"es_ES\" \/>\n<meta property=\"og:type\" content=\"article\" \/>\n<meta property=\"og:title\" content=\"Ca&#039; Sagredo Hotel - Ca&#039; Sagredo Hotel\" \/>\n<meta property=\"og:description\" content=\"El Palacio del siglo XV, que se inclina majestuosamente a orillas del Gran Canal, entre Ca\u2019 D\u2019Oro y el puente de Rialto, ha sido declarado Monumento Nacional y a\u00fan conserva la belleza intacta de una antigua residencia noble. Los salones de baile albergan importantes obras de arte, incluyendo pinturas de los pintores venecianos m\u00e1s representativos [&hellip;]\" \/>\n<meta property=\"og:url\" content=\"https:\/\/www.casagredohotel.com\/es\/\" \/>\n<meta property=\"og:site_name\" content=\"Ca&#039; Sagredo Hotel\" \/>\n<meta property=\"article:modified_time\" content=\"2020-10-29T15:09:18+00:00\" \/>\n<meta name=\"twitter:card\" content=\"summary_large_image\" \/>\n<meta name=\"twitter:label1\" content=\"Tiempo de lectura\" \/>\n\t<meta name=\"twitter:data1\" content=\"1 minuto\" \/>\n<script type=\"application\/ld+json\" class=\"yoast-schema-graph\">{\"@context\":\"https:\/\/schema.org\",\"@graph\":[{\"@type\":\"WebPage\",\"@id\":\"https:\/\/www.casagredohotel.com\/es\/\",\"url\":\"https:\/\/www.casagredohotel.com\/es\/\",\"name\":\"Ca' Sagredo Hotel - Ca' Sagredo Hotel\",\"isPartOf\":{\"@id\":\"https:\/\/www.casagredohotel.com\/es\/#website\"},\"datePublished\":\"2020-08-05T14:06:52+00:00\",\"dateModified\":\"2020-10-29T15:09:18+00:00\",\"breadcrumb\":{\"@id\":\"https:\/\/www.casagredohotel.com\/es\/#breadcrumb\"},\"inLanguage\":\"es\",\"potentialAction\":[{\"@type\":\"ReadAction\",\"target\":[\"https:\/\/www.casagredohotel.com\/es\/\"]}]},{\"@type\":\"BreadcrumbList\",\"@id\":\"https:\/\/www.casagredohotel.com\/es\/#breadcrumb\",\"itemListElement\":[{\"@type\":\"ListItem\",\"position\":1,\"name\":\"Home\",\"item\":\"https:\/\/www.casagredohotel.com\/es\/\"},{\"@type\":\"ListItem\",\"position\":2,\"name\":\"Ca&#8217; Sagredo Hotel\"}]},{\"@type\":\"WebSite\",\"@id\":\"https:\/\/www.casagredohotel.com\/es\/#website\",\"url\":\"https:\/\/www.casagredohotel.com\/es\/\",\"name\":\"Ca' Sagredo Hotel\",\"description\":\"Just another ms.decms.eu site\",\"potentialAction\":[{\"@type\":\"SearchAction\",\"target\":{\"@type\":\"EntryPoint\",\"urlTemplate\":\"https:\/\/www.casagredohotel.com\/es\/?s={search_term_string}\"},\"query-input\":{\"@type\":\"PropertyValueSpecification\",\"valueRequired\":true,\"valueName\":\"search_term_string\"}}],\"inLanguage\":\"es\"}]}<\/script>\n<!-- \/ Yoast SEO plugin. -->","yoast_head_json":{"title":"Ca' Sagredo Hotel - Ca' Sagredo Hotel","robots":{"index":"index","follow":"follow","max-snippet":"max-snippet:-1","max-image-preview":"max-image-preview:large","max-video-preview":"max-video-preview:-1"},"canonical":"https:\/\/www.casagredohotel.com\/es\/","og_locale":"es_ES","og_type":"article","og_title":"Ca' Sagredo Hotel - Ca' Sagredo Hotel","og_description":"El Palacio del siglo XV, que se inclina majestuosamente a orillas del Gran Canal, entre Ca\u2019 D\u2019Oro y el puente de Rialto, ha sido declarado Monumento Nacional y a\u00fan conserva la belleza intacta de una antigua residencia noble. Los salones de baile albergan importantes obras de arte, incluyendo pinturas de los pintores venecianos m\u00e1s representativos [&hellip;]","og_url":"https:\/\/www.casagredohotel.com\/es\/","og_site_name":"Ca' Sagredo Hotel","article_modified_time":"2020-10-29T15:09:18+00:00","twitter_card":"summary_large_image","twitter_misc":{"Tiempo de lectura":"1 minuto"},"schema":{"@context":"https:\/\/schema.org","@graph":[{"@type":"WebPage","@id":"https:\/\/www.casagredohotel.com\/es\/","url":"https:\/\/www.casagredohotel.com\/es\/","name":"Ca' Sagredo Hotel - Ca' Sagredo Hotel","isPartOf":{"@id":"https:\/\/www.casagredohotel.com\/es\/#website"},"datePublished":"2020-08-05T14:06:52+00:00","dateModified":"2020-10-29T15:09:18+00:00","breadcrumb":{"@id":"https:\/\/www.casagredohotel.com\/es\/#breadcrumb"},"inLanguage":"es","potentialAction":[{"@type":"ReadAction","target":["https:\/\/www.casagredohotel.com\/es\/"]}]},{"@type":"BreadcrumbList","@id":"https:\/\/www.casagredohotel.com\/es\/#breadcrumb","itemListElement":[{"@type":"ListItem","position":1,"name":"Home","item":"https:\/\/www.casagredohotel.com\/es\/"},{"@type":"ListItem","position":2,"name":"Ca&#8217; Sagredo Hotel"}]},{"@type":"WebSite","@id":"https:\/\/www.casagredohotel.com\/es\/#website","url":"https:\/\/www.casagredohotel.com\/es\/","name":"Ca' Sagredo Hotel","description":"Just another ms.decms.eu site","potentialAction":[{"@type":"SearchAction","target":{"@type":"EntryPoint","urlTemplate":"https:\/\/www.casagredohotel.com\/es\/?s={search_term_string}"},"query-input":{"@type":"PropertyValueSpecification","valueRequired":true,"valueName":"search_term_string"}}],"inLanguage":"es"}]}},"acf":[],"_links":{"self":[{"href":"https:\/\/www.casagredohotel.com\/es\/wp-json\/wp\/v2\/pages\/1337","targetHints":{"allow":["GET"]}}],"collection":[{"href":"https:\/\/www.casagredohotel.com\/es\/wp-json\/wp\/v2\/pages"}],"about":[{"href":"https:\/\/www.casagredohotel.com\/es\/wp-json\/wp\/v2\/types\/page"}],"author":[{"embeddable":true,"href":"https:\/\/www.casagredohotel.com\/es\/wp-json\/wp\/v2\/users\/13"}],"replies":[{"embeddable":true,"href":"https:\/\/www.casagredohotel.com\/es\/wp-json\/wp\/v2\/comments?post=1337"}],"version-history":[{"count":0,"href":"https:\/\/www.casagredohotel.com\/es\/wp-json\/wp\/v2\/pages\/1337\/revisions"}],"wp:attachment":[{"href":"https:\/\/www.casagredohotel.com\/es\/wp-json\/wp\/v2\/media?parent=1337"}],"curies":[{"name":"wp","href":"https:\/\/api.w.org\/{rel}","templated":true}]}}