{"id":1383,"date":"2020-08-06T07:36:48","date_gmt":"2020-08-06T07:36:48","guid":{"rendered":"http:\/\/casagredo-hotel.ms.decms.eu\/?page_id=1383"},"modified":"2020-08-06T10:36:42","modified_gmt":"2020-08-06T10:36:42","slug":"suite-biblioteca","status":"publish","type":"page","link":"https:\/\/www.casagredohotel.com\/es\/habitaciones-y-suites\/suites-gran-canal\/suite-biblioteca\/","title":{"rendered":"Suite Biblioteca"},"content":{"rendered":"<p>Con vistas al Gran Canal, a la derecha del Portego, es un monumento nacional. Un balc\u00f3n se extiende a lo largo de la parte superior, compuesto por una barandilla de madera con peque\u00f1as columnas doradas. Por encima de los impresionantes armarios del siglo XVIII en madera blanca y verde claro con tallas doradas, las letras del alfabeto todav\u00eda destacan claramente. Estos armarios albergaron una vez la enorme colecci\u00f3n de vol\u00famenes e impresiones de Zaccaria Sagredo, y a\u00fan hoy en d\u00eda cubren por completo las paredes.<\/p>\n<p>La colecci\u00f3n incluye m\u00e1s de 10.000 libros impresos y 309 dibujos. La Suite Biblioteca tiene una capacidad m\u00e1xima de dos personas.<\/p>\n","protected":false},"excerpt":{"rendered":"<p>Con vistas al Gran Canal, a la derecha del Portego, es un monumento nacional. Un balc\u00f3n se extiende a lo largo de la parte superior, compuesto por una barandilla de madera con peque\u00f1as columnas doradas. Por encima de los impresionantes armarios del siglo XVIII en madera blanca y verde claro con tallas doradas, las letras [&hellip;]<\/p>\n","protected":false},"author":13,"featured_media":0,"parent":1376,"menu_order":10,"comment_status":"closed","ping_status":"closed","template":"template-single-room-base.php","meta":{"footnotes":""},"class_list":["post-1383","page","type-page","status-publish","hentry"],"yoast_head":"<!-- This site is optimized with the Yoast SEO plugin v26.9 - https:\/\/yoast.com\/product\/yoast-seo-wordpress\/ -->\n<title>Suite Biblioteca - Ca&#039; Sagredo Hotel<\/title>\n<meta name=\"robots\" content=\"index, follow, max-snippet:-1, max-image-preview:large, max-video-preview:-1\" \/>\n<link rel=\"canonical\" href=\"https:\/\/www.casagredohotel.com\/es\/habitaciones-y-suites\/suites-gran-canal\/suite-biblioteca\/\" \/>\n<meta property=\"og:locale\" content=\"es_ES\" \/>\n<meta property=\"og:type\" content=\"article\" \/>\n<meta property=\"og:title\" content=\"Suite Biblioteca - Ca&#039; Sagredo Hotel\" \/>\n<meta property=\"og:description\" content=\"Con vistas al Gran Canal, a la derecha del Portego, es un monumento nacional. Un balc\u00f3n se extiende a lo largo de la parte superior, compuesto por una barandilla de madera con peque\u00f1as columnas doradas. Por encima de los impresionantes armarios del siglo XVIII en madera blanca y verde claro con tallas doradas, las letras [&hellip;]\" \/>\n<meta property=\"og:url\" content=\"https:\/\/www.casagredohotel.com\/es\/habitaciones-y-suites\/suites-gran-canal\/suite-biblioteca\/\" \/>\n<meta property=\"og:site_name\" content=\"Ca&#039; Sagredo Hotel\" \/>\n<meta property=\"article:modified_time\" content=\"2020-08-06T10:36:42+00:00\" \/>\n<meta name=\"twitter:card\" content=\"summary_large_image\" \/>\n<meta name=\"twitter:label1\" content=\"Tiempo de lectura\" \/>\n\t<meta name=\"twitter:data1\" content=\"1 minuto\" \/>\n<script type=\"application\/ld+json\" class=\"yoast-schema-graph\">{\"@context\":\"https:\/\/schema.org\",\"@graph\":[{\"@type\":\"WebPage\",\"@id\":\"https:\/\/www.casagredohotel.com\/es\/habitaciones-y-suites\/suites-gran-canal\/suite-biblioteca\/\",\"url\":\"https:\/\/www.casagredohotel.com\/es\/habitaciones-y-suites\/suites-gran-canal\/suite-biblioteca\/\",\"name\":\"Suite Biblioteca - Ca' Sagredo Hotel\",\"isPartOf\":{\"@id\":\"https:\/\/www.casagredohotel.com\/es\/#website\"},\"datePublished\":\"2020-08-06T07:36:48+00:00\",\"dateModified\":\"2020-08-06T10:36:42+00:00\",\"breadcrumb\":{\"@id\":\"https:\/\/www.casagredohotel.com\/es\/habitaciones-y-suites\/suites-gran-canal\/suite-biblioteca\/#breadcrumb\"},\"inLanguage\":\"es\",\"potentialAction\":[{\"@type\":\"ReadAction\",\"target\":[\"https:\/\/www.casagredohotel.com\/es\/habitaciones-y-suites\/suites-gran-canal\/suite-biblioteca\/\"]}]},{\"@type\":\"BreadcrumbList\",\"@id\":\"https:\/\/www.casagredohotel.com\/es\/habitaciones-y-suites\/suites-gran-canal\/suite-biblioteca\/#breadcrumb\",\"itemListElement\":[{\"@type\":\"ListItem\",\"position\":1,\"name\":\"Home\",\"item\":\"https:\/\/www.casagredohotel.com\/es\/\"},{\"@type\":\"ListItem\",\"position\":2,\"name\":\"Habitaciones y Suites\",\"item\":\"https:\/\/www.casagredohotel.com\/es\/habitaciones-y-suites\/\"},{\"@type\":\"ListItem\",\"position\":3,\"name\":\"Suites Gran Canal\",\"item\":\"https:\/\/www.casagredohotel.com\/es\/habitaciones-y-suites\/suites-gran-canal\/\"},{\"@type\":\"ListItem\",\"position\":4,\"name\":\"Suite Biblioteca\"}]},{\"@type\":\"WebSite\",\"@id\":\"https:\/\/www.casagredohotel.com\/es\/#website\",\"url\":\"https:\/\/www.casagredohotel.com\/es\/\",\"name\":\"Ca' Sagredo Hotel\",\"description\":\"Just another ms.decms.eu site\",\"potentialAction\":[{\"@type\":\"SearchAction\",\"target\":{\"@type\":\"EntryPoint\",\"urlTemplate\":\"https:\/\/www.casagredohotel.com\/es\/?s={search_term_string}\"},\"query-input\":{\"@type\":\"PropertyValueSpecification\",\"valueRequired\":true,\"valueName\":\"search_term_string\"}}],\"inLanguage\":\"es\"}]}<\/script>\n<!-- \/ Yoast SEO plugin. -->","yoast_head_json":{"title":"Suite Biblioteca - Ca' Sagredo Hotel","robots":{"index":"index","follow":"follow","max-snippet":"max-snippet:-1","max-image-preview":"max-image-preview:large","max-video-preview":"max-video-preview:-1"},"canonical":"https:\/\/www.casagredohotel.com\/es\/habitaciones-y-suites\/suites-gran-canal\/suite-biblioteca\/","og_locale":"es_ES","og_type":"article","og_title":"Suite Biblioteca - Ca' Sagredo Hotel","og_description":"Con vistas al Gran Canal, a la derecha del Portego, es un monumento nacional. Un balc\u00f3n se extiende a lo largo de la parte superior, compuesto por una barandilla de madera con peque\u00f1as columnas doradas. Por encima de los impresionantes armarios del siglo XVIII en madera blanca y verde claro con tallas doradas, las letras [&hellip;]","og_url":"https:\/\/www.casagredohotel.com\/es\/habitaciones-y-suites\/suites-gran-canal\/suite-biblioteca\/","og_site_name":"Ca' Sagredo Hotel","article_modified_time":"2020-08-06T10:36:42+00:00","twitter_card":"summary_large_image","twitter_misc":{"Tiempo de lectura":"1 minuto"},"schema":{"@context":"https:\/\/schema.org","@graph":[{"@type":"WebPage","@id":"https:\/\/www.casagredohotel.com\/es\/habitaciones-y-suites\/suites-gran-canal\/suite-biblioteca\/","url":"https:\/\/www.casagredohotel.com\/es\/habitaciones-y-suites\/suites-gran-canal\/suite-biblioteca\/","name":"Suite Biblioteca - Ca' Sagredo Hotel","isPartOf":{"@id":"https:\/\/www.casagredohotel.com\/es\/#website"},"datePublished":"2020-08-06T07:36:48+00:00","dateModified":"2020-08-06T10:36:42+00:00","breadcrumb":{"@id":"https:\/\/www.casagredohotel.com\/es\/habitaciones-y-suites\/suites-gran-canal\/suite-biblioteca\/#breadcrumb"},"inLanguage":"es","potentialAction":[{"@type":"ReadAction","target":["https:\/\/www.casagredohotel.com\/es\/habitaciones-y-suites\/suites-gran-canal\/suite-biblioteca\/"]}]},{"@type":"BreadcrumbList","@id":"https:\/\/www.casagredohotel.com\/es\/habitaciones-y-suites\/suites-gran-canal\/suite-biblioteca\/#breadcrumb","itemListElement":[{"@type":"ListItem","position":1,"name":"Home","item":"https:\/\/www.casagredohotel.com\/es\/"},{"@type":"ListItem","position":2,"name":"Habitaciones y Suites","item":"https:\/\/www.casagredohotel.com\/es\/habitaciones-y-suites\/"},{"@type":"ListItem","position":3,"name":"Suites Gran Canal","item":"https:\/\/www.casagredohotel.com\/es\/habitaciones-y-suites\/suites-gran-canal\/"},{"@type":"ListItem","position":4,"name":"Suite Biblioteca"}]},{"@type":"WebSite","@id":"https:\/\/www.casagredohotel.com\/es\/#website","url":"https:\/\/www.casagredohotel.com\/es\/","name":"Ca' Sagredo Hotel","description":"Just another ms.decms.eu site","potentialAction":[{"@type":"SearchAction","target":{"@type":"EntryPoint","urlTemplate":"https:\/\/www.casagredohotel.com\/es\/?s={search_term_string}"},"query-input":{"@type":"PropertyValueSpecification","valueRequired":true,"valueName":"search_term_string"}}],"inLanguage":"es"}]}},"acf":[],"_links":{"self":[{"href":"https:\/\/www.casagredohotel.com\/es\/wp-json\/wp\/v2\/pages\/1383","targetHints":{"allow":["GET"]}}],"collection":[{"href":"https:\/\/www.casagredohotel.com\/es\/wp-json\/wp\/v2\/pages"}],"about":[{"href":"https:\/\/www.casagredohotel.com\/es\/wp-json\/wp\/v2\/types\/page"}],"author":[{"embeddable":true,"href":"https:\/\/www.casagredohotel.com\/es\/wp-json\/wp\/v2\/users\/13"}],"replies":[{"embeddable":true,"href":"https:\/\/www.casagredohotel.com\/es\/wp-json\/wp\/v2\/comments?post=1383"}],"version-history":[{"count":0,"href":"https:\/\/www.casagredohotel.com\/es\/wp-json\/wp\/v2\/pages\/1383\/revisions"}],"up":[{"embeddable":true,"href":"https:\/\/www.casagredohotel.com\/es\/wp-json\/wp\/v2\/pages\/1376"}],"wp:attachment":[{"href":"https:\/\/www.casagredohotel.com\/es\/wp-json\/wp\/v2\/media?parent=1383"}],"curies":[{"name":"wp","href":"https:\/\/api.w.org\/{rel}","templated":true}]}}