{"id":1395,"date":"2020-08-06T09:03:12","date_gmt":"2020-08-06T09:03:12","guid":{"rendered":"http:\/\/casagredo-hotel.ms.decms.eu\/?page_id=1395"},"modified":"2020-08-06T10:43:35","modified_gmt":"2020-08-06T10:43:35","slug":"grande-suite","status":"publish","type":"page","link":"https:\/\/www.casagredohotel.com\/es\/habitaciones-y-suites\/suites-gran-canal\/grande-suite\/","title":{"rendered":"Grande suite"},"content":{"rendered":"<p>La lujosa Gran Suite de Ca\u2019 Sagredo Hotel se encuentra en la planta principal del Palacio, ocupando los principales salones de recepci\u00f3n originales de la familia Sagredo, con las vistas m\u00e1s impresionantes de todo el Gran Canal. Aqu\u00ed, los Sagredo conservaban una de las mejores colecciones de dibujos del mundo. La Gran Suite de Ca\u2019 Sagredo Hotel es un espacio abierto de 100 metros cuadrados y puede albergar hasta tres hu\u00e9spedes.<\/p>\n","protected":false},"excerpt":{"rendered":"<p>La lujosa Gran Suite de Ca\u2019 Sagredo Hotel se encuentra en la planta principal del Palacio, ocupando los principales salones de recepci\u00f3n originales de la familia Sagredo, con las vistas m\u00e1s impresionantes de todo el Gran Canal. Aqu\u00ed, los Sagredo conservaban una de las mejores colecciones de dibujos del mundo. La Gran Suite de Ca\u2019 [&hellip;]<\/p>\n","protected":false},"author":13,"featured_media":0,"parent":1376,"menu_order":30,"comment_status":"closed","ping_status":"closed","template":"template-single-room-base.php","meta":{"footnotes":""},"class_list":["post-1395","page","type-page","status-publish","hentry"],"yoast_head":"<!-- This site is optimized with the Yoast SEO plugin v26.9 - https:\/\/yoast.com\/product\/yoast-seo-wordpress\/ -->\n<title>Grande suite - Ca&#039; Sagredo Hotel<\/title>\n<meta name=\"robots\" content=\"index, follow, max-snippet:-1, max-image-preview:large, max-video-preview:-1\" \/>\n<link rel=\"canonical\" href=\"https:\/\/www.casagredohotel.com\/es\/habitaciones-y-suites\/suites-gran-canal\/grande-suite\/\" \/>\n<meta property=\"og:locale\" content=\"es_ES\" \/>\n<meta property=\"og:type\" content=\"article\" \/>\n<meta property=\"og:title\" content=\"Grande suite - Ca&#039; Sagredo Hotel\" \/>\n<meta property=\"og:description\" content=\"La lujosa Gran Suite de Ca\u2019 Sagredo Hotel se encuentra en la planta principal del Palacio, ocupando los principales salones de recepci\u00f3n originales de la familia Sagredo, con las vistas m\u00e1s impresionantes de todo el Gran Canal. Aqu\u00ed, los Sagredo conservaban una de las mejores colecciones de dibujos del mundo. La Gran Suite de Ca\u2019 [&hellip;]\" \/>\n<meta property=\"og:url\" content=\"https:\/\/www.casagredohotel.com\/es\/habitaciones-y-suites\/suites-gran-canal\/grande-suite\/\" \/>\n<meta property=\"og:site_name\" content=\"Ca&#039; Sagredo Hotel\" \/>\n<meta property=\"article:modified_time\" content=\"2020-08-06T10:43:35+00:00\" \/>\n<meta name=\"twitter:card\" content=\"summary_large_image\" \/>\n<script type=\"application\/ld+json\" class=\"yoast-schema-graph\">{\"@context\":\"https:\/\/schema.org\",\"@graph\":[{\"@type\":\"WebPage\",\"@id\":\"https:\/\/www.casagredohotel.com\/es\/habitaciones-y-suites\/suites-gran-canal\/grande-suite\/\",\"url\":\"https:\/\/www.casagredohotel.com\/es\/habitaciones-y-suites\/suites-gran-canal\/grande-suite\/\",\"name\":\"Grande suite - Ca' Sagredo Hotel\",\"isPartOf\":{\"@id\":\"https:\/\/www.casagredohotel.com\/es\/#website\"},\"datePublished\":\"2020-08-06T09:03:12+00:00\",\"dateModified\":\"2020-08-06T10:43:35+00:00\",\"breadcrumb\":{\"@id\":\"https:\/\/www.casagredohotel.com\/es\/habitaciones-y-suites\/suites-gran-canal\/grande-suite\/#breadcrumb\"},\"inLanguage\":\"es\",\"potentialAction\":[{\"@type\":\"ReadAction\",\"target\":[\"https:\/\/www.casagredohotel.com\/es\/habitaciones-y-suites\/suites-gran-canal\/grande-suite\/\"]}]},{\"@type\":\"BreadcrumbList\",\"@id\":\"https:\/\/www.casagredohotel.com\/es\/habitaciones-y-suites\/suites-gran-canal\/grande-suite\/#breadcrumb\",\"itemListElement\":[{\"@type\":\"ListItem\",\"position\":1,\"name\":\"Home\",\"item\":\"https:\/\/www.casagredohotel.com\/es\/\"},{\"@type\":\"ListItem\",\"position\":2,\"name\":\"Habitaciones y Suites\",\"item\":\"https:\/\/www.casagredohotel.com\/es\/habitaciones-y-suites\/\"},{\"@type\":\"ListItem\",\"position\":3,\"name\":\"Suites Gran Canal\",\"item\":\"https:\/\/www.casagredohotel.com\/es\/habitaciones-y-suites\/suites-gran-canal\/\"},{\"@type\":\"ListItem\",\"position\":4,\"name\":\"Grande suite\"}]},{\"@type\":\"WebSite\",\"@id\":\"https:\/\/www.casagredohotel.com\/es\/#website\",\"url\":\"https:\/\/www.casagredohotel.com\/es\/\",\"name\":\"Ca' Sagredo Hotel\",\"description\":\"Just another ms.decms.eu site\",\"potentialAction\":[{\"@type\":\"SearchAction\",\"target\":{\"@type\":\"EntryPoint\",\"urlTemplate\":\"https:\/\/www.casagredohotel.com\/es\/?s={search_term_string}\"},\"query-input\":{\"@type\":\"PropertyValueSpecification\",\"valueRequired\":true,\"valueName\":\"search_term_string\"}}],\"inLanguage\":\"es\"}]}<\/script>\n<!-- \/ Yoast SEO plugin. -->","yoast_head_json":{"title":"Grande suite - Ca' Sagredo Hotel","robots":{"index":"index","follow":"follow","max-snippet":"max-snippet:-1","max-image-preview":"max-image-preview:large","max-video-preview":"max-video-preview:-1"},"canonical":"https:\/\/www.casagredohotel.com\/es\/habitaciones-y-suites\/suites-gran-canal\/grande-suite\/","og_locale":"es_ES","og_type":"article","og_title":"Grande suite - Ca' Sagredo Hotel","og_description":"La lujosa Gran Suite de Ca\u2019 Sagredo Hotel se encuentra en la planta principal del Palacio, ocupando los principales salones de recepci\u00f3n originales de la familia Sagredo, con las vistas m\u00e1s impresionantes de todo el Gran Canal. Aqu\u00ed, los Sagredo conservaban una de las mejores colecciones de dibujos del mundo. La Gran Suite de Ca\u2019 [&hellip;]","og_url":"https:\/\/www.casagredohotel.com\/es\/habitaciones-y-suites\/suites-gran-canal\/grande-suite\/","og_site_name":"Ca' Sagredo Hotel","article_modified_time":"2020-08-06T10:43:35+00:00","twitter_card":"summary_large_image","schema":{"@context":"https:\/\/schema.org","@graph":[{"@type":"WebPage","@id":"https:\/\/www.casagredohotel.com\/es\/habitaciones-y-suites\/suites-gran-canal\/grande-suite\/","url":"https:\/\/www.casagredohotel.com\/es\/habitaciones-y-suites\/suites-gran-canal\/grande-suite\/","name":"Grande suite - Ca' Sagredo Hotel","isPartOf":{"@id":"https:\/\/www.casagredohotel.com\/es\/#website"},"datePublished":"2020-08-06T09:03:12+00:00","dateModified":"2020-08-06T10:43:35+00:00","breadcrumb":{"@id":"https:\/\/www.casagredohotel.com\/es\/habitaciones-y-suites\/suites-gran-canal\/grande-suite\/#breadcrumb"},"inLanguage":"es","potentialAction":[{"@type":"ReadAction","target":["https:\/\/www.casagredohotel.com\/es\/habitaciones-y-suites\/suites-gran-canal\/grande-suite\/"]}]},{"@type":"BreadcrumbList","@id":"https:\/\/www.casagredohotel.com\/es\/habitaciones-y-suites\/suites-gran-canal\/grande-suite\/#breadcrumb","itemListElement":[{"@type":"ListItem","position":1,"name":"Home","item":"https:\/\/www.casagredohotel.com\/es\/"},{"@type":"ListItem","position":2,"name":"Habitaciones y Suites","item":"https:\/\/www.casagredohotel.com\/es\/habitaciones-y-suites\/"},{"@type":"ListItem","position":3,"name":"Suites Gran Canal","item":"https:\/\/www.casagredohotel.com\/es\/habitaciones-y-suites\/suites-gran-canal\/"},{"@type":"ListItem","position":4,"name":"Grande suite"}]},{"@type":"WebSite","@id":"https:\/\/www.casagredohotel.com\/es\/#website","url":"https:\/\/www.casagredohotel.com\/es\/","name":"Ca' Sagredo Hotel","description":"Just another ms.decms.eu site","potentialAction":[{"@type":"SearchAction","target":{"@type":"EntryPoint","urlTemplate":"https:\/\/www.casagredohotel.com\/es\/?s={search_term_string}"},"query-input":{"@type":"PropertyValueSpecification","valueRequired":true,"valueName":"search_term_string"}}],"inLanguage":"es"}]}},"acf":[],"_links":{"self":[{"href":"https:\/\/www.casagredohotel.com\/es\/wp-json\/wp\/v2\/pages\/1395","targetHints":{"allow":["GET"]}}],"collection":[{"href":"https:\/\/www.casagredohotel.com\/es\/wp-json\/wp\/v2\/pages"}],"about":[{"href":"https:\/\/www.casagredohotel.com\/es\/wp-json\/wp\/v2\/types\/page"}],"author":[{"embeddable":true,"href":"https:\/\/www.casagredohotel.com\/es\/wp-json\/wp\/v2\/users\/13"}],"replies":[{"embeddable":true,"href":"https:\/\/www.casagredohotel.com\/es\/wp-json\/wp\/v2\/comments?post=1395"}],"version-history":[{"count":0,"href":"https:\/\/www.casagredohotel.com\/es\/wp-json\/wp\/v2\/pages\/1395\/revisions"}],"up":[{"embeddable":true,"href":"https:\/\/www.casagredohotel.com\/es\/wp-json\/wp\/v2\/pages\/1376"}],"wp:attachment":[{"href":"https:\/\/www.casagredohotel.com\/es\/wp-json\/wp\/v2\/media?parent=1395"}],"curies":[{"name":"wp","href":"https:\/\/api.w.org\/{rel}","templated":true}]}}