{"id":1409,"date":"2020-08-06T10:29:14","date_gmt":"2020-08-06T10:29:14","guid":{"rendered":"http:\/\/casagredo-hotel.ms.decms.eu\/?page_id=1409"},"modified":"2020-08-06T10:29:51","modified_gmt":"2020-08-06T10:29:51","slug":"suite-historica","status":"publish","type":"page","link":"https:\/\/www.casagredohotel.com\/es\/habitaciones-y-suites\/suite-historica\/","title":{"rendered":"Suite Hist\u00f3rica"},"content":{"rendered":"<p>Magn\u00edficas suites con pinturas y estucos obra de famosos artistas del siglo XVIII, evocadoras de los tiempos en los que la familia Sagredo eran los due\u00f1os del palacio.<\/p>\n<p>Lo \u00faltimo en historia y lujo: la Suite Sebastiano Ricci es muy espaciosa, con un fabuloso dormitorio (100 metros cuadrados), una generosa sala de estar y un soberbio techo estucado obra del artista del siglo XVIII Sebastiano Ricci.<br \/>\nIncre\u00edblemente hermosa y lujosa, la Suite se destaca con telas suntuosas, elegantes espejos dorados, sillones dorados de estilo rococ\u00f3 italiano y muebles antiguos.<br \/>\nUbicada en la Planta Noble del palacio, la Suite est\u00e1 dise\u00f1ada para ser un himno al romanticismo; luces, materiales y muebles est\u00e1n inspirados en las decoraciones originales de la casa y dan a la habitaci\u00f3n un toque especial de seducci\u00f3n.<\/p>\n","protected":false},"excerpt":{"rendered":"<p>Magn\u00edficas suites con pinturas y estucos obra de famosos artistas del siglo XVIII, evocadoras de los tiempos en los que la familia Sagredo eran los due\u00f1os del palacio. Lo \u00faltimo en historia y lujo: la Suite Sebastiano Ricci es muy espaciosa, con un fabuloso dormitorio (100 metros cuadrados), una generosa sala de estar y un [&hellip;]<\/p>\n","protected":false},"author":13,"featured_media":0,"parent":1348,"menu_order":40,"comment_status":"closed","ping_status":"closed","template":"template-single-room-children.php","meta":{"footnotes":""},"class_list":["post-1409","page","type-page","status-publish","hentry"],"yoast_head":"<!-- This site is optimized with the Yoast SEO plugin v26.9 - https:\/\/yoast.com\/product\/yoast-seo-wordpress\/ -->\n<title>Suite Hist\u00f3rica - Ca&#039; Sagredo Hotel<\/title>\n<meta name=\"robots\" content=\"index, follow, max-snippet:-1, max-image-preview:large, max-video-preview:-1\" \/>\n<link rel=\"canonical\" href=\"https:\/\/www.casagredohotel.com\/es\/habitaciones-y-suites\/suite-historica\/\" \/>\n<meta property=\"og:locale\" content=\"es_ES\" \/>\n<meta property=\"og:type\" content=\"article\" \/>\n<meta property=\"og:title\" content=\"Suite Hist\u00f3rica - Ca&#039; Sagredo Hotel\" \/>\n<meta property=\"og:description\" content=\"Magn\u00edficas suites con pinturas y estucos obra de famosos artistas del siglo XVIII, evocadoras de los tiempos en los que la familia Sagredo eran los due\u00f1os del palacio. Lo \u00faltimo en historia y lujo: la Suite Sebastiano Ricci es muy espaciosa, con un fabuloso dormitorio (100 metros cuadrados), una generosa sala de estar y un [&hellip;]\" \/>\n<meta property=\"og:url\" content=\"https:\/\/www.casagredohotel.com\/es\/habitaciones-y-suites\/suite-historica\/\" \/>\n<meta property=\"og:site_name\" content=\"Ca&#039; Sagredo Hotel\" \/>\n<meta property=\"article:modified_time\" content=\"2020-08-06T10:29:51+00:00\" \/>\n<meta name=\"twitter:card\" content=\"summary_large_image\" \/>\n<meta name=\"twitter:label1\" content=\"Tiempo de lectura\" \/>\n\t<meta name=\"twitter:data1\" content=\"1 minuto\" \/>\n<script type=\"application\/ld+json\" class=\"yoast-schema-graph\">{\"@context\":\"https:\/\/schema.org\",\"@graph\":[{\"@type\":\"WebPage\",\"@id\":\"https:\/\/www.casagredohotel.com\/es\/habitaciones-y-suites\/suite-historica\/\",\"url\":\"https:\/\/www.casagredohotel.com\/es\/habitaciones-y-suites\/suite-historica\/\",\"name\":\"Suite Hist\u00f3rica - Ca' Sagredo Hotel\",\"isPartOf\":{\"@id\":\"https:\/\/www.casagredohotel.com\/es\/#website\"},\"datePublished\":\"2020-08-06T10:29:14+00:00\",\"dateModified\":\"2020-08-06T10:29:51+00:00\",\"breadcrumb\":{\"@id\":\"https:\/\/www.casagredohotel.com\/es\/habitaciones-y-suites\/suite-historica\/#breadcrumb\"},\"inLanguage\":\"es\",\"potentialAction\":[{\"@type\":\"ReadAction\",\"target\":[\"https:\/\/www.casagredohotel.com\/es\/habitaciones-y-suites\/suite-historica\/\"]}]},{\"@type\":\"BreadcrumbList\",\"@id\":\"https:\/\/www.casagredohotel.com\/es\/habitaciones-y-suites\/suite-historica\/#breadcrumb\",\"itemListElement\":[{\"@type\":\"ListItem\",\"position\":1,\"name\":\"Home\",\"item\":\"https:\/\/www.casagredohotel.com\/es\/\"},{\"@type\":\"ListItem\",\"position\":2,\"name\":\"Habitaciones y Suites\",\"item\":\"https:\/\/www.casagredohotel.com\/es\/habitaciones-y-suites\/\"},{\"@type\":\"ListItem\",\"position\":3,\"name\":\"Suite Hist\u00f3rica\"}]},{\"@type\":\"WebSite\",\"@id\":\"https:\/\/www.casagredohotel.com\/es\/#website\",\"url\":\"https:\/\/www.casagredohotel.com\/es\/\",\"name\":\"Ca' Sagredo Hotel\",\"description\":\"Just another ms.decms.eu site\",\"potentialAction\":[{\"@type\":\"SearchAction\",\"target\":{\"@type\":\"EntryPoint\",\"urlTemplate\":\"https:\/\/www.casagredohotel.com\/es\/?s={search_term_string}\"},\"query-input\":{\"@type\":\"PropertyValueSpecification\",\"valueRequired\":true,\"valueName\":\"search_term_string\"}}],\"inLanguage\":\"es\"}]}<\/script>\n<!-- \/ Yoast SEO plugin. -->","yoast_head_json":{"title":"Suite Hist\u00f3rica - Ca' Sagredo Hotel","robots":{"index":"index","follow":"follow","max-snippet":"max-snippet:-1","max-image-preview":"max-image-preview:large","max-video-preview":"max-video-preview:-1"},"canonical":"https:\/\/www.casagredohotel.com\/es\/habitaciones-y-suites\/suite-historica\/","og_locale":"es_ES","og_type":"article","og_title":"Suite Hist\u00f3rica - Ca' Sagredo Hotel","og_description":"Magn\u00edficas suites con pinturas y estucos obra de famosos artistas del siglo XVIII, evocadoras de los tiempos en los que la familia Sagredo eran los due\u00f1os del palacio. Lo \u00faltimo en historia y lujo: la Suite Sebastiano Ricci es muy espaciosa, con un fabuloso dormitorio (100 metros cuadrados), una generosa sala de estar y un [&hellip;]","og_url":"https:\/\/www.casagredohotel.com\/es\/habitaciones-y-suites\/suite-historica\/","og_site_name":"Ca' Sagredo Hotel","article_modified_time":"2020-08-06T10:29:51+00:00","twitter_card":"summary_large_image","twitter_misc":{"Tiempo de lectura":"1 minuto"},"schema":{"@context":"https:\/\/schema.org","@graph":[{"@type":"WebPage","@id":"https:\/\/www.casagredohotel.com\/es\/habitaciones-y-suites\/suite-historica\/","url":"https:\/\/www.casagredohotel.com\/es\/habitaciones-y-suites\/suite-historica\/","name":"Suite Hist\u00f3rica - Ca' Sagredo Hotel","isPartOf":{"@id":"https:\/\/www.casagredohotel.com\/es\/#website"},"datePublished":"2020-08-06T10:29:14+00:00","dateModified":"2020-08-06T10:29:51+00:00","breadcrumb":{"@id":"https:\/\/www.casagredohotel.com\/es\/habitaciones-y-suites\/suite-historica\/#breadcrumb"},"inLanguage":"es","potentialAction":[{"@type":"ReadAction","target":["https:\/\/www.casagredohotel.com\/es\/habitaciones-y-suites\/suite-historica\/"]}]},{"@type":"BreadcrumbList","@id":"https:\/\/www.casagredohotel.com\/es\/habitaciones-y-suites\/suite-historica\/#breadcrumb","itemListElement":[{"@type":"ListItem","position":1,"name":"Home","item":"https:\/\/www.casagredohotel.com\/es\/"},{"@type":"ListItem","position":2,"name":"Habitaciones y Suites","item":"https:\/\/www.casagredohotel.com\/es\/habitaciones-y-suites\/"},{"@type":"ListItem","position":3,"name":"Suite Hist\u00f3rica"}]},{"@type":"WebSite","@id":"https:\/\/www.casagredohotel.com\/es\/#website","url":"https:\/\/www.casagredohotel.com\/es\/","name":"Ca' Sagredo Hotel","description":"Just another ms.decms.eu site","potentialAction":[{"@type":"SearchAction","target":{"@type":"EntryPoint","urlTemplate":"https:\/\/www.casagredohotel.com\/es\/?s={search_term_string}"},"query-input":{"@type":"PropertyValueSpecification","valueRequired":true,"valueName":"search_term_string"}}],"inLanguage":"es"}]}},"acf":[],"_links":{"self":[{"href":"https:\/\/www.casagredohotel.com\/es\/wp-json\/wp\/v2\/pages\/1409","targetHints":{"allow":["GET"]}}],"collection":[{"href":"https:\/\/www.casagredohotel.com\/es\/wp-json\/wp\/v2\/pages"}],"about":[{"href":"https:\/\/www.casagredohotel.com\/es\/wp-json\/wp\/v2\/types\/page"}],"author":[{"embeddable":true,"href":"https:\/\/www.casagredohotel.com\/es\/wp-json\/wp\/v2\/users\/13"}],"replies":[{"embeddable":true,"href":"https:\/\/www.casagredohotel.com\/es\/wp-json\/wp\/v2\/comments?post=1409"}],"version-history":[{"count":0,"href":"https:\/\/www.casagredohotel.com\/es\/wp-json\/wp\/v2\/pages\/1409\/revisions"}],"up":[{"embeddable":true,"href":"https:\/\/www.casagredohotel.com\/es\/wp-json\/wp\/v2\/pages\/1348"}],"wp:attachment":[{"href":"https:\/\/www.casagredohotel.com\/es\/wp-json\/wp\/v2\/media?parent=1409"}],"curies":[{"name":"wp","href":"https:\/\/api.w.org\/{rel}","templated":true}]}}