{"id":1422,"date":"2020-08-06T10:52:34","date_gmt":"2020-08-06T10:52:34","guid":{"rendered":"http:\/\/casagredo-hotel.ms.decms.eu\/?page_id=1422"},"modified":"2020-08-06T10:56:46","modified_gmt":"2020-08-06T10:56:46","slug":"la-suite-de-los-estucados","status":"publish","type":"page","link":"https:\/\/www.casagredohotel.com\/es\/habitaciones-y-suites\/suite-historica\/la-suite-de-los-estucados\/","title":{"rendered":"La Suite de los Estucados"},"content":{"rendered":"<p>Esta Suite es una de las m\u00e1s emblem\u00e1ticas de todo el edificio: el techo presenta una decoraci\u00f3n magistral obra de dos artistas famosos de Lugano que trabajaban para la Rep\u00fablica de Venecia a principios del siglo XVIII: Abbondio Stazio y Carpoforo Mazzetti, conocido como Tecalla. Se puede admirar la excepcional calidad de las representaciones, las pinturas del techo y los frisos -p\u00e1jaros, animales ex\u00f3ticos y diversos personajes mitol\u00f3gicos-, todos en diferentes relieves y pintados en una variedad de tonos delicados, casi como colores pastel: sin duda el m\u00e1s notable ejemplo del trabajo de los artistas en Venecia. Estas habitaciones eran antiguamente los apartamentos privados del Conde Sagredo, y estaban conectados con el edificio principal a trav\u00e9s de puertas secretas.<\/p>\n","protected":false},"excerpt":{"rendered":"<p>Esta Suite es una de las m\u00e1s emblem\u00e1ticas de todo el edificio: el techo presenta una decoraci\u00f3n magistral obra de dos artistas famosos de Lugano que trabajaban para la Rep\u00fablica de Venecia a principios del siglo XVIII: Abbondio Stazio y Carpoforo Mazzetti, conocido como Tecalla. Se puede admirar la excepcional calidad de las representaciones, las [&hellip;]<\/p>\n","protected":false},"author":13,"featured_media":0,"parent":1409,"menu_order":20,"comment_status":"closed","ping_status":"closed","template":"template-single-room-base.php","meta":{"footnotes":""},"class_list":["post-1422","page","type-page","status-publish","hentry"],"yoast_head":"<!-- This site is optimized with the Yoast SEO plugin v26.9 - https:\/\/yoast.com\/product\/yoast-seo-wordpress\/ -->\n<title>La Suite de los Estucados - Ca&#039; Sagredo Hotel<\/title>\n<meta name=\"robots\" content=\"index, follow, max-snippet:-1, max-image-preview:large, max-video-preview:-1\" \/>\n<link rel=\"canonical\" href=\"https:\/\/www.casagredohotel.com\/es\/habitaciones-y-suites\/suite-historica\/la-suite-de-los-estucados\/\" \/>\n<meta property=\"og:locale\" content=\"es_ES\" \/>\n<meta property=\"og:type\" content=\"article\" \/>\n<meta property=\"og:title\" content=\"La Suite de los Estucados - Ca&#039; Sagredo Hotel\" \/>\n<meta property=\"og:description\" content=\"Esta Suite es una de las m\u00e1s emblem\u00e1ticas de todo el edificio: el techo presenta una decoraci\u00f3n magistral obra de dos artistas famosos de Lugano que trabajaban para la Rep\u00fablica de Venecia a principios del siglo XVIII: Abbondio Stazio y Carpoforo Mazzetti, conocido como Tecalla. Se puede admirar la excepcional calidad de las representaciones, las [&hellip;]\" \/>\n<meta property=\"og:url\" content=\"https:\/\/www.casagredohotel.com\/es\/habitaciones-y-suites\/suite-historica\/la-suite-de-los-estucados\/\" \/>\n<meta property=\"og:site_name\" content=\"Ca&#039; Sagredo Hotel\" \/>\n<meta property=\"article:modified_time\" content=\"2020-08-06T10:56:46+00:00\" \/>\n<meta name=\"twitter:card\" content=\"summary_large_image\" \/>\n<meta name=\"twitter:label1\" content=\"Tiempo de lectura\" \/>\n\t<meta name=\"twitter:data1\" content=\"1 minuto\" \/>\n<script type=\"application\/ld+json\" class=\"yoast-schema-graph\">{\"@context\":\"https:\/\/schema.org\",\"@graph\":[{\"@type\":\"WebPage\",\"@id\":\"https:\/\/www.casagredohotel.com\/es\/habitaciones-y-suites\/suite-historica\/la-suite-de-los-estucados\/\",\"url\":\"https:\/\/www.casagredohotel.com\/es\/habitaciones-y-suites\/suite-historica\/la-suite-de-los-estucados\/\",\"name\":\"La Suite de los Estucados - Ca' Sagredo Hotel\",\"isPartOf\":{\"@id\":\"https:\/\/www.casagredohotel.com\/es\/#website\"},\"datePublished\":\"2020-08-06T10:52:34+00:00\",\"dateModified\":\"2020-08-06T10:56:46+00:00\",\"breadcrumb\":{\"@id\":\"https:\/\/www.casagredohotel.com\/es\/habitaciones-y-suites\/suite-historica\/la-suite-de-los-estucados\/#breadcrumb\"},\"inLanguage\":\"es\",\"potentialAction\":[{\"@type\":\"ReadAction\",\"target\":[\"https:\/\/www.casagredohotel.com\/es\/habitaciones-y-suites\/suite-historica\/la-suite-de-los-estucados\/\"]}]},{\"@type\":\"BreadcrumbList\",\"@id\":\"https:\/\/www.casagredohotel.com\/es\/habitaciones-y-suites\/suite-historica\/la-suite-de-los-estucados\/#breadcrumb\",\"itemListElement\":[{\"@type\":\"ListItem\",\"position\":1,\"name\":\"Home\",\"item\":\"https:\/\/www.casagredohotel.com\/es\/\"},{\"@type\":\"ListItem\",\"position\":2,\"name\":\"Habitaciones y Suites\",\"item\":\"https:\/\/www.casagredohotel.com\/es\/habitaciones-y-suites\/\"},{\"@type\":\"ListItem\",\"position\":3,\"name\":\"Suite Hist\u00f3rica\",\"item\":\"https:\/\/www.casagredohotel.com\/es\/habitaciones-y-suites\/suite-historica\/\"},{\"@type\":\"ListItem\",\"position\":4,\"name\":\"La Suite de los Estucados\"}]},{\"@type\":\"WebSite\",\"@id\":\"https:\/\/www.casagredohotel.com\/es\/#website\",\"url\":\"https:\/\/www.casagredohotel.com\/es\/\",\"name\":\"Ca' Sagredo Hotel\",\"description\":\"Just another ms.decms.eu site\",\"potentialAction\":[{\"@type\":\"SearchAction\",\"target\":{\"@type\":\"EntryPoint\",\"urlTemplate\":\"https:\/\/www.casagredohotel.com\/es\/?s={search_term_string}\"},\"query-input\":{\"@type\":\"PropertyValueSpecification\",\"valueRequired\":true,\"valueName\":\"search_term_string\"}}],\"inLanguage\":\"es\"}]}<\/script>\n<!-- \/ Yoast SEO plugin. -->","yoast_head_json":{"title":"La Suite de los Estucados - Ca' Sagredo Hotel","robots":{"index":"index","follow":"follow","max-snippet":"max-snippet:-1","max-image-preview":"max-image-preview:large","max-video-preview":"max-video-preview:-1"},"canonical":"https:\/\/www.casagredohotel.com\/es\/habitaciones-y-suites\/suite-historica\/la-suite-de-los-estucados\/","og_locale":"es_ES","og_type":"article","og_title":"La Suite de los Estucados - Ca' Sagredo Hotel","og_description":"Esta Suite es una de las m\u00e1s emblem\u00e1ticas de todo el edificio: el techo presenta una decoraci\u00f3n magistral obra de dos artistas famosos de Lugano que trabajaban para la Rep\u00fablica de Venecia a principios del siglo XVIII: Abbondio Stazio y Carpoforo Mazzetti, conocido como Tecalla. Se puede admirar la excepcional calidad de las representaciones, las [&hellip;]","og_url":"https:\/\/www.casagredohotel.com\/es\/habitaciones-y-suites\/suite-historica\/la-suite-de-los-estucados\/","og_site_name":"Ca' Sagredo Hotel","article_modified_time":"2020-08-06T10:56:46+00:00","twitter_card":"summary_large_image","twitter_misc":{"Tiempo de lectura":"1 minuto"},"schema":{"@context":"https:\/\/schema.org","@graph":[{"@type":"WebPage","@id":"https:\/\/www.casagredohotel.com\/es\/habitaciones-y-suites\/suite-historica\/la-suite-de-los-estucados\/","url":"https:\/\/www.casagredohotel.com\/es\/habitaciones-y-suites\/suite-historica\/la-suite-de-los-estucados\/","name":"La Suite de los Estucados - Ca' Sagredo Hotel","isPartOf":{"@id":"https:\/\/www.casagredohotel.com\/es\/#website"},"datePublished":"2020-08-06T10:52:34+00:00","dateModified":"2020-08-06T10:56:46+00:00","breadcrumb":{"@id":"https:\/\/www.casagredohotel.com\/es\/habitaciones-y-suites\/suite-historica\/la-suite-de-los-estucados\/#breadcrumb"},"inLanguage":"es","potentialAction":[{"@type":"ReadAction","target":["https:\/\/www.casagredohotel.com\/es\/habitaciones-y-suites\/suite-historica\/la-suite-de-los-estucados\/"]}]},{"@type":"BreadcrumbList","@id":"https:\/\/www.casagredohotel.com\/es\/habitaciones-y-suites\/suite-historica\/la-suite-de-los-estucados\/#breadcrumb","itemListElement":[{"@type":"ListItem","position":1,"name":"Home","item":"https:\/\/www.casagredohotel.com\/es\/"},{"@type":"ListItem","position":2,"name":"Habitaciones y Suites","item":"https:\/\/www.casagredohotel.com\/es\/habitaciones-y-suites\/"},{"@type":"ListItem","position":3,"name":"Suite Hist\u00f3rica","item":"https:\/\/www.casagredohotel.com\/es\/habitaciones-y-suites\/suite-historica\/"},{"@type":"ListItem","position":4,"name":"La Suite de los Estucados"}]},{"@type":"WebSite","@id":"https:\/\/www.casagredohotel.com\/es\/#website","url":"https:\/\/www.casagredohotel.com\/es\/","name":"Ca' Sagredo Hotel","description":"Just another ms.decms.eu site","potentialAction":[{"@type":"SearchAction","target":{"@type":"EntryPoint","urlTemplate":"https:\/\/www.casagredohotel.com\/es\/?s={search_term_string}"},"query-input":{"@type":"PropertyValueSpecification","valueRequired":true,"valueName":"search_term_string"}}],"inLanguage":"es"}]}},"acf":[],"_links":{"self":[{"href":"https:\/\/www.casagredohotel.com\/es\/wp-json\/wp\/v2\/pages\/1422","targetHints":{"allow":["GET"]}}],"collection":[{"href":"https:\/\/www.casagredohotel.com\/es\/wp-json\/wp\/v2\/pages"}],"about":[{"href":"https:\/\/www.casagredohotel.com\/es\/wp-json\/wp\/v2\/types\/page"}],"author":[{"embeddable":true,"href":"https:\/\/www.casagredohotel.com\/es\/wp-json\/wp\/v2\/users\/13"}],"replies":[{"embeddable":true,"href":"https:\/\/www.casagredohotel.com\/es\/wp-json\/wp\/v2\/comments?post=1422"}],"version-history":[{"count":0,"href":"https:\/\/www.casagredohotel.com\/es\/wp-json\/wp\/v2\/pages\/1422\/revisions"}],"up":[{"embeddable":true,"href":"https:\/\/www.casagredohotel.com\/es\/wp-json\/wp\/v2\/pages\/1409"}],"wp:attachment":[{"href":"https:\/\/www.casagredohotel.com\/es\/wp-json\/wp\/v2\/media?parent=1422"}],"curies":[{"name":"wp","href":"https:\/\/api.w.org\/{rel}","templated":true}]}}