{"id":1430,"date":"2020-08-06T12:59:11","date_gmt":"2020-08-06T12:59:11","guid":{"rendered":"http:\/\/casagredo-hotel.ms.decms.eu\/?page_id=1430"},"modified":"2020-08-06T13:31:47","modified_gmt":"2020-08-06T13:31:47","slug":"la-suite-de-las-artes","status":"publish","type":"page","link":"https:\/\/www.casagredohotel.com\/es\/habitaciones-y-suites\/suite-historica\/la-suite-de-las-artes\/","title":{"rendered":"La Suite de las Artes"},"content":{"rendered":"<p>La sala del club (Casino) en el cuarto piso, que el Conde Sagredo utilizaba para eventos sociales y entretenimiento, ahora comprende dos espl\u00e9ndidas suites. Una de ellas es la Suite de las Artes. Tiene una gran importancia hist\u00f3rica y cuenta con algunos de los mejores ejemplos de los primeros trabajos de estuco veneciano del siglo XVIII, con bajorrelieves de los artistas Abbondio Stazio y Carpoforo Mazzetti. La decoraci\u00f3n est\u00e1 dedicada a las Artes. Una estancia aqu\u00ed es una experiencia verdaderamente \u00fanica, que trae a la vida el romanticismo de la Venecia del siglo XVIII.<\/p>\n","protected":false},"excerpt":{"rendered":"<p>La sala del club (Casino) en el cuarto piso, que el Conde Sagredo utilizaba para eventos sociales y entretenimiento, ahora comprende dos espl\u00e9ndidas suites. Una de ellas es la Suite de las Artes. Tiene una gran importancia hist\u00f3rica y cuenta con algunos de los mejores ejemplos de los primeros trabajos de estuco veneciano del siglo [&hellip;]<\/p>\n","protected":false},"author":13,"featured_media":0,"parent":1409,"menu_order":30,"comment_status":"closed","ping_status":"closed","template":"template-single-room-base.php","meta":{"footnotes":""},"class_list":["post-1430","page","type-page","status-publish","hentry"],"yoast_head":"<!-- This site is optimized with the Yoast SEO plugin v26.9 - https:\/\/yoast.com\/product\/yoast-seo-wordpress\/ -->\n<title>La Suite de las Artes - Ca&#039; Sagredo Hotel<\/title>\n<meta name=\"robots\" content=\"index, follow, max-snippet:-1, max-image-preview:large, max-video-preview:-1\" \/>\n<link rel=\"canonical\" href=\"https:\/\/www.casagredohotel.com\/es\/habitaciones-y-suites\/suite-historica\/la-suite-de-las-artes\/\" \/>\n<meta property=\"og:locale\" content=\"es_ES\" \/>\n<meta property=\"og:type\" content=\"article\" \/>\n<meta property=\"og:title\" content=\"La Suite de las Artes - Ca&#039; Sagredo Hotel\" \/>\n<meta property=\"og:description\" content=\"La sala del club (Casino) en el cuarto piso, que el Conde Sagredo utilizaba para eventos sociales y entretenimiento, ahora comprende dos espl\u00e9ndidas suites. Una de ellas es la Suite de las Artes. Tiene una gran importancia hist\u00f3rica y cuenta con algunos de los mejores ejemplos de los primeros trabajos de estuco veneciano del siglo [&hellip;]\" \/>\n<meta property=\"og:url\" content=\"https:\/\/www.casagredohotel.com\/es\/habitaciones-y-suites\/suite-historica\/la-suite-de-las-artes\/\" \/>\n<meta property=\"og:site_name\" content=\"Ca&#039; Sagredo Hotel\" \/>\n<meta property=\"article:modified_time\" content=\"2020-08-06T13:31:47+00:00\" \/>\n<meta name=\"twitter:card\" content=\"summary_large_image\" \/>\n<script type=\"application\/ld+json\" class=\"yoast-schema-graph\">{\"@context\":\"https:\/\/schema.org\",\"@graph\":[{\"@type\":\"WebPage\",\"@id\":\"https:\/\/www.casagredohotel.com\/es\/habitaciones-y-suites\/suite-historica\/la-suite-de-las-artes\/\",\"url\":\"https:\/\/www.casagredohotel.com\/es\/habitaciones-y-suites\/suite-historica\/la-suite-de-las-artes\/\",\"name\":\"La Suite de las Artes - Ca' Sagredo Hotel\",\"isPartOf\":{\"@id\":\"https:\/\/www.casagredohotel.com\/es\/#website\"},\"datePublished\":\"2020-08-06T12:59:11+00:00\",\"dateModified\":\"2020-08-06T13:31:47+00:00\",\"breadcrumb\":{\"@id\":\"https:\/\/www.casagredohotel.com\/es\/habitaciones-y-suites\/suite-historica\/la-suite-de-las-artes\/#breadcrumb\"},\"inLanguage\":\"es\",\"potentialAction\":[{\"@type\":\"ReadAction\",\"target\":[\"https:\/\/www.casagredohotel.com\/es\/habitaciones-y-suites\/suite-historica\/la-suite-de-las-artes\/\"]}]},{\"@type\":\"BreadcrumbList\",\"@id\":\"https:\/\/www.casagredohotel.com\/es\/habitaciones-y-suites\/suite-historica\/la-suite-de-las-artes\/#breadcrumb\",\"itemListElement\":[{\"@type\":\"ListItem\",\"position\":1,\"name\":\"Home\",\"item\":\"https:\/\/www.casagredohotel.com\/es\/\"},{\"@type\":\"ListItem\",\"position\":2,\"name\":\"Habitaciones y Suites\",\"item\":\"https:\/\/www.casagredohotel.com\/es\/habitaciones-y-suites\/\"},{\"@type\":\"ListItem\",\"position\":3,\"name\":\"Suite Hist\u00f3rica\",\"item\":\"https:\/\/www.casagredohotel.com\/es\/habitaciones-y-suites\/suite-historica\/\"},{\"@type\":\"ListItem\",\"position\":4,\"name\":\"La Suite de las Artes\"}]},{\"@type\":\"WebSite\",\"@id\":\"https:\/\/www.casagredohotel.com\/es\/#website\",\"url\":\"https:\/\/www.casagredohotel.com\/es\/\",\"name\":\"Ca' Sagredo Hotel\",\"description\":\"Just another ms.decms.eu site\",\"potentialAction\":[{\"@type\":\"SearchAction\",\"target\":{\"@type\":\"EntryPoint\",\"urlTemplate\":\"https:\/\/www.casagredohotel.com\/es\/?s={search_term_string}\"},\"query-input\":{\"@type\":\"PropertyValueSpecification\",\"valueRequired\":true,\"valueName\":\"search_term_string\"}}],\"inLanguage\":\"es\"}]}<\/script>\n<!-- \/ Yoast SEO plugin. -->","yoast_head_json":{"title":"La Suite de las Artes - Ca' Sagredo Hotel","robots":{"index":"index","follow":"follow","max-snippet":"max-snippet:-1","max-image-preview":"max-image-preview:large","max-video-preview":"max-video-preview:-1"},"canonical":"https:\/\/www.casagredohotel.com\/es\/habitaciones-y-suites\/suite-historica\/la-suite-de-las-artes\/","og_locale":"es_ES","og_type":"article","og_title":"La Suite de las Artes - Ca' Sagredo Hotel","og_description":"La sala del club (Casino) en el cuarto piso, que el Conde Sagredo utilizaba para eventos sociales y entretenimiento, ahora comprende dos espl\u00e9ndidas suites. Una de ellas es la Suite de las Artes. Tiene una gran importancia hist\u00f3rica y cuenta con algunos de los mejores ejemplos de los primeros trabajos de estuco veneciano del siglo [&hellip;]","og_url":"https:\/\/www.casagredohotel.com\/es\/habitaciones-y-suites\/suite-historica\/la-suite-de-las-artes\/","og_site_name":"Ca' Sagredo Hotel","article_modified_time":"2020-08-06T13:31:47+00:00","twitter_card":"summary_large_image","schema":{"@context":"https:\/\/schema.org","@graph":[{"@type":"WebPage","@id":"https:\/\/www.casagredohotel.com\/es\/habitaciones-y-suites\/suite-historica\/la-suite-de-las-artes\/","url":"https:\/\/www.casagredohotel.com\/es\/habitaciones-y-suites\/suite-historica\/la-suite-de-las-artes\/","name":"La Suite de las Artes - Ca' Sagredo Hotel","isPartOf":{"@id":"https:\/\/www.casagredohotel.com\/es\/#website"},"datePublished":"2020-08-06T12:59:11+00:00","dateModified":"2020-08-06T13:31:47+00:00","breadcrumb":{"@id":"https:\/\/www.casagredohotel.com\/es\/habitaciones-y-suites\/suite-historica\/la-suite-de-las-artes\/#breadcrumb"},"inLanguage":"es","potentialAction":[{"@type":"ReadAction","target":["https:\/\/www.casagredohotel.com\/es\/habitaciones-y-suites\/suite-historica\/la-suite-de-las-artes\/"]}]},{"@type":"BreadcrumbList","@id":"https:\/\/www.casagredohotel.com\/es\/habitaciones-y-suites\/suite-historica\/la-suite-de-las-artes\/#breadcrumb","itemListElement":[{"@type":"ListItem","position":1,"name":"Home","item":"https:\/\/www.casagredohotel.com\/es\/"},{"@type":"ListItem","position":2,"name":"Habitaciones y Suites","item":"https:\/\/www.casagredohotel.com\/es\/habitaciones-y-suites\/"},{"@type":"ListItem","position":3,"name":"Suite Hist\u00f3rica","item":"https:\/\/www.casagredohotel.com\/es\/habitaciones-y-suites\/suite-historica\/"},{"@type":"ListItem","position":4,"name":"La Suite de las Artes"}]},{"@type":"WebSite","@id":"https:\/\/www.casagredohotel.com\/es\/#website","url":"https:\/\/www.casagredohotel.com\/es\/","name":"Ca' Sagredo Hotel","description":"Just another ms.decms.eu site","potentialAction":[{"@type":"SearchAction","target":{"@type":"EntryPoint","urlTemplate":"https:\/\/www.casagredohotel.com\/es\/?s={search_term_string}"},"query-input":{"@type":"PropertyValueSpecification","valueRequired":true,"valueName":"search_term_string"}}],"inLanguage":"es"}]}},"acf":[],"_links":{"self":[{"href":"https:\/\/www.casagredohotel.com\/es\/wp-json\/wp\/v2\/pages\/1430","targetHints":{"allow":["GET"]}}],"collection":[{"href":"https:\/\/www.casagredohotel.com\/es\/wp-json\/wp\/v2\/pages"}],"about":[{"href":"https:\/\/www.casagredohotel.com\/es\/wp-json\/wp\/v2\/types\/page"}],"author":[{"embeddable":true,"href":"https:\/\/www.casagredohotel.com\/es\/wp-json\/wp\/v2\/users\/13"}],"replies":[{"embeddable":true,"href":"https:\/\/www.casagredohotel.com\/es\/wp-json\/wp\/v2\/comments?post=1430"}],"version-history":[{"count":0,"href":"https:\/\/www.casagredohotel.com\/es\/wp-json\/wp\/v2\/pages\/1430\/revisions"}],"up":[{"embeddable":true,"href":"https:\/\/www.casagredohotel.com\/es\/wp-json\/wp\/v2\/pages\/1409"}],"wp:attachment":[{"href":"https:\/\/www.casagredohotel.com\/es\/wp-json\/wp\/v2\/media?parent=1430"}],"curies":[{"name":"wp","href":"https:\/\/api.w.org\/{rel}","templated":true}]}}