{"id":1502,"date":"2020-08-06T14:44:56","date_gmt":"2020-08-06T14:44:56","guid":{"rendered":"http:\/\/casagredo-hotel.ms.decms.eu\/?page_id=1502"},"modified":"2020-08-06T14:54:06","modified_gmt":"2020-08-06T14:54:06","slug":"sagredo-venetian-double","status":"publish","type":"page","link":"https:\/\/www.casagredohotel.com\/es\/habitaciones-y-suites\/sagredo-venetian-double\/","title":{"rendered":"Sagredo Venetian Double"},"content":{"rendered":"<div class=\"col-xs-16\">\n<div class=\"body\">\n<p>Elegantes habitaciones con cama doble o dos camas individuales con rom\u00e1nticas vistas a los tejados o al patio interior. Decoradas individualmente en estilo cl\u00e1sico veneciano.<\/p>\n<p>Elegantemente amuebladas, estas elegantes habitaciones con cama doble o dos camas individuales est\u00e1n decoradas con buen gusto y de forma individual en estilo cl\u00e1sico veneciano. Con vistas sobre los tejados o el patio interior, las habitaciones Sagredo Doble tienen alrededor de 25 a 30 metros cuadrados de tama\u00f1o y una capacidad m\u00e1xima de dos personas.<\/p>\n<\/div>\n<\/div>\n","protected":false},"excerpt":{"rendered":"<p>Elegantes habitaciones con cama doble o dos camas individuales con rom\u00e1nticas vistas a los tejados o al patio interior. Decoradas individualmente en estilo cl\u00e1sico veneciano. Elegantemente amuebladas, estas elegantes habitaciones con cama doble o dos camas individuales est\u00e1n decoradas con buen gusto y de forma individual en estilo cl\u00e1sico veneciano. Con vistas sobre los tejados [&hellip;]<\/p>\n","protected":false},"author":13,"featured_media":0,"parent":1348,"menu_order":80,"comment_status":"closed","ping_status":"closed","template":"template-single-room-base.php","meta":{"footnotes":""},"class_list":["post-1502","page","type-page","status-publish","hentry"],"yoast_head":"<!-- This site is optimized with the Yoast SEO plugin v26.9 - https:\/\/yoast.com\/product\/yoast-seo-wordpress\/ -->\n<title>Sagredo Venetian Double - Ca&#039; Sagredo Hotel<\/title>\n<meta name=\"robots\" content=\"index, follow, max-snippet:-1, max-image-preview:large, max-video-preview:-1\" \/>\n<link rel=\"canonical\" href=\"https:\/\/www.casagredohotel.com\/es\/habitaciones-y-suites\/sagredo-venetian-double\/\" \/>\n<meta property=\"og:locale\" content=\"es_ES\" \/>\n<meta property=\"og:type\" content=\"article\" \/>\n<meta property=\"og:title\" content=\"Sagredo Venetian Double - Ca&#039; Sagredo Hotel\" \/>\n<meta property=\"og:description\" content=\"Elegantes habitaciones con cama doble o dos camas individuales con rom\u00e1nticas vistas a los tejados o al patio interior. Decoradas individualmente en estilo cl\u00e1sico veneciano. Elegantemente amuebladas, estas elegantes habitaciones con cama doble o dos camas individuales est\u00e1n decoradas con buen gusto y de forma individual en estilo cl\u00e1sico veneciano. Con vistas sobre los tejados [&hellip;]\" \/>\n<meta property=\"og:url\" content=\"https:\/\/www.casagredohotel.com\/es\/habitaciones-y-suites\/sagredo-venetian-double\/\" \/>\n<meta property=\"og:site_name\" content=\"Ca&#039; Sagredo Hotel\" \/>\n<meta property=\"article:modified_time\" content=\"2020-08-06T14:54:06+00:00\" \/>\n<meta name=\"twitter:card\" content=\"summary_large_image\" \/>\n<script type=\"application\/ld+json\" class=\"yoast-schema-graph\">{\"@context\":\"https:\/\/schema.org\",\"@graph\":[{\"@type\":\"WebPage\",\"@id\":\"https:\/\/www.casagredohotel.com\/es\/habitaciones-y-suites\/sagredo-venetian-double\/\",\"url\":\"https:\/\/www.casagredohotel.com\/es\/habitaciones-y-suites\/sagredo-venetian-double\/\",\"name\":\"Sagredo Venetian Double - Ca' Sagredo Hotel\",\"isPartOf\":{\"@id\":\"https:\/\/www.casagredohotel.com\/es\/#website\"},\"datePublished\":\"2020-08-06T14:44:56+00:00\",\"dateModified\":\"2020-08-06T14:54:06+00:00\",\"breadcrumb\":{\"@id\":\"https:\/\/www.casagredohotel.com\/es\/habitaciones-y-suites\/sagredo-venetian-double\/#breadcrumb\"},\"inLanguage\":\"es\",\"potentialAction\":[{\"@type\":\"ReadAction\",\"target\":[\"https:\/\/www.casagredohotel.com\/es\/habitaciones-y-suites\/sagredo-venetian-double\/\"]}]},{\"@type\":\"BreadcrumbList\",\"@id\":\"https:\/\/www.casagredohotel.com\/es\/habitaciones-y-suites\/sagredo-venetian-double\/#breadcrumb\",\"itemListElement\":[{\"@type\":\"ListItem\",\"position\":1,\"name\":\"Home\",\"item\":\"https:\/\/www.casagredohotel.com\/es\/\"},{\"@type\":\"ListItem\",\"position\":2,\"name\":\"Habitaciones y Suites\",\"item\":\"https:\/\/www.casagredohotel.com\/es\/habitaciones-y-suites\/\"},{\"@type\":\"ListItem\",\"position\":3,\"name\":\"Sagredo Venetian Double\"}]},{\"@type\":\"WebSite\",\"@id\":\"https:\/\/www.casagredohotel.com\/es\/#website\",\"url\":\"https:\/\/www.casagredohotel.com\/es\/\",\"name\":\"Ca' Sagredo Hotel\",\"description\":\"Just another ms.decms.eu site\",\"potentialAction\":[{\"@type\":\"SearchAction\",\"target\":{\"@type\":\"EntryPoint\",\"urlTemplate\":\"https:\/\/www.casagredohotel.com\/es\/?s={search_term_string}\"},\"query-input\":{\"@type\":\"PropertyValueSpecification\",\"valueRequired\":true,\"valueName\":\"search_term_string\"}}],\"inLanguage\":\"es\"}]}<\/script>\n<!-- \/ Yoast SEO plugin. -->","yoast_head_json":{"title":"Sagredo Venetian Double - Ca' Sagredo Hotel","robots":{"index":"index","follow":"follow","max-snippet":"max-snippet:-1","max-image-preview":"max-image-preview:large","max-video-preview":"max-video-preview:-1"},"canonical":"https:\/\/www.casagredohotel.com\/es\/habitaciones-y-suites\/sagredo-venetian-double\/","og_locale":"es_ES","og_type":"article","og_title":"Sagredo Venetian Double - Ca' Sagredo Hotel","og_description":"Elegantes habitaciones con cama doble o dos camas individuales con rom\u00e1nticas vistas a los tejados o al patio interior. Decoradas individualmente en estilo cl\u00e1sico veneciano. Elegantemente amuebladas, estas elegantes habitaciones con cama doble o dos camas individuales est\u00e1n decoradas con buen gusto y de forma individual en estilo cl\u00e1sico veneciano. Con vistas sobre los tejados [&hellip;]","og_url":"https:\/\/www.casagredohotel.com\/es\/habitaciones-y-suites\/sagredo-venetian-double\/","og_site_name":"Ca' Sagredo Hotel","article_modified_time":"2020-08-06T14:54:06+00:00","twitter_card":"summary_large_image","schema":{"@context":"https:\/\/schema.org","@graph":[{"@type":"WebPage","@id":"https:\/\/www.casagredohotel.com\/es\/habitaciones-y-suites\/sagredo-venetian-double\/","url":"https:\/\/www.casagredohotel.com\/es\/habitaciones-y-suites\/sagredo-venetian-double\/","name":"Sagredo Venetian Double - Ca' Sagredo Hotel","isPartOf":{"@id":"https:\/\/www.casagredohotel.com\/es\/#website"},"datePublished":"2020-08-06T14:44:56+00:00","dateModified":"2020-08-06T14:54:06+00:00","breadcrumb":{"@id":"https:\/\/www.casagredohotel.com\/es\/habitaciones-y-suites\/sagredo-venetian-double\/#breadcrumb"},"inLanguage":"es","potentialAction":[{"@type":"ReadAction","target":["https:\/\/www.casagredohotel.com\/es\/habitaciones-y-suites\/sagredo-venetian-double\/"]}]},{"@type":"BreadcrumbList","@id":"https:\/\/www.casagredohotel.com\/es\/habitaciones-y-suites\/sagredo-venetian-double\/#breadcrumb","itemListElement":[{"@type":"ListItem","position":1,"name":"Home","item":"https:\/\/www.casagredohotel.com\/es\/"},{"@type":"ListItem","position":2,"name":"Habitaciones y Suites","item":"https:\/\/www.casagredohotel.com\/es\/habitaciones-y-suites\/"},{"@type":"ListItem","position":3,"name":"Sagredo Venetian Double"}]},{"@type":"WebSite","@id":"https:\/\/www.casagredohotel.com\/es\/#website","url":"https:\/\/www.casagredohotel.com\/es\/","name":"Ca' Sagredo Hotel","description":"Just another ms.decms.eu site","potentialAction":[{"@type":"SearchAction","target":{"@type":"EntryPoint","urlTemplate":"https:\/\/www.casagredohotel.com\/es\/?s={search_term_string}"},"query-input":{"@type":"PropertyValueSpecification","valueRequired":true,"valueName":"search_term_string"}}],"inLanguage":"es"}]}},"acf":[],"_links":{"self":[{"href":"https:\/\/www.casagredohotel.com\/es\/wp-json\/wp\/v2\/pages\/1502","targetHints":{"allow":["GET"]}}],"collection":[{"href":"https:\/\/www.casagredohotel.com\/es\/wp-json\/wp\/v2\/pages"}],"about":[{"href":"https:\/\/www.casagredohotel.com\/es\/wp-json\/wp\/v2\/types\/page"}],"author":[{"embeddable":true,"href":"https:\/\/www.casagredohotel.com\/es\/wp-json\/wp\/v2\/users\/13"}],"replies":[{"embeddable":true,"href":"https:\/\/www.casagredohotel.com\/es\/wp-json\/wp\/v2\/comments?post=1502"}],"version-history":[{"count":0,"href":"https:\/\/www.casagredohotel.com\/es\/wp-json\/wp\/v2\/pages\/1502\/revisions"}],"up":[{"embeddable":true,"href":"https:\/\/www.casagredohotel.com\/es\/wp-json\/wp\/v2\/pages\/1348"}],"wp:attachment":[{"href":"https:\/\/www.casagredohotel.com\/es\/wp-json\/wp\/v2\/media?parent=1502"}],"curies":[{"name":"wp","href":"https:\/\/api.w.org\/{rel}","templated":true}]}}