{"id":1552,"date":"2020-08-07T06:56:06","date_gmt":"2020-08-07T06:56:06","guid":{"rendered":"http:\/\/casagredo-hotel.ms.decms.eu\/?page_id=1552"},"modified":"2020-09-01T10:37:28","modified_gmt":"2020-09-01T10:37:28","slug":"boda","status":"publish","type":"page","link":"https:\/\/www.casagredohotel.com\/es\/boda\/","title":{"rendered":"Boda"},"content":{"rendered":"<p>Si su sue\u00f1o es vivir el d\u00eda m\u00e1s m\u00e1gico de su vida en un palacio veneciano\u2026<\/p>\n<p>\u2026el lugar perfecto es Ca\u2019 Sagredo: un hotel ideal para parejas de novios y reci\u00e9n casados.<\/p>\n<p>Este Palacio tiene algo realmente algo muy seductor. Su exterior le dejar\u00e1 sin aliento, con su fastuosa fachada rosa y sus vistas sobre el Gran Canal. En el interior del hotel todo es espacio, arte y belleza combinados. Es un verdadero tesoro: la restauraci\u00f3n que se acometi\u00f3 mejora cuidadosamente las caracter\u00edsticas nobles originales, deleitando al tiempo que evoca el respeto por un tiempo pasado.<\/p>\n","protected":false},"excerpt":{"rendered":"<p>Si su sue\u00f1o es vivir el d\u00eda m\u00e1s m\u00e1gico de su vida en un palacio veneciano\u2026 \u2026el lugar perfecto es Ca\u2019 Sagredo: un hotel ideal para parejas de novios y reci\u00e9n casados. Este Palacio tiene algo realmente algo muy seductor. Su exterior le dejar\u00e1 sin aliento, con su fastuosa fachada rosa y sus vistas sobre [&hellip;]<\/p>\n","protected":false},"author":13,"featured_media":0,"parent":0,"menu_order":70,"comment_status":"closed","ping_status":"closed","template":"template-weddings.php","meta":{"footnotes":""},"class_list":["post-1552","page","type-page","status-publish","hentry"],"yoast_head":"<!-- This site is optimized with the Yoast SEO plugin v26.9 - https:\/\/yoast.com\/product\/yoast-seo-wordpress\/ -->\n<title>Boda - Ca&#039; Sagredo Hotel<\/title>\n<meta name=\"robots\" content=\"index, follow, max-snippet:-1, max-image-preview:large, max-video-preview:-1\" \/>\n<link rel=\"canonical\" href=\"https:\/\/www.casagredohotel.com\/es\/boda\/\" \/>\n<meta property=\"og:locale\" content=\"es_ES\" \/>\n<meta property=\"og:type\" content=\"article\" \/>\n<meta property=\"og:title\" content=\"Boda - Ca&#039; Sagredo Hotel\" \/>\n<meta property=\"og:description\" content=\"Si su sue\u00f1o es vivir el d\u00eda m\u00e1s m\u00e1gico de su vida en un palacio veneciano\u2026 \u2026el lugar perfecto es Ca\u2019 Sagredo: un hotel ideal para parejas de novios y reci\u00e9n casados. Este Palacio tiene algo realmente algo muy seductor. Su exterior le dejar\u00e1 sin aliento, con su fastuosa fachada rosa y sus vistas sobre [&hellip;]\" \/>\n<meta property=\"og:url\" content=\"https:\/\/www.casagredohotel.com\/es\/boda\/\" \/>\n<meta property=\"og:site_name\" content=\"Ca&#039; Sagredo Hotel\" \/>\n<meta property=\"article:modified_time\" content=\"2020-09-01T10:37:28+00:00\" \/>\n<meta name=\"twitter:card\" content=\"summary_large_image\" \/>\n<meta name=\"twitter:label1\" content=\"Tiempo de lectura\" \/>\n\t<meta name=\"twitter:data1\" content=\"1 minuto\" \/>\n<script type=\"application\/ld+json\" class=\"yoast-schema-graph\">{\"@context\":\"https:\/\/schema.org\",\"@graph\":[{\"@type\":\"WebPage\",\"@id\":\"https:\/\/www.casagredohotel.com\/es\/boda\/\",\"url\":\"https:\/\/www.casagredohotel.com\/es\/boda\/\",\"name\":\"Boda - Ca' Sagredo Hotel\",\"isPartOf\":{\"@id\":\"https:\/\/www.casagredohotel.com\/es\/#website\"},\"datePublished\":\"2020-08-07T06:56:06+00:00\",\"dateModified\":\"2020-09-01T10:37:28+00:00\",\"breadcrumb\":{\"@id\":\"https:\/\/www.casagredohotel.com\/es\/boda\/#breadcrumb\"},\"inLanguage\":\"es\",\"potentialAction\":[{\"@type\":\"ReadAction\",\"target\":[\"https:\/\/www.casagredohotel.com\/es\/boda\/\"]}]},{\"@type\":\"BreadcrumbList\",\"@id\":\"https:\/\/www.casagredohotel.com\/es\/boda\/#breadcrumb\",\"itemListElement\":[{\"@type\":\"ListItem\",\"position\":1,\"name\":\"Home\",\"item\":\"https:\/\/www.casagredohotel.com\/es\/\"},{\"@type\":\"ListItem\",\"position\":2,\"name\":\"Boda\"}]},{\"@type\":\"WebSite\",\"@id\":\"https:\/\/www.casagredohotel.com\/es\/#website\",\"url\":\"https:\/\/www.casagredohotel.com\/es\/\",\"name\":\"Ca' Sagredo Hotel\",\"description\":\"Just another ms.decms.eu site\",\"potentialAction\":[{\"@type\":\"SearchAction\",\"target\":{\"@type\":\"EntryPoint\",\"urlTemplate\":\"https:\/\/www.casagredohotel.com\/es\/?s={search_term_string}\"},\"query-input\":{\"@type\":\"PropertyValueSpecification\",\"valueRequired\":true,\"valueName\":\"search_term_string\"}}],\"inLanguage\":\"es\"}]}<\/script>\n<!-- \/ Yoast SEO plugin. -->","yoast_head_json":{"title":"Boda - Ca' Sagredo Hotel","robots":{"index":"index","follow":"follow","max-snippet":"max-snippet:-1","max-image-preview":"max-image-preview:large","max-video-preview":"max-video-preview:-1"},"canonical":"https:\/\/www.casagredohotel.com\/es\/boda\/","og_locale":"es_ES","og_type":"article","og_title":"Boda - Ca' Sagredo Hotel","og_description":"Si su sue\u00f1o es vivir el d\u00eda m\u00e1s m\u00e1gico de su vida en un palacio veneciano\u2026 \u2026el lugar perfecto es Ca\u2019 Sagredo: un hotel ideal para parejas de novios y reci\u00e9n casados. Este Palacio tiene algo realmente algo muy seductor. Su exterior le dejar\u00e1 sin aliento, con su fastuosa fachada rosa y sus vistas sobre [&hellip;]","og_url":"https:\/\/www.casagredohotel.com\/es\/boda\/","og_site_name":"Ca' Sagredo Hotel","article_modified_time":"2020-09-01T10:37:28+00:00","twitter_card":"summary_large_image","twitter_misc":{"Tiempo de lectura":"1 minuto"},"schema":{"@context":"https:\/\/schema.org","@graph":[{"@type":"WebPage","@id":"https:\/\/www.casagredohotel.com\/es\/boda\/","url":"https:\/\/www.casagredohotel.com\/es\/boda\/","name":"Boda - Ca' Sagredo Hotel","isPartOf":{"@id":"https:\/\/www.casagredohotel.com\/es\/#website"},"datePublished":"2020-08-07T06:56:06+00:00","dateModified":"2020-09-01T10:37:28+00:00","breadcrumb":{"@id":"https:\/\/www.casagredohotel.com\/es\/boda\/#breadcrumb"},"inLanguage":"es","potentialAction":[{"@type":"ReadAction","target":["https:\/\/www.casagredohotel.com\/es\/boda\/"]}]},{"@type":"BreadcrumbList","@id":"https:\/\/www.casagredohotel.com\/es\/boda\/#breadcrumb","itemListElement":[{"@type":"ListItem","position":1,"name":"Home","item":"https:\/\/www.casagredohotel.com\/es\/"},{"@type":"ListItem","position":2,"name":"Boda"}]},{"@type":"WebSite","@id":"https:\/\/www.casagredohotel.com\/es\/#website","url":"https:\/\/www.casagredohotel.com\/es\/","name":"Ca' Sagredo Hotel","description":"Just another ms.decms.eu site","potentialAction":[{"@type":"SearchAction","target":{"@type":"EntryPoint","urlTemplate":"https:\/\/www.casagredohotel.com\/es\/?s={search_term_string}"},"query-input":{"@type":"PropertyValueSpecification","valueRequired":true,"valueName":"search_term_string"}}],"inLanguage":"es"}]}},"acf":[],"_links":{"self":[{"href":"https:\/\/www.casagredohotel.com\/es\/wp-json\/wp\/v2\/pages\/1552","targetHints":{"allow":["GET"]}}],"collection":[{"href":"https:\/\/www.casagredohotel.com\/es\/wp-json\/wp\/v2\/pages"}],"about":[{"href":"https:\/\/www.casagredohotel.com\/es\/wp-json\/wp\/v2\/types\/page"}],"author":[{"embeddable":true,"href":"https:\/\/www.casagredohotel.com\/es\/wp-json\/wp\/v2\/users\/13"}],"replies":[{"embeddable":true,"href":"https:\/\/www.casagredohotel.com\/es\/wp-json\/wp\/v2\/comments?post=1552"}],"version-history":[{"count":0,"href":"https:\/\/www.casagredohotel.com\/es\/wp-json\/wp\/v2\/pages\/1552\/revisions"}],"wp:attachment":[{"href":"https:\/\/www.casagredohotel.com\/es\/wp-json\/wp\/v2\/media?parent=1552"}],"curies":[{"name":"wp","href":"https:\/\/api.w.org\/{rel}","templated":true}]}}