{"id":1745,"date":"2020-08-11T09:06:41","date_gmt":"2020-08-11T09:06:41","guid":{"rendered":"http:\/\/casagredo-hotel.ms.decms.eu\/?page_id=1745"},"modified":"2020-08-11T09:19:32","modified_gmt":"2020-08-11T09:19:32","slug":"coleccionistas-y-patrimonio","status":"publish","type":"page","link":"https:\/\/www.casagredohotel.com\/es\/momentos-y-premios\/historia\/coleccionistas-y-patrimonio\/","title":{"rendered":"Coleccionistas y patrimonio"},"content":{"rendered":"<p>Podemos encontrar testimonios de estas obras maestras gracias a los detallados inventarios compilados con el fin de decidir sobre la herencia de Gerardo Sagredo. Por ejemplo, sabemos que las pinturas eran tantas que tuvieron que ser dispuestas en cuatro filas para permitir su exposici\u00f3n, clasificadas por tama\u00f1o con el fin de facilitar la observaci\u00f3n.<\/p>\n<p>Las obras de estuco, esculturas, libros, impresiones y otras obras que a\u00fan se encuentran en el palacio o que dejaron una huella aqu\u00ed son muy numerosas: a lo largo de los siglos, muchas obras y piezas de la preciosa colecci\u00f3n de los Sagredo fueron vendidas, trasladadas o perdidas, y solo a trav\u00e9s de estos inventarios podemos reconstruir la trayectoria de cada una, adem\u00e1s del compromiso y el valor.<\/p>\n<p>Entre los miembros de esta familia podemos mencionar, en particular, Nicol\u00f2, Zaccaria y Agostino, quien dedic\u00f3 toda su vida al arte con atenci\u00f3n y pasi\u00f3n.<\/p>\n","protected":false},"excerpt":{"rendered":"<p>Podemos encontrar testimonios de estas obras maestras gracias a los detallados inventarios compilados con el fin de decidir sobre la herencia de Gerardo Sagredo. Por ejemplo, sabemos que las pinturas eran tantas que tuvieron que ser dispuestas en cuatro filas para permitir su exposici\u00f3n, clasificadas por tama\u00f1o con el fin de facilitar la observaci\u00f3n. Las [&hellip;]<\/p>\n","protected":false},"author":13,"featured_media":0,"parent":1727,"menu_order":30,"comment_status":"closed","ping_status":"closed","template":"template-page-with-sections.php","meta":{"footnotes":""},"class_list":["post-1745","page","type-page","status-publish","hentry"],"yoast_head":"<!-- This site is optimized with the Yoast SEO plugin v26.9 - https:\/\/yoast.com\/product\/yoast-seo-wordpress\/ -->\n<title>Coleccionistas y patrimonio - Ca&#039; Sagredo Hotel<\/title>\n<meta name=\"robots\" content=\"index, follow, max-snippet:-1, max-image-preview:large, max-video-preview:-1\" \/>\n<link rel=\"canonical\" href=\"https:\/\/www.casagredohotel.com\/es\/momentos-y-premios\/historia\/coleccionistas-y-patrimonio\/\" \/>\n<meta property=\"og:locale\" content=\"es_ES\" \/>\n<meta property=\"og:type\" content=\"article\" \/>\n<meta property=\"og:title\" content=\"Coleccionistas y patrimonio - Ca&#039; Sagredo Hotel\" \/>\n<meta property=\"og:description\" content=\"Podemos encontrar testimonios de estas obras maestras gracias a los detallados inventarios compilados con el fin de decidir sobre la herencia de Gerardo Sagredo. Por ejemplo, sabemos que las pinturas eran tantas que tuvieron que ser dispuestas en cuatro filas para permitir su exposici\u00f3n, clasificadas por tama\u00f1o con el fin de facilitar la observaci\u00f3n. Las [&hellip;]\" \/>\n<meta property=\"og:url\" content=\"https:\/\/www.casagredohotel.com\/es\/momentos-y-premios\/historia\/coleccionistas-y-patrimonio\/\" \/>\n<meta property=\"og:site_name\" content=\"Ca&#039; Sagredo Hotel\" \/>\n<meta property=\"article:modified_time\" content=\"2020-08-11T09:19:32+00:00\" \/>\n<meta name=\"twitter:card\" content=\"summary_large_image\" \/>\n<meta name=\"twitter:label1\" content=\"Tiempo de lectura\" \/>\n\t<meta name=\"twitter:data1\" content=\"1 minuto\" \/>\n<script type=\"application\/ld+json\" class=\"yoast-schema-graph\">{\"@context\":\"https:\/\/schema.org\",\"@graph\":[{\"@type\":\"WebPage\",\"@id\":\"https:\/\/www.casagredohotel.com\/es\/momentos-y-premios\/historia\/coleccionistas-y-patrimonio\/\",\"url\":\"https:\/\/www.casagredohotel.com\/es\/momentos-y-premios\/historia\/coleccionistas-y-patrimonio\/\",\"name\":\"Coleccionistas y patrimonio - Ca' Sagredo Hotel\",\"isPartOf\":{\"@id\":\"https:\/\/www.casagredohotel.com\/es\/#website\"},\"datePublished\":\"2020-08-11T09:06:41+00:00\",\"dateModified\":\"2020-08-11T09:19:32+00:00\",\"breadcrumb\":{\"@id\":\"https:\/\/www.casagredohotel.com\/es\/momentos-y-premios\/historia\/coleccionistas-y-patrimonio\/#breadcrumb\"},\"inLanguage\":\"es\",\"potentialAction\":[{\"@type\":\"ReadAction\",\"target\":[\"https:\/\/www.casagredohotel.com\/es\/momentos-y-premios\/historia\/coleccionistas-y-patrimonio\/\"]}]},{\"@type\":\"BreadcrumbList\",\"@id\":\"https:\/\/www.casagredohotel.com\/es\/momentos-y-premios\/historia\/coleccionistas-y-patrimonio\/#breadcrumb\",\"itemListElement\":[{\"@type\":\"ListItem\",\"position\":1,\"name\":\"Home\",\"item\":\"https:\/\/www.casagredohotel.com\/es\/\"},{\"@type\":\"ListItem\",\"position\":2,\"name\":\"Momentos y premios\",\"item\":\"https:\/\/www.casagredohotel.com\/es\/momentos-y-premios\/\"},{\"@type\":\"ListItem\",\"position\":3,\"name\":\"Historia\",\"item\":\"https:\/\/www.casagredohotel.com\/es\/momentos-y-premios\/historia\/\"},{\"@type\":\"ListItem\",\"position\":4,\"name\":\"Coleccionistas y patrimonio\"}]},{\"@type\":\"WebSite\",\"@id\":\"https:\/\/www.casagredohotel.com\/es\/#website\",\"url\":\"https:\/\/www.casagredohotel.com\/es\/\",\"name\":\"Ca' Sagredo Hotel\",\"description\":\"Just another ms.decms.eu site\",\"potentialAction\":[{\"@type\":\"SearchAction\",\"target\":{\"@type\":\"EntryPoint\",\"urlTemplate\":\"https:\/\/www.casagredohotel.com\/es\/?s={search_term_string}\"},\"query-input\":{\"@type\":\"PropertyValueSpecification\",\"valueRequired\":true,\"valueName\":\"search_term_string\"}}],\"inLanguage\":\"es\"}]}<\/script>\n<!-- \/ Yoast SEO plugin. -->","yoast_head_json":{"title":"Coleccionistas y patrimonio - Ca' Sagredo Hotel","robots":{"index":"index","follow":"follow","max-snippet":"max-snippet:-1","max-image-preview":"max-image-preview:large","max-video-preview":"max-video-preview:-1"},"canonical":"https:\/\/www.casagredohotel.com\/es\/momentos-y-premios\/historia\/coleccionistas-y-patrimonio\/","og_locale":"es_ES","og_type":"article","og_title":"Coleccionistas y patrimonio - Ca' Sagredo Hotel","og_description":"Podemos encontrar testimonios de estas obras maestras gracias a los detallados inventarios compilados con el fin de decidir sobre la herencia de Gerardo Sagredo. Por ejemplo, sabemos que las pinturas eran tantas que tuvieron que ser dispuestas en cuatro filas para permitir su exposici\u00f3n, clasificadas por tama\u00f1o con el fin de facilitar la observaci\u00f3n. Las [&hellip;]","og_url":"https:\/\/www.casagredohotel.com\/es\/momentos-y-premios\/historia\/coleccionistas-y-patrimonio\/","og_site_name":"Ca' Sagredo Hotel","article_modified_time":"2020-08-11T09:19:32+00:00","twitter_card":"summary_large_image","twitter_misc":{"Tiempo de lectura":"1 minuto"},"schema":{"@context":"https:\/\/schema.org","@graph":[{"@type":"WebPage","@id":"https:\/\/www.casagredohotel.com\/es\/momentos-y-premios\/historia\/coleccionistas-y-patrimonio\/","url":"https:\/\/www.casagredohotel.com\/es\/momentos-y-premios\/historia\/coleccionistas-y-patrimonio\/","name":"Coleccionistas y patrimonio - Ca' Sagredo Hotel","isPartOf":{"@id":"https:\/\/www.casagredohotel.com\/es\/#website"},"datePublished":"2020-08-11T09:06:41+00:00","dateModified":"2020-08-11T09:19:32+00:00","breadcrumb":{"@id":"https:\/\/www.casagredohotel.com\/es\/momentos-y-premios\/historia\/coleccionistas-y-patrimonio\/#breadcrumb"},"inLanguage":"es","potentialAction":[{"@type":"ReadAction","target":["https:\/\/www.casagredohotel.com\/es\/momentos-y-premios\/historia\/coleccionistas-y-patrimonio\/"]}]},{"@type":"BreadcrumbList","@id":"https:\/\/www.casagredohotel.com\/es\/momentos-y-premios\/historia\/coleccionistas-y-patrimonio\/#breadcrumb","itemListElement":[{"@type":"ListItem","position":1,"name":"Home","item":"https:\/\/www.casagredohotel.com\/es\/"},{"@type":"ListItem","position":2,"name":"Momentos y premios","item":"https:\/\/www.casagredohotel.com\/es\/momentos-y-premios\/"},{"@type":"ListItem","position":3,"name":"Historia","item":"https:\/\/www.casagredohotel.com\/es\/momentos-y-premios\/historia\/"},{"@type":"ListItem","position":4,"name":"Coleccionistas y patrimonio"}]},{"@type":"WebSite","@id":"https:\/\/www.casagredohotel.com\/es\/#website","url":"https:\/\/www.casagredohotel.com\/es\/","name":"Ca' Sagredo Hotel","description":"Just another ms.decms.eu site","potentialAction":[{"@type":"SearchAction","target":{"@type":"EntryPoint","urlTemplate":"https:\/\/www.casagredohotel.com\/es\/?s={search_term_string}"},"query-input":{"@type":"PropertyValueSpecification","valueRequired":true,"valueName":"search_term_string"}}],"inLanguage":"es"}]}},"acf":[],"_links":{"self":[{"href":"https:\/\/www.casagredohotel.com\/es\/wp-json\/wp\/v2\/pages\/1745","targetHints":{"allow":["GET"]}}],"collection":[{"href":"https:\/\/www.casagredohotel.com\/es\/wp-json\/wp\/v2\/pages"}],"about":[{"href":"https:\/\/www.casagredohotel.com\/es\/wp-json\/wp\/v2\/types\/page"}],"author":[{"embeddable":true,"href":"https:\/\/www.casagredohotel.com\/es\/wp-json\/wp\/v2\/users\/13"}],"replies":[{"embeddable":true,"href":"https:\/\/www.casagredohotel.com\/es\/wp-json\/wp\/v2\/comments?post=1745"}],"version-history":[{"count":0,"href":"https:\/\/www.casagredohotel.com\/es\/wp-json\/wp\/v2\/pages\/1745\/revisions"}],"up":[{"embeddable":true,"href":"https:\/\/www.casagredohotel.com\/es\/wp-json\/wp\/v2\/pages\/1727"}],"wp:attachment":[{"href":"https:\/\/www.casagredohotel.com\/es\/wp-json\/wp\/v2\/media?parent=1745"}],"curies":[{"name":"wp","href":"https:\/\/api.w.org\/{rel}","templated":true}]}}