{"id":1372,"date":"2020-08-06T07:26:02","date_gmt":"2020-08-06T07:26:02","guid":{"rendered":"http:\/\/casagredo-hotel.ms.decms.eu\/?page_id=1372"},"modified":"2020-08-06T07:26:02","modified_gmt":"2020-08-06T07:26:02","slug":"suites-grand-canal","status":"publish","type":"page","link":"https:\/\/www.casagredohotel.com\/fr\/chambres-et-suites\/suites-grand-canal\/","title":{"rendered":"Suites Grand Canal"},"content":{"rendered":"<p>Ces suites de grand luxe offrent une vue imprenable sur le \u00ab Canal Grande \u00bb.<\/p>\n<p>La suite de la Biblioth\u00e8que et la suite avec la fen\u00eatre aux quatre lumi\u00e8res, chacune des suites du Grand Canal allie une ambiance historique unique avec un confort \u00e9l\u00e9gant et contemporain.<\/p>\n","protected":false},"excerpt":{"rendered":"<p>Ces suites de grand luxe offrent une vue imprenable sur le \u00ab Canal Grande \u00bb. La suite de la Biblioth\u00e8que et la suite avec la fen\u00eatre aux quatre lumi\u00e8res, chacune des suites du Grand Canal allie une ambiance historique unique avec un confort \u00e9l\u00e9gant et contemporain.<\/p>\n","protected":false},"author":13,"featured_media":0,"parent":1345,"menu_order":30,"comment_status":"closed","ping_status":"closed","template":"template-single-room-children.php","meta":{"footnotes":""},"class_list":["post-1372","page","type-page","status-publish","hentry"],"yoast_head":"<!-- This site is optimized with the Yoast SEO plugin v26.9 - https:\/\/yoast.com\/product\/yoast-seo-wordpress\/ -->\n<title>Suites Grand Canal - Ca&#039; Sagredo Hotel<\/title>\n<meta name=\"robots\" content=\"index, follow, max-snippet:-1, max-image-preview:large, max-video-preview:-1\" \/>\n<link rel=\"canonical\" href=\"https:\/\/www.casagredohotel.com\/fr\/chambres-et-suites\/suites-grand-canal\/\" \/>\n<meta property=\"og:locale\" content=\"fr_FR\" \/>\n<meta property=\"og:type\" content=\"article\" \/>\n<meta property=\"og:title\" content=\"Suites Grand Canal - Ca&#039; Sagredo Hotel\" \/>\n<meta property=\"og:description\" content=\"Ces suites de grand luxe offrent une vue imprenable sur le \u00ab Canal Grande \u00bb. La suite de la Biblioth\u00e8que et la suite avec la fen\u00eatre aux quatre lumi\u00e8res, chacune des suites du Grand Canal allie une ambiance historique unique avec un confort \u00e9l\u00e9gant et contemporain.\" \/>\n<meta property=\"og:url\" content=\"https:\/\/www.casagredohotel.com\/fr\/chambres-et-suites\/suites-grand-canal\/\" \/>\n<meta property=\"og:site_name\" content=\"Ca&#039; Sagredo Hotel\" \/>\n<meta name=\"twitter:card\" content=\"summary_large_image\" \/>\n<script type=\"application\/ld+json\" class=\"yoast-schema-graph\">{\"@context\":\"https:\/\/schema.org\",\"@graph\":[{\"@type\":\"WebPage\",\"@id\":\"https:\/\/www.casagredohotel.com\/fr\/chambres-et-suites\/suites-grand-canal\/\",\"url\":\"https:\/\/www.casagredohotel.com\/fr\/chambres-et-suites\/suites-grand-canal\/\",\"name\":\"Suites Grand Canal - Ca' Sagredo Hotel\",\"isPartOf\":{\"@id\":\"https:\/\/www.casagredohotel.com\/fr\/#website\"},\"datePublished\":\"2020-08-06T07:26:02+00:00\",\"breadcrumb\":{\"@id\":\"https:\/\/www.casagredohotel.com\/fr\/chambres-et-suites\/suites-grand-canal\/#breadcrumb\"},\"inLanguage\":\"fr-FR\",\"potentialAction\":[{\"@type\":\"ReadAction\",\"target\":[\"https:\/\/www.casagredohotel.com\/fr\/chambres-et-suites\/suites-grand-canal\/\"]}]},{\"@type\":\"BreadcrumbList\",\"@id\":\"https:\/\/www.casagredohotel.com\/fr\/chambres-et-suites\/suites-grand-canal\/#breadcrumb\",\"itemListElement\":[{\"@type\":\"ListItem\",\"position\":1,\"name\":\"Home\",\"item\":\"https:\/\/www.casagredohotel.com\/fr\/\"},{\"@type\":\"ListItem\",\"position\":2,\"name\":\"Chambres et Suites\",\"item\":\"https:\/\/www.casagredohotel.com\/fr\/chambres-et-suites\/\"},{\"@type\":\"ListItem\",\"position\":3,\"name\":\"Suites Grand Canal\"}]},{\"@type\":\"WebSite\",\"@id\":\"https:\/\/www.casagredohotel.com\/fr\/#website\",\"url\":\"https:\/\/www.casagredohotel.com\/fr\/\",\"name\":\"Ca' Sagredo Hotel\",\"description\":\"Just another ms.decms.eu site\",\"potentialAction\":[{\"@type\":\"SearchAction\",\"target\":{\"@type\":\"EntryPoint\",\"urlTemplate\":\"https:\/\/www.casagredohotel.com\/fr\/?s={search_term_string}\"},\"query-input\":{\"@type\":\"PropertyValueSpecification\",\"valueRequired\":true,\"valueName\":\"search_term_string\"}}],\"inLanguage\":\"fr-FR\"}]}<\/script>\n<!-- \/ Yoast SEO plugin. -->","yoast_head_json":{"title":"Suites Grand Canal - Ca' Sagredo Hotel","robots":{"index":"index","follow":"follow","max-snippet":"max-snippet:-1","max-image-preview":"max-image-preview:large","max-video-preview":"max-video-preview:-1"},"canonical":"https:\/\/www.casagredohotel.com\/fr\/chambres-et-suites\/suites-grand-canal\/","og_locale":"fr_FR","og_type":"article","og_title":"Suites Grand Canal - Ca' Sagredo Hotel","og_description":"Ces suites de grand luxe offrent une vue imprenable sur le \u00ab Canal Grande \u00bb. La suite de la Biblioth\u00e8que et la suite avec la fen\u00eatre aux quatre lumi\u00e8res, chacune des suites du Grand Canal allie une ambiance historique unique avec un confort \u00e9l\u00e9gant et contemporain.","og_url":"https:\/\/www.casagredohotel.com\/fr\/chambres-et-suites\/suites-grand-canal\/","og_site_name":"Ca' Sagredo Hotel","twitter_card":"summary_large_image","schema":{"@context":"https:\/\/schema.org","@graph":[{"@type":"WebPage","@id":"https:\/\/www.casagredohotel.com\/fr\/chambres-et-suites\/suites-grand-canal\/","url":"https:\/\/www.casagredohotel.com\/fr\/chambres-et-suites\/suites-grand-canal\/","name":"Suites Grand Canal - Ca' Sagredo Hotel","isPartOf":{"@id":"https:\/\/www.casagredohotel.com\/fr\/#website"},"datePublished":"2020-08-06T07:26:02+00:00","breadcrumb":{"@id":"https:\/\/www.casagredohotel.com\/fr\/chambres-et-suites\/suites-grand-canal\/#breadcrumb"},"inLanguage":"fr-FR","potentialAction":[{"@type":"ReadAction","target":["https:\/\/www.casagredohotel.com\/fr\/chambres-et-suites\/suites-grand-canal\/"]}]},{"@type":"BreadcrumbList","@id":"https:\/\/www.casagredohotel.com\/fr\/chambres-et-suites\/suites-grand-canal\/#breadcrumb","itemListElement":[{"@type":"ListItem","position":1,"name":"Home","item":"https:\/\/www.casagredohotel.com\/fr\/"},{"@type":"ListItem","position":2,"name":"Chambres et Suites","item":"https:\/\/www.casagredohotel.com\/fr\/chambres-et-suites\/"},{"@type":"ListItem","position":3,"name":"Suites Grand Canal"}]},{"@type":"WebSite","@id":"https:\/\/www.casagredohotel.com\/fr\/#website","url":"https:\/\/www.casagredohotel.com\/fr\/","name":"Ca' Sagredo Hotel","description":"Just another ms.decms.eu site","potentialAction":[{"@type":"SearchAction","target":{"@type":"EntryPoint","urlTemplate":"https:\/\/www.casagredohotel.com\/fr\/?s={search_term_string}"},"query-input":{"@type":"PropertyValueSpecification","valueRequired":true,"valueName":"search_term_string"}}],"inLanguage":"fr-FR"}]}},"acf":[],"_links":{"self":[{"href":"https:\/\/www.casagredohotel.com\/fr\/wp-json\/wp\/v2\/pages\/1372","targetHints":{"allow":["GET"]}}],"collection":[{"href":"https:\/\/www.casagredohotel.com\/fr\/wp-json\/wp\/v2\/pages"}],"about":[{"href":"https:\/\/www.casagredohotel.com\/fr\/wp-json\/wp\/v2\/types\/page"}],"author":[{"embeddable":true,"href":"https:\/\/www.casagredohotel.com\/fr\/wp-json\/wp\/v2\/users\/13"}],"replies":[{"embeddable":true,"href":"https:\/\/www.casagredohotel.com\/fr\/wp-json\/wp\/v2\/comments?post=1372"}],"version-history":[{"count":0,"href":"https:\/\/www.casagredohotel.com\/fr\/wp-json\/wp\/v2\/pages\/1372\/revisions"}],"up":[{"embeddable":true,"href":"https:\/\/www.casagredohotel.com\/fr\/wp-json\/wp\/v2\/pages\/1345"}],"wp:attachment":[{"href":"https:\/\/www.casagredohotel.com\/fr\/wp-json\/wp\/v2\/media?parent=1372"}],"curies":[{"name":"wp","href":"https:\/\/api.w.org\/{rel}","templated":true}]}}