{"id":1378,"date":"2020-08-06T07:35:15","date_gmt":"2020-08-06T07:35:15","guid":{"rendered":"http:\/\/casagredo-hotel.ms.decms.eu\/?page_id=1378"},"modified":"2020-08-06T10:36:05","modified_gmt":"2020-08-06T10:36:05","slug":"suite-de-la-bibliotheque","status":"publish","type":"page","link":"https:\/\/www.casagredohotel.com\/fr\/chambres-et-suites\/suites-grand-canal\/suite-de-la-bibliotheque\/","title":{"rendered":"Suite de la biblioth\u00e8que"},"content":{"rendered":"<p>Elle surplombe le Grand Canal, \u00e0 droite du Portego, un monument national. Un balcon s\u2019\u00e9tire tout le long de la partie sup\u00e9rieure, avec une balustrade en bois et des petites colonnes dor\u00e9es. Au-dessus des impressionnantes armoires du 18e si\u00e8cle en bois blanc et vert clair avec des sculptures dor\u00e9es, les lettres de l\u2019alphabet se distinguent encore clairement. Ces armoires ont jadis abrit\u00e9 l\u2019imposante collection d\u2019ouvrages et d\u2019imprim\u00e9s de Zaccaria Sagredo, qui, encore aujourd\u2019hui, recouvrent enti\u00e8rement les murs.<\/p>\n<p>La collection comporte plus de 10 000 livres imprim\u00e9s et 309 dessins. La suite de la Biblioth\u00e8que a une capacit\u00e9 maximale de deux personnes.<\/p>\n","protected":false},"excerpt":{"rendered":"<p>Elle surplombe le Grand Canal, \u00e0 droite du Portego, un monument national. Un balcon s\u2019\u00e9tire tout le long de la partie sup\u00e9rieure, avec une balustrade en bois et des petites colonnes dor\u00e9es. Au-dessus des impressionnantes armoires du 18e si\u00e8cle en bois blanc et vert clair avec des sculptures dor\u00e9es, les lettres de l\u2019alphabet se distinguent [&hellip;]<\/p>\n","protected":false},"author":13,"featured_media":0,"parent":1372,"menu_order":10,"comment_status":"closed","ping_status":"closed","template":"template-single-room-base.php","meta":{"footnotes":""},"class_list":["post-1378","page","type-page","status-publish","hentry"],"yoast_head":"<!-- This site is optimized with the Yoast SEO plugin v26.9 - https:\/\/yoast.com\/product\/yoast-seo-wordpress\/ -->\n<title>Suite de la biblioth\u00e8que - Ca&#039; Sagredo Hotel<\/title>\n<meta name=\"robots\" content=\"index, follow, max-snippet:-1, max-image-preview:large, max-video-preview:-1\" \/>\n<link rel=\"canonical\" href=\"https:\/\/www.casagredohotel.com\/fr\/chambres-et-suites\/suites-grand-canal\/suite-de-la-bibliotheque\/\" \/>\n<meta property=\"og:locale\" content=\"fr_FR\" \/>\n<meta property=\"og:type\" content=\"article\" \/>\n<meta property=\"og:title\" content=\"Suite de la biblioth\u00e8que - Ca&#039; Sagredo Hotel\" \/>\n<meta property=\"og:description\" content=\"Elle surplombe le Grand Canal, \u00e0 droite du Portego, un monument national. Un balcon s\u2019\u00e9tire tout le long de la partie sup\u00e9rieure, avec une balustrade en bois et des petites colonnes dor\u00e9es. Au-dessus des impressionnantes armoires du 18e si\u00e8cle en bois blanc et vert clair avec des sculptures dor\u00e9es, les lettres de l\u2019alphabet se distinguent [&hellip;]\" \/>\n<meta property=\"og:url\" content=\"https:\/\/www.casagredohotel.com\/fr\/chambres-et-suites\/suites-grand-canal\/suite-de-la-bibliotheque\/\" \/>\n<meta property=\"og:site_name\" content=\"Ca&#039; Sagredo Hotel\" \/>\n<meta property=\"article:modified_time\" content=\"2020-08-06T10:36:05+00:00\" \/>\n<meta name=\"twitter:card\" content=\"summary_large_image\" \/>\n<meta name=\"twitter:label1\" content=\"Dur\u00e9e de lecture estim\u00e9e\" \/>\n\t<meta name=\"twitter:data1\" content=\"1 minute\" \/>\n<script type=\"application\/ld+json\" class=\"yoast-schema-graph\">{\"@context\":\"https:\/\/schema.org\",\"@graph\":[{\"@type\":\"WebPage\",\"@id\":\"https:\/\/www.casagredohotel.com\/fr\/chambres-et-suites\/suites-grand-canal\/suite-de-la-bibliotheque\/\",\"url\":\"https:\/\/www.casagredohotel.com\/fr\/chambres-et-suites\/suites-grand-canal\/suite-de-la-bibliotheque\/\",\"name\":\"Suite de la biblioth\u00e8que - Ca' Sagredo Hotel\",\"isPartOf\":{\"@id\":\"https:\/\/www.casagredohotel.com\/fr\/#website\"},\"datePublished\":\"2020-08-06T07:35:15+00:00\",\"dateModified\":\"2020-08-06T10:36:05+00:00\",\"breadcrumb\":{\"@id\":\"https:\/\/www.casagredohotel.com\/fr\/chambres-et-suites\/suites-grand-canal\/suite-de-la-bibliotheque\/#breadcrumb\"},\"inLanguage\":\"fr-FR\",\"potentialAction\":[{\"@type\":\"ReadAction\",\"target\":[\"https:\/\/www.casagredohotel.com\/fr\/chambres-et-suites\/suites-grand-canal\/suite-de-la-bibliotheque\/\"]}]},{\"@type\":\"BreadcrumbList\",\"@id\":\"https:\/\/www.casagredohotel.com\/fr\/chambres-et-suites\/suites-grand-canal\/suite-de-la-bibliotheque\/#breadcrumb\",\"itemListElement\":[{\"@type\":\"ListItem\",\"position\":1,\"name\":\"Home\",\"item\":\"https:\/\/www.casagredohotel.com\/fr\/\"},{\"@type\":\"ListItem\",\"position\":2,\"name\":\"Chambres et Suites\",\"item\":\"https:\/\/www.casagredohotel.com\/fr\/chambres-et-suites\/\"},{\"@type\":\"ListItem\",\"position\":3,\"name\":\"Suites Grand Canal\",\"item\":\"https:\/\/www.casagredohotel.com\/fr\/chambres-et-suites\/suites-grand-canal\/\"},{\"@type\":\"ListItem\",\"position\":4,\"name\":\"Suite de la biblioth\u00e8que\"}]},{\"@type\":\"WebSite\",\"@id\":\"https:\/\/www.casagredohotel.com\/fr\/#website\",\"url\":\"https:\/\/www.casagredohotel.com\/fr\/\",\"name\":\"Ca' Sagredo Hotel\",\"description\":\"Just another ms.decms.eu site\",\"potentialAction\":[{\"@type\":\"SearchAction\",\"target\":{\"@type\":\"EntryPoint\",\"urlTemplate\":\"https:\/\/www.casagredohotel.com\/fr\/?s={search_term_string}\"},\"query-input\":{\"@type\":\"PropertyValueSpecification\",\"valueRequired\":true,\"valueName\":\"search_term_string\"}}],\"inLanguage\":\"fr-FR\"}]}<\/script>\n<!-- \/ Yoast SEO plugin. -->","yoast_head_json":{"title":"Suite de la biblioth\u00e8que - Ca' Sagredo Hotel","robots":{"index":"index","follow":"follow","max-snippet":"max-snippet:-1","max-image-preview":"max-image-preview:large","max-video-preview":"max-video-preview:-1"},"canonical":"https:\/\/www.casagredohotel.com\/fr\/chambres-et-suites\/suites-grand-canal\/suite-de-la-bibliotheque\/","og_locale":"fr_FR","og_type":"article","og_title":"Suite de la biblioth\u00e8que - Ca' Sagredo Hotel","og_description":"Elle surplombe le Grand Canal, \u00e0 droite du Portego, un monument national. Un balcon s\u2019\u00e9tire tout le long de la partie sup\u00e9rieure, avec une balustrade en bois et des petites colonnes dor\u00e9es. Au-dessus des impressionnantes armoires du 18e si\u00e8cle en bois blanc et vert clair avec des sculptures dor\u00e9es, les lettres de l\u2019alphabet se distinguent [&hellip;]","og_url":"https:\/\/www.casagredohotel.com\/fr\/chambres-et-suites\/suites-grand-canal\/suite-de-la-bibliotheque\/","og_site_name":"Ca' Sagredo Hotel","article_modified_time":"2020-08-06T10:36:05+00:00","twitter_card":"summary_large_image","twitter_misc":{"Dur\u00e9e de lecture estim\u00e9e":"1 minute"},"schema":{"@context":"https:\/\/schema.org","@graph":[{"@type":"WebPage","@id":"https:\/\/www.casagredohotel.com\/fr\/chambres-et-suites\/suites-grand-canal\/suite-de-la-bibliotheque\/","url":"https:\/\/www.casagredohotel.com\/fr\/chambres-et-suites\/suites-grand-canal\/suite-de-la-bibliotheque\/","name":"Suite de la biblioth\u00e8que - Ca' Sagredo Hotel","isPartOf":{"@id":"https:\/\/www.casagredohotel.com\/fr\/#website"},"datePublished":"2020-08-06T07:35:15+00:00","dateModified":"2020-08-06T10:36:05+00:00","breadcrumb":{"@id":"https:\/\/www.casagredohotel.com\/fr\/chambres-et-suites\/suites-grand-canal\/suite-de-la-bibliotheque\/#breadcrumb"},"inLanguage":"fr-FR","potentialAction":[{"@type":"ReadAction","target":["https:\/\/www.casagredohotel.com\/fr\/chambres-et-suites\/suites-grand-canal\/suite-de-la-bibliotheque\/"]}]},{"@type":"BreadcrumbList","@id":"https:\/\/www.casagredohotel.com\/fr\/chambres-et-suites\/suites-grand-canal\/suite-de-la-bibliotheque\/#breadcrumb","itemListElement":[{"@type":"ListItem","position":1,"name":"Home","item":"https:\/\/www.casagredohotel.com\/fr\/"},{"@type":"ListItem","position":2,"name":"Chambres et Suites","item":"https:\/\/www.casagredohotel.com\/fr\/chambres-et-suites\/"},{"@type":"ListItem","position":3,"name":"Suites Grand Canal","item":"https:\/\/www.casagredohotel.com\/fr\/chambres-et-suites\/suites-grand-canal\/"},{"@type":"ListItem","position":4,"name":"Suite de la biblioth\u00e8que"}]},{"@type":"WebSite","@id":"https:\/\/www.casagredohotel.com\/fr\/#website","url":"https:\/\/www.casagredohotel.com\/fr\/","name":"Ca' Sagredo Hotel","description":"Just another ms.decms.eu site","potentialAction":[{"@type":"SearchAction","target":{"@type":"EntryPoint","urlTemplate":"https:\/\/www.casagredohotel.com\/fr\/?s={search_term_string}"},"query-input":{"@type":"PropertyValueSpecification","valueRequired":true,"valueName":"search_term_string"}}],"inLanguage":"fr-FR"}]}},"acf":[],"_links":{"self":[{"href":"https:\/\/www.casagredohotel.com\/fr\/wp-json\/wp\/v2\/pages\/1378","targetHints":{"allow":["GET"]}}],"collection":[{"href":"https:\/\/www.casagredohotel.com\/fr\/wp-json\/wp\/v2\/pages"}],"about":[{"href":"https:\/\/www.casagredohotel.com\/fr\/wp-json\/wp\/v2\/types\/page"}],"author":[{"embeddable":true,"href":"https:\/\/www.casagredohotel.com\/fr\/wp-json\/wp\/v2\/users\/13"}],"replies":[{"embeddable":true,"href":"https:\/\/www.casagredohotel.com\/fr\/wp-json\/wp\/v2\/comments?post=1378"}],"version-history":[{"count":0,"href":"https:\/\/www.casagredohotel.com\/fr\/wp-json\/wp\/v2\/pages\/1378\/revisions"}],"up":[{"embeddable":true,"href":"https:\/\/www.casagredohotel.com\/fr\/wp-json\/wp\/v2\/pages\/1372"}],"wp:attachment":[{"href":"https:\/\/www.casagredohotel.com\/fr\/wp-json\/wp\/v2\/media?parent=1378"}],"curies":[{"name":"wp","href":"https:\/\/api.w.org\/{rel}","templated":true}]}}