{"id":1385,"date":"2020-08-06T08:32:24","date_gmt":"2020-08-06T08:32:24","guid":{"rendered":"http:\/\/casagredo-hotel.ms.decms.eu\/?page_id=1385"},"modified":"2020-08-06T10:37:19","modified_gmt":"2020-08-06T10:37:19","slug":"notre-suite-lumieres","status":"publish","type":"page","link":"https:\/\/www.casagredohotel.com\/fr\/chambres-et-suites\/suites-grand-canal\/notre-suite-lumieres\/","title":{"rendered":"Notre suite Lumi\u00e8res"},"content":{"rendered":"<p>Elle b\u00e9n\u00e9ficie d\u2019une plus belles vues sur le Grand Canal, la Ca \u2018D\u2019Oro, le march\u00e9 et les gondoles : tout Venise accessible d\u2019un seul coup d\u2019\u0153il. Les couleurs de cette suite sont toutes bas\u00e9es sur des nuances de bleu des m\u00eames teintes que l\u2019eau sur laquelle se refl\u00e8te Ca \u2018Sagredo. La \u00ab suite della Quadrifora \u00bb, avec ses \u00e9l\u00e9gantes fen\u00eatres quadrilob\u00e9es donnant vue sur un des tron\u00e7ons les plus remarquables du Grand Canal, r\u00e9sume toute la beaut\u00e9 sereine et le charme romantique de Venise. La suite Grand Canal a une capacit\u00e9 maximale de trois personnes.<\/p>\n","protected":false},"excerpt":{"rendered":"<p>Elle b\u00e9n\u00e9ficie d\u2019une plus belles vues sur le Grand Canal, la Ca \u2018D\u2019Oro, le march\u00e9 et les gondoles : tout Venise accessible d\u2019un seul coup d\u2019\u0153il. Les couleurs de cette suite sont toutes bas\u00e9es sur des nuances de bleu des m\u00eames teintes que l\u2019eau sur laquelle se refl\u00e8te Ca \u2018Sagredo. La \u00ab suite della Quadrifora [&hellip;]<\/p>\n","protected":false},"author":13,"featured_media":0,"parent":1372,"menu_order":20,"comment_status":"closed","ping_status":"closed","template":"template-single-room-base.php","meta":{"footnotes":""},"class_list":["post-1385","page","type-page","status-publish","hentry"],"yoast_head":"<!-- This site is optimized with the Yoast SEO plugin v26.9 - https:\/\/yoast.com\/product\/yoast-seo-wordpress\/ -->\n<title>Notre suite Lumi\u00e8res - Ca&#039; Sagredo Hotel<\/title>\n<meta name=\"robots\" content=\"index, follow, max-snippet:-1, max-image-preview:large, max-video-preview:-1\" \/>\n<link rel=\"canonical\" href=\"https:\/\/www.casagredohotel.com\/fr\/chambres-et-suites\/suites-grand-canal\/notre-suite-lumieres\/\" \/>\n<meta property=\"og:locale\" content=\"fr_FR\" \/>\n<meta property=\"og:type\" content=\"article\" \/>\n<meta property=\"og:title\" content=\"Notre suite Lumi\u00e8res - Ca&#039; Sagredo Hotel\" \/>\n<meta property=\"og:description\" content=\"Elle b\u00e9n\u00e9ficie d\u2019une plus belles vues sur le Grand Canal, la Ca \u2018D\u2019Oro, le march\u00e9 et les gondoles : tout Venise accessible d\u2019un seul coup d\u2019\u0153il. Les couleurs de cette suite sont toutes bas\u00e9es sur des nuances de bleu des m\u00eames teintes que l\u2019eau sur laquelle se refl\u00e8te Ca \u2018Sagredo. La \u00ab suite della Quadrifora [&hellip;]\" \/>\n<meta property=\"og:url\" content=\"https:\/\/www.casagredohotel.com\/fr\/chambres-et-suites\/suites-grand-canal\/notre-suite-lumieres\/\" \/>\n<meta property=\"og:site_name\" content=\"Ca&#039; Sagredo Hotel\" \/>\n<meta property=\"article:modified_time\" content=\"2020-08-06T10:37:19+00:00\" \/>\n<meta name=\"twitter:card\" content=\"summary_large_image\" \/>\n<meta name=\"twitter:label1\" content=\"Dur\u00e9e de lecture estim\u00e9e\" \/>\n\t<meta name=\"twitter:data1\" content=\"1 minute\" \/>\n<script type=\"application\/ld+json\" class=\"yoast-schema-graph\">{\"@context\":\"https:\/\/schema.org\",\"@graph\":[{\"@type\":\"WebPage\",\"@id\":\"https:\/\/www.casagredohotel.com\/fr\/chambres-et-suites\/suites-grand-canal\/notre-suite-lumieres\/\",\"url\":\"https:\/\/www.casagredohotel.com\/fr\/chambres-et-suites\/suites-grand-canal\/notre-suite-lumieres\/\",\"name\":\"Notre suite Lumi\u00e8res - Ca' Sagredo Hotel\",\"isPartOf\":{\"@id\":\"https:\/\/www.casagredohotel.com\/fr\/#website\"},\"datePublished\":\"2020-08-06T08:32:24+00:00\",\"dateModified\":\"2020-08-06T10:37:19+00:00\",\"breadcrumb\":{\"@id\":\"https:\/\/www.casagredohotel.com\/fr\/chambres-et-suites\/suites-grand-canal\/notre-suite-lumieres\/#breadcrumb\"},\"inLanguage\":\"fr-FR\",\"potentialAction\":[{\"@type\":\"ReadAction\",\"target\":[\"https:\/\/www.casagredohotel.com\/fr\/chambres-et-suites\/suites-grand-canal\/notre-suite-lumieres\/\"]}]},{\"@type\":\"BreadcrumbList\",\"@id\":\"https:\/\/www.casagredohotel.com\/fr\/chambres-et-suites\/suites-grand-canal\/notre-suite-lumieres\/#breadcrumb\",\"itemListElement\":[{\"@type\":\"ListItem\",\"position\":1,\"name\":\"Home\",\"item\":\"https:\/\/www.casagredohotel.com\/fr\/\"},{\"@type\":\"ListItem\",\"position\":2,\"name\":\"Chambres et Suites\",\"item\":\"https:\/\/www.casagredohotel.com\/fr\/chambres-et-suites\/\"},{\"@type\":\"ListItem\",\"position\":3,\"name\":\"Suites Grand Canal\",\"item\":\"https:\/\/www.casagredohotel.com\/fr\/chambres-et-suites\/suites-grand-canal\/\"},{\"@type\":\"ListItem\",\"position\":4,\"name\":\"Notre suite Lumi\u00e8res\"}]},{\"@type\":\"WebSite\",\"@id\":\"https:\/\/www.casagredohotel.com\/fr\/#website\",\"url\":\"https:\/\/www.casagredohotel.com\/fr\/\",\"name\":\"Ca' Sagredo Hotel\",\"description\":\"Just another ms.decms.eu site\",\"potentialAction\":[{\"@type\":\"SearchAction\",\"target\":{\"@type\":\"EntryPoint\",\"urlTemplate\":\"https:\/\/www.casagredohotel.com\/fr\/?s={search_term_string}\"},\"query-input\":{\"@type\":\"PropertyValueSpecification\",\"valueRequired\":true,\"valueName\":\"search_term_string\"}}],\"inLanguage\":\"fr-FR\"}]}<\/script>\n<!-- \/ Yoast SEO plugin. -->","yoast_head_json":{"title":"Notre suite Lumi\u00e8res - Ca' Sagredo Hotel","robots":{"index":"index","follow":"follow","max-snippet":"max-snippet:-1","max-image-preview":"max-image-preview:large","max-video-preview":"max-video-preview:-1"},"canonical":"https:\/\/www.casagredohotel.com\/fr\/chambres-et-suites\/suites-grand-canal\/notre-suite-lumieres\/","og_locale":"fr_FR","og_type":"article","og_title":"Notre suite Lumi\u00e8res - Ca' Sagredo Hotel","og_description":"Elle b\u00e9n\u00e9ficie d\u2019une plus belles vues sur le Grand Canal, la Ca \u2018D\u2019Oro, le march\u00e9 et les gondoles : tout Venise accessible d\u2019un seul coup d\u2019\u0153il. Les couleurs de cette suite sont toutes bas\u00e9es sur des nuances de bleu des m\u00eames teintes que l\u2019eau sur laquelle se refl\u00e8te Ca \u2018Sagredo. La \u00ab suite della Quadrifora [&hellip;]","og_url":"https:\/\/www.casagredohotel.com\/fr\/chambres-et-suites\/suites-grand-canal\/notre-suite-lumieres\/","og_site_name":"Ca' Sagredo Hotel","article_modified_time":"2020-08-06T10:37:19+00:00","twitter_card":"summary_large_image","twitter_misc":{"Dur\u00e9e de lecture estim\u00e9e":"1 minute"},"schema":{"@context":"https:\/\/schema.org","@graph":[{"@type":"WebPage","@id":"https:\/\/www.casagredohotel.com\/fr\/chambres-et-suites\/suites-grand-canal\/notre-suite-lumieres\/","url":"https:\/\/www.casagredohotel.com\/fr\/chambres-et-suites\/suites-grand-canal\/notre-suite-lumieres\/","name":"Notre suite Lumi\u00e8res - Ca' Sagredo Hotel","isPartOf":{"@id":"https:\/\/www.casagredohotel.com\/fr\/#website"},"datePublished":"2020-08-06T08:32:24+00:00","dateModified":"2020-08-06T10:37:19+00:00","breadcrumb":{"@id":"https:\/\/www.casagredohotel.com\/fr\/chambres-et-suites\/suites-grand-canal\/notre-suite-lumieres\/#breadcrumb"},"inLanguage":"fr-FR","potentialAction":[{"@type":"ReadAction","target":["https:\/\/www.casagredohotel.com\/fr\/chambres-et-suites\/suites-grand-canal\/notre-suite-lumieres\/"]}]},{"@type":"BreadcrumbList","@id":"https:\/\/www.casagredohotel.com\/fr\/chambres-et-suites\/suites-grand-canal\/notre-suite-lumieres\/#breadcrumb","itemListElement":[{"@type":"ListItem","position":1,"name":"Home","item":"https:\/\/www.casagredohotel.com\/fr\/"},{"@type":"ListItem","position":2,"name":"Chambres et Suites","item":"https:\/\/www.casagredohotel.com\/fr\/chambres-et-suites\/"},{"@type":"ListItem","position":3,"name":"Suites Grand Canal","item":"https:\/\/www.casagredohotel.com\/fr\/chambres-et-suites\/suites-grand-canal\/"},{"@type":"ListItem","position":4,"name":"Notre suite Lumi\u00e8res"}]},{"@type":"WebSite","@id":"https:\/\/www.casagredohotel.com\/fr\/#website","url":"https:\/\/www.casagredohotel.com\/fr\/","name":"Ca' Sagredo Hotel","description":"Just another ms.decms.eu site","potentialAction":[{"@type":"SearchAction","target":{"@type":"EntryPoint","urlTemplate":"https:\/\/www.casagredohotel.com\/fr\/?s={search_term_string}"},"query-input":{"@type":"PropertyValueSpecification","valueRequired":true,"valueName":"search_term_string"}}],"inLanguage":"fr-FR"}]}},"acf":[],"_links":{"self":[{"href":"https:\/\/www.casagredohotel.com\/fr\/wp-json\/wp\/v2\/pages\/1385","targetHints":{"allow":["GET"]}}],"collection":[{"href":"https:\/\/www.casagredohotel.com\/fr\/wp-json\/wp\/v2\/pages"}],"about":[{"href":"https:\/\/www.casagredohotel.com\/fr\/wp-json\/wp\/v2\/types\/page"}],"author":[{"embeddable":true,"href":"https:\/\/www.casagredohotel.com\/fr\/wp-json\/wp\/v2\/users\/13"}],"replies":[{"embeddable":true,"href":"https:\/\/www.casagredohotel.com\/fr\/wp-json\/wp\/v2\/comments?post=1385"}],"version-history":[{"count":0,"href":"https:\/\/www.casagredohotel.com\/fr\/wp-json\/wp\/v2\/pages\/1385\/revisions"}],"up":[{"embeddable":true,"href":"https:\/\/www.casagredohotel.com\/fr\/wp-json\/wp\/v2\/pages\/1372"}],"wp:attachment":[{"href":"https:\/\/www.casagredohotel.com\/fr\/wp-json\/wp\/v2\/media?parent=1385"}],"curies":[{"name":"wp","href":"https:\/\/api.w.org\/{rel}","templated":true}]}}