{"id":1390,"date":"2020-08-06T09:02:28","date_gmt":"2020-08-06T09:02:28","guid":{"rendered":"http:\/\/casagredo-hotel.ms.decms.eu\/?page_id=1390"},"modified":"2020-08-06T10:43:06","modified_gmt":"2020-08-06T10:43:06","slug":"grande-suite","status":"publish","type":"page","link":"https:\/\/www.casagredohotel.com\/fr\/chambres-et-suites\/suites-grand-canal\/grande-suite\/","title":{"rendered":"Grande suite"},"content":{"rendered":"<p>La luxueuse Grande suite de l\u2019h\u00f4tel Ca \u2018Sagredo H\u00f4tel est situ\u00e9e au rez-de-chauss\u00e9e du palace, occupant les anciennes salles de r\u00e9ception principales de la famille Sagredo, et offrant des points de vues des plus spectaculaires sur le Grand Canal. C\u2019est ici que les Sagredo conservaient l\u2019une de la plus belle collection de dessins au monde. La Grande suite de l\u2019h\u00f4tel Ca \u2018Sagredo est un espace ouvert de 100 m\u00e8tres carr\u00e9s qui peut accueillir jusqu\u2019\u00e0 trois personnes.<\/p>\n","protected":false},"excerpt":{"rendered":"<p>La luxueuse Grande suite de l\u2019h\u00f4tel Ca \u2018Sagredo H\u00f4tel est situ\u00e9e au rez-de-chauss\u00e9e du palace, occupant les anciennes salles de r\u00e9ception principales de la famille Sagredo, et offrant des points de vues des plus spectaculaires sur le Grand Canal. C\u2019est ici que les Sagredo conservaient l\u2019une de la plus belle collection de dessins au monde. [&hellip;]<\/p>\n","protected":false},"author":13,"featured_media":0,"parent":1372,"menu_order":30,"comment_status":"closed","ping_status":"closed","template":"template-single-room-base.php","meta":{"footnotes":""},"class_list":["post-1390","page","type-page","status-publish","hentry"],"yoast_head":"<!-- This site is optimized with the Yoast SEO plugin v26.9 - https:\/\/yoast.com\/product\/yoast-seo-wordpress\/ -->\n<title>Grande suite - Ca&#039; Sagredo Hotel<\/title>\n<meta name=\"robots\" content=\"index, follow, max-snippet:-1, max-image-preview:large, max-video-preview:-1\" \/>\n<link rel=\"canonical\" href=\"https:\/\/www.casagredohotel.com\/fr\/chambres-et-suites\/suites-grand-canal\/grande-suite\/\" \/>\n<meta property=\"og:locale\" content=\"fr_FR\" \/>\n<meta property=\"og:type\" content=\"article\" \/>\n<meta property=\"og:title\" content=\"Grande suite - Ca&#039; Sagredo Hotel\" \/>\n<meta property=\"og:description\" content=\"La luxueuse Grande suite de l\u2019h\u00f4tel Ca \u2018Sagredo H\u00f4tel est situ\u00e9e au rez-de-chauss\u00e9e du palace, occupant les anciennes salles de r\u00e9ception principales de la famille Sagredo, et offrant des points de vues des plus spectaculaires sur le Grand Canal. C\u2019est ici que les Sagredo conservaient l\u2019une de la plus belle collection de dessins au monde. [&hellip;]\" \/>\n<meta property=\"og:url\" content=\"https:\/\/www.casagredohotel.com\/fr\/chambres-et-suites\/suites-grand-canal\/grande-suite\/\" \/>\n<meta property=\"og:site_name\" content=\"Ca&#039; Sagredo Hotel\" \/>\n<meta property=\"article:modified_time\" content=\"2020-08-06T10:43:06+00:00\" \/>\n<meta name=\"twitter:card\" content=\"summary_large_image\" \/>\n<script type=\"application\/ld+json\" class=\"yoast-schema-graph\">{\"@context\":\"https:\/\/schema.org\",\"@graph\":[{\"@type\":\"WebPage\",\"@id\":\"https:\/\/www.casagredohotel.com\/fr\/chambres-et-suites\/suites-grand-canal\/grande-suite\/\",\"url\":\"https:\/\/www.casagredohotel.com\/fr\/chambres-et-suites\/suites-grand-canal\/grande-suite\/\",\"name\":\"Grande suite - Ca' Sagredo Hotel\",\"isPartOf\":{\"@id\":\"https:\/\/www.casagredohotel.com\/fr\/#website\"},\"datePublished\":\"2020-08-06T09:02:28+00:00\",\"dateModified\":\"2020-08-06T10:43:06+00:00\",\"breadcrumb\":{\"@id\":\"https:\/\/www.casagredohotel.com\/fr\/chambres-et-suites\/suites-grand-canal\/grande-suite\/#breadcrumb\"},\"inLanguage\":\"fr-FR\",\"potentialAction\":[{\"@type\":\"ReadAction\",\"target\":[\"https:\/\/www.casagredohotel.com\/fr\/chambres-et-suites\/suites-grand-canal\/grande-suite\/\"]}]},{\"@type\":\"BreadcrumbList\",\"@id\":\"https:\/\/www.casagredohotel.com\/fr\/chambres-et-suites\/suites-grand-canal\/grande-suite\/#breadcrumb\",\"itemListElement\":[{\"@type\":\"ListItem\",\"position\":1,\"name\":\"Home\",\"item\":\"https:\/\/www.casagredohotel.com\/fr\/\"},{\"@type\":\"ListItem\",\"position\":2,\"name\":\"Chambres et Suites\",\"item\":\"https:\/\/www.casagredohotel.com\/fr\/chambres-et-suites\/\"},{\"@type\":\"ListItem\",\"position\":3,\"name\":\"Suites Grand Canal\",\"item\":\"https:\/\/www.casagredohotel.com\/fr\/chambres-et-suites\/suites-grand-canal\/\"},{\"@type\":\"ListItem\",\"position\":4,\"name\":\"Grande suite\"}]},{\"@type\":\"WebSite\",\"@id\":\"https:\/\/www.casagredohotel.com\/fr\/#website\",\"url\":\"https:\/\/www.casagredohotel.com\/fr\/\",\"name\":\"Ca' Sagredo Hotel\",\"description\":\"Just another ms.decms.eu site\",\"potentialAction\":[{\"@type\":\"SearchAction\",\"target\":{\"@type\":\"EntryPoint\",\"urlTemplate\":\"https:\/\/www.casagredohotel.com\/fr\/?s={search_term_string}\"},\"query-input\":{\"@type\":\"PropertyValueSpecification\",\"valueRequired\":true,\"valueName\":\"search_term_string\"}}],\"inLanguage\":\"fr-FR\"}]}<\/script>\n<!-- \/ Yoast SEO plugin. -->","yoast_head_json":{"title":"Grande suite - Ca' Sagredo Hotel","robots":{"index":"index","follow":"follow","max-snippet":"max-snippet:-1","max-image-preview":"max-image-preview:large","max-video-preview":"max-video-preview:-1"},"canonical":"https:\/\/www.casagredohotel.com\/fr\/chambres-et-suites\/suites-grand-canal\/grande-suite\/","og_locale":"fr_FR","og_type":"article","og_title":"Grande suite - Ca' Sagredo Hotel","og_description":"La luxueuse Grande suite de l\u2019h\u00f4tel Ca \u2018Sagredo H\u00f4tel est situ\u00e9e au rez-de-chauss\u00e9e du palace, occupant les anciennes salles de r\u00e9ception principales de la famille Sagredo, et offrant des points de vues des plus spectaculaires sur le Grand Canal. C\u2019est ici que les Sagredo conservaient l\u2019une de la plus belle collection de dessins au monde. [&hellip;]","og_url":"https:\/\/www.casagredohotel.com\/fr\/chambres-et-suites\/suites-grand-canal\/grande-suite\/","og_site_name":"Ca' Sagredo Hotel","article_modified_time":"2020-08-06T10:43:06+00:00","twitter_card":"summary_large_image","schema":{"@context":"https:\/\/schema.org","@graph":[{"@type":"WebPage","@id":"https:\/\/www.casagredohotel.com\/fr\/chambres-et-suites\/suites-grand-canal\/grande-suite\/","url":"https:\/\/www.casagredohotel.com\/fr\/chambres-et-suites\/suites-grand-canal\/grande-suite\/","name":"Grande suite - Ca' Sagredo Hotel","isPartOf":{"@id":"https:\/\/www.casagredohotel.com\/fr\/#website"},"datePublished":"2020-08-06T09:02:28+00:00","dateModified":"2020-08-06T10:43:06+00:00","breadcrumb":{"@id":"https:\/\/www.casagredohotel.com\/fr\/chambres-et-suites\/suites-grand-canal\/grande-suite\/#breadcrumb"},"inLanguage":"fr-FR","potentialAction":[{"@type":"ReadAction","target":["https:\/\/www.casagredohotel.com\/fr\/chambres-et-suites\/suites-grand-canal\/grande-suite\/"]}]},{"@type":"BreadcrumbList","@id":"https:\/\/www.casagredohotel.com\/fr\/chambres-et-suites\/suites-grand-canal\/grande-suite\/#breadcrumb","itemListElement":[{"@type":"ListItem","position":1,"name":"Home","item":"https:\/\/www.casagredohotel.com\/fr\/"},{"@type":"ListItem","position":2,"name":"Chambres et Suites","item":"https:\/\/www.casagredohotel.com\/fr\/chambres-et-suites\/"},{"@type":"ListItem","position":3,"name":"Suites Grand Canal","item":"https:\/\/www.casagredohotel.com\/fr\/chambres-et-suites\/suites-grand-canal\/"},{"@type":"ListItem","position":4,"name":"Grande suite"}]},{"@type":"WebSite","@id":"https:\/\/www.casagredohotel.com\/fr\/#website","url":"https:\/\/www.casagredohotel.com\/fr\/","name":"Ca' Sagredo Hotel","description":"Just another ms.decms.eu site","potentialAction":[{"@type":"SearchAction","target":{"@type":"EntryPoint","urlTemplate":"https:\/\/www.casagredohotel.com\/fr\/?s={search_term_string}"},"query-input":{"@type":"PropertyValueSpecification","valueRequired":true,"valueName":"search_term_string"}}],"inLanguage":"fr-FR"}]}},"acf":[],"_links":{"self":[{"href":"https:\/\/www.casagredohotel.com\/fr\/wp-json\/wp\/v2\/pages\/1390","targetHints":{"allow":["GET"]}}],"collection":[{"href":"https:\/\/www.casagredohotel.com\/fr\/wp-json\/wp\/v2\/pages"}],"about":[{"href":"https:\/\/www.casagredohotel.com\/fr\/wp-json\/wp\/v2\/types\/page"}],"author":[{"embeddable":true,"href":"https:\/\/www.casagredohotel.com\/fr\/wp-json\/wp\/v2\/users\/13"}],"replies":[{"embeddable":true,"href":"https:\/\/www.casagredohotel.com\/fr\/wp-json\/wp\/v2\/comments?post=1390"}],"version-history":[{"count":0,"href":"https:\/\/www.casagredohotel.com\/fr\/wp-json\/wp\/v2\/pages\/1390\/revisions"}],"up":[{"embeddable":true,"href":"https:\/\/www.casagredohotel.com\/fr\/wp-json\/wp\/v2\/pages\/1372"}],"wp:attachment":[{"href":"https:\/\/www.casagredohotel.com\/fr\/wp-json\/wp\/v2\/media?parent=1390"}],"curies":[{"name":"wp","href":"https:\/\/api.w.org\/{rel}","templated":true}]}}