{"id":1405,"date":"2020-08-06T10:27:58","date_gmt":"2020-08-06T10:27:58","guid":{"rendered":"http:\/\/casagredo-hotel.ms.decms.eu\/?page_id=1405"},"modified":"2020-08-06T10:29:40","modified_gmt":"2020-08-06T10:29:40","slug":"heritage-suites","status":"publish","type":"page","link":"https:\/\/www.casagredohotel.com\/fr\/chambres-et-suites\/heritage-suites\/","title":{"rendered":"Heritage Suites"},"content":{"rendered":"<p>Magnifiques suites d\u00e9cor\u00e9es de peintures et de stucs de c\u00e9l\u00e8bres artistes du 18e si\u00e8cle, rappelant l\u2019\u00e9poque o\u00f9 la famille Sagredo \u00e9tait propri\u00e9taire du palais.<\/p>\n<p>Le nec plus ultra de l\u2019histoire et du luxe : la suite Ricci Sebastiano est tr\u00e8s spacieuse, avec une somptueuse chambre (100 m\u00e8tres carr\u00e9s), un grand salon et un superbe plafond en stuc de l\u2019artiste du 18e si\u00e8cle Sebastiano Ricci.<br \/>\nD\u2019une beaut\u00e9 et d\u2019un luxe incroyables, la suite est mise en valeur par des tissus somptueux, des miroirs dor\u00e9s, des fauteuils dor\u00e9s de style rococo italien et des meubles anciens.<br \/>\nSitu\u00e9e \u00e0 l\u2019\u00e9tage noble du palais, la suite est con\u00e7ue comme un hymne au romantisme, les lumi\u00e8res, les mat\u00e9riaux et l\u2019ameublement sont inspir\u00e9s par les d\u00e9cors originaux de la maison et donnent \u00e0 la pi\u00e8ce un charme particulier.<\/p>\n","protected":false},"excerpt":{"rendered":"<p>Magnifiques suites d\u00e9cor\u00e9es de peintures et de stucs de c\u00e9l\u00e8bres artistes du 18e si\u00e8cle, rappelant l\u2019\u00e9poque o\u00f9 la famille Sagredo \u00e9tait propri\u00e9taire du palais. Le nec plus ultra de l\u2019histoire et du luxe : la suite Ricci Sebastiano est tr\u00e8s spacieuse, avec une somptueuse chambre (100 m\u00e8tres carr\u00e9s), un grand salon et un superbe plafond [&hellip;]<\/p>\n","protected":false},"author":13,"featured_media":0,"parent":1345,"menu_order":40,"comment_status":"closed","ping_status":"closed","template":"template-single-room-children.php","meta":{"footnotes":""},"class_list":["post-1405","page","type-page","status-publish","hentry"],"yoast_head":"<!-- This site is optimized with the Yoast SEO plugin v26.9 - https:\/\/yoast.com\/product\/yoast-seo-wordpress\/ -->\n<title>Heritage Suites - Ca&#039; Sagredo Hotel<\/title>\n<meta name=\"robots\" content=\"index, follow, max-snippet:-1, max-image-preview:large, max-video-preview:-1\" \/>\n<link rel=\"canonical\" href=\"https:\/\/www.casagredohotel.com\/fr\/chambres-et-suites\/heritage-suites\/\" \/>\n<meta property=\"og:locale\" content=\"fr_FR\" \/>\n<meta property=\"og:type\" content=\"article\" \/>\n<meta property=\"og:title\" content=\"Heritage Suites - Ca&#039; Sagredo Hotel\" \/>\n<meta property=\"og:description\" content=\"Magnifiques suites d\u00e9cor\u00e9es de peintures et de stucs de c\u00e9l\u00e8bres artistes du 18e si\u00e8cle, rappelant l\u2019\u00e9poque o\u00f9 la famille Sagredo \u00e9tait propri\u00e9taire du palais. Le nec plus ultra de l\u2019histoire et du luxe : la suite Ricci Sebastiano est tr\u00e8s spacieuse, avec une somptueuse chambre (100 m\u00e8tres carr\u00e9s), un grand salon et un superbe plafond [&hellip;]\" \/>\n<meta property=\"og:url\" content=\"https:\/\/www.casagredohotel.com\/fr\/chambres-et-suites\/heritage-suites\/\" \/>\n<meta property=\"og:site_name\" content=\"Ca&#039; Sagredo Hotel\" \/>\n<meta property=\"article:modified_time\" content=\"2020-08-06T10:29:40+00:00\" \/>\n<meta name=\"twitter:card\" content=\"summary_large_image\" \/>\n<meta name=\"twitter:label1\" content=\"Dur\u00e9e de lecture estim\u00e9e\" \/>\n\t<meta name=\"twitter:data1\" content=\"1 minute\" \/>\n<script type=\"application\/ld+json\" class=\"yoast-schema-graph\">{\"@context\":\"https:\/\/schema.org\",\"@graph\":[{\"@type\":\"WebPage\",\"@id\":\"https:\/\/www.casagredohotel.com\/fr\/chambres-et-suites\/heritage-suites\/\",\"url\":\"https:\/\/www.casagredohotel.com\/fr\/chambres-et-suites\/heritage-suites\/\",\"name\":\"Heritage Suites - Ca' Sagredo Hotel\",\"isPartOf\":{\"@id\":\"https:\/\/www.casagredohotel.com\/fr\/#website\"},\"datePublished\":\"2020-08-06T10:27:58+00:00\",\"dateModified\":\"2020-08-06T10:29:40+00:00\",\"breadcrumb\":{\"@id\":\"https:\/\/www.casagredohotel.com\/fr\/chambres-et-suites\/heritage-suites\/#breadcrumb\"},\"inLanguage\":\"fr-FR\",\"potentialAction\":[{\"@type\":\"ReadAction\",\"target\":[\"https:\/\/www.casagredohotel.com\/fr\/chambres-et-suites\/heritage-suites\/\"]}]},{\"@type\":\"BreadcrumbList\",\"@id\":\"https:\/\/www.casagredohotel.com\/fr\/chambres-et-suites\/heritage-suites\/#breadcrumb\",\"itemListElement\":[{\"@type\":\"ListItem\",\"position\":1,\"name\":\"Home\",\"item\":\"https:\/\/www.casagredohotel.com\/fr\/\"},{\"@type\":\"ListItem\",\"position\":2,\"name\":\"Chambres et Suites\",\"item\":\"https:\/\/www.casagredohotel.com\/fr\/chambres-et-suites\/\"},{\"@type\":\"ListItem\",\"position\":3,\"name\":\"Heritage Suites\"}]},{\"@type\":\"WebSite\",\"@id\":\"https:\/\/www.casagredohotel.com\/fr\/#website\",\"url\":\"https:\/\/www.casagredohotel.com\/fr\/\",\"name\":\"Ca' Sagredo Hotel\",\"description\":\"Just another ms.decms.eu site\",\"potentialAction\":[{\"@type\":\"SearchAction\",\"target\":{\"@type\":\"EntryPoint\",\"urlTemplate\":\"https:\/\/www.casagredohotel.com\/fr\/?s={search_term_string}\"},\"query-input\":{\"@type\":\"PropertyValueSpecification\",\"valueRequired\":true,\"valueName\":\"search_term_string\"}}],\"inLanguage\":\"fr-FR\"}]}<\/script>\n<!-- \/ Yoast SEO plugin. -->","yoast_head_json":{"title":"Heritage Suites - Ca' Sagredo Hotel","robots":{"index":"index","follow":"follow","max-snippet":"max-snippet:-1","max-image-preview":"max-image-preview:large","max-video-preview":"max-video-preview:-1"},"canonical":"https:\/\/www.casagredohotel.com\/fr\/chambres-et-suites\/heritage-suites\/","og_locale":"fr_FR","og_type":"article","og_title":"Heritage Suites - Ca' Sagredo Hotel","og_description":"Magnifiques suites d\u00e9cor\u00e9es de peintures et de stucs de c\u00e9l\u00e8bres artistes du 18e si\u00e8cle, rappelant l\u2019\u00e9poque o\u00f9 la famille Sagredo \u00e9tait propri\u00e9taire du palais. Le nec plus ultra de l\u2019histoire et du luxe : la suite Ricci Sebastiano est tr\u00e8s spacieuse, avec une somptueuse chambre (100 m\u00e8tres carr\u00e9s), un grand salon et un superbe plafond [&hellip;]","og_url":"https:\/\/www.casagredohotel.com\/fr\/chambres-et-suites\/heritage-suites\/","og_site_name":"Ca' Sagredo Hotel","article_modified_time":"2020-08-06T10:29:40+00:00","twitter_card":"summary_large_image","twitter_misc":{"Dur\u00e9e de lecture estim\u00e9e":"1 minute"},"schema":{"@context":"https:\/\/schema.org","@graph":[{"@type":"WebPage","@id":"https:\/\/www.casagredohotel.com\/fr\/chambres-et-suites\/heritage-suites\/","url":"https:\/\/www.casagredohotel.com\/fr\/chambres-et-suites\/heritage-suites\/","name":"Heritage Suites - Ca' Sagredo Hotel","isPartOf":{"@id":"https:\/\/www.casagredohotel.com\/fr\/#website"},"datePublished":"2020-08-06T10:27:58+00:00","dateModified":"2020-08-06T10:29:40+00:00","breadcrumb":{"@id":"https:\/\/www.casagredohotel.com\/fr\/chambres-et-suites\/heritage-suites\/#breadcrumb"},"inLanguage":"fr-FR","potentialAction":[{"@type":"ReadAction","target":["https:\/\/www.casagredohotel.com\/fr\/chambres-et-suites\/heritage-suites\/"]}]},{"@type":"BreadcrumbList","@id":"https:\/\/www.casagredohotel.com\/fr\/chambres-et-suites\/heritage-suites\/#breadcrumb","itemListElement":[{"@type":"ListItem","position":1,"name":"Home","item":"https:\/\/www.casagredohotel.com\/fr\/"},{"@type":"ListItem","position":2,"name":"Chambres et Suites","item":"https:\/\/www.casagredohotel.com\/fr\/chambres-et-suites\/"},{"@type":"ListItem","position":3,"name":"Heritage Suites"}]},{"@type":"WebSite","@id":"https:\/\/www.casagredohotel.com\/fr\/#website","url":"https:\/\/www.casagredohotel.com\/fr\/","name":"Ca' Sagredo Hotel","description":"Just another ms.decms.eu site","potentialAction":[{"@type":"SearchAction","target":{"@type":"EntryPoint","urlTemplate":"https:\/\/www.casagredohotel.com\/fr\/?s={search_term_string}"},"query-input":{"@type":"PropertyValueSpecification","valueRequired":true,"valueName":"search_term_string"}}],"inLanguage":"fr-FR"}]}},"acf":[],"_links":{"self":[{"href":"https:\/\/www.casagredohotel.com\/fr\/wp-json\/wp\/v2\/pages\/1405","targetHints":{"allow":["GET"]}}],"collection":[{"href":"https:\/\/www.casagredohotel.com\/fr\/wp-json\/wp\/v2\/pages"}],"about":[{"href":"https:\/\/www.casagredohotel.com\/fr\/wp-json\/wp\/v2\/types\/page"}],"author":[{"embeddable":true,"href":"https:\/\/www.casagredohotel.com\/fr\/wp-json\/wp\/v2\/users\/13"}],"replies":[{"embeddable":true,"href":"https:\/\/www.casagredohotel.com\/fr\/wp-json\/wp\/v2\/comments?post=1405"}],"version-history":[{"count":0,"href":"https:\/\/www.casagredohotel.com\/fr\/wp-json\/wp\/v2\/pages\/1405\/revisions"}],"up":[{"embeddable":true,"href":"https:\/\/www.casagredohotel.com\/fr\/wp-json\/wp\/v2\/pages\/1345"}],"wp:attachment":[{"href":"https:\/\/www.casagredohotel.com\/fr\/wp-json\/wp\/v2\/media?parent=1405"}],"curies":[{"name":"wp","href":"https:\/\/api.w.org\/{rel}","templated":true}]}}