{"id":1419,"date":"2020-08-06T10:51:34","date_gmt":"2020-08-06T10:51:34","guid":{"rendered":"http:\/\/casagredo-hotel.ms.decms.eu\/?page_id=1419"},"modified":"2020-08-06T10:57:28","modified_gmt":"2020-08-06T10:57:28","slug":"la-suite-stucs","status":"publish","type":"page","link":"https:\/\/www.casagredohotel.com\/fr\/chambres-et-suites\/heritage-suites\/la-suite-stucs\/","title":{"rendered":"La suite Stucs"},"content":{"rendered":"<p>Cette suite est l\u2019une des plus embl\u00e9matiques de l\u2019ensemble du b\u00e2timent, avec un plafond d\u00e9cor\u00e9 de magistrales d\u00e9corations de deux c\u00e9l\u00e8bres artistes de Lugano qui ont travaill\u00e9 pour la R\u00e9publique de Venise au d\u00e9but du XVIIIe si\u00e8cle : Abbondio Stazio et Carpoforo Mazzetti, connu sous le nom de Tecalla.<br \/>\nVous pouvez admirer la qualit\u00e9 exceptionnelle des portraits, des peintures au plafond et des frises \u2013 oiseaux, animaux exotiques et diff\u00e9rents personnages mythologiques \u2013 tout en relief et peint dans une vari\u00e9t\u00e9 de teintes d\u00e9licates, presque pastel : sans doute l\u2019exemple le plus remarquable du travail des artistes v\u00e9nitiens.<br \/>\nCes chambres \u00e9taient autrefois les appartements priv\u00e9s du comte Sagredo, et \u00e9taient reli\u00e9es au b\u00e2timent principal par des portes secr\u00e8tes.<\/p>\n","protected":false},"excerpt":{"rendered":"<p>Cette suite est l\u2019une des plus embl\u00e9matiques de l\u2019ensemble du b\u00e2timent, avec un plafond d\u00e9cor\u00e9 de magistrales d\u00e9corations de deux c\u00e9l\u00e8bres artistes de Lugano qui ont travaill\u00e9 pour la R\u00e9publique de Venise au d\u00e9but du XVIIIe si\u00e8cle : Abbondio Stazio et Carpoforo Mazzetti, connu sous le nom de Tecalla. Vous pouvez admirer la qualit\u00e9 exceptionnelle [&hellip;]<\/p>\n","protected":false},"author":13,"featured_media":0,"parent":1405,"menu_order":20,"comment_status":"closed","ping_status":"closed","template":"template-single-room-base.php","meta":{"footnotes":""},"class_list":["post-1419","page","type-page","status-publish","hentry"],"yoast_head":"<!-- This site is optimized with the Yoast SEO plugin v26.9 - https:\/\/yoast.com\/product\/yoast-seo-wordpress\/ -->\n<title>La suite Stucs - Ca&#039; Sagredo Hotel<\/title>\n<meta name=\"robots\" content=\"index, follow, max-snippet:-1, max-image-preview:large, max-video-preview:-1\" \/>\n<link rel=\"canonical\" href=\"https:\/\/www.casagredohotel.com\/fr\/chambres-et-suites\/heritage-suites\/la-suite-stucs\/\" \/>\n<meta property=\"og:locale\" content=\"fr_FR\" \/>\n<meta property=\"og:type\" content=\"article\" \/>\n<meta property=\"og:title\" content=\"La suite Stucs - Ca&#039; Sagredo Hotel\" \/>\n<meta property=\"og:description\" content=\"Cette suite est l\u2019une des plus embl\u00e9matiques de l\u2019ensemble du b\u00e2timent, avec un plafond d\u00e9cor\u00e9 de magistrales d\u00e9corations de deux c\u00e9l\u00e8bres artistes de Lugano qui ont travaill\u00e9 pour la R\u00e9publique de Venise au d\u00e9but du XVIIIe si\u00e8cle : Abbondio Stazio et Carpoforo Mazzetti, connu sous le nom de Tecalla. Vous pouvez admirer la qualit\u00e9 exceptionnelle [&hellip;]\" \/>\n<meta property=\"og:url\" content=\"https:\/\/www.casagredohotel.com\/fr\/chambres-et-suites\/heritage-suites\/la-suite-stucs\/\" \/>\n<meta property=\"og:site_name\" content=\"Ca&#039; Sagredo Hotel\" \/>\n<meta property=\"article:modified_time\" content=\"2020-08-06T10:57:28+00:00\" \/>\n<meta name=\"twitter:card\" content=\"summary_large_image\" \/>\n<meta name=\"twitter:label1\" content=\"Dur\u00e9e de lecture estim\u00e9e\" \/>\n\t<meta name=\"twitter:data1\" content=\"1 minute\" \/>\n<script type=\"application\/ld+json\" class=\"yoast-schema-graph\">{\"@context\":\"https:\/\/schema.org\",\"@graph\":[{\"@type\":\"WebPage\",\"@id\":\"https:\/\/www.casagredohotel.com\/fr\/chambres-et-suites\/heritage-suites\/la-suite-stucs\/\",\"url\":\"https:\/\/www.casagredohotel.com\/fr\/chambres-et-suites\/heritage-suites\/la-suite-stucs\/\",\"name\":\"La suite Stucs - Ca' Sagredo Hotel\",\"isPartOf\":{\"@id\":\"https:\/\/www.casagredohotel.com\/fr\/#website\"},\"datePublished\":\"2020-08-06T10:51:34+00:00\",\"dateModified\":\"2020-08-06T10:57:28+00:00\",\"breadcrumb\":{\"@id\":\"https:\/\/www.casagredohotel.com\/fr\/chambres-et-suites\/heritage-suites\/la-suite-stucs\/#breadcrumb\"},\"inLanguage\":\"fr-FR\",\"potentialAction\":[{\"@type\":\"ReadAction\",\"target\":[\"https:\/\/www.casagredohotel.com\/fr\/chambres-et-suites\/heritage-suites\/la-suite-stucs\/\"]}]},{\"@type\":\"BreadcrumbList\",\"@id\":\"https:\/\/www.casagredohotel.com\/fr\/chambres-et-suites\/heritage-suites\/la-suite-stucs\/#breadcrumb\",\"itemListElement\":[{\"@type\":\"ListItem\",\"position\":1,\"name\":\"Home\",\"item\":\"https:\/\/www.casagredohotel.com\/fr\/\"},{\"@type\":\"ListItem\",\"position\":2,\"name\":\"Chambres et Suites\",\"item\":\"https:\/\/www.casagredohotel.com\/fr\/chambres-et-suites\/\"},{\"@type\":\"ListItem\",\"position\":3,\"name\":\"Heritage Suites\",\"item\":\"https:\/\/www.casagredohotel.com\/fr\/chambres-et-suites\/heritage-suites\/\"},{\"@type\":\"ListItem\",\"position\":4,\"name\":\"La suite Stucs\"}]},{\"@type\":\"WebSite\",\"@id\":\"https:\/\/www.casagredohotel.com\/fr\/#website\",\"url\":\"https:\/\/www.casagredohotel.com\/fr\/\",\"name\":\"Ca' Sagredo Hotel\",\"description\":\"Just another ms.decms.eu site\",\"potentialAction\":[{\"@type\":\"SearchAction\",\"target\":{\"@type\":\"EntryPoint\",\"urlTemplate\":\"https:\/\/www.casagredohotel.com\/fr\/?s={search_term_string}\"},\"query-input\":{\"@type\":\"PropertyValueSpecification\",\"valueRequired\":true,\"valueName\":\"search_term_string\"}}],\"inLanguage\":\"fr-FR\"}]}<\/script>\n<!-- \/ Yoast SEO plugin. -->","yoast_head_json":{"title":"La suite Stucs - Ca' Sagredo Hotel","robots":{"index":"index","follow":"follow","max-snippet":"max-snippet:-1","max-image-preview":"max-image-preview:large","max-video-preview":"max-video-preview:-1"},"canonical":"https:\/\/www.casagredohotel.com\/fr\/chambres-et-suites\/heritage-suites\/la-suite-stucs\/","og_locale":"fr_FR","og_type":"article","og_title":"La suite Stucs - Ca' Sagredo Hotel","og_description":"Cette suite est l\u2019une des plus embl\u00e9matiques de l\u2019ensemble du b\u00e2timent, avec un plafond d\u00e9cor\u00e9 de magistrales d\u00e9corations de deux c\u00e9l\u00e8bres artistes de Lugano qui ont travaill\u00e9 pour la R\u00e9publique de Venise au d\u00e9but du XVIIIe si\u00e8cle : Abbondio Stazio et Carpoforo Mazzetti, connu sous le nom de Tecalla. Vous pouvez admirer la qualit\u00e9 exceptionnelle [&hellip;]","og_url":"https:\/\/www.casagredohotel.com\/fr\/chambres-et-suites\/heritage-suites\/la-suite-stucs\/","og_site_name":"Ca' Sagredo Hotel","article_modified_time":"2020-08-06T10:57:28+00:00","twitter_card":"summary_large_image","twitter_misc":{"Dur\u00e9e de lecture estim\u00e9e":"1 minute"},"schema":{"@context":"https:\/\/schema.org","@graph":[{"@type":"WebPage","@id":"https:\/\/www.casagredohotel.com\/fr\/chambres-et-suites\/heritage-suites\/la-suite-stucs\/","url":"https:\/\/www.casagredohotel.com\/fr\/chambres-et-suites\/heritage-suites\/la-suite-stucs\/","name":"La suite Stucs - Ca' Sagredo Hotel","isPartOf":{"@id":"https:\/\/www.casagredohotel.com\/fr\/#website"},"datePublished":"2020-08-06T10:51:34+00:00","dateModified":"2020-08-06T10:57:28+00:00","breadcrumb":{"@id":"https:\/\/www.casagredohotel.com\/fr\/chambres-et-suites\/heritage-suites\/la-suite-stucs\/#breadcrumb"},"inLanguage":"fr-FR","potentialAction":[{"@type":"ReadAction","target":["https:\/\/www.casagredohotel.com\/fr\/chambres-et-suites\/heritage-suites\/la-suite-stucs\/"]}]},{"@type":"BreadcrumbList","@id":"https:\/\/www.casagredohotel.com\/fr\/chambres-et-suites\/heritage-suites\/la-suite-stucs\/#breadcrumb","itemListElement":[{"@type":"ListItem","position":1,"name":"Home","item":"https:\/\/www.casagredohotel.com\/fr\/"},{"@type":"ListItem","position":2,"name":"Chambres et Suites","item":"https:\/\/www.casagredohotel.com\/fr\/chambres-et-suites\/"},{"@type":"ListItem","position":3,"name":"Heritage Suites","item":"https:\/\/www.casagredohotel.com\/fr\/chambres-et-suites\/heritage-suites\/"},{"@type":"ListItem","position":4,"name":"La suite Stucs"}]},{"@type":"WebSite","@id":"https:\/\/www.casagredohotel.com\/fr\/#website","url":"https:\/\/www.casagredohotel.com\/fr\/","name":"Ca' Sagredo Hotel","description":"Just another ms.decms.eu site","potentialAction":[{"@type":"SearchAction","target":{"@type":"EntryPoint","urlTemplate":"https:\/\/www.casagredohotel.com\/fr\/?s={search_term_string}"},"query-input":{"@type":"PropertyValueSpecification","valueRequired":true,"valueName":"search_term_string"}}],"inLanguage":"fr-FR"}]}},"acf":[],"_links":{"self":[{"href":"https:\/\/www.casagredohotel.com\/fr\/wp-json\/wp\/v2\/pages\/1419","targetHints":{"allow":["GET"]}}],"collection":[{"href":"https:\/\/www.casagredohotel.com\/fr\/wp-json\/wp\/v2\/pages"}],"about":[{"href":"https:\/\/www.casagredohotel.com\/fr\/wp-json\/wp\/v2\/types\/page"}],"author":[{"embeddable":true,"href":"https:\/\/www.casagredohotel.com\/fr\/wp-json\/wp\/v2\/users\/13"}],"replies":[{"embeddable":true,"href":"https:\/\/www.casagredohotel.com\/fr\/wp-json\/wp\/v2\/comments?post=1419"}],"version-history":[{"count":0,"href":"https:\/\/www.casagredohotel.com\/fr\/wp-json\/wp\/v2\/pages\/1419\/revisions"}],"up":[{"embeddable":true,"href":"https:\/\/www.casagredohotel.com\/fr\/wp-json\/wp\/v2\/pages\/1405"}],"wp:attachment":[{"href":"https:\/\/www.casagredohotel.com\/fr\/wp-json\/wp\/v2\/media?parent=1419"}],"curies":[{"name":"wp","href":"https:\/\/api.w.org\/{rel}","templated":true}]}}