{"id":1488,"date":"2020-08-06T14:22:49","date_gmt":"2020-08-06T14:22:49","guid":{"rendered":"http:\/\/casagredo-hotel.ms.decms.eu\/?page_id=1488"},"modified":"2020-08-06T14:31:35","modified_gmt":"2020-08-06T14:31:35","slug":"sagredo-junior-suite-venitienne","status":"publish","type":"page","link":"https:\/\/www.casagredohotel.com\/fr\/chambres-et-suites\/sagredo-junior-suite-venitienne\/","title":{"rendered":"Sagredo Junior Suite V\u00e9nitienne"},"content":{"rendered":"<p>La suite Junior est d\u00e9cor\u00e9e dans des teintes marron, cr\u00e8me, blanc et or du meilleur go\u00fbt. Elles offrent une vue sur les toits ou Campo Santa Sofia.<\/p>\n<p>Ces charmantes suites Junior sont l\u2019incarnation de l\u2019opulence en toute subtilit\u00e9, elles sont d\u00e9cor\u00e9es dans des nuances marron, cr\u00e8me, blanc et or du meilleur go\u00fbt. Les suites Junior offrent une vue sur les toits ou la cour int\u00e9rieure. Elles ont une capacit\u00e9 maximum de trois personnes et mesurent entre 35 et 45 m\u00e8tres carr\u00e9s.<\/p>\n","protected":false},"excerpt":{"rendered":"<p>La suite Junior est d\u00e9cor\u00e9e dans des teintes marron, cr\u00e8me, blanc et or du meilleur go\u00fbt. Elles offrent une vue sur les toits ou Campo Santa Sofia. Ces charmantes suites Junior sont l\u2019incarnation de l\u2019opulence en toute subtilit\u00e9, elles sont d\u00e9cor\u00e9es dans des nuances marron, cr\u00e8me, blanc et or du meilleur go\u00fbt. Les suites Junior [&hellip;]<\/p>\n","protected":false},"author":13,"featured_media":0,"parent":1345,"menu_order":70,"comment_status":"closed","ping_status":"closed","template":"template-single-room-base.php","meta":{"footnotes":""},"class_list":["post-1488","page","type-page","status-publish","hentry"],"yoast_head":"<!-- This site is optimized with the Yoast SEO plugin v26.9 - https:\/\/yoast.com\/product\/yoast-seo-wordpress\/ -->\n<title>Sagredo Junior Suite V\u00e9nitienne - Ca&#039; Sagredo Hotel<\/title>\n<meta name=\"robots\" content=\"index, follow, max-snippet:-1, max-image-preview:large, max-video-preview:-1\" \/>\n<link rel=\"canonical\" href=\"https:\/\/www.casagredohotel.com\/fr\/chambres-et-suites\/sagredo-junior-suite-venitienne\/\" \/>\n<meta property=\"og:locale\" content=\"fr_FR\" \/>\n<meta property=\"og:type\" content=\"article\" \/>\n<meta property=\"og:title\" content=\"Sagredo Junior Suite V\u00e9nitienne - Ca&#039; Sagredo Hotel\" \/>\n<meta property=\"og:description\" content=\"La suite Junior est d\u00e9cor\u00e9e dans des teintes marron, cr\u00e8me, blanc et or du meilleur go\u00fbt. Elles offrent une vue sur les toits ou Campo Santa Sofia. Ces charmantes suites Junior sont l\u2019incarnation de l\u2019opulence en toute subtilit\u00e9, elles sont d\u00e9cor\u00e9es dans des nuances marron, cr\u00e8me, blanc et or du meilleur go\u00fbt. Les suites Junior [&hellip;]\" \/>\n<meta property=\"og:url\" content=\"https:\/\/www.casagredohotel.com\/fr\/chambres-et-suites\/sagredo-junior-suite-venitienne\/\" \/>\n<meta property=\"og:site_name\" content=\"Ca&#039; Sagredo Hotel\" \/>\n<meta property=\"article:modified_time\" content=\"2020-08-06T14:31:35+00:00\" \/>\n<meta name=\"twitter:card\" content=\"summary_large_image\" \/>\n<script type=\"application\/ld+json\" class=\"yoast-schema-graph\">{\"@context\":\"https:\/\/schema.org\",\"@graph\":[{\"@type\":\"WebPage\",\"@id\":\"https:\/\/www.casagredohotel.com\/fr\/chambres-et-suites\/sagredo-junior-suite-venitienne\/\",\"url\":\"https:\/\/www.casagredohotel.com\/fr\/chambres-et-suites\/sagredo-junior-suite-venitienne\/\",\"name\":\"Sagredo Junior Suite V\u00e9nitienne - Ca' Sagredo Hotel\",\"isPartOf\":{\"@id\":\"https:\/\/www.casagredohotel.com\/fr\/#website\"},\"datePublished\":\"2020-08-06T14:22:49+00:00\",\"dateModified\":\"2020-08-06T14:31:35+00:00\",\"breadcrumb\":{\"@id\":\"https:\/\/www.casagredohotel.com\/fr\/chambres-et-suites\/sagredo-junior-suite-venitienne\/#breadcrumb\"},\"inLanguage\":\"fr-FR\",\"potentialAction\":[{\"@type\":\"ReadAction\",\"target\":[\"https:\/\/www.casagredohotel.com\/fr\/chambres-et-suites\/sagredo-junior-suite-venitienne\/\"]}]},{\"@type\":\"BreadcrumbList\",\"@id\":\"https:\/\/www.casagredohotel.com\/fr\/chambres-et-suites\/sagredo-junior-suite-venitienne\/#breadcrumb\",\"itemListElement\":[{\"@type\":\"ListItem\",\"position\":1,\"name\":\"Home\",\"item\":\"https:\/\/www.casagredohotel.com\/fr\/\"},{\"@type\":\"ListItem\",\"position\":2,\"name\":\"Chambres et Suites\",\"item\":\"https:\/\/www.casagredohotel.com\/fr\/chambres-et-suites\/\"},{\"@type\":\"ListItem\",\"position\":3,\"name\":\"Sagredo Junior Suite V\u00e9nitienne\"}]},{\"@type\":\"WebSite\",\"@id\":\"https:\/\/www.casagredohotel.com\/fr\/#website\",\"url\":\"https:\/\/www.casagredohotel.com\/fr\/\",\"name\":\"Ca' Sagredo Hotel\",\"description\":\"Just another ms.decms.eu site\",\"potentialAction\":[{\"@type\":\"SearchAction\",\"target\":{\"@type\":\"EntryPoint\",\"urlTemplate\":\"https:\/\/www.casagredohotel.com\/fr\/?s={search_term_string}\"},\"query-input\":{\"@type\":\"PropertyValueSpecification\",\"valueRequired\":true,\"valueName\":\"search_term_string\"}}],\"inLanguage\":\"fr-FR\"}]}<\/script>\n<!-- \/ Yoast SEO plugin. -->","yoast_head_json":{"title":"Sagredo Junior Suite V\u00e9nitienne - Ca' Sagredo Hotel","robots":{"index":"index","follow":"follow","max-snippet":"max-snippet:-1","max-image-preview":"max-image-preview:large","max-video-preview":"max-video-preview:-1"},"canonical":"https:\/\/www.casagredohotel.com\/fr\/chambres-et-suites\/sagredo-junior-suite-venitienne\/","og_locale":"fr_FR","og_type":"article","og_title":"Sagredo Junior Suite V\u00e9nitienne - Ca' Sagredo Hotel","og_description":"La suite Junior est d\u00e9cor\u00e9e dans des teintes marron, cr\u00e8me, blanc et or du meilleur go\u00fbt. Elles offrent une vue sur les toits ou Campo Santa Sofia. Ces charmantes suites Junior sont l\u2019incarnation de l\u2019opulence en toute subtilit\u00e9, elles sont d\u00e9cor\u00e9es dans des nuances marron, cr\u00e8me, blanc et or du meilleur go\u00fbt. Les suites Junior [&hellip;]","og_url":"https:\/\/www.casagredohotel.com\/fr\/chambres-et-suites\/sagredo-junior-suite-venitienne\/","og_site_name":"Ca' Sagredo Hotel","article_modified_time":"2020-08-06T14:31:35+00:00","twitter_card":"summary_large_image","schema":{"@context":"https:\/\/schema.org","@graph":[{"@type":"WebPage","@id":"https:\/\/www.casagredohotel.com\/fr\/chambres-et-suites\/sagredo-junior-suite-venitienne\/","url":"https:\/\/www.casagredohotel.com\/fr\/chambres-et-suites\/sagredo-junior-suite-venitienne\/","name":"Sagredo Junior Suite V\u00e9nitienne - Ca' Sagredo Hotel","isPartOf":{"@id":"https:\/\/www.casagredohotel.com\/fr\/#website"},"datePublished":"2020-08-06T14:22:49+00:00","dateModified":"2020-08-06T14:31:35+00:00","breadcrumb":{"@id":"https:\/\/www.casagredohotel.com\/fr\/chambres-et-suites\/sagredo-junior-suite-venitienne\/#breadcrumb"},"inLanguage":"fr-FR","potentialAction":[{"@type":"ReadAction","target":["https:\/\/www.casagredohotel.com\/fr\/chambres-et-suites\/sagredo-junior-suite-venitienne\/"]}]},{"@type":"BreadcrumbList","@id":"https:\/\/www.casagredohotel.com\/fr\/chambres-et-suites\/sagredo-junior-suite-venitienne\/#breadcrumb","itemListElement":[{"@type":"ListItem","position":1,"name":"Home","item":"https:\/\/www.casagredohotel.com\/fr\/"},{"@type":"ListItem","position":2,"name":"Chambres et Suites","item":"https:\/\/www.casagredohotel.com\/fr\/chambres-et-suites\/"},{"@type":"ListItem","position":3,"name":"Sagredo Junior Suite V\u00e9nitienne"}]},{"@type":"WebSite","@id":"https:\/\/www.casagredohotel.com\/fr\/#website","url":"https:\/\/www.casagredohotel.com\/fr\/","name":"Ca' Sagredo Hotel","description":"Just another ms.decms.eu site","potentialAction":[{"@type":"SearchAction","target":{"@type":"EntryPoint","urlTemplate":"https:\/\/www.casagredohotel.com\/fr\/?s={search_term_string}"},"query-input":{"@type":"PropertyValueSpecification","valueRequired":true,"valueName":"search_term_string"}}],"inLanguage":"fr-FR"}]}},"acf":[],"_links":{"self":[{"href":"https:\/\/www.casagredohotel.com\/fr\/wp-json\/wp\/v2\/pages\/1488","targetHints":{"allow":["GET"]}}],"collection":[{"href":"https:\/\/www.casagredohotel.com\/fr\/wp-json\/wp\/v2\/pages"}],"about":[{"href":"https:\/\/www.casagredohotel.com\/fr\/wp-json\/wp\/v2\/types\/page"}],"author":[{"embeddable":true,"href":"https:\/\/www.casagredohotel.com\/fr\/wp-json\/wp\/v2\/users\/13"}],"replies":[{"embeddable":true,"href":"https:\/\/www.casagredohotel.com\/fr\/wp-json\/wp\/v2\/comments?post=1488"}],"version-history":[{"count":0,"href":"https:\/\/www.casagredohotel.com\/fr\/wp-json\/wp\/v2\/pages\/1488\/revisions"}],"up":[{"embeddable":true,"href":"https:\/\/www.casagredohotel.com\/fr\/wp-json\/wp\/v2\/pages\/1345"}],"wp:attachment":[{"href":"https:\/\/www.casagredohotel.com\/fr\/wp-json\/wp\/v2\/media?parent=1488"}],"curies":[{"name":"wp","href":"https:\/\/api.w.org\/{rel}","templated":true}]}}