{"id":1499,"date":"2020-08-06T14:44:01","date_gmt":"2020-08-06T14:44:01","guid":{"rendered":"http:\/\/casagredo-hotel.ms.decms.eu\/?page_id=1499"},"modified":"2020-08-06T14:53:06","modified_gmt":"2020-08-06T14:53:06","slug":"sagredo-double-venitienne","status":"publish","type":"page","link":"https:\/\/www.casagredohotel.com\/fr\/chambres-et-suites\/sagredo-double-venitienne\/","title":{"rendered":"Sagredo Double V\u00e9nitienne"},"content":{"rendered":"<p>Chambres \u00e9l\u00e9gantes, avec lit double ou lits jumeaux et une vue romantique sur les toits ou sur la cour int\u00e9rieure. Individuellement d\u00e9cor\u00e9es dans un style v\u00e9nitien classique.<\/p>\n<p>D\u00e9cor\u00e9es avec go\u00fbt, ces chambres \u00e9l\u00e9gantes doubles ou \u00e0 lits jumeaux sont d\u00e9cor\u00e9es avec go\u00fbt et de mani\u00e8re unique, dans le style v\u00e9nitien classique. Avec une vue sur les toits ou la cour int\u00e9rieure, les chambres doubles Sagredo d\u2019environ 25 \u00e0 30 m\u00e8tres carr\u00e9s ont une capacit\u00e9 maximale de deux personnes.<\/p>\n","protected":false},"excerpt":{"rendered":"<p>Chambres \u00e9l\u00e9gantes, avec lit double ou lits jumeaux et une vue romantique sur les toits ou sur la cour int\u00e9rieure. Individuellement d\u00e9cor\u00e9es dans un style v\u00e9nitien classique. D\u00e9cor\u00e9es avec go\u00fbt, ces chambres \u00e9l\u00e9gantes doubles ou \u00e0 lits jumeaux sont d\u00e9cor\u00e9es avec go\u00fbt et de mani\u00e8re unique, dans le style v\u00e9nitien classique. Avec une vue sur [&hellip;]<\/p>\n","protected":false},"author":13,"featured_media":0,"parent":1345,"menu_order":80,"comment_status":"closed","ping_status":"closed","template":"template-single-room-base.php","meta":{"footnotes":""},"class_list":["post-1499","page","type-page","status-publish","hentry"],"yoast_head":"<!-- This site is optimized with the Yoast SEO plugin v26.9 - https:\/\/yoast.com\/product\/yoast-seo-wordpress\/ -->\n<title>Sagredo Double V\u00e9nitienne - Ca&#039; Sagredo Hotel<\/title>\n<meta name=\"robots\" content=\"index, follow, max-snippet:-1, max-image-preview:large, max-video-preview:-1\" \/>\n<link rel=\"canonical\" href=\"https:\/\/www.casagredohotel.com\/fr\/chambres-et-suites\/sagredo-double-venitienne\/\" \/>\n<meta property=\"og:locale\" content=\"fr_FR\" \/>\n<meta property=\"og:type\" content=\"article\" \/>\n<meta property=\"og:title\" content=\"Sagredo Double V\u00e9nitienne - Ca&#039; Sagredo Hotel\" \/>\n<meta property=\"og:description\" content=\"Chambres \u00e9l\u00e9gantes, avec lit double ou lits jumeaux et une vue romantique sur les toits ou sur la cour int\u00e9rieure. Individuellement d\u00e9cor\u00e9es dans un style v\u00e9nitien classique. D\u00e9cor\u00e9es avec go\u00fbt, ces chambres \u00e9l\u00e9gantes doubles ou \u00e0 lits jumeaux sont d\u00e9cor\u00e9es avec go\u00fbt et de mani\u00e8re unique, dans le style v\u00e9nitien classique. Avec une vue sur [&hellip;]\" \/>\n<meta property=\"og:url\" content=\"https:\/\/www.casagredohotel.com\/fr\/chambres-et-suites\/sagredo-double-venitienne\/\" \/>\n<meta property=\"og:site_name\" content=\"Ca&#039; Sagredo Hotel\" \/>\n<meta property=\"article:modified_time\" content=\"2020-08-06T14:53:06+00:00\" \/>\n<meta name=\"twitter:card\" content=\"summary_large_image\" \/>\n<script type=\"application\/ld+json\" class=\"yoast-schema-graph\">{\"@context\":\"https:\/\/schema.org\",\"@graph\":[{\"@type\":\"WebPage\",\"@id\":\"https:\/\/www.casagredohotel.com\/fr\/chambres-et-suites\/sagredo-double-venitienne\/\",\"url\":\"https:\/\/www.casagredohotel.com\/fr\/chambres-et-suites\/sagredo-double-venitienne\/\",\"name\":\"Sagredo Double V\u00e9nitienne - Ca' Sagredo Hotel\",\"isPartOf\":{\"@id\":\"https:\/\/www.casagredohotel.com\/fr\/#website\"},\"datePublished\":\"2020-08-06T14:44:01+00:00\",\"dateModified\":\"2020-08-06T14:53:06+00:00\",\"breadcrumb\":{\"@id\":\"https:\/\/www.casagredohotel.com\/fr\/chambres-et-suites\/sagredo-double-venitienne\/#breadcrumb\"},\"inLanguage\":\"fr-FR\",\"potentialAction\":[{\"@type\":\"ReadAction\",\"target\":[\"https:\/\/www.casagredohotel.com\/fr\/chambres-et-suites\/sagredo-double-venitienne\/\"]}]},{\"@type\":\"BreadcrumbList\",\"@id\":\"https:\/\/www.casagredohotel.com\/fr\/chambres-et-suites\/sagredo-double-venitienne\/#breadcrumb\",\"itemListElement\":[{\"@type\":\"ListItem\",\"position\":1,\"name\":\"Home\",\"item\":\"https:\/\/www.casagredohotel.com\/fr\/\"},{\"@type\":\"ListItem\",\"position\":2,\"name\":\"Chambres et Suites\",\"item\":\"https:\/\/www.casagredohotel.com\/fr\/chambres-et-suites\/\"},{\"@type\":\"ListItem\",\"position\":3,\"name\":\"Sagredo Double V\u00e9nitienne\"}]},{\"@type\":\"WebSite\",\"@id\":\"https:\/\/www.casagredohotel.com\/fr\/#website\",\"url\":\"https:\/\/www.casagredohotel.com\/fr\/\",\"name\":\"Ca' Sagredo Hotel\",\"description\":\"Just another ms.decms.eu site\",\"potentialAction\":[{\"@type\":\"SearchAction\",\"target\":{\"@type\":\"EntryPoint\",\"urlTemplate\":\"https:\/\/www.casagredohotel.com\/fr\/?s={search_term_string}\"},\"query-input\":{\"@type\":\"PropertyValueSpecification\",\"valueRequired\":true,\"valueName\":\"search_term_string\"}}],\"inLanguage\":\"fr-FR\"}]}<\/script>\n<!-- \/ Yoast SEO plugin. -->","yoast_head_json":{"title":"Sagredo Double V\u00e9nitienne - Ca' Sagredo Hotel","robots":{"index":"index","follow":"follow","max-snippet":"max-snippet:-1","max-image-preview":"max-image-preview:large","max-video-preview":"max-video-preview:-1"},"canonical":"https:\/\/www.casagredohotel.com\/fr\/chambres-et-suites\/sagredo-double-venitienne\/","og_locale":"fr_FR","og_type":"article","og_title":"Sagredo Double V\u00e9nitienne - Ca' Sagredo Hotel","og_description":"Chambres \u00e9l\u00e9gantes, avec lit double ou lits jumeaux et une vue romantique sur les toits ou sur la cour int\u00e9rieure. Individuellement d\u00e9cor\u00e9es dans un style v\u00e9nitien classique. D\u00e9cor\u00e9es avec go\u00fbt, ces chambres \u00e9l\u00e9gantes doubles ou \u00e0 lits jumeaux sont d\u00e9cor\u00e9es avec go\u00fbt et de mani\u00e8re unique, dans le style v\u00e9nitien classique. Avec une vue sur [&hellip;]","og_url":"https:\/\/www.casagredohotel.com\/fr\/chambres-et-suites\/sagredo-double-venitienne\/","og_site_name":"Ca' Sagredo Hotel","article_modified_time":"2020-08-06T14:53:06+00:00","twitter_card":"summary_large_image","schema":{"@context":"https:\/\/schema.org","@graph":[{"@type":"WebPage","@id":"https:\/\/www.casagredohotel.com\/fr\/chambres-et-suites\/sagredo-double-venitienne\/","url":"https:\/\/www.casagredohotel.com\/fr\/chambres-et-suites\/sagredo-double-venitienne\/","name":"Sagredo Double V\u00e9nitienne - Ca' Sagredo Hotel","isPartOf":{"@id":"https:\/\/www.casagredohotel.com\/fr\/#website"},"datePublished":"2020-08-06T14:44:01+00:00","dateModified":"2020-08-06T14:53:06+00:00","breadcrumb":{"@id":"https:\/\/www.casagredohotel.com\/fr\/chambres-et-suites\/sagredo-double-venitienne\/#breadcrumb"},"inLanguage":"fr-FR","potentialAction":[{"@type":"ReadAction","target":["https:\/\/www.casagredohotel.com\/fr\/chambres-et-suites\/sagredo-double-venitienne\/"]}]},{"@type":"BreadcrumbList","@id":"https:\/\/www.casagredohotel.com\/fr\/chambres-et-suites\/sagredo-double-venitienne\/#breadcrumb","itemListElement":[{"@type":"ListItem","position":1,"name":"Home","item":"https:\/\/www.casagredohotel.com\/fr\/"},{"@type":"ListItem","position":2,"name":"Chambres et Suites","item":"https:\/\/www.casagredohotel.com\/fr\/chambres-et-suites\/"},{"@type":"ListItem","position":3,"name":"Sagredo Double V\u00e9nitienne"}]},{"@type":"WebSite","@id":"https:\/\/www.casagredohotel.com\/fr\/#website","url":"https:\/\/www.casagredohotel.com\/fr\/","name":"Ca' Sagredo Hotel","description":"Just another ms.decms.eu site","potentialAction":[{"@type":"SearchAction","target":{"@type":"EntryPoint","urlTemplate":"https:\/\/www.casagredohotel.com\/fr\/?s={search_term_string}"},"query-input":{"@type":"PropertyValueSpecification","valueRequired":true,"valueName":"search_term_string"}}],"inLanguage":"fr-FR"}]}},"acf":[],"_links":{"self":[{"href":"https:\/\/www.casagredohotel.com\/fr\/wp-json\/wp\/v2\/pages\/1499","targetHints":{"allow":["GET"]}}],"collection":[{"href":"https:\/\/www.casagredohotel.com\/fr\/wp-json\/wp\/v2\/pages"}],"about":[{"href":"https:\/\/www.casagredohotel.com\/fr\/wp-json\/wp\/v2\/types\/page"}],"author":[{"embeddable":true,"href":"https:\/\/www.casagredohotel.com\/fr\/wp-json\/wp\/v2\/users\/13"}],"replies":[{"embeddable":true,"href":"https:\/\/www.casagredohotel.com\/fr\/wp-json\/wp\/v2\/comments?post=1499"}],"version-history":[{"count":0,"href":"https:\/\/www.casagredohotel.com\/fr\/wp-json\/wp\/v2\/pages\/1499\/revisions"}],"up":[{"embeddable":true,"href":"https:\/\/www.casagredohotel.com\/fr\/wp-json\/wp\/v2\/pages\/1345"}],"wp:attachment":[{"href":"https:\/\/www.casagredohotel.com\/fr\/wp-json\/wp\/v2\/media?parent=1499"}],"curies":[{"name":"wp","href":"https:\/\/api.w.org\/{rel}","templated":true}]}}