{"id":1547,"date":"2020-08-07T06:50:13","date_gmt":"2020-08-07T06:50:13","guid":{"rendered":"http:\/\/casagredo-hotel.ms.decms.eu\/?page_id=1547"},"modified":"2020-09-01T10:37:11","modified_gmt":"2020-09-01T10:37:11","slug":"mariage","status":"publish","type":"page","link":"https:\/\/www.casagredohotel.com\/fr\/mariage\/","title":{"rendered":"Mariage"},"content":{"rendered":"<p>Si votre r\u00eave est de vivre le jour le plus magique de votre vie dans un palais v\u00e9nitien\u2026<\/p>\n<p>\u2026Ca \u2018Sagredo est l\u2019endroit parfait; un h\u00f4tel id\u00e9al pour les mariages et les lunes de miel.<\/p>\n<p>Ce palais a vraiment quelque chose d\u2019extr\u00eamement s\u00e9duisant. \u00c0 l\u2019ext\u00e9rieur, sa fa\u00e7ade d\u2019un rose somptueux et sa vue sur le Grand Canal vous couperont le souffle. \u00c0 l\u2019int\u00e9rieur, l\u2019h\u00f4tel n\u2019est qu\u2019espace, art et beaut\u00e9 r\u00e9unis. La restauration renforce avec soin les traits nobles d\u2019origine, mettant en valeur le pass\u00e9 tout en respectant, et c\u2019est un v\u00e9ritable tr\u00e9sor.<\/p>\n","protected":false},"excerpt":{"rendered":"<p>Si votre r\u00eave est de vivre le jour le plus magique de votre vie dans un palais v\u00e9nitien\u2026 \u2026Ca \u2018Sagredo est l\u2019endroit parfait; un h\u00f4tel id\u00e9al pour les mariages et les lunes de miel. Ce palais a vraiment quelque chose d\u2019extr\u00eamement s\u00e9duisant. \u00c0 l\u2019ext\u00e9rieur, sa fa\u00e7ade d\u2019un rose somptueux et sa vue sur le Grand [&hellip;]<\/p>\n","protected":false},"author":13,"featured_media":0,"parent":0,"menu_order":70,"comment_status":"closed","ping_status":"closed","template":"template-weddings.php","meta":{"footnotes":""},"class_list":["post-1547","page","type-page","status-publish","hentry"],"yoast_head":"<!-- This site is optimized with the Yoast SEO plugin v26.9 - https:\/\/yoast.com\/product\/yoast-seo-wordpress\/ -->\n<title>Mariage - Ca&#039; Sagredo Hotel<\/title>\n<meta name=\"robots\" content=\"index, follow, max-snippet:-1, max-image-preview:large, max-video-preview:-1\" \/>\n<link rel=\"canonical\" href=\"https:\/\/www.casagredohotel.com\/fr\/mariage\/\" \/>\n<meta property=\"og:locale\" content=\"fr_FR\" \/>\n<meta property=\"og:type\" content=\"article\" \/>\n<meta property=\"og:title\" content=\"Mariage - Ca&#039; Sagredo Hotel\" \/>\n<meta property=\"og:description\" content=\"Si votre r\u00eave est de vivre le jour le plus magique de votre vie dans un palais v\u00e9nitien\u2026 \u2026Ca \u2018Sagredo est l\u2019endroit parfait; un h\u00f4tel id\u00e9al pour les mariages et les lunes de miel. Ce palais a vraiment quelque chose d\u2019extr\u00eamement s\u00e9duisant. \u00c0 l\u2019ext\u00e9rieur, sa fa\u00e7ade d\u2019un rose somptueux et sa vue sur le Grand [&hellip;]\" \/>\n<meta property=\"og:url\" content=\"https:\/\/www.casagredohotel.com\/fr\/mariage\/\" \/>\n<meta property=\"og:site_name\" content=\"Ca&#039; Sagredo Hotel\" \/>\n<meta property=\"article:modified_time\" content=\"2020-09-01T10:37:11+00:00\" \/>\n<meta name=\"twitter:card\" content=\"summary_large_image\" \/>\n<meta name=\"twitter:label1\" content=\"Dur\u00e9e de lecture estim\u00e9e\" \/>\n\t<meta name=\"twitter:data1\" content=\"1 minute\" \/>\n<script type=\"application\/ld+json\" class=\"yoast-schema-graph\">{\"@context\":\"https:\/\/schema.org\",\"@graph\":[{\"@type\":\"WebPage\",\"@id\":\"https:\/\/www.casagredohotel.com\/fr\/mariage\/\",\"url\":\"https:\/\/www.casagredohotel.com\/fr\/mariage\/\",\"name\":\"Mariage - Ca' Sagredo Hotel\",\"isPartOf\":{\"@id\":\"https:\/\/www.casagredohotel.com\/fr\/#website\"},\"datePublished\":\"2020-08-07T06:50:13+00:00\",\"dateModified\":\"2020-09-01T10:37:11+00:00\",\"breadcrumb\":{\"@id\":\"https:\/\/www.casagredohotel.com\/fr\/mariage\/#breadcrumb\"},\"inLanguage\":\"fr-FR\",\"potentialAction\":[{\"@type\":\"ReadAction\",\"target\":[\"https:\/\/www.casagredohotel.com\/fr\/mariage\/\"]}]},{\"@type\":\"BreadcrumbList\",\"@id\":\"https:\/\/www.casagredohotel.com\/fr\/mariage\/#breadcrumb\",\"itemListElement\":[{\"@type\":\"ListItem\",\"position\":1,\"name\":\"Home\",\"item\":\"https:\/\/www.casagredohotel.com\/fr\/\"},{\"@type\":\"ListItem\",\"position\":2,\"name\":\"Mariage\"}]},{\"@type\":\"WebSite\",\"@id\":\"https:\/\/www.casagredohotel.com\/fr\/#website\",\"url\":\"https:\/\/www.casagredohotel.com\/fr\/\",\"name\":\"Ca' Sagredo Hotel\",\"description\":\"Just another ms.decms.eu site\",\"potentialAction\":[{\"@type\":\"SearchAction\",\"target\":{\"@type\":\"EntryPoint\",\"urlTemplate\":\"https:\/\/www.casagredohotel.com\/fr\/?s={search_term_string}\"},\"query-input\":{\"@type\":\"PropertyValueSpecification\",\"valueRequired\":true,\"valueName\":\"search_term_string\"}}],\"inLanguage\":\"fr-FR\"}]}<\/script>\n<!-- \/ Yoast SEO plugin. -->","yoast_head_json":{"title":"Mariage - Ca' Sagredo Hotel","robots":{"index":"index","follow":"follow","max-snippet":"max-snippet:-1","max-image-preview":"max-image-preview:large","max-video-preview":"max-video-preview:-1"},"canonical":"https:\/\/www.casagredohotel.com\/fr\/mariage\/","og_locale":"fr_FR","og_type":"article","og_title":"Mariage - Ca' Sagredo Hotel","og_description":"Si votre r\u00eave est de vivre le jour le plus magique de votre vie dans un palais v\u00e9nitien\u2026 \u2026Ca \u2018Sagredo est l\u2019endroit parfait; un h\u00f4tel id\u00e9al pour les mariages et les lunes de miel. Ce palais a vraiment quelque chose d\u2019extr\u00eamement s\u00e9duisant. \u00c0 l\u2019ext\u00e9rieur, sa fa\u00e7ade d\u2019un rose somptueux et sa vue sur le Grand [&hellip;]","og_url":"https:\/\/www.casagredohotel.com\/fr\/mariage\/","og_site_name":"Ca' Sagredo Hotel","article_modified_time":"2020-09-01T10:37:11+00:00","twitter_card":"summary_large_image","twitter_misc":{"Dur\u00e9e de lecture estim\u00e9e":"1 minute"},"schema":{"@context":"https:\/\/schema.org","@graph":[{"@type":"WebPage","@id":"https:\/\/www.casagredohotel.com\/fr\/mariage\/","url":"https:\/\/www.casagredohotel.com\/fr\/mariage\/","name":"Mariage - Ca' Sagredo Hotel","isPartOf":{"@id":"https:\/\/www.casagredohotel.com\/fr\/#website"},"datePublished":"2020-08-07T06:50:13+00:00","dateModified":"2020-09-01T10:37:11+00:00","breadcrumb":{"@id":"https:\/\/www.casagredohotel.com\/fr\/mariage\/#breadcrumb"},"inLanguage":"fr-FR","potentialAction":[{"@type":"ReadAction","target":["https:\/\/www.casagredohotel.com\/fr\/mariage\/"]}]},{"@type":"BreadcrumbList","@id":"https:\/\/www.casagredohotel.com\/fr\/mariage\/#breadcrumb","itemListElement":[{"@type":"ListItem","position":1,"name":"Home","item":"https:\/\/www.casagredohotel.com\/fr\/"},{"@type":"ListItem","position":2,"name":"Mariage"}]},{"@type":"WebSite","@id":"https:\/\/www.casagredohotel.com\/fr\/#website","url":"https:\/\/www.casagredohotel.com\/fr\/","name":"Ca' Sagredo Hotel","description":"Just another ms.decms.eu site","potentialAction":[{"@type":"SearchAction","target":{"@type":"EntryPoint","urlTemplate":"https:\/\/www.casagredohotel.com\/fr\/?s={search_term_string}"},"query-input":{"@type":"PropertyValueSpecification","valueRequired":true,"valueName":"search_term_string"}}],"inLanguage":"fr-FR"}]}},"acf":[],"_links":{"self":[{"href":"https:\/\/www.casagredohotel.com\/fr\/wp-json\/wp\/v2\/pages\/1547","targetHints":{"allow":["GET"]}}],"collection":[{"href":"https:\/\/www.casagredohotel.com\/fr\/wp-json\/wp\/v2\/pages"}],"about":[{"href":"https:\/\/www.casagredohotel.com\/fr\/wp-json\/wp\/v2\/types\/page"}],"author":[{"embeddable":true,"href":"https:\/\/www.casagredohotel.com\/fr\/wp-json\/wp\/v2\/users\/13"}],"replies":[{"embeddable":true,"href":"https:\/\/www.casagredohotel.com\/fr\/wp-json\/wp\/v2\/comments?post=1547"}],"version-history":[{"count":0,"href":"https:\/\/www.casagredohotel.com\/fr\/wp-json\/wp\/v2\/pages\/1547\/revisions"}],"wp:attachment":[{"href":"https:\/\/www.casagredohotel.com\/fr\/wp-json\/wp\/v2\/media?parent=1547"}],"curies":[{"name":"wp","href":"https:\/\/api.w.org\/{rel}","templated":true}]}}