{"id":1574,"date":"2020-08-10T10:02:27","date_gmt":"2020-08-10T10:02:27","guid":{"rendered":"http:\/\/casagredo-hotel.ms.decms.eu\/?page_id=1574"},"modified":"2020-08-10T10:07:07","modified_gmt":"2020-08-10T10:07:07","slug":"nos-salles","status":"publish","type":"page","link":"https:\/\/www.casagredohotel.com\/fr\/evenements\/nos-salles\/","title":{"rendered":"Nos salles"},"content":{"rendered":"<p>D\u00e9couvrez la beaut\u00e9 \u00e9poustouflante de notre Sala della Musica, profitez gr\u00e2ce au cadre de notre Portego sur deux niveaux d\u2019une vue imprenable sur le Grand Canal, go\u00fbtez \u00e0 l\u2019ambiance intemporelle et aux richesses artistiques de nos Sala Amigoni, Sala del Doge et Sala del Tiepolo.<\/p>\n","protected":false},"excerpt":{"rendered":"<p>D\u00e9couvrez la beaut\u00e9 \u00e9poustouflante de notre Sala della Musica, profitez gr\u00e2ce au cadre de notre Portego sur deux niveaux d\u2019une vue imprenable sur le Grand Canal, go\u00fbtez \u00e0 l\u2019ambiance intemporelle et aux richesses artistiques de nos Sala Amigoni, Sala del Doge et Sala del Tiepolo.<\/p>\n","protected":false},"author":13,"featured_media":0,"parent":1503,"menu_order":30,"comment_status":"closed","ping_status":"closed","template":"fb-3d-meeting\/archive.php","meta":{"footnotes":""},"class_list":["post-1574","page","type-page","status-publish","hentry"],"yoast_head":"<!-- This site is optimized with the Yoast SEO plugin v26.9 - https:\/\/yoast.com\/product\/yoast-seo-wordpress\/ -->\n<title>Nos salles - Ca&#039; Sagredo Hotel<\/title>\n<meta name=\"robots\" content=\"index, follow, max-snippet:-1, max-image-preview:large, max-video-preview:-1\" \/>\n<link rel=\"canonical\" href=\"https:\/\/www.casagredohotel.com\/fr\/evenements\/nos-salles\/\" \/>\n<meta property=\"og:locale\" content=\"fr_FR\" \/>\n<meta property=\"og:type\" content=\"article\" \/>\n<meta property=\"og:title\" content=\"Nos salles - Ca&#039; Sagredo Hotel\" \/>\n<meta property=\"og:description\" content=\"D\u00e9couvrez la beaut\u00e9 \u00e9poustouflante de notre Sala della Musica, profitez gr\u00e2ce au cadre de notre Portego sur deux niveaux d\u2019une vue imprenable sur le Grand Canal, go\u00fbtez \u00e0 l\u2019ambiance intemporelle et aux richesses artistiques de nos Sala Amigoni, Sala del Doge et Sala del Tiepolo.\" \/>\n<meta property=\"og:url\" content=\"https:\/\/www.casagredohotel.com\/fr\/evenements\/nos-salles\/\" \/>\n<meta property=\"og:site_name\" content=\"Ca&#039; Sagredo Hotel\" \/>\n<meta property=\"article:modified_time\" content=\"2020-08-10T10:07:07+00:00\" \/>\n<meta name=\"twitter:card\" content=\"summary_large_image\" \/>\n<script type=\"application\/ld+json\" class=\"yoast-schema-graph\">{\"@context\":\"https:\/\/schema.org\",\"@graph\":[{\"@type\":\"WebPage\",\"@id\":\"https:\/\/www.casagredohotel.com\/fr\/evenements\/nos-salles\/\",\"url\":\"https:\/\/www.casagredohotel.com\/fr\/evenements\/nos-salles\/\",\"name\":\"Nos salles - Ca' Sagredo Hotel\",\"isPartOf\":{\"@id\":\"https:\/\/www.casagredohotel.com\/fr\/#website\"},\"datePublished\":\"2020-08-10T10:02:27+00:00\",\"dateModified\":\"2020-08-10T10:07:07+00:00\",\"breadcrumb\":{\"@id\":\"https:\/\/www.casagredohotel.com\/fr\/evenements\/nos-salles\/#breadcrumb\"},\"inLanguage\":\"fr-FR\",\"potentialAction\":[{\"@type\":\"ReadAction\",\"target\":[\"https:\/\/www.casagredohotel.com\/fr\/evenements\/nos-salles\/\"]}]},{\"@type\":\"BreadcrumbList\",\"@id\":\"https:\/\/www.casagredohotel.com\/fr\/evenements\/nos-salles\/#breadcrumb\",\"itemListElement\":[{\"@type\":\"ListItem\",\"position\":1,\"name\":\"Home\",\"item\":\"https:\/\/www.casagredohotel.com\/fr\/\"},{\"@type\":\"ListItem\",\"position\":2,\"name\":\"\u00c9v\u00e9nements\",\"item\":\"https:\/\/www.casagredohotel.com\/fr\/evenements\/\"},{\"@type\":\"ListItem\",\"position\":3,\"name\":\"Nos salles\"}]},{\"@type\":\"WebSite\",\"@id\":\"https:\/\/www.casagredohotel.com\/fr\/#website\",\"url\":\"https:\/\/www.casagredohotel.com\/fr\/\",\"name\":\"Ca' Sagredo Hotel\",\"description\":\"Just another ms.decms.eu site\",\"potentialAction\":[{\"@type\":\"SearchAction\",\"target\":{\"@type\":\"EntryPoint\",\"urlTemplate\":\"https:\/\/www.casagredohotel.com\/fr\/?s={search_term_string}\"},\"query-input\":{\"@type\":\"PropertyValueSpecification\",\"valueRequired\":true,\"valueName\":\"search_term_string\"}}],\"inLanguage\":\"fr-FR\"}]}<\/script>\n<!-- \/ Yoast SEO plugin. -->","yoast_head_json":{"title":"Nos salles - Ca' Sagredo Hotel","robots":{"index":"index","follow":"follow","max-snippet":"max-snippet:-1","max-image-preview":"max-image-preview:large","max-video-preview":"max-video-preview:-1"},"canonical":"https:\/\/www.casagredohotel.com\/fr\/evenements\/nos-salles\/","og_locale":"fr_FR","og_type":"article","og_title":"Nos salles - Ca' Sagredo Hotel","og_description":"D\u00e9couvrez la beaut\u00e9 \u00e9poustouflante de notre Sala della Musica, profitez gr\u00e2ce au cadre de notre Portego sur deux niveaux d\u2019une vue imprenable sur le Grand Canal, go\u00fbtez \u00e0 l\u2019ambiance intemporelle et aux richesses artistiques de nos Sala Amigoni, Sala del Doge et Sala del Tiepolo.","og_url":"https:\/\/www.casagredohotel.com\/fr\/evenements\/nos-salles\/","og_site_name":"Ca' Sagredo Hotel","article_modified_time":"2020-08-10T10:07:07+00:00","twitter_card":"summary_large_image","schema":{"@context":"https:\/\/schema.org","@graph":[{"@type":"WebPage","@id":"https:\/\/www.casagredohotel.com\/fr\/evenements\/nos-salles\/","url":"https:\/\/www.casagredohotel.com\/fr\/evenements\/nos-salles\/","name":"Nos salles - Ca' Sagredo Hotel","isPartOf":{"@id":"https:\/\/www.casagredohotel.com\/fr\/#website"},"datePublished":"2020-08-10T10:02:27+00:00","dateModified":"2020-08-10T10:07:07+00:00","breadcrumb":{"@id":"https:\/\/www.casagredohotel.com\/fr\/evenements\/nos-salles\/#breadcrumb"},"inLanguage":"fr-FR","potentialAction":[{"@type":"ReadAction","target":["https:\/\/www.casagredohotel.com\/fr\/evenements\/nos-salles\/"]}]},{"@type":"BreadcrumbList","@id":"https:\/\/www.casagredohotel.com\/fr\/evenements\/nos-salles\/#breadcrumb","itemListElement":[{"@type":"ListItem","position":1,"name":"Home","item":"https:\/\/www.casagredohotel.com\/fr\/"},{"@type":"ListItem","position":2,"name":"\u00c9v\u00e9nements","item":"https:\/\/www.casagredohotel.com\/fr\/evenements\/"},{"@type":"ListItem","position":3,"name":"Nos salles"}]},{"@type":"WebSite","@id":"https:\/\/www.casagredohotel.com\/fr\/#website","url":"https:\/\/www.casagredohotel.com\/fr\/","name":"Ca' Sagredo Hotel","description":"Just another ms.decms.eu site","potentialAction":[{"@type":"SearchAction","target":{"@type":"EntryPoint","urlTemplate":"https:\/\/www.casagredohotel.com\/fr\/?s={search_term_string}"},"query-input":{"@type":"PropertyValueSpecification","valueRequired":true,"valueName":"search_term_string"}}],"inLanguage":"fr-FR"}]}},"acf":[],"_links":{"self":[{"href":"https:\/\/www.casagredohotel.com\/fr\/wp-json\/wp\/v2\/pages\/1574","targetHints":{"allow":["GET"]}}],"collection":[{"href":"https:\/\/www.casagredohotel.com\/fr\/wp-json\/wp\/v2\/pages"}],"about":[{"href":"https:\/\/www.casagredohotel.com\/fr\/wp-json\/wp\/v2\/types\/page"}],"author":[{"embeddable":true,"href":"https:\/\/www.casagredohotel.com\/fr\/wp-json\/wp\/v2\/users\/13"}],"replies":[{"embeddable":true,"href":"https:\/\/www.casagredohotel.com\/fr\/wp-json\/wp\/v2\/comments?post=1574"}],"version-history":[{"count":0,"href":"https:\/\/www.casagredohotel.com\/fr\/wp-json\/wp\/v2\/pages\/1574\/revisions"}],"up":[{"embeddable":true,"href":"https:\/\/www.casagredohotel.com\/fr\/wp-json\/wp\/v2\/pages\/1503"}],"wp:attachment":[{"href":"https:\/\/www.casagredohotel.com\/fr\/wp-json\/wp\/v2\/media?parent=1574"}],"curies":[{"name":"wp","href":"https:\/\/api.w.org\/{rel}","templated":true}]}}