{"id":1729,"date":"2020-08-10T15:12:03","date_gmt":"2020-08-10T15:12:03","guid":{"rendered":"http:\/\/casagredo-hotel.ms.decms.eu\/?page_id=1729"},"modified":"2020-08-10T15:12:03","modified_gmt":"2020-08-10T15:12:03","slug":"la-famille-sagredo","status":"publish","type":"page","link":"https:\/\/www.casagredohotel.com\/fr\/moments-et-recompenses\/histoire\/la-famille-sagredo\/","title":{"rendered":"La famille Sagredo"},"content":{"rendered":"<p>Le palais date du 15e si\u00e8cle ; il a \u00e9t\u00e9 construit par la famille Morosini et a \u00e9t\u00e9 modifi\u00e9 \u00e0 plusieurs reprises au fil des ans.<\/p>\n<p>Le premier propri\u00e9taire, document\u00e9 en 1570, \u00e9tait Lorenzo Morosini, le fr\u00e8re de Domenico, un des patrons de l\u2019Acad\u00e9mie Pellegrina, dont m\u00eame Titien et Tintoret furent membres.<\/p>\n<p>Apr\u00e8s quelques revirements d\u2019h\u00e9ritage au sein de la famille Morosini, le palais a \u00e9t\u00e9 achet\u00e9 au milieu du 17e si\u00e8cle par les Sagredo, l\u2019une des plus prestigieuses familles de la noblesse v\u00e9nitienne, qui vivait dans le quartier de Santa Sofia depuis des si\u00e8cles.<\/p>\n<p>Ils font partie du Conseil principal de la R\u00e9publique depuis bien avant la Serrata de 1297, mais les premiers documents concernant les Sagredo remontent au 11e si\u00e8cle.<\/p>\n","protected":false},"excerpt":{"rendered":"<p>Le palais date du 15e si\u00e8cle ; il a \u00e9t\u00e9 construit par la famille Morosini et a \u00e9t\u00e9 modifi\u00e9 \u00e0 plusieurs reprises au fil des ans. Le premier propri\u00e9taire, document\u00e9 en 1570, \u00e9tait Lorenzo Morosini, le fr\u00e8re de Domenico, un des patrons de l\u2019Acad\u00e9mie Pellegrina, dont m\u00eame Titien et Tintoret furent membres. Apr\u00e8s quelques revirements [&hellip;]<\/p>\n","protected":false},"author":13,"featured_media":0,"parent":1722,"menu_order":10,"comment_status":"closed","ping_status":"closed","template":"","meta":{"footnotes":""},"class_list":["post-1729","page","type-page","status-publish","hentry"],"yoast_head":"<!-- This site is optimized with the Yoast SEO plugin v26.9 - https:\/\/yoast.com\/product\/yoast-seo-wordpress\/ -->\n<title>La famille Sagredo - Ca&#039; Sagredo Hotel<\/title>\n<meta name=\"robots\" content=\"index, follow, max-snippet:-1, max-image-preview:large, max-video-preview:-1\" \/>\n<link rel=\"canonical\" href=\"https:\/\/www.casagredohotel.com\/fr\/moments-et-recompenses\/histoire\/la-famille-sagredo\/\" \/>\n<meta property=\"og:locale\" content=\"fr_FR\" \/>\n<meta property=\"og:type\" content=\"article\" \/>\n<meta property=\"og:title\" content=\"La famille Sagredo - Ca&#039; Sagredo Hotel\" \/>\n<meta property=\"og:description\" content=\"Le palais date du 15e si\u00e8cle ; il a \u00e9t\u00e9 construit par la famille Morosini et a \u00e9t\u00e9 modifi\u00e9 \u00e0 plusieurs reprises au fil des ans. Le premier propri\u00e9taire, document\u00e9 en 1570, \u00e9tait Lorenzo Morosini, le fr\u00e8re de Domenico, un des patrons de l\u2019Acad\u00e9mie Pellegrina, dont m\u00eame Titien et Tintoret furent membres. Apr\u00e8s quelques revirements [&hellip;]\" \/>\n<meta property=\"og:url\" content=\"https:\/\/www.casagredohotel.com\/fr\/moments-et-recompenses\/histoire\/la-famille-sagredo\/\" \/>\n<meta property=\"og:site_name\" content=\"Ca&#039; Sagredo Hotel\" \/>\n<meta name=\"twitter:card\" content=\"summary_large_image\" \/>\n<meta name=\"twitter:label1\" content=\"Dur\u00e9e de lecture estim\u00e9e\" \/>\n\t<meta name=\"twitter:data1\" content=\"1 minute\" \/>\n<script type=\"application\/ld+json\" class=\"yoast-schema-graph\">{\"@context\":\"https:\/\/schema.org\",\"@graph\":[{\"@type\":\"WebPage\",\"@id\":\"https:\/\/www.casagredohotel.com\/fr\/moments-et-recompenses\/histoire\/la-famille-sagredo\/\",\"url\":\"https:\/\/www.casagredohotel.com\/fr\/moments-et-recompenses\/histoire\/la-famille-sagredo\/\",\"name\":\"La famille Sagredo - Ca' Sagredo Hotel\",\"isPartOf\":{\"@id\":\"https:\/\/www.casagredohotel.com\/fr\/#website\"},\"datePublished\":\"2020-08-10T15:12:03+00:00\",\"breadcrumb\":{\"@id\":\"https:\/\/www.casagredohotel.com\/fr\/moments-et-recompenses\/histoire\/la-famille-sagredo\/#breadcrumb\"},\"inLanguage\":\"fr-FR\",\"potentialAction\":[{\"@type\":\"ReadAction\",\"target\":[\"https:\/\/www.casagredohotel.com\/fr\/moments-et-recompenses\/histoire\/la-famille-sagredo\/\"]}]},{\"@type\":\"BreadcrumbList\",\"@id\":\"https:\/\/www.casagredohotel.com\/fr\/moments-et-recompenses\/histoire\/la-famille-sagredo\/#breadcrumb\",\"itemListElement\":[{\"@type\":\"ListItem\",\"position\":1,\"name\":\"Home\",\"item\":\"https:\/\/www.casagredohotel.com\/fr\/\"},{\"@type\":\"ListItem\",\"position\":2,\"name\":\"Moments et r\u00e9compenses\",\"item\":\"https:\/\/www.casagredohotel.com\/fr\/moments-et-recompenses\/\"},{\"@type\":\"ListItem\",\"position\":3,\"name\":\"Histoire\",\"item\":\"https:\/\/www.casagredohotel.com\/fr\/moments-et-recompenses\/histoire\/\"},{\"@type\":\"ListItem\",\"position\":4,\"name\":\"La famille Sagredo\"}]},{\"@type\":\"WebSite\",\"@id\":\"https:\/\/www.casagredohotel.com\/fr\/#website\",\"url\":\"https:\/\/www.casagredohotel.com\/fr\/\",\"name\":\"Ca' Sagredo Hotel\",\"description\":\"Just another ms.decms.eu site\",\"potentialAction\":[{\"@type\":\"SearchAction\",\"target\":{\"@type\":\"EntryPoint\",\"urlTemplate\":\"https:\/\/www.casagredohotel.com\/fr\/?s={search_term_string}\"},\"query-input\":{\"@type\":\"PropertyValueSpecification\",\"valueRequired\":true,\"valueName\":\"search_term_string\"}}],\"inLanguage\":\"fr-FR\"}]}<\/script>\n<!-- \/ Yoast SEO plugin. -->","yoast_head_json":{"title":"La famille Sagredo - Ca' Sagredo Hotel","robots":{"index":"index","follow":"follow","max-snippet":"max-snippet:-1","max-image-preview":"max-image-preview:large","max-video-preview":"max-video-preview:-1"},"canonical":"https:\/\/www.casagredohotel.com\/fr\/moments-et-recompenses\/histoire\/la-famille-sagredo\/","og_locale":"fr_FR","og_type":"article","og_title":"La famille Sagredo - Ca' Sagredo Hotel","og_description":"Le palais date du 15e si\u00e8cle ; il a \u00e9t\u00e9 construit par la famille Morosini et a \u00e9t\u00e9 modifi\u00e9 \u00e0 plusieurs reprises au fil des ans. Le premier propri\u00e9taire, document\u00e9 en 1570, \u00e9tait Lorenzo Morosini, le fr\u00e8re de Domenico, un des patrons de l\u2019Acad\u00e9mie Pellegrina, dont m\u00eame Titien et Tintoret furent membres. Apr\u00e8s quelques revirements [&hellip;]","og_url":"https:\/\/www.casagredohotel.com\/fr\/moments-et-recompenses\/histoire\/la-famille-sagredo\/","og_site_name":"Ca' Sagredo Hotel","twitter_card":"summary_large_image","twitter_misc":{"Dur\u00e9e de lecture estim\u00e9e":"1 minute"},"schema":{"@context":"https:\/\/schema.org","@graph":[{"@type":"WebPage","@id":"https:\/\/www.casagredohotel.com\/fr\/moments-et-recompenses\/histoire\/la-famille-sagredo\/","url":"https:\/\/www.casagredohotel.com\/fr\/moments-et-recompenses\/histoire\/la-famille-sagredo\/","name":"La famille Sagredo - Ca' Sagredo Hotel","isPartOf":{"@id":"https:\/\/www.casagredohotel.com\/fr\/#website"},"datePublished":"2020-08-10T15:12:03+00:00","breadcrumb":{"@id":"https:\/\/www.casagredohotel.com\/fr\/moments-et-recompenses\/histoire\/la-famille-sagredo\/#breadcrumb"},"inLanguage":"fr-FR","potentialAction":[{"@type":"ReadAction","target":["https:\/\/www.casagredohotel.com\/fr\/moments-et-recompenses\/histoire\/la-famille-sagredo\/"]}]},{"@type":"BreadcrumbList","@id":"https:\/\/www.casagredohotel.com\/fr\/moments-et-recompenses\/histoire\/la-famille-sagredo\/#breadcrumb","itemListElement":[{"@type":"ListItem","position":1,"name":"Home","item":"https:\/\/www.casagredohotel.com\/fr\/"},{"@type":"ListItem","position":2,"name":"Moments et r\u00e9compenses","item":"https:\/\/www.casagredohotel.com\/fr\/moments-et-recompenses\/"},{"@type":"ListItem","position":3,"name":"Histoire","item":"https:\/\/www.casagredohotel.com\/fr\/moments-et-recompenses\/histoire\/"},{"@type":"ListItem","position":4,"name":"La famille Sagredo"}]},{"@type":"WebSite","@id":"https:\/\/www.casagredohotel.com\/fr\/#website","url":"https:\/\/www.casagredohotel.com\/fr\/","name":"Ca' Sagredo Hotel","description":"Just another ms.decms.eu site","potentialAction":[{"@type":"SearchAction","target":{"@type":"EntryPoint","urlTemplate":"https:\/\/www.casagredohotel.com\/fr\/?s={search_term_string}"},"query-input":{"@type":"PropertyValueSpecification","valueRequired":true,"valueName":"search_term_string"}}],"inLanguage":"fr-FR"}]}},"acf":[],"_links":{"self":[{"href":"https:\/\/www.casagredohotel.com\/fr\/wp-json\/wp\/v2\/pages\/1729","targetHints":{"allow":["GET"]}}],"collection":[{"href":"https:\/\/www.casagredohotel.com\/fr\/wp-json\/wp\/v2\/pages"}],"about":[{"href":"https:\/\/www.casagredohotel.com\/fr\/wp-json\/wp\/v2\/types\/page"}],"author":[{"embeddable":true,"href":"https:\/\/www.casagredohotel.com\/fr\/wp-json\/wp\/v2\/users\/13"}],"replies":[{"embeddable":true,"href":"https:\/\/www.casagredohotel.com\/fr\/wp-json\/wp\/v2\/comments?post=1729"}],"version-history":[{"count":0,"href":"https:\/\/www.casagredohotel.com\/fr\/wp-json\/wp\/v2\/pages\/1729\/revisions"}],"up":[{"embeddable":true,"href":"https:\/\/www.casagredohotel.com\/fr\/wp-json\/wp\/v2\/pages\/1722"}],"wp:attachment":[{"href":"https:\/\/www.casagredohotel.com\/fr\/wp-json\/wp\/v2\/media?parent=1729"}],"curies":[{"name":"wp","href":"https:\/\/api.w.org\/{rel}","templated":true}]}}