{"id":1740,"date":"2020-08-11T08:55:38","date_gmt":"2020-08-11T08:55:38","guid":{"rendered":"http:\/\/casagredo-hotel.ms.decms.eu\/?page_id=1740"},"modified":"2020-08-11T09:19:50","modified_gmt":"2020-08-11T09:19:50","slug":"collectionneurs-et-patrimoine","status":"publish","type":"page","link":"https:\/\/www.casagredohotel.com\/fr\/moments-et-recompenses\/histoire\/collectionneurs-et-patrimoine\/","title":{"rendered":"Collectionneurs et patrimoine"},"content":{"rendered":"<p>Les inventaires d\u00e9taill\u00e9s compil\u00e9s pour d\u00e9cider de l\u2019h\u00e9ritage de Gerardo Sagredo t\u00e9moignent de la possession ces chefs-d\u2019\u0153uvre. Par exemple, nous savons que les peintures \u00e9taient si nombreuses qu\u2019elles devaient \u00eatre dispos\u00e9es en quatre rang\u00e9es pour pouvoir \u00eatre expos\u00e9es, et qu\u2019elles \u00e9taient class\u00e9es par taille pour faciliter l\u2019observation.<\/p>\n<p>De nombreuses cr\u00e9ations en stuc, des sculptures, des livres, des gravures et d\u2019autres \u0153uvres se trouvent encore dans le palais ou y ont laiss\u00e9 une trace : \u00e0 travers les si\u00e8cles, de nombreuses \u0153uvres et pi\u00e8ces de la collection pr\u00e9cieuse des Sagredo ont \u00e9t\u00e9 vendues, d\u00e9plac\u00e9es ou perdues, et seuls ces inventaires nous permettre de reconstruire le chemin de chacune, en plus de l\u2019engagement et de la valeur.<\/p>\n<p>Parmi les membres de cette famille, nous retenons en particulier Nicol\u00f2, Zaccaria et Agostino, qui ont consacr\u00e9 toute leur vie \u00e0 l\u2019art avec passion et minutie.<\/p>\n","protected":false},"excerpt":{"rendered":"<p>Les inventaires d\u00e9taill\u00e9s compil\u00e9s pour d\u00e9cider de l\u2019h\u00e9ritage de Gerardo Sagredo t\u00e9moignent de la possession ces chefs-d\u2019\u0153uvre. Par exemple, nous savons que les peintures \u00e9taient si nombreuses qu\u2019elles devaient \u00eatre dispos\u00e9es en quatre rang\u00e9es pour pouvoir \u00eatre expos\u00e9es, et qu\u2019elles \u00e9taient class\u00e9es par taille pour faciliter l\u2019observation. De nombreuses cr\u00e9ations en stuc, des sculptures, des [&hellip;]<\/p>\n","protected":false},"author":13,"featured_media":0,"parent":1722,"menu_order":30,"comment_status":"closed","ping_status":"closed","template":"template-page-with-sections.php","meta":{"footnotes":""},"class_list":["post-1740","page","type-page","status-publish","hentry"],"yoast_head":"<!-- This site is optimized with the Yoast SEO plugin v26.9 - https:\/\/yoast.com\/product\/yoast-seo-wordpress\/ -->\n<title>Collectionneurs et patrimoine - Ca&#039; Sagredo Hotel<\/title>\n<meta name=\"robots\" content=\"index, follow, max-snippet:-1, max-image-preview:large, max-video-preview:-1\" \/>\n<link rel=\"canonical\" href=\"https:\/\/www.casagredohotel.com\/fr\/moments-et-recompenses\/histoire\/collectionneurs-et-patrimoine\/\" \/>\n<meta property=\"og:locale\" content=\"fr_FR\" \/>\n<meta property=\"og:type\" content=\"article\" \/>\n<meta property=\"og:title\" content=\"Collectionneurs et patrimoine - Ca&#039; Sagredo Hotel\" \/>\n<meta property=\"og:description\" content=\"Les inventaires d\u00e9taill\u00e9s compil\u00e9s pour d\u00e9cider de l\u2019h\u00e9ritage de Gerardo Sagredo t\u00e9moignent de la possession ces chefs-d\u2019\u0153uvre. Par exemple, nous savons que les peintures \u00e9taient si nombreuses qu\u2019elles devaient \u00eatre dispos\u00e9es en quatre rang\u00e9es pour pouvoir \u00eatre expos\u00e9es, et qu\u2019elles \u00e9taient class\u00e9es par taille pour faciliter l\u2019observation. De nombreuses cr\u00e9ations en stuc, des sculptures, des [&hellip;]\" \/>\n<meta property=\"og:url\" content=\"https:\/\/www.casagredohotel.com\/fr\/moments-et-recompenses\/histoire\/collectionneurs-et-patrimoine\/\" \/>\n<meta property=\"og:site_name\" content=\"Ca&#039; Sagredo Hotel\" \/>\n<meta property=\"article:modified_time\" content=\"2020-08-11T09:19:50+00:00\" \/>\n<meta name=\"twitter:card\" content=\"summary_large_image\" \/>\n<meta name=\"twitter:label1\" content=\"Dur\u00e9e de lecture estim\u00e9e\" \/>\n\t<meta name=\"twitter:data1\" content=\"1 minute\" \/>\n<script type=\"application\/ld+json\" class=\"yoast-schema-graph\">{\"@context\":\"https:\/\/schema.org\",\"@graph\":[{\"@type\":\"WebPage\",\"@id\":\"https:\/\/www.casagredohotel.com\/fr\/moments-et-recompenses\/histoire\/collectionneurs-et-patrimoine\/\",\"url\":\"https:\/\/www.casagredohotel.com\/fr\/moments-et-recompenses\/histoire\/collectionneurs-et-patrimoine\/\",\"name\":\"Collectionneurs et patrimoine - Ca' Sagredo Hotel\",\"isPartOf\":{\"@id\":\"https:\/\/www.casagredohotel.com\/fr\/#website\"},\"datePublished\":\"2020-08-11T08:55:38+00:00\",\"dateModified\":\"2020-08-11T09:19:50+00:00\",\"breadcrumb\":{\"@id\":\"https:\/\/www.casagredohotel.com\/fr\/moments-et-recompenses\/histoire\/collectionneurs-et-patrimoine\/#breadcrumb\"},\"inLanguage\":\"fr-FR\",\"potentialAction\":[{\"@type\":\"ReadAction\",\"target\":[\"https:\/\/www.casagredohotel.com\/fr\/moments-et-recompenses\/histoire\/collectionneurs-et-patrimoine\/\"]}]},{\"@type\":\"BreadcrumbList\",\"@id\":\"https:\/\/www.casagredohotel.com\/fr\/moments-et-recompenses\/histoire\/collectionneurs-et-patrimoine\/#breadcrumb\",\"itemListElement\":[{\"@type\":\"ListItem\",\"position\":1,\"name\":\"Home\",\"item\":\"https:\/\/www.casagredohotel.com\/fr\/\"},{\"@type\":\"ListItem\",\"position\":2,\"name\":\"Moments et r\u00e9compenses\",\"item\":\"https:\/\/www.casagredohotel.com\/fr\/moments-et-recompenses\/\"},{\"@type\":\"ListItem\",\"position\":3,\"name\":\"Histoire\",\"item\":\"https:\/\/www.casagredohotel.com\/fr\/moments-et-recompenses\/histoire\/\"},{\"@type\":\"ListItem\",\"position\":4,\"name\":\"Collectionneurs et patrimoine\"}]},{\"@type\":\"WebSite\",\"@id\":\"https:\/\/www.casagredohotel.com\/fr\/#website\",\"url\":\"https:\/\/www.casagredohotel.com\/fr\/\",\"name\":\"Ca' Sagredo Hotel\",\"description\":\"Just another ms.decms.eu site\",\"potentialAction\":[{\"@type\":\"SearchAction\",\"target\":{\"@type\":\"EntryPoint\",\"urlTemplate\":\"https:\/\/www.casagredohotel.com\/fr\/?s={search_term_string}\"},\"query-input\":{\"@type\":\"PropertyValueSpecification\",\"valueRequired\":true,\"valueName\":\"search_term_string\"}}],\"inLanguage\":\"fr-FR\"}]}<\/script>\n<!-- \/ Yoast SEO plugin. -->","yoast_head_json":{"title":"Collectionneurs et patrimoine - Ca' Sagredo Hotel","robots":{"index":"index","follow":"follow","max-snippet":"max-snippet:-1","max-image-preview":"max-image-preview:large","max-video-preview":"max-video-preview:-1"},"canonical":"https:\/\/www.casagredohotel.com\/fr\/moments-et-recompenses\/histoire\/collectionneurs-et-patrimoine\/","og_locale":"fr_FR","og_type":"article","og_title":"Collectionneurs et patrimoine - Ca' Sagredo Hotel","og_description":"Les inventaires d\u00e9taill\u00e9s compil\u00e9s pour d\u00e9cider de l\u2019h\u00e9ritage de Gerardo Sagredo t\u00e9moignent de la possession ces chefs-d\u2019\u0153uvre. Par exemple, nous savons que les peintures \u00e9taient si nombreuses qu\u2019elles devaient \u00eatre dispos\u00e9es en quatre rang\u00e9es pour pouvoir \u00eatre expos\u00e9es, et qu\u2019elles \u00e9taient class\u00e9es par taille pour faciliter l\u2019observation. De nombreuses cr\u00e9ations en stuc, des sculptures, des [&hellip;]","og_url":"https:\/\/www.casagredohotel.com\/fr\/moments-et-recompenses\/histoire\/collectionneurs-et-patrimoine\/","og_site_name":"Ca' Sagredo Hotel","article_modified_time":"2020-08-11T09:19:50+00:00","twitter_card":"summary_large_image","twitter_misc":{"Dur\u00e9e de lecture estim\u00e9e":"1 minute"},"schema":{"@context":"https:\/\/schema.org","@graph":[{"@type":"WebPage","@id":"https:\/\/www.casagredohotel.com\/fr\/moments-et-recompenses\/histoire\/collectionneurs-et-patrimoine\/","url":"https:\/\/www.casagredohotel.com\/fr\/moments-et-recompenses\/histoire\/collectionneurs-et-patrimoine\/","name":"Collectionneurs et patrimoine - Ca' Sagredo Hotel","isPartOf":{"@id":"https:\/\/www.casagredohotel.com\/fr\/#website"},"datePublished":"2020-08-11T08:55:38+00:00","dateModified":"2020-08-11T09:19:50+00:00","breadcrumb":{"@id":"https:\/\/www.casagredohotel.com\/fr\/moments-et-recompenses\/histoire\/collectionneurs-et-patrimoine\/#breadcrumb"},"inLanguage":"fr-FR","potentialAction":[{"@type":"ReadAction","target":["https:\/\/www.casagredohotel.com\/fr\/moments-et-recompenses\/histoire\/collectionneurs-et-patrimoine\/"]}]},{"@type":"BreadcrumbList","@id":"https:\/\/www.casagredohotel.com\/fr\/moments-et-recompenses\/histoire\/collectionneurs-et-patrimoine\/#breadcrumb","itemListElement":[{"@type":"ListItem","position":1,"name":"Home","item":"https:\/\/www.casagredohotel.com\/fr\/"},{"@type":"ListItem","position":2,"name":"Moments et r\u00e9compenses","item":"https:\/\/www.casagredohotel.com\/fr\/moments-et-recompenses\/"},{"@type":"ListItem","position":3,"name":"Histoire","item":"https:\/\/www.casagredohotel.com\/fr\/moments-et-recompenses\/histoire\/"},{"@type":"ListItem","position":4,"name":"Collectionneurs et patrimoine"}]},{"@type":"WebSite","@id":"https:\/\/www.casagredohotel.com\/fr\/#website","url":"https:\/\/www.casagredohotel.com\/fr\/","name":"Ca' Sagredo Hotel","description":"Just another ms.decms.eu site","potentialAction":[{"@type":"SearchAction","target":{"@type":"EntryPoint","urlTemplate":"https:\/\/www.casagredohotel.com\/fr\/?s={search_term_string}"},"query-input":{"@type":"PropertyValueSpecification","valueRequired":true,"valueName":"search_term_string"}}],"inLanguage":"fr-FR"}]}},"acf":[],"_links":{"self":[{"href":"https:\/\/www.casagredohotel.com\/fr\/wp-json\/wp\/v2\/pages\/1740","targetHints":{"allow":["GET"]}}],"collection":[{"href":"https:\/\/www.casagredohotel.com\/fr\/wp-json\/wp\/v2\/pages"}],"about":[{"href":"https:\/\/www.casagredohotel.com\/fr\/wp-json\/wp\/v2\/types\/page"}],"author":[{"embeddable":true,"href":"https:\/\/www.casagredohotel.com\/fr\/wp-json\/wp\/v2\/users\/13"}],"replies":[{"embeddable":true,"href":"https:\/\/www.casagredohotel.com\/fr\/wp-json\/wp\/v2\/comments?post=1740"}],"version-history":[{"count":0,"href":"https:\/\/www.casagredohotel.com\/fr\/wp-json\/wp\/v2\/pages\/1740\/revisions"}],"up":[{"embeddable":true,"href":"https:\/\/www.casagredohotel.com\/fr\/wp-json\/wp\/v2\/pages\/1722"}],"wp:attachment":[{"href":"https:\/\/www.casagredohotel.com\/fr\/wp-json\/wp\/v2\/media?parent=1740"}],"curies":[{"name":"wp","href":"https:\/\/api.w.org\/{rel}","templated":true}]}}