{"id":1670,"date":"2020-08-10T13:42:25","date_gmt":"2020-08-10T13:42:25","guid":{"rendered":"http:\/\/casagredo-hotel.ms.decms.eu\/?page_id=1670"},"modified":"2023-03-01T09:26:22","modified_gmt":"2023-03-01T09:26:22","slug":"privacy","status":"publish","type":"page","link":"https:\/\/www.casagredohotel.com\/it\/privacy\/","title":{"rendered":"Privacy"},"content":{"rendered":"<p>In questa pagina si descrivono le modalit\u00e0 di gestione del sito in riferimento al trattamento dei dati personali degli utenti che lo consultano.<\/p>\n<p>Si tratta di un\u2019informativa che \u00e8 resa anche ai sensi della normativa vigente in materia di protezione dei dati personali (Regolamento UE 2016\/679 \u2013 D. Legisl. 196\/2003), a coloro che consultano le pagine del sito internet www.casagredohotel.com (di seguito: \u201csito\u201d) o che usufruiscono dei servizi sullo stesso messi a disposizione.<\/p>\n<p>L\u2019informativa \u00e8 resa esclusivamente per il sito di<strong>Ca\u2019 Sagredo Venezia s.r.l. <\/strong>e non anche per altri siti web eventualmente consultati dall\u2019utente tramite i link presenti all\u2019interno del sito.<\/p>\n<p>Il Titolare del trattamento dei dati \u00e8 la Societ\u00e0 <strong>Ca\u2019 Sagredo Venezia s.r.l.<\/strong> con sede legale in Isola della Giudecca, 753\/C &#8211; 301333 Venezia.<\/p>\n<p><strong>I Responsabili del Trattamento<\/strong><\/p>\n<p>Ai sensi dell\u2019art. 29 del D. Lgs. 196\/2003, Responsabile del Trattamento \u00e8 <strong>Ca\u2019 Sagredo Venezia s.r.l.<\/strong><\/p>\n<p>Ai sensi dell\u2019art. 29 del D. Lgs. 196\/2003, Responsabile esterno del trattamento dei dati per la gestione del sito e l\u2019acquisizione dei dati personali in fase di prenotazione \u00e8 la Societ\u00e0 D-EDGE SAS 64-66 Rue des Archives &#8211; 75003 Parigi &#8211; Francia, proprietaria del motore di prenotazione alberghiera integrato nel presente <a href=\"https:\/\/www.d-edge.com\/\">sito web<\/a>.<\/p>\n<p>La Responsabile della protezione dei dati \u2013 <strong>DPO<\/strong> \u00e8 la Direttrice Generale Dottoressa Lain Lorenza info@casagredohotel.com.<\/p>\n<p><strong>Tipi di dati trattati<\/strong><\/p>\n<p><u>Dati di navigazione<\/u><\/p>\n<p>I sistemi informatici e le procedure software preposte al funzionamento di questo sito web acquisiscono, nel corso del loro normale esercizio, alcuni dati personali la cui trasmissione \u00e8 implicita nell\u2019uso dei protocolli di comunicazione di Internet.<\/p>\n<p>Si tratta di informazioni che non sono raccolte per essere associate a interessati identificati, a che per loro stessa natura potrebbero, attraverso elaborazioni ed associazioni con dati detenuti da terzi, permettere di identificare gli utenti.<\/p>\n<p>In questa categoria di dati rientrano gli indirizzi IP o i nomi a dominio dei computer utilizzati dagli utenti che si connettono al sito, gli indirizzi in notazione URI (Uniform Resource Identifier) delle risorse richieste, l\u2019orario della richiesta, il metodo utilizzato nel sottoporre la richiesta al server, la dimensione del file ottenuto in risposta, il codice numerico indicante lo stato della risposta data dal server aperta parentesi buon fine, errore, ecc.) ed altri parametri relativi al sistema operativo e all&#8217;ambiente informatico dell&#8217;utente.<\/p>\n<p>Questi dati vengono utilizzati al solo fine di ricavare informazioni statistiche anonime sull&#8217;uso del sito e per controllarne il corretto funzionamento e vengono cancellati immediatamente dopo l&#8217;elaborazione. I dati potrebbero essere utilizzati per l&#8217;accertamento di responsabilit\u00e0 in caso di ipotetici reati informatici ai danni del sito: salva questa eventualit\u00e0, allo stato i dati sui contatti Web non persistono per pi\u00f9 di sette giorni.<\/p>\n<p><u>Dati forniti volontariamente dall&#8217;utente<\/u><\/p>\n<p>La registrazione dei dati personali, anche particolari (cosiddetti &#8220;sensibili\u201d), sull&#8217;apposita pagina del sito, finalizzata a richiedere servizi, l&#8217;accesso alle aree riservata del sito, la richiesta di invio della newsletter, nonch\u00e9 l&#8217;invio facoltativo, esplicito e volontario di posta elettronica agli indirizzi indicati su questo sito, comporta la successiva acquisizione dell&#8217;indirizzo del mittente, necessarie per rispondere alle richieste, nonch\u00e9 degli eventuali altri dati personali inseriti.<\/p>\n<p>Specifiche informative di sintesi verranno progressivamente riportate o visualizzate nelle pagine del sito predisposte per particolari servizi a richiesta.<\/p>\n<p><u>Cookie<\/u><\/p>\n<p>L\u2019uso di c.d. cookies di sessione (che non vengono memorizzati in modo persistente sul computer dell\u2019utente e svaniscono con la chiusura del browser) \u00e8 strettamente limitato alla trasmissione di identificativi di sessione (costituiti da numeri casuali generati dal server) necessari per consentire l\u2019esplorazione sicura ed efficiente del sito. I c.d. cookies di sessione utilizzati in questo sito evitano il ricorso ad altre tecniche informatiche potenzialmente pregiudizievoli per la riservatezza della navigazione degli utenti e non consentono l\u2019acquisizione di dati personali identificativi dell\u2019utente.<\/p>\n<p>Per poter scegliere o modificare o essere informati dettagliatamente delle opzioni disponibili sull\u2019utilizzo dei cookies da parte di Ca\u2019 Sagredo Hotel clicca su <a href=\"https:\/\/staticaws.fbwebprogram.com\/fbcdn\/jquery_plugins\/fb-cookie-law\/text\/it.html\"><strong>Cookie Policy<\/strong><\/a><\/p>\n<p><strong>Facoltativit\u00e0 del conferimento dei dati<\/strong><\/p>\n<p>A parte quanto specificato per i dati di navigazione, l&#8217;utente \u00e8 libero di fornire i dati personali riportati nei moduli di richieste di servizi, O comunque indicati in contatti con i nostri uffici per sollecitare l&#8217;invio della newsletter, di materiale informativo o di altre comunicazioni.<\/p>\n<p>Loro mancato conferimento pu\u00f2 comportare l&#8217;impossibilit\u00e0 di ottenere quanto richiesto.<\/p>\n<p><strong>Modalit\u00e0 del trattamento<\/strong><\/p>\n<p>I dati personali sono trattati con strumenti automatizzati e manuali per il tempo strettamente necessario a conseguire gli scopi per cui sono stati raccolti.<\/p>\n<p>Specifiche misure di sicurezza sono osservate per prevenire la perdita dei dati, usi illeciti o non corretti ed accessi non autorizzati.<\/p>\n<p><strong>Diritti degli interessati<\/strong><\/p>\n<p>I soggetti cui si riferiscono i dati personali hanno alcuni diritti (diritto di accesso, diritto di rettifica, diritto alla cancellazione, diritto di limitazione di trattamento, diritto alla portabilit\u00e0 dei dati, diritto di opposizione, diritto di non essere sottoposto ad una decisione basata unicamente sul trattamento automatizzato, compresa la profilazione) se ed in quanto applicabili (articoli da 15 a 22 del Regolamento UE n. 679 del 2016). Hanno inoltre diritto di reclamo all&#8217;autorit\u00e0 di controllo, secondo le procedure previste dalla normativa vigente.<\/p>\n<p><u>Le richieste vanno rivolte:<\/u><\/p>\n<p>&#8211; via e-mail, all\u2019indirizzo: info@casagredohotel.com<\/p>\n<p>&#8211; via fax: 041 2413521<\/p>\n<p>&#8211; oppure via posta, a: <strong>Ca\u2019 Sagredo Venezia s.r.l.<\/strong>&#8211; Campo Santa Sofia 4198\/99 &#8211; 30121 Venezia &#8211; Italia<\/p>\n","protected":false},"excerpt":{"rendered":"<p>In questa pagina si descrivono le modalit\u00e0 di gestione del sito in riferimento al trattamento dei dati personali degli utenti che lo consultano. Si tratta di un\u2019informativa che \u00e8 resa anche ai sensi della normativa vigente in materia di protezione dei dati personali (Regolamento UE 2016\/679 \u2013 D. Legisl. 196\/2003), a coloro che consultano le [&hellip;]<\/p>\n","protected":false},"author":13,"featured_media":0,"parent":0,"menu_order":180,"comment_status":"closed","ping_status":"closed","template":"","meta":{"footnotes":""},"class_list":["post-1670","page","type-page","status-publish","hentry"],"yoast_head":"<!-- This site is optimized with the Yoast SEO plugin v26.9 - https:\/\/yoast.com\/product\/yoast-seo-wordpress\/ -->\n<title>Privacy - Ca&#039; Sagredo Hotel<\/title>\n<meta name=\"robots\" content=\"index, follow, max-snippet:-1, max-image-preview:large, max-video-preview:-1\" \/>\n<link rel=\"canonical\" href=\"https:\/\/www.casagredohotel.com\/it\/privacy\/\" \/>\n<meta property=\"og:locale\" content=\"it_IT\" \/>\n<meta property=\"og:type\" content=\"article\" \/>\n<meta property=\"og:title\" content=\"Privacy - Ca&#039; Sagredo Hotel\" \/>\n<meta property=\"og:description\" content=\"In questa pagina si descrivono le modalit\u00e0 di gestione del sito in riferimento al trattamento dei dati personali degli utenti che lo consultano. Si tratta di un\u2019informativa che \u00e8 resa anche ai sensi della normativa vigente in materia di protezione dei dati personali (Regolamento UE 2016\/679 \u2013 D. Legisl. 196\/2003), a coloro che consultano le [&hellip;]\" \/>\n<meta property=\"og:url\" content=\"https:\/\/www.casagredohotel.com\/it\/privacy\/\" \/>\n<meta property=\"og:site_name\" content=\"Ca&#039; Sagredo Hotel\" \/>\n<meta property=\"article:modified_time\" content=\"2023-03-01T09:26:22+00:00\" \/>\n<meta name=\"twitter:card\" content=\"summary_large_image\" \/>\n<meta name=\"twitter:label1\" content=\"Tempo di lettura stimato\" \/>\n\t<meta name=\"twitter:data1\" content=\"12 minuti\" \/>\n<script type=\"application\/ld+json\" class=\"yoast-schema-graph\">{\"@context\":\"https:\/\/schema.org\",\"@graph\":[{\"@type\":\"WebPage\",\"@id\":\"https:\/\/www.casagredohotel.com\/it\/privacy\/\",\"url\":\"https:\/\/www.casagredohotel.com\/it\/privacy\/\",\"name\":\"Privacy - Ca' Sagredo Hotel\",\"isPartOf\":{\"@id\":\"https:\/\/www.casagredohotel.com\/it\/#website\"},\"datePublished\":\"2020-08-10T13:42:25+00:00\",\"dateModified\":\"2023-03-01T09:26:22+00:00\",\"breadcrumb\":{\"@id\":\"https:\/\/www.casagredohotel.com\/it\/privacy\/#breadcrumb\"},\"inLanguage\":\"it-IT\",\"potentialAction\":[{\"@type\":\"ReadAction\",\"target\":[\"https:\/\/www.casagredohotel.com\/it\/privacy\/\"]}]},{\"@type\":\"BreadcrumbList\",\"@id\":\"https:\/\/www.casagredohotel.com\/it\/privacy\/#breadcrumb\",\"itemListElement\":[{\"@type\":\"ListItem\",\"position\":1,\"name\":\"Home\",\"item\":\"https:\/\/www.casagredohotel.com\/it\/\"},{\"@type\":\"ListItem\",\"position\":2,\"name\":\"Privacy\"}]},{\"@type\":\"WebSite\",\"@id\":\"https:\/\/www.casagredohotel.com\/it\/#website\",\"url\":\"https:\/\/www.casagredohotel.com\/it\/\",\"name\":\"Ca' Sagredo Hotel\",\"description\":\"Just another ms.decms.eu site\",\"potentialAction\":[{\"@type\":\"SearchAction\",\"target\":{\"@type\":\"EntryPoint\",\"urlTemplate\":\"https:\/\/www.casagredohotel.com\/it\/?s={search_term_string}\"},\"query-input\":{\"@type\":\"PropertyValueSpecification\",\"valueRequired\":true,\"valueName\":\"search_term_string\"}}],\"inLanguage\":\"it-IT\"}]}<\/script>\n<!-- \/ Yoast SEO plugin. -->","yoast_head_json":{"title":"Privacy - Ca' Sagredo Hotel","robots":{"index":"index","follow":"follow","max-snippet":"max-snippet:-1","max-image-preview":"max-image-preview:large","max-video-preview":"max-video-preview:-1"},"canonical":"https:\/\/www.casagredohotel.com\/it\/privacy\/","og_locale":"it_IT","og_type":"article","og_title":"Privacy - Ca' Sagredo Hotel","og_description":"In questa pagina si descrivono le modalit\u00e0 di gestione del sito in riferimento al trattamento dei dati personali degli utenti che lo consultano. Si tratta di un\u2019informativa che \u00e8 resa anche ai sensi della normativa vigente in materia di protezione dei dati personali (Regolamento UE 2016\/679 \u2013 D. Legisl. 196\/2003), a coloro che consultano le [&hellip;]","og_url":"https:\/\/www.casagredohotel.com\/it\/privacy\/","og_site_name":"Ca' Sagredo Hotel","article_modified_time":"2023-03-01T09:26:22+00:00","twitter_card":"summary_large_image","twitter_misc":{"Tempo di lettura stimato":"12 minuti"},"schema":{"@context":"https:\/\/schema.org","@graph":[{"@type":"WebPage","@id":"https:\/\/www.casagredohotel.com\/it\/privacy\/","url":"https:\/\/www.casagredohotel.com\/it\/privacy\/","name":"Privacy - Ca' Sagredo Hotel","isPartOf":{"@id":"https:\/\/www.casagredohotel.com\/it\/#website"},"datePublished":"2020-08-10T13:42:25+00:00","dateModified":"2023-03-01T09:26:22+00:00","breadcrumb":{"@id":"https:\/\/www.casagredohotel.com\/it\/privacy\/#breadcrumb"},"inLanguage":"it-IT","potentialAction":[{"@type":"ReadAction","target":["https:\/\/www.casagredohotel.com\/it\/privacy\/"]}]},{"@type":"BreadcrumbList","@id":"https:\/\/www.casagredohotel.com\/it\/privacy\/#breadcrumb","itemListElement":[{"@type":"ListItem","position":1,"name":"Home","item":"https:\/\/www.casagredohotel.com\/it\/"},{"@type":"ListItem","position":2,"name":"Privacy"}]},{"@type":"WebSite","@id":"https:\/\/www.casagredohotel.com\/it\/#website","url":"https:\/\/www.casagredohotel.com\/it\/","name":"Ca' Sagredo Hotel","description":"Just another ms.decms.eu site","potentialAction":[{"@type":"SearchAction","target":{"@type":"EntryPoint","urlTemplate":"https:\/\/www.casagredohotel.com\/it\/?s={search_term_string}"},"query-input":{"@type":"PropertyValueSpecification","valueRequired":true,"valueName":"search_term_string"}}],"inLanguage":"it-IT"}]}},"acf":[],"_links":{"self":[{"href":"https:\/\/www.casagredohotel.com\/it\/wp-json\/wp\/v2\/pages\/1670","targetHints":{"allow":["GET"]}}],"collection":[{"href":"https:\/\/www.casagredohotel.com\/it\/wp-json\/wp\/v2\/pages"}],"about":[{"href":"https:\/\/www.casagredohotel.com\/it\/wp-json\/wp\/v2\/types\/page"}],"author":[{"embeddable":true,"href":"https:\/\/www.casagredohotel.com\/it\/wp-json\/wp\/v2\/users\/13"}],"replies":[{"embeddable":true,"href":"https:\/\/www.casagredohotel.com\/it\/wp-json\/wp\/v2\/comments?post=1670"}],"version-history":[{"count":0,"href":"https:\/\/www.casagredohotel.com\/it\/wp-json\/wp\/v2\/pages\/1670\/revisions"}],"wp:attachment":[{"href":"https:\/\/www.casagredohotel.com\/it\/wp-json\/wp\/v2\/media?parent=1670"}],"curies":[{"name":"wp","href":"https:\/\/api.w.org\/{rel}","templated":true}]}}