{"id":1730,"date":"2020-08-10T15:12:37","date_gmt":"2020-08-10T15:12:37","guid":{"rendered":"http:\/\/casagredo-hotel.ms.decms.eu\/?page_id=1730"},"modified":"2020-08-10T15:12:37","modified_gmt":"2020-08-10T15:12:37","slug":"i-sagredo","status":"publish","type":"page","link":"https:\/\/www.casagredohotel.com\/it\/momenti-e-premi\/storia\/i-sagredo\/","title":{"rendered":"I Sagredo"},"content":{"rendered":"<p>Il Palazzo risale originariamente al XIII secolo; edificato per conto della famiglia Morosini, \u00e8 stato pi\u00f9 volte ristrutturato nel corso della sua storia.<br \/>\nIl primo proprietario fu Lorenzo Morosini, fratello di Domenico, uno dei patrocinatori dell\u2019Accademia Pellegrina cui aderirono pittori del calibro di Tiziano e Tintoretto, di cui abbiamo notizia attraverso un documento risalente al 1570.<br \/>\nDopo numerosi avvicendamenti ereditari della famiglia Morosini, intorno alla met\u00e0 del 1600 il Palazzo divenne propriet\u00e0 dei Sagredo, considerati allora una delle pi\u00f9 illustri famiglie del Patriziato veneto, presenti nel Maggior Consiglio della Repubblica fin da prima della Serrata del 1297 ma di cui si trova documentazione fin dal IX secolo. Diedero i natali anche a S. Gerardo Sagredo, martire nell\u2019anno 1047 e Patrono di Budapest.<\/p>\n<p>Nel 1661 il palazzo venne venduto a Nicol\u00f2 Sagredo, gi\u00e0 ambasciatore di Venezia a Roma e futuro Doge (1675-1676), oltre che primo grande collezionista d\u2019arte della famiglia.<br \/>\nSuccessivamente, su un progetto di Andrea Tirali databile ai primi tre decenni del Settecento, il Palazzo sub\u00ec importanti lavori di ristrutturazione degli interni: la creazione dello scalone, le numerose decorazioni a stucco e la riorganizzazione delle sale.<br \/>\nZaccaria Sagredo, vissuto nella seconda met\u00e0 del secolo XVIII, raccolse nel palazzo una collezione, considerata tra le pi\u00f9 importanti d\u2019Europa, composta da oltre 800 dipinti realizzati dall\u2019epoca del Rinascimento ai suoi giorni e da circa 2000 fra disegni (anche di Leonardo) e incisioni, oltre ad una fornitissima e preziosa biblioteca.<br \/>\nLa stessa passione per l\u2019arte fu ereditata dal nipote Gerardo che nel 1718 commission\u00f2 a Carpoforo Mazzetti e Tencalla gli stucchi che ancora decorano l\u2019ammezzato del sottotetto, costituito da sette stanze destinate a luogo di incontro e di svago.<\/p>\n<p>Alla morte di Gerardo Sagredo inizi\u00f2 una lunga e controversa azione legale testamentaria per decidere a quale ramo della famiglia spettasse il Palazzo, il cui prestigio era tale che nel 1791 l\u2019imperatore Leopoldo II ammir\u00f2 la Regata organizzata in suo onore dal balcone del piano nobile.<br \/>\nMerita di essere menzionata Marina Sagredo, famosa per il suo anticonformismo, lo spirito liberale, l\u2019impegno e l\u2019attivit\u00e0 artistica, al punto di trovarsi ad affrontare diverse controversie con i Magistrati della Repubblica. Fu a lei che Carlo Goldoni nel 1700 dedic\u00f2 la commedia \u201cLa Sposa Virtuosa\u201d.<br \/>\nAlla caduta della Repubblica la famiglia Sagredo alien\u00f2 gran parte delle sue propriet\u00e0, mantenendo per\u00f2 il Palazzo sul Canal Grande.<br \/>\nNel 1808 Ca\u2019 Sagredo pass\u00f2 a Zuane Sagredo, il quale, ricavate al piano terra due abitazioni principali e quattro botteghe con magazzino, le concesse in locazione.<br \/>\nNella seconda met\u00e0 dell\u2019Ottocento la propriet\u00e0 and\u00f2 ad Agostino Sagredo, letterato, patriota e senatore del Regno d\u2019Italia, che vi abit\u00f2 fin quasi alla sua morte avvenuta nel 1871. Caterina Sagredo, sorella di Agostino, andata sposa al Conte Ippolito Malaguzzi Valeri di Reggio Emilia, fu madre di Eleonora che spos\u00f2 il Conte Giuseppe Manodori, i cui discendenti portano ancora oggi i due cognomi. Ancora oggi, ogni 24 settembre, festa di San Gerardo Sagredo, la famiglia Manodori Sagredo si riunisce per la Messa Commemorativa nella Cappella di famiglia situata nella Chiesa di San Francesco della Vigna.<br \/>\nNelle stanze di Ca\u2019 Sagredo fu ospite anche Galileo Galilei, intimo amico di Gianfrancesco Sagredo, uno dei tre protagonisti del \u201cDialogo sui massimi sistemi\u201d che lo scienziato ambient\u00f2 proprio in questo Palazzo sul Canal Grande.<br \/>\nTra le opere artistiche di Ca\u2019 Sagredo che per molte vie se ne sono allontanate, ricordiamo la pregiatissima Alcova ora esposta al Metropolitan Museum di NewYork.<\/p>\n","protected":false},"excerpt":{"rendered":"<p>Il Palazzo risale originariamente al XIII secolo; edificato per conto della famiglia Morosini, \u00e8 stato pi\u00f9 volte ristrutturato nel corso della sua storia. Il primo proprietario fu Lorenzo Morosini, fratello di Domenico, uno dei patrocinatori dell\u2019Accademia Pellegrina cui aderirono pittori del calibro di Tiziano e Tintoretto, di cui abbiamo notizia attraverso un documento risalente al [&hellip;]<\/p>\n","protected":false},"author":13,"featured_media":0,"parent":1724,"menu_order":10,"comment_status":"closed","ping_status":"closed","template":"","meta":{"footnotes":""},"class_list":["post-1730","page","type-page","status-publish","hentry"],"yoast_head":"<!-- This site is optimized with the Yoast SEO plugin v26.9 - https:\/\/yoast.com\/product\/yoast-seo-wordpress\/ -->\n<title>I Sagredo - Ca&#039; Sagredo Hotel<\/title>\n<meta name=\"robots\" content=\"index, follow, max-snippet:-1, max-image-preview:large, max-video-preview:-1\" \/>\n<link rel=\"canonical\" href=\"https:\/\/www.casagredohotel.com\/it\/momenti-e-premi\/storia\/i-sagredo\/\" \/>\n<meta property=\"og:locale\" content=\"it_IT\" \/>\n<meta property=\"og:type\" content=\"article\" \/>\n<meta property=\"og:title\" content=\"I Sagredo - Ca&#039; Sagredo Hotel\" \/>\n<meta property=\"og:description\" content=\"Il Palazzo risale originariamente al XIII secolo; edificato per conto della famiglia Morosini, \u00e8 stato pi\u00f9 volte ristrutturato nel corso della sua storia. Il primo proprietario fu Lorenzo Morosini, fratello di Domenico, uno dei patrocinatori dell\u2019Accademia Pellegrina cui aderirono pittori del calibro di Tiziano e Tintoretto, di cui abbiamo notizia attraverso un documento risalente al [&hellip;]\" \/>\n<meta property=\"og:url\" content=\"https:\/\/www.casagredohotel.com\/it\/momenti-e-premi\/storia\/i-sagredo\/\" \/>\n<meta property=\"og:site_name\" content=\"Ca&#039; Sagredo Hotel\" \/>\n<meta name=\"twitter:card\" content=\"summary_large_image\" \/>\n<meta name=\"twitter:label1\" content=\"Tempo di lettura stimato\" \/>\n\t<meta name=\"twitter:data1\" content=\"3 minuti\" \/>\n<script type=\"application\/ld+json\" class=\"yoast-schema-graph\">{\"@context\":\"https:\/\/schema.org\",\"@graph\":[{\"@type\":\"WebPage\",\"@id\":\"https:\/\/www.casagredohotel.com\/it\/momenti-e-premi\/storia\/i-sagredo\/\",\"url\":\"https:\/\/www.casagredohotel.com\/it\/momenti-e-premi\/storia\/i-sagredo\/\",\"name\":\"I Sagredo - Ca' Sagredo Hotel\",\"isPartOf\":{\"@id\":\"https:\/\/www.casagredohotel.com\/it\/#website\"},\"datePublished\":\"2020-08-10T15:12:37+00:00\",\"breadcrumb\":{\"@id\":\"https:\/\/www.casagredohotel.com\/it\/momenti-e-premi\/storia\/i-sagredo\/#breadcrumb\"},\"inLanguage\":\"it-IT\",\"potentialAction\":[{\"@type\":\"ReadAction\",\"target\":[\"https:\/\/www.casagredohotel.com\/it\/momenti-e-premi\/storia\/i-sagredo\/\"]}]},{\"@type\":\"BreadcrumbList\",\"@id\":\"https:\/\/www.casagredohotel.com\/it\/momenti-e-premi\/storia\/i-sagredo\/#breadcrumb\",\"itemListElement\":[{\"@type\":\"ListItem\",\"position\":1,\"name\":\"Home\",\"item\":\"https:\/\/www.casagredohotel.com\/it\/\"},{\"@type\":\"ListItem\",\"position\":2,\"name\":\"Momenti e premi\",\"item\":\"https:\/\/www.casagredohotel.com\/it\/momenti-e-premi\/\"},{\"@type\":\"ListItem\",\"position\":3,\"name\":\"Storia\",\"item\":\"https:\/\/www.casagredohotel.com\/it\/momenti-e-premi\/storia\/\"},{\"@type\":\"ListItem\",\"position\":4,\"name\":\"I Sagredo\"}]},{\"@type\":\"WebSite\",\"@id\":\"https:\/\/www.casagredohotel.com\/it\/#website\",\"url\":\"https:\/\/www.casagredohotel.com\/it\/\",\"name\":\"Ca' Sagredo Hotel\",\"description\":\"Just another ms.decms.eu site\",\"potentialAction\":[{\"@type\":\"SearchAction\",\"target\":{\"@type\":\"EntryPoint\",\"urlTemplate\":\"https:\/\/www.casagredohotel.com\/it\/?s={search_term_string}\"},\"query-input\":{\"@type\":\"PropertyValueSpecification\",\"valueRequired\":true,\"valueName\":\"search_term_string\"}}],\"inLanguage\":\"it-IT\"}]}<\/script>\n<!-- \/ Yoast SEO plugin. -->","yoast_head_json":{"title":"I Sagredo - Ca' Sagredo Hotel","robots":{"index":"index","follow":"follow","max-snippet":"max-snippet:-1","max-image-preview":"max-image-preview:large","max-video-preview":"max-video-preview:-1"},"canonical":"https:\/\/www.casagredohotel.com\/it\/momenti-e-premi\/storia\/i-sagredo\/","og_locale":"it_IT","og_type":"article","og_title":"I Sagredo - Ca' Sagredo Hotel","og_description":"Il Palazzo risale originariamente al XIII secolo; edificato per conto della famiglia Morosini, \u00e8 stato pi\u00f9 volte ristrutturato nel corso della sua storia. Il primo proprietario fu Lorenzo Morosini, fratello di Domenico, uno dei patrocinatori dell\u2019Accademia Pellegrina cui aderirono pittori del calibro di Tiziano e Tintoretto, di cui abbiamo notizia attraverso un documento risalente al [&hellip;]","og_url":"https:\/\/www.casagredohotel.com\/it\/momenti-e-premi\/storia\/i-sagredo\/","og_site_name":"Ca' Sagredo Hotel","twitter_card":"summary_large_image","twitter_misc":{"Tempo di lettura stimato":"3 minuti"},"schema":{"@context":"https:\/\/schema.org","@graph":[{"@type":"WebPage","@id":"https:\/\/www.casagredohotel.com\/it\/momenti-e-premi\/storia\/i-sagredo\/","url":"https:\/\/www.casagredohotel.com\/it\/momenti-e-premi\/storia\/i-sagredo\/","name":"I Sagredo - Ca' Sagredo Hotel","isPartOf":{"@id":"https:\/\/www.casagredohotel.com\/it\/#website"},"datePublished":"2020-08-10T15:12:37+00:00","breadcrumb":{"@id":"https:\/\/www.casagredohotel.com\/it\/momenti-e-premi\/storia\/i-sagredo\/#breadcrumb"},"inLanguage":"it-IT","potentialAction":[{"@type":"ReadAction","target":["https:\/\/www.casagredohotel.com\/it\/momenti-e-premi\/storia\/i-sagredo\/"]}]},{"@type":"BreadcrumbList","@id":"https:\/\/www.casagredohotel.com\/it\/momenti-e-premi\/storia\/i-sagredo\/#breadcrumb","itemListElement":[{"@type":"ListItem","position":1,"name":"Home","item":"https:\/\/www.casagredohotel.com\/it\/"},{"@type":"ListItem","position":2,"name":"Momenti e premi","item":"https:\/\/www.casagredohotel.com\/it\/momenti-e-premi\/"},{"@type":"ListItem","position":3,"name":"Storia","item":"https:\/\/www.casagredohotel.com\/it\/momenti-e-premi\/storia\/"},{"@type":"ListItem","position":4,"name":"I Sagredo"}]},{"@type":"WebSite","@id":"https:\/\/www.casagredohotel.com\/it\/#website","url":"https:\/\/www.casagredohotel.com\/it\/","name":"Ca' Sagredo Hotel","description":"Just another ms.decms.eu site","potentialAction":[{"@type":"SearchAction","target":{"@type":"EntryPoint","urlTemplate":"https:\/\/www.casagredohotel.com\/it\/?s={search_term_string}"},"query-input":{"@type":"PropertyValueSpecification","valueRequired":true,"valueName":"search_term_string"}}],"inLanguage":"it-IT"}]}},"acf":[],"_links":{"self":[{"href":"https:\/\/www.casagredohotel.com\/it\/wp-json\/wp\/v2\/pages\/1730","targetHints":{"allow":["GET"]}}],"collection":[{"href":"https:\/\/www.casagredohotel.com\/it\/wp-json\/wp\/v2\/pages"}],"about":[{"href":"https:\/\/www.casagredohotel.com\/it\/wp-json\/wp\/v2\/types\/page"}],"author":[{"embeddable":true,"href":"https:\/\/www.casagredohotel.com\/it\/wp-json\/wp\/v2\/users\/13"}],"replies":[{"embeddable":true,"href":"https:\/\/www.casagredohotel.com\/it\/wp-json\/wp\/v2\/comments?post=1730"}],"version-history":[{"count":0,"href":"https:\/\/www.casagredohotel.com\/it\/wp-json\/wp\/v2\/pages\/1730\/revisions"}],"up":[{"embeddable":true,"href":"https:\/\/www.casagredohotel.com\/it\/wp-json\/wp\/v2\/pages\/1724"}],"wp:attachment":[{"href":"https:\/\/www.casagredohotel.com\/it\/wp-json\/wp\/v2\/media?parent=1730"}],"curies":[{"name":"wp","href":"https:\/\/api.w.org\/{rel}","templated":true}]}}