{"id":1369,"date":"2020-08-05T14:50:26","date_gmt":"2020-08-05T14:50:26","guid":{"rendered":"http:\/\/casagredo-hotel.ms.decms.eu\/?page_id=1369"},"modified":"2020-08-05T14:55:16","modified_gmt":"2020-08-05T14:55:16","slug":"grande-canal-suite-junior","status":"publish","type":"page","link":"https:\/\/www.casagredohotel.com\/pt-pt\/quartos-e-suites\/grande-canal-suite-junior\/","title":{"rendered":"Grande Canal Suite J\u00fanior"},"content":{"rendered":"<p>Suite J\u00fanior Deluxe com vistas deslumbrantes sobre o Grande Canal. Decorada em estilo veneziano, com tons de castanho, creme, branco e dourado.<\/p>\n<p>Estas Suites J\u00fanior oferecem belas vistas para o Grande Canal e s\u00e3o uma escolha maravilhosamente rom\u00e2ntica.<br \/>\nCom uma ocupa\u00e7\u00e3o m\u00e1xima de tr\u00eas pessoas, t\u00eam 35 a 45 metros quadrados de \u00e1rea.<\/p>\n","protected":false},"excerpt":{"rendered":"<p>Suite J\u00fanior Deluxe com vistas deslumbrantes sobre o Grande Canal. Decorada em estilo veneziano, com tons de castanho, creme, branco e dourado. Estas Suites J\u00fanior oferecem belas vistas para o Grande Canal e s\u00e3o uma escolha maravilhosamente rom\u00e2ntica. Com uma ocupa\u00e7\u00e3o m\u00e1xima de tr\u00eas pessoas, t\u00eam 35 a 45 metros quadrados de \u00e1rea.<\/p>\n","protected":false},"author":13,"featured_media":0,"parent":1347,"menu_order":20,"comment_status":"closed","ping_status":"closed","template":"template-single-room-base.php","meta":{"footnotes":""},"class_list":["post-1369","page","type-page","status-publish","hentry"],"yoast_head":"<!-- This site is optimized with the Yoast SEO plugin v26.9 - https:\/\/yoast.com\/product\/yoast-seo-wordpress\/ -->\n<title>Grande Canal Suite J\u00fanior - Ca&#039; Sagredo Hotel<\/title>\n<meta name=\"robots\" content=\"index, follow, max-snippet:-1, max-image-preview:large, max-video-preview:-1\" \/>\n<link rel=\"canonical\" href=\"https:\/\/www.casagredohotel.com\/pt-pt\/quartos-e-suites\/grande-canal-suite-junior\/\" \/>\n<meta property=\"og:locale\" content=\"pt_PT\" \/>\n<meta property=\"og:type\" content=\"article\" \/>\n<meta property=\"og:title\" content=\"Grande Canal Suite J\u00fanior - Ca&#039; Sagredo Hotel\" \/>\n<meta property=\"og:description\" content=\"Suite J\u00fanior Deluxe com vistas deslumbrantes sobre o Grande Canal. Decorada em estilo veneziano, com tons de castanho, creme, branco e dourado. Estas Suites J\u00fanior oferecem belas vistas para o Grande Canal e s\u00e3o uma escolha maravilhosamente rom\u00e2ntica. Com uma ocupa\u00e7\u00e3o m\u00e1xima de tr\u00eas pessoas, t\u00eam 35 a 45 metros quadrados de \u00e1rea.\" \/>\n<meta property=\"og:url\" content=\"https:\/\/www.casagredohotel.com\/pt-pt\/quartos-e-suites\/grande-canal-suite-junior\/\" \/>\n<meta property=\"og:site_name\" content=\"Ca&#039; Sagredo Hotel\" \/>\n<meta property=\"article:modified_time\" content=\"2020-08-05T14:55:16+00:00\" \/>\n<meta name=\"twitter:card\" content=\"summary_large_image\" \/>\n<script type=\"application\/ld+json\" class=\"yoast-schema-graph\">{\"@context\":\"https:\/\/schema.org\",\"@graph\":[{\"@type\":\"WebPage\",\"@id\":\"https:\/\/www.casagredohotel.com\/pt-pt\/quartos-e-suites\/grande-canal-suite-junior\/\",\"url\":\"https:\/\/www.casagredohotel.com\/pt-pt\/quartos-e-suites\/grande-canal-suite-junior\/\",\"name\":\"Grande Canal Suite J\u00fanior - Ca' Sagredo Hotel\",\"isPartOf\":{\"@id\":\"https:\/\/www.casagredohotel.com\/pt-pt\/#website\"},\"datePublished\":\"2020-08-05T14:50:26+00:00\",\"dateModified\":\"2020-08-05T14:55:16+00:00\",\"breadcrumb\":{\"@id\":\"https:\/\/www.casagredohotel.com\/pt-pt\/quartos-e-suites\/grande-canal-suite-junior\/#breadcrumb\"},\"inLanguage\":\"pt-PT\",\"potentialAction\":[{\"@type\":\"ReadAction\",\"target\":[\"https:\/\/www.casagredohotel.com\/pt-pt\/quartos-e-suites\/grande-canal-suite-junior\/\"]}]},{\"@type\":\"BreadcrumbList\",\"@id\":\"https:\/\/www.casagredohotel.com\/pt-pt\/quartos-e-suites\/grande-canal-suite-junior\/#breadcrumb\",\"itemListElement\":[{\"@type\":\"ListItem\",\"position\":1,\"name\":\"Home\",\"item\":\"https:\/\/www.casagredohotel.com\/pt-pt\/\"},{\"@type\":\"ListItem\",\"position\":2,\"name\":\"Quartos e Suites\",\"item\":\"https:\/\/www.casagredohotel.com\/pt-pt\/quartos-e-suites\/\"},{\"@type\":\"ListItem\",\"position\":3,\"name\":\"Grande Canal Suite J\u00fanior\"}]},{\"@type\":\"WebSite\",\"@id\":\"https:\/\/www.casagredohotel.com\/pt-pt\/#website\",\"url\":\"https:\/\/www.casagredohotel.com\/pt-pt\/\",\"name\":\"Ca' Sagredo Hotel\",\"description\":\"Just another ms.decms.eu site\",\"potentialAction\":[{\"@type\":\"SearchAction\",\"target\":{\"@type\":\"EntryPoint\",\"urlTemplate\":\"https:\/\/www.casagredohotel.com\/pt-pt\/?s={search_term_string}\"},\"query-input\":{\"@type\":\"PropertyValueSpecification\",\"valueRequired\":true,\"valueName\":\"search_term_string\"}}],\"inLanguage\":\"pt-PT\"}]}<\/script>\n<!-- \/ Yoast SEO plugin. -->","yoast_head_json":{"title":"Grande Canal Suite J\u00fanior - Ca' Sagredo Hotel","robots":{"index":"index","follow":"follow","max-snippet":"max-snippet:-1","max-image-preview":"max-image-preview:large","max-video-preview":"max-video-preview:-1"},"canonical":"https:\/\/www.casagredohotel.com\/pt-pt\/quartos-e-suites\/grande-canal-suite-junior\/","og_locale":"pt_PT","og_type":"article","og_title":"Grande Canal Suite J\u00fanior - Ca' Sagredo Hotel","og_description":"Suite J\u00fanior Deluxe com vistas deslumbrantes sobre o Grande Canal. Decorada em estilo veneziano, com tons de castanho, creme, branco e dourado. Estas Suites J\u00fanior oferecem belas vistas para o Grande Canal e s\u00e3o uma escolha maravilhosamente rom\u00e2ntica. Com uma ocupa\u00e7\u00e3o m\u00e1xima de tr\u00eas pessoas, t\u00eam 35 a 45 metros quadrados de \u00e1rea.","og_url":"https:\/\/www.casagredohotel.com\/pt-pt\/quartos-e-suites\/grande-canal-suite-junior\/","og_site_name":"Ca' Sagredo Hotel","article_modified_time":"2020-08-05T14:55:16+00:00","twitter_card":"summary_large_image","schema":{"@context":"https:\/\/schema.org","@graph":[{"@type":"WebPage","@id":"https:\/\/www.casagredohotel.com\/pt-pt\/quartos-e-suites\/grande-canal-suite-junior\/","url":"https:\/\/www.casagredohotel.com\/pt-pt\/quartos-e-suites\/grande-canal-suite-junior\/","name":"Grande Canal Suite J\u00fanior - Ca' Sagredo Hotel","isPartOf":{"@id":"https:\/\/www.casagredohotel.com\/pt-pt\/#website"},"datePublished":"2020-08-05T14:50:26+00:00","dateModified":"2020-08-05T14:55:16+00:00","breadcrumb":{"@id":"https:\/\/www.casagredohotel.com\/pt-pt\/quartos-e-suites\/grande-canal-suite-junior\/#breadcrumb"},"inLanguage":"pt-PT","potentialAction":[{"@type":"ReadAction","target":["https:\/\/www.casagredohotel.com\/pt-pt\/quartos-e-suites\/grande-canal-suite-junior\/"]}]},{"@type":"BreadcrumbList","@id":"https:\/\/www.casagredohotel.com\/pt-pt\/quartos-e-suites\/grande-canal-suite-junior\/#breadcrumb","itemListElement":[{"@type":"ListItem","position":1,"name":"Home","item":"https:\/\/www.casagredohotel.com\/pt-pt\/"},{"@type":"ListItem","position":2,"name":"Quartos e Suites","item":"https:\/\/www.casagredohotel.com\/pt-pt\/quartos-e-suites\/"},{"@type":"ListItem","position":3,"name":"Grande Canal Suite J\u00fanior"}]},{"@type":"WebSite","@id":"https:\/\/www.casagredohotel.com\/pt-pt\/#website","url":"https:\/\/www.casagredohotel.com\/pt-pt\/","name":"Ca' Sagredo Hotel","description":"Just another ms.decms.eu site","potentialAction":[{"@type":"SearchAction","target":{"@type":"EntryPoint","urlTemplate":"https:\/\/www.casagredohotel.com\/pt-pt\/?s={search_term_string}"},"query-input":{"@type":"PropertyValueSpecification","valueRequired":true,"valueName":"search_term_string"}}],"inLanguage":"pt-PT"}]}},"acf":[],"_links":{"self":[{"href":"https:\/\/www.casagredohotel.com\/pt-pt\/wp-json\/wp\/v2\/pages\/1369","targetHints":{"allow":["GET"]}}],"collection":[{"href":"https:\/\/www.casagredohotel.com\/pt-pt\/wp-json\/wp\/v2\/pages"}],"about":[{"href":"https:\/\/www.casagredohotel.com\/pt-pt\/wp-json\/wp\/v2\/types\/page"}],"author":[{"embeddable":true,"href":"https:\/\/www.casagredohotel.com\/pt-pt\/wp-json\/wp\/v2\/users\/13"}],"replies":[{"embeddable":true,"href":"https:\/\/www.casagredohotel.com\/pt-pt\/wp-json\/wp\/v2\/comments?post=1369"}],"version-history":[{"count":0,"href":"https:\/\/www.casagredohotel.com\/pt-pt\/wp-json\/wp\/v2\/pages\/1369\/revisions"}],"up":[{"embeddable":true,"href":"https:\/\/www.casagredohotel.com\/pt-pt\/wp-json\/wp\/v2\/pages\/1347"}],"wp:attachment":[{"href":"https:\/\/www.casagredohotel.com\/pt-pt\/wp-json\/wp\/v2\/media?parent=1369"}],"curies":[{"name":"wp","href":"https:\/\/api.w.org\/{rel}","templated":true}]}}