{"id":1381,"date":"2020-08-06T07:36:15","date_gmt":"2020-08-06T07:36:15","guid":{"rendered":"http:\/\/casagredo-hotel.ms.decms.eu\/?page_id=1381"},"modified":"2020-08-06T10:36:27","modified_gmt":"2020-08-06T10:36:27","slug":"suite-biblioteca","status":"publish","type":"page","link":"https:\/\/www.casagredohotel.com\/pt-pt\/quartos-e-suites\/suites-grande-canal\/suite-biblioteca\/","title":{"rendered":"Suite Biblioteca"},"content":{"rendered":"<p>Com vista para o Grande Canal, do lado direito do Portego, \u00e9 um Monumento Nacional. Uma varanda corre ao longo de toda a parte superior, composta por um varandim de madeira com pequenas colunas douradas. Por cima dos impressionantes arm\u00e1rios do s\u00e9culo XVIII em madeira branca e verde clara com talha dourada, as letras do alfabeto ainda se destacam claramente. Estes arm\u00e1rios albergaram em tempos a enorme cole\u00e7\u00e3o de volumes e estampas de Zaccaria Sagredo, e ainda hoje cobrem completamente as paredes.<\/p>\n<p>A cole\u00e7\u00e3o inclu\u00eda mais de 10.000 livros ilustrados e 309 desenhos. A Suite Biblioteca tem uma ocupa\u00e7\u00e3o m\u00e1xima de duas pessoas.<\/p>\n","protected":false},"excerpt":{"rendered":"<p>Com vista para o Grande Canal, do lado direito do Portego, \u00e9 um Monumento Nacional. Uma varanda corre ao longo de toda a parte superior, composta por um varandim de madeira com pequenas colunas douradas. Por cima dos impressionantes arm\u00e1rios do s\u00e9culo XVIII em madeira branca e verde clara com talha dourada, as letras do [&hellip;]<\/p>\n","protected":false},"author":13,"featured_media":0,"parent":1374,"menu_order":10,"comment_status":"closed","ping_status":"closed","template":"template-single-room-base.php","meta":{"footnotes":""},"class_list":["post-1381","page","type-page","status-publish","hentry"],"yoast_head":"<!-- This site is optimized with the Yoast SEO plugin v26.9 - https:\/\/yoast.com\/product\/yoast-seo-wordpress\/ -->\n<title>Suite Biblioteca - Ca&#039; Sagredo Hotel<\/title>\n<meta name=\"robots\" content=\"index, follow, max-snippet:-1, max-image-preview:large, max-video-preview:-1\" \/>\n<link rel=\"canonical\" href=\"https:\/\/www.casagredohotel.com\/pt-pt\/quartos-e-suites\/suites-grande-canal\/suite-biblioteca\/\" \/>\n<meta property=\"og:locale\" content=\"pt_PT\" \/>\n<meta property=\"og:type\" content=\"article\" \/>\n<meta property=\"og:title\" content=\"Suite Biblioteca - Ca&#039; Sagredo Hotel\" \/>\n<meta property=\"og:description\" content=\"Com vista para o Grande Canal, do lado direito do Portego, \u00e9 um Monumento Nacional. Uma varanda corre ao longo de toda a parte superior, composta por um varandim de madeira com pequenas colunas douradas. Por cima dos impressionantes arm\u00e1rios do s\u00e9culo XVIII em madeira branca e verde clara com talha dourada, as letras do [&hellip;]\" \/>\n<meta property=\"og:url\" content=\"https:\/\/www.casagredohotel.com\/pt-pt\/quartos-e-suites\/suites-grande-canal\/suite-biblioteca\/\" \/>\n<meta property=\"og:site_name\" content=\"Ca&#039; Sagredo Hotel\" \/>\n<meta property=\"article:modified_time\" content=\"2020-08-06T10:36:27+00:00\" \/>\n<meta name=\"twitter:card\" content=\"summary_large_image\" \/>\n<meta name=\"twitter:label1\" content=\"Tempo estimado de leitura\" \/>\n\t<meta name=\"twitter:data1\" content=\"1 minuto\" \/>\n<script type=\"application\/ld+json\" class=\"yoast-schema-graph\">{\"@context\":\"https:\/\/schema.org\",\"@graph\":[{\"@type\":\"WebPage\",\"@id\":\"https:\/\/www.casagredohotel.com\/pt-pt\/quartos-e-suites\/suites-grande-canal\/suite-biblioteca\/\",\"url\":\"https:\/\/www.casagredohotel.com\/pt-pt\/quartos-e-suites\/suites-grande-canal\/suite-biblioteca\/\",\"name\":\"Suite Biblioteca - Ca' Sagredo Hotel\",\"isPartOf\":{\"@id\":\"https:\/\/www.casagredohotel.com\/pt-pt\/#website\"},\"datePublished\":\"2020-08-06T07:36:15+00:00\",\"dateModified\":\"2020-08-06T10:36:27+00:00\",\"breadcrumb\":{\"@id\":\"https:\/\/www.casagredohotel.com\/pt-pt\/quartos-e-suites\/suites-grande-canal\/suite-biblioteca\/#breadcrumb\"},\"inLanguage\":\"pt-PT\",\"potentialAction\":[{\"@type\":\"ReadAction\",\"target\":[\"https:\/\/www.casagredohotel.com\/pt-pt\/quartos-e-suites\/suites-grande-canal\/suite-biblioteca\/\"]}]},{\"@type\":\"BreadcrumbList\",\"@id\":\"https:\/\/www.casagredohotel.com\/pt-pt\/quartos-e-suites\/suites-grande-canal\/suite-biblioteca\/#breadcrumb\",\"itemListElement\":[{\"@type\":\"ListItem\",\"position\":1,\"name\":\"Home\",\"item\":\"https:\/\/www.casagredohotel.com\/pt-pt\/\"},{\"@type\":\"ListItem\",\"position\":2,\"name\":\"Quartos e Suites\",\"item\":\"https:\/\/www.casagredohotel.com\/pt-pt\/quartos-e-suites\/\"},{\"@type\":\"ListItem\",\"position\":3,\"name\":\"Suites Grande Canal\",\"item\":\"https:\/\/www.casagredohotel.com\/pt-pt\/quartos-e-suites\/suites-grande-canal\/\"},{\"@type\":\"ListItem\",\"position\":4,\"name\":\"Suite Biblioteca\"}]},{\"@type\":\"WebSite\",\"@id\":\"https:\/\/www.casagredohotel.com\/pt-pt\/#website\",\"url\":\"https:\/\/www.casagredohotel.com\/pt-pt\/\",\"name\":\"Ca' Sagredo Hotel\",\"description\":\"Just another ms.decms.eu site\",\"potentialAction\":[{\"@type\":\"SearchAction\",\"target\":{\"@type\":\"EntryPoint\",\"urlTemplate\":\"https:\/\/www.casagredohotel.com\/pt-pt\/?s={search_term_string}\"},\"query-input\":{\"@type\":\"PropertyValueSpecification\",\"valueRequired\":true,\"valueName\":\"search_term_string\"}}],\"inLanguage\":\"pt-PT\"}]}<\/script>\n<!-- \/ Yoast SEO plugin. -->","yoast_head_json":{"title":"Suite Biblioteca - Ca' Sagredo Hotel","robots":{"index":"index","follow":"follow","max-snippet":"max-snippet:-1","max-image-preview":"max-image-preview:large","max-video-preview":"max-video-preview:-1"},"canonical":"https:\/\/www.casagredohotel.com\/pt-pt\/quartos-e-suites\/suites-grande-canal\/suite-biblioteca\/","og_locale":"pt_PT","og_type":"article","og_title":"Suite Biblioteca - Ca' Sagredo Hotel","og_description":"Com vista para o Grande Canal, do lado direito do Portego, \u00e9 um Monumento Nacional. Uma varanda corre ao longo de toda a parte superior, composta por um varandim de madeira com pequenas colunas douradas. Por cima dos impressionantes arm\u00e1rios do s\u00e9culo XVIII em madeira branca e verde clara com talha dourada, as letras do [&hellip;]","og_url":"https:\/\/www.casagredohotel.com\/pt-pt\/quartos-e-suites\/suites-grande-canal\/suite-biblioteca\/","og_site_name":"Ca' Sagredo Hotel","article_modified_time":"2020-08-06T10:36:27+00:00","twitter_card":"summary_large_image","twitter_misc":{"Tempo estimado de leitura":"1 minuto"},"schema":{"@context":"https:\/\/schema.org","@graph":[{"@type":"WebPage","@id":"https:\/\/www.casagredohotel.com\/pt-pt\/quartos-e-suites\/suites-grande-canal\/suite-biblioteca\/","url":"https:\/\/www.casagredohotel.com\/pt-pt\/quartos-e-suites\/suites-grande-canal\/suite-biblioteca\/","name":"Suite Biblioteca - Ca' Sagredo Hotel","isPartOf":{"@id":"https:\/\/www.casagredohotel.com\/pt-pt\/#website"},"datePublished":"2020-08-06T07:36:15+00:00","dateModified":"2020-08-06T10:36:27+00:00","breadcrumb":{"@id":"https:\/\/www.casagredohotel.com\/pt-pt\/quartos-e-suites\/suites-grande-canal\/suite-biblioteca\/#breadcrumb"},"inLanguage":"pt-PT","potentialAction":[{"@type":"ReadAction","target":["https:\/\/www.casagredohotel.com\/pt-pt\/quartos-e-suites\/suites-grande-canal\/suite-biblioteca\/"]}]},{"@type":"BreadcrumbList","@id":"https:\/\/www.casagredohotel.com\/pt-pt\/quartos-e-suites\/suites-grande-canal\/suite-biblioteca\/#breadcrumb","itemListElement":[{"@type":"ListItem","position":1,"name":"Home","item":"https:\/\/www.casagredohotel.com\/pt-pt\/"},{"@type":"ListItem","position":2,"name":"Quartos e Suites","item":"https:\/\/www.casagredohotel.com\/pt-pt\/quartos-e-suites\/"},{"@type":"ListItem","position":3,"name":"Suites Grande Canal","item":"https:\/\/www.casagredohotel.com\/pt-pt\/quartos-e-suites\/suites-grande-canal\/"},{"@type":"ListItem","position":4,"name":"Suite Biblioteca"}]},{"@type":"WebSite","@id":"https:\/\/www.casagredohotel.com\/pt-pt\/#website","url":"https:\/\/www.casagredohotel.com\/pt-pt\/","name":"Ca' Sagredo Hotel","description":"Just another ms.decms.eu site","potentialAction":[{"@type":"SearchAction","target":{"@type":"EntryPoint","urlTemplate":"https:\/\/www.casagredohotel.com\/pt-pt\/?s={search_term_string}"},"query-input":{"@type":"PropertyValueSpecification","valueRequired":true,"valueName":"search_term_string"}}],"inLanguage":"pt-PT"}]}},"acf":[],"_links":{"self":[{"href":"https:\/\/www.casagredohotel.com\/pt-pt\/wp-json\/wp\/v2\/pages\/1381","targetHints":{"allow":["GET"]}}],"collection":[{"href":"https:\/\/www.casagredohotel.com\/pt-pt\/wp-json\/wp\/v2\/pages"}],"about":[{"href":"https:\/\/www.casagredohotel.com\/pt-pt\/wp-json\/wp\/v2\/types\/page"}],"author":[{"embeddable":true,"href":"https:\/\/www.casagredohotel.com\/pt-pt\/wp-json\/wp\/v2\/users\/13"}],"replies":[{"embeddable":true,"href":"https:\/\/www.casagredohotel.com\/pt-pt\/wp-json\/wp\/v2\/comments?post=1381"}],"version-history":[{"count":0,"href":"https:\/\/www.casagredohotel.com\/pt-pt\/wp-json\/wp\/v2\/pages\/1381\/revisions"}],"up":[{"embeddable":true,"href":"https:\/\/www.casagredohotel.com\/pt-pt\/wp-json\/wp\/v2\/pages\/1374"}],"wp:attachment":[{"href":"https:\/\/www.casagredohotel.com\/pt-pt\/wp-json\/wp\/v2\/media?parent=1381"}],"curies":[{"name":"wp","href":"https:\/\/api.w.org\/{rel}","templated":true}]}}