{"id":1387,"date":"2020-08-06T08:33:12","date_gmt":"2020-08-06T08:33:12","guid":{"rendered":"http:\/\/casagredo-hotel.ms.decms.eu\/?page_id=1387"},"modified":"2020-08-06T10:42:47","modified_gmt":"2020-08-06T10:42:47","slug":"a-nossa-suite-das-luzes","status":"publish","type":"page","link":"https:\/\/www.casagredohotel.com\/pt-pt\/quartos-e-suites\/suites-grande-canal\/a-nossa-suite-das-luzes\/","title":{"rendered":"A nossa-Suite das Luzes"},"content":{"rendered":"<p>Uma das vistas mais impressionantes do Grande Canal, da Ca\u2019D&#8217;Oro, do mercado e das g\u00f4ndolas: tudo de Veneza pode ser visto num s\u00f3 olhar. As cores desta Suite s\u00e3o todas baseados em tons de azul e s\u00e3o dos mesmos tons da \u00e1gua em que se reflete o Ca\u2019Sagredo. A \u201cSuite della Quadrifora\u201d, com as suas elegantes janelas quadriformes com vista para um dos mais evocativas tro\u00e7os do Grande Canal, incorpora a serena beleza e o encanto rom\u00e2ntico de Veneza. Esta Suite Grande Canal tem uma ocupa\u00e7\u00e3o m\u00e1xima de tr\u00eas pessoas.<\/p>\n","protected":false},"excerpt":{"rendered":"<p>Uma das vistas mais impressionantes do Grande Canal, da Ca\u2019D&#8217;Oro, do mercado e das g\u00f4ndolas: tudo de Veneza pode ser visto num s\u00f3 olhar. As cores desta Suite s\u00e3o todas baseados em tons de azul e s\u00e3o dos mesmos tons da \u00e1gua em que se reflete o Ca\u2019Sagredo. A \u201cSuite della Quadrifora\u201d, com as suas [&hellip;]<\/p>\n","protected":false},"author":13,"featured_media":0,"parent":1374,"menu_order":20,"comment_status":"closed","ping_status":"closed","template":"template-single-room-base.php","meta":{"footnotes":""},"class_list":["post-1387","page","type-page","status-publish","hentry"],"yoast_head":"<!-- This site is optimized with the Yoast SEO plugin v26.9 - https:\/\/yoast.com\/product\/yoast-seo-wordpress\/ -->\n<title>A nossa-Suite das Luzes - Ca&#039; Sagredo Hotel<\/title>\n<meta name=\"robots\" content=\"index, follow, max-snippet:-1, max-image-preview:large, max-video-preview:-1\" \/>\n<link rel=\"canonical\" href=\"https:\/\/www.casagredohotel.com\/pt-pt\/quartos-e-suites\/suites-grande-canal\/a-nossa-suite-das-luzes\/\" \/>\n<meta property=\"og:locale\" content=\"pt_PT\" \/>\n<meta property=\"og:type\" content=\"article\" \/>\n<meta property=\"og:title\" content=\"A nossa-Suite das Luzes - Ca&#039; Sagredo Hotel\" \/>\n<meta property=\"og:description\" content=\"Uma das vistas mais impressionantes do Grande Canal, da Ca\u2019D&#8217;Oro, do mercado e das g\u00f4ndolas: tudo de Veneza pode ser visto num s\u00f3 olhar. As cores desta Suite s\u00e3o todas baseados em tons de azul e s\u00e3o dos mesmos tons da \u00e1gua em que se reflete o Ca\u2019Sagredo. A \u201cSuite della Quadrifora\u201d, com as suas [&hellip;]\" \/>\n<meta property=\"og:url\" content=\"https:\/\/www.casagredohotel.com\/pt-pt\/quartos-e-suites\/suites-grande-canal\/a-nossa-suite-das-luzes\/\" \/>\n<meta property=\"og:site_name\" content=\"Ca&#039; Sagredo Hotel\" \/>\n<meta property=\"article:modified_time\" content=\"2020-08-06T10:42:47+00:00\" \/>\n<meta name=\"twitter:card\" content=\"summary_large_image\" \/>\n<meta name=\"twitter:label1\" content=\"Tempo estimado de leitura\" \/>\n\t<meta name=\"twitter:data1\" content=\"1 minuto\" \/>\n<script type=\"application\/ld+json\" class=\"yoast-schema-graph\">{\"@context\":\"https:\/\/schema.org\",\"@graph\":[{\"@type\":\"WebPage\",\"@id\":\"https:\/\/www.casagredohotel.com\/pt-pt\/quartos-e-suites\/suites-grande-canal\/a-nossa-suite-das-luzes\/\",\"url\":\"https:\/\/www.casagredohotel.com\/pt-pt\/quartos-e-suites\/suites-grande-canal\/a-nossa-suite-das-luzes\/\",\"name\":\"A nossa-Suite das Luzes - Ca' Sagredo Hotel\",\"isPartOf\":{\"@id\":\"https:\/\/www.casagredohotel.com\/pt-pt\/#website\"},\"datePublished\":\"2020-08-06T08:33:12+00:00\",\"dateModified\":\"2020-08-06T10:42:47+00:00\",\"breadcrumb\":{\"@id\":\"https:\/\/www.casagredohotel.com\/pt-pt\/quartos-e-suites\/suites-grande-canal\/a-nossa-suite-das-luzes\/#breadcrumb\"},\"inLanguage\":\"pt-PT\",\"potentialAction\":[{\"@type\":\"ReadAction\",\"target\":[\"https:\/\/www.casagredohotel.com\/pt-pt\/quartos-e-suites\/suites-grande-canal\/a-nossa-suite-das-luzes\/\"]}]},{\"@type\":\"BreadcrumbList\",\"@id\":\"https:\/\/www.casagredohotel.com\/pt-pt\/quartos-e-suites\/suites-grande-canal\/a-nossa-suite-das-luzes\/#breadcrumb\",\"itemListElement\":[{\"@type\":\"ListItem\",\"position\":1,\"name\":\"Home\",\"item\":\"https:\/\/www.casagredohotel.com\/pt-pt\/\"},{\"@type\":\"ListItem\",\"position\":2,\"name\":\"Quartos e Suites\",\"item\":\"https:\/\/www.casagredohotel.com\/pt-pt\/quartos-e-suites\/\"},{\"@type\":\"ListItem\",\"position\":3,\"name\":\"Suites Grande Canal\",\"item\":\"https:\/\/www.casagredohotel.com\/pt-pt\/quartos-e-suites\/suites-grande-canal\/\"},{\"@type\":\"ListItem\",\"position\":4,\"name\":\"A nossa-Suite das Luzes\"}]},{\"@type\":\"WebSite\",\"@id\":\"https:\/\/www.casagredohotel.com\/pt-pt\/#website\",\"url\":\"https:\/\/www.casagredohotel.com\/pt-pt\/\",\"name\":\"Ca' Sagredo Hotel\",\"description\":\"Just another ms.decms.eu site\",\"potentialAction\":[{\"@type\":\"SearchAction\",\"target\":{\"@type\":\"EntryPoint\",\"urlTemplate\":\"https:\/\/www.casagredohotel.com\/pt-pt\/?s={search_term_string}\"},\"query-input\":{\"@type\":\"PropertyValueSpecification\",\"valueRequired\":true,\"valueName\":\"search_term_string\"}}],\"inLanguage\":\"pt-PT\"}]}<\/script>\n<!-- \/ Yoast SEO plugin. -->","yoast_head_json":{"title":"A nossa-Suite das Luzes - Ca' Sagredo Hotel","robots":{"index":"index","follow":"follow","max-snippet":"max-snippet:-1","max-image-preview":"max-image-preview:large","max-video-preview":"max-video-preview:-1"},"canonical":"https:\/\/www.casagredohotel.com\/pt-pt\/quartos-e-suites\/suites-grande-canal\/a-nossa-suite-das-luzes\/","og_locale":"pt_PT","og_type":"article","og_title":"A nossa-Suite das Luzes - Ca' Sagredo Hotel","og_description":"Uma das vistas mais impressionantes do Grande Canal, da Ca\u2019D&#8217;Oro, do mercado e das g\u00f4ndolas: tudo de Veneza pode ser visto num s\u00f3 olhar. As cores desta Suite s\u00e3o todas baseados em tons de azul e s\u00e3o dos mesmos tons da \u00e1gua em que se reflete o Ca\u2019Sagredo. A \u201cSuite della Quadrifora\u201d, com as suas [&hellip;]","og_url":"https:\/\/www.casagredohotel.com\/pt-pt\/quartos-e-suites\/suites-grande-canal\/a-nossa-suite-das-luzes\/","og_site_name":"Ca' Sagredo Hotel","article_modified_time":"2020-08-06T10:42:47+00:00","twitter_card":"summary_large_image","twitter_misc":{"Tempo estimado de leitura":"1 minuto"},"schema":{"@context":"https:\/\/schema.org","@graph":[{"@type":"WebPage","@id":"https:\/\/www.casagredohotel.com\/pt-pt\/quartos-e-suites\/suites-grande-canal\/a-nossa-suite-das-luzes\/","url":"https:\/\/www.casagredohotel.com\/pt-pt\/quartos-e-suites\/suites-grande-canal\/a-nossa-suite-das-luzes\/","name":"A nossa-Suite das Luzes - Ca' Sagredo Hotel","isPartOf":{"@id":"https:\/\/www.casagredohotel.com\/pt-pt\/#website"},"datePublished":"2020-08-06T08:33:12+00:00","dateModified":"2020-08-06T10:42:47+00:00","breadcrumb":{"@id":"https:\/\/www.casagredohotel.com\/pt-pt\/quartos-e-suites\/suites-grande-canal\/a-nossa-suite-das-luzes\/#breadcrumb"},"inLanguage":"pt-PT","potentialAction":[{"@type":"ReadAction","target":["https:\/\/www.casagredohotel.com\/pt-pt\/quartos-e-suites\/suites-grande-canal\/a-nossa-suite-das-luzes\/"]}]},{"@type":"BreadcrumbList","@id":"https:\/\/www.casagredohotel.com\/pt-pt\/quartos-e-suites\/suites-grande-canal\/a-nossa-suite-das-luzes\/#breadcrumb","itemListElement":[{"@type":"ListItem","position":1,"name":"Home","item":"https:\/\/www.casagredohotel.com\/pt-pt\/"},{"@type":"ListItem","position":2,"name":"Quartos e Suites","item":"https:\/\/www.casagredohotel.com\/pt-pt\/quartos-e-suites\/"},{"@type":"ListItem","position":3,"name":"Suites Grande Canal","item":"https:\/\/www.casagredohotel.com\/pt-pt\/quartos-e-suites\/suites-grande-canal\/"},{"@type":"ListItem","position":4,"name":"A nossa-Suite das Luzes"}]},{"@type":"WebSite","@id":"https:\/\/www.casagredohotel.com\/pt-pt\/#website","url":"https:\/\/www.casagredohotel.com\/pt-pt\/","name":"Ca' Sagredo Hotel","description":"Just another ms.decms.eu site","potentialAction":[{"@type":"SearchAction","target":{"@type":"EntryPoint","urlTemplate":"https:\/\/www.casagredohotel.com\/pt-pt\/?s={search_term_string}"},"query-input":{"@type":"PropertyValueSpecification","valueRequired":true,"valueName":"search_term_string"}}],"inLanguage":"pt-PT"}]}},"acf":[],"_links":{"self":[{"href":"https:\/\/www.casagredohotel.com\/pt-pt\/wp-json\/wp\/v2\/pages\/1387","targetHints":{"allow":["GET"]}}],"collection":[{"href":"https:\/\/www.casagredohotel.com\/pt-pt\/wp-json\/wp\/v2\/pages"}],"about":[{"href":"https:\/\/www.casagredohotel.com\/pt-pt\/wp-json\/wp\/v2\/types\/page"}],"author":[{"embeddable":true,"href":"https:\/\/www.casagredohotel.com\/pt-pt\/wp-json\/wp\/v2\/users\/13"}],"replies":[{"embeddable":true,"href":"https:\/\/www.casagredohotel.com\/pt-pt\/wp-json\/wp\/v2\/comments?post=1387"}],"version-history":[{"count":0,"href":"https:\/\/www.casagredohotel.com\/pt-pt\/wp-json\/wp\/v2\/pages\/1387\/revisions"}],"up":[{"embeddable":true,"href":"https:\/\/www.casagredohotel.com\/pt-pt\/wp-json\/wp\/v2\/pages\/1374"}],"wp:attachment":[{"href":"https:\/\/www.casagredohotel.com\/pt-pt\/wp-json\/wp\/v2\/media?parent=1387"}],"curies":[{"name":"wp","href":"https:\/\/api.w.org\/{rel}","templated":true}]}}