{"id":1408,"date":"2020-08-06T10:28:43","date_gmt":"2020-08-06T10:28:43","guid":{"rendered":"http:\/\/casagredo-hotel.ms.decms.eu\/?page_id=1408"},"modified":"2020-08-06T10:29:45","modified_gmt":"2020-08-06T10:29:45","slug":"suite-heranca","status":"publish","type":"page","link":"https:\/\/www.casagredohotel.com\/pt-pt\/quartos-e-suites\/suite-heranca\/","title":{"rendered":"Suite Heran\u00e7a"},"content":{"rendered":"<p>Suites magn\u00edficas com pinturas e estuques de famosos artistas do s\u00e9culo XVIII, evocando os tempos em que a fam\u00edlia Sagredo era propriet\u00e1ria do pal\u00e1cio.<\/p>\n<p>O derradeiro em hist\u00f3ria e luxo: A Suite Sebastiano Ricci \u00e9 extremamente espa\u00e7osa, com um quarto fabuloso (100 metros quadrados), \u00e1rea de estar generosa e um teto de estuque soberbo do artista do s\u00e9culo XVIII Sebastiano Ricci.<br \/>\nIncrivelmente bonita e luxuosa, a Suite \u00e9 sublinhada por tecidos sumptuosos, espelhos dourados elegantes, poltronas italianas rococ\u00f3 douradas e mobili\u00e1rio antigo.<br \/>\nSituada no andar nobre do Palazzo, a Suite foi projetada para ser um hino ao romantismo; luzes, materiais e mobili\u00e1rio s\u00e3o inspirados pelas decora\u00e7\u00f5es originais da casa e d\u00e3o ao quarto uma nota especial de sedu\u00e7\u00e3o.<\/p>\n","protected":false},"excerpt":{"rendered":"<p>Suites magn\u00edficas com pinturas e estuques de famosos artistas do s\u00e9culo XVIII, evocando os tempos em que a fam\u00edlia Sagredo era propriet\u00e1ria do pal\u00e1cio. O derradeiro em hist\u00f3ria e luxo: A Suite Sebastiano Ricci \u00e9 extremamente espa\u00e7osa, com um quarto fabuloso (100 metros quadrados), \u00e1rea de estar generosa e um teto de estuque soberbo do [&hellip;]<\/p>\n","protected":false},"author":13,"featured_media":0,"parent":1347,"menu_order":40,"comment_status":"closed","ping_status":"closed","template":"template-single-room-children.php","meta":{"footnotes":""},"class_list":["post-1408","page","type-page","status-publish","hentry"],"yoast_head":"<!-- This site is optimized with the Yoast SEO plugin v26.9 - https:\/\/yoast.com\/product\/yoast-seo-wordpress\/ -->\n<title>Suite Heran\u00e7a - Ca&#039; Sagredo Hotel<\/title>\n<meta name=\"robots\" content=\"index, follow, max-snippet:-1, max-image-preview:large, max-video-preview:-1\" \/>\n<link rel=\"canonical\" href=\"https:\/\/www.casagredohotel.com\/pt-pt\/quartos-e-suites\/suite-heranca\/\" \/>\n<meta property=\"og:locale\" content=\"pt_PT\" \/>\n<meta property=\"og:type\" content=\"article\" \/>\n<meta property=\"og:title\" content=\"Suite Heran\u00e7a - Ca&#039; Sagredo Hotel\" \/>\n<meta property=\"og:description\" content=\"Suites magn\u00edficas com pinturas e estuques de famosos artistas do s\u00e9culo XVIII, evocando os tempos em que a fam\u00edlia Sagredo era propriet\u00e1ria do pal\u00e1cio. O derradeiro em hist\u00f3ria e luxo: A Suite Sebastiano Ricci \u00e9 extremamente espa\u00e7osa, com um quarto fabuloso (100 metros quadrados), \u00e1rea de estar generosa e um teto de estuque soberbo do [&hellip;]\" \/>\n<meta property=\"og:url\" content=\"https:\/\/www.casagredohotel.com\/pt-pt\/quartos-e-suites\/suite-heranca\/\" \/>\n<meta property=\"og:site_name\" content=\"Ca&#039; Sagredo Hotel\" \/>\n<meta property=\"article:modified_time\" content=\"2020-08-06T10:29:45+00:00\" \/>\n<meta name=\"twitter:card\" content=\"summary_large_image\" \/>\n<meta name=\"twitter:label1\" content=\"Tempo estimado de leitura\" \/>\n\t<meta name=\"twitter:data1\" content=\"1 minuto\" \/>\n<script type=\"application\/ld+json\" class=\"yoast-schema-graph\">{\"@context\":\"https:\/\/schema.org\",\"@graph\":[{\"@type\":\"WebPage\",\"@id\":\"https:\/\/www.casagredohotel.com\/pt-pt\/quartos-e-suites\/suite-heranca\/\",\"url\":\"https:\/\/www.casagredohotel.com\/pt-pt\/quartos-e-suites\/suite-heranca\/\",\"name\":\"Suite Heran\u00e7a - Ca' Sagredo Hotel\",\"isPartOf\":{\"@id\":\"https:\/\/www.casagredohotel.com\/pt-pt\/#website\"},\"datePublished\":\"2020-08-06T10:28:43+00:00\",\"dateModified\":\"2020-08-06T10:29:45+00:00\",\"breadcrumb\":{\"@id\":\"https:\/\/www.casagredohotel.com\/pt-pt\/quartos-e-suites\/suite-heranca\/#breadcrumb\"},\"inLanguage\":\"pt-PT\",\"potentialAction\":[{\"@type\":\"ReadAction\",\"target\":[\"https:\/\/www.casagredohotel.com\/pt-pt\/quartos-e-suites\/suite-heranca\/\"]}]},{\"@type\":\"BreadcrumbList\",\"@id\":\"https:\/\/www.casagredohotel.com\/pt-pt\/quartos-e-suites\/suite-heranca\/#breadcrumb\",\"itemListElement\":[{\"@type\":\"ListItem\",\"position\":1,\"name\":\"Home\",\"item\":\"https:\/\/www.casagredohotel.com\/pt-pt\/\"},{\"@type\":\"ListItem\",\"position\":2,\"name\":\"Quartos e Suites\",\"item\":\"https:\/\/www.casagredohotel.com\/pt-pt\/quartos-e-suites\/\"},{\"@type\":\"ListItem\",\"position\":3,\"name\":\"Suite Heran\u00e7a\"}]},{\"@type\":\"WebSite\",\"@id\":\"https:\/\/www.casagredohotel.com\/pt-pt\/#website\",\"url\":\"https:\/\/www.casagredohotel.com\/pt-pt\/\",\"name\":\"Ca' Sagredo Hotel\",\"description\":\"Just another ms.decms.eu site\",\"potentialAction\":[{\"@type\":\"SearchAction\",\"target\":{\"@type\":\"EntryPoint\",\"urlTemplate\":\"https:\/\/www.casagredohotel.com\/pt-pt\/?s={search_term_string}\"},\"query-input\":{\"@type\":\"PropertyValueSpecification\",\"valueRequired\":true,\"valueName\":\"search_term_string\"}}],\"inLanguage\":\"pt-PT\"}]}<\/script>\n<!-- \/ Yoast SEO plugin. -->","yoast_head_json":{"title":"Suite Heran\u00e7a - Ca' Sagredo Hotel","robots":{"index":"index","follow":"follow","max-snippet":"max-snippet:-1","max-image-preview":"max-image-preview:large","max-video-preview":"max-video-preview:-1"},"canonical":"https:\/\/www.casagredohotel.com\/pt-pt\/quartos-e-suites\/suite-heranca\/","og_locale":"pt_PT","og_type":"article","og_title":"Suite Heran\u00e7a - Ca' Sagredo Hotel","og_description":"Suites magn\u00edficas com pinturas e estuques de famosos artistas do s\u00e9culo XVIII, evocando os tempos em que a fam\u00edlia Sagredo era propriet\u00e1ria do pal\u00e1cio. O derradeiro em hist\u00f3ria e luxo: A Suite Sebastiano Ricci \u00e9 extremamente espa\u00e7osa, com um quarto fabuloso (100 metros quadrados), \u00e1rea de estar generosa e um teto de estuque soberbo do [&hellip;]","og_url":"https:\/\/www.casagredohotel.com\/pt-pt\/quartos-e-suites\/suite-heranca\/","og_site_name":"Ca' Sagredo Hotel","article_modified_time":"2020-08-06T10:29:45+00:00","twitter_card":"summary_large_image","twitter_misc":{"Tempo estimado de leitura":"1 minuto"},"schema":{"@context":"https:\/\/schema.org","@graph":[{"@type":"WebPage","@id":"https:\/\/www.casagredohotel.com\/pt-pt\/quartos-e-suites\/suite-heranca\/","url":"https:\/\/www.casagredohotel.com\/pt-pt\/quartos-e-suites\/suite-heranca\/","name":"Suite Heran\u00e7a - Ca' Sagredo Hotel","isPartOf":{"@id":"https:\/\/www.casagredohotel.com\/pt-pt\/#website"},"datePublished":"2020-08-06T10:28:43+00:00","dateModified":"2020-08-06T10:29:45+00:00","breadcrumb":{"@id":"https:\/\/www.casagredohotel.com\/pt-pt\/quartos-e-suites\/suite-heranca\/#breadcrumb"},"inLanguage":"pt-PT","potentialAction":[{"@type":"ReadAction","target":["https:\/\/www.casagredohotel.com\/pt-pt\/quartos-e-suites\/suite-heranca\/"]}]},{"@type":"BreadcrumbList","@id":"https:\/\/www.casagredohotel.com\/pt-pt\/quartos-e-suites\/suite-heranca\/#breadcrumb","itemListElement":[{"@type":"ListItem","position":1,"name":"Home","item":"https:\/\/www.casagredohotel.com\/pt-pt\/"},{"@type":"ListItem","position":2,"name":"Quartos e Suites","item":"https:\/\/www.casagredohotel.com\/pt-pt\/quartos-e-suites\/"},{"@type":"ListItem","position":3,"name":"Suite Heran\u00e7a"}]},{"@type":"WebSite","@id":"https:\/\/www.casagredohotel.com\/pt-pt\/#website","url":"https:\/\/www.casagredohotel.com\/pt-pt\/","name":"Ca' Sagredo Hotel","description":"Just another ms.decms.eu site","potentialAction":[{"@type":"SearchAction","target":{"@type":"EntryPoint","urlTemplate":"https:\/\/www.casagredohotel.com\/pt-pt\/?s={search_term_string}"},"query-input":{"@type":"PropertyValueSpecification","valueRequired":true,"valueName":"search_term_string"}}],"inLanguage":"pt-PT"}]}},"acf":[],"_links":{"self":[{"href":"https:\/\/www.casagredohotel.com\/pt-pt\/wp-json\/wp\/v2\/pages\/1408","targetHints":{"allow":["GET"]}}],"collection":[{"href":"https:\/\/www.casagredohotel.com\/pt-pt\/wp-json\/wp\/v2\/pages"}],"about":[{"href":"https:\/\/www.casagredohotel.com\/pt-pt\/wp-json\/wp\/v2\/types\/page"}],"author":[{"embeddable":true,"href":"https:\/\/www.casagredohotel.com\/pt-pt\/wp-json\/wp\/v2\/users\/13"}],"replies":[{"embeddable":true,"href":"https:\/\/www.casagredohotel.com\/pt-pt\/wp-json\/wp\/v2\/comments?post=1408"}],"version-history":[{"count":0,"href":"https:\/\/www.casagredohotel.com\/pt-pt\/wp-json\/wp\/v2\/pages\/1408\/revisions"}],"up":[{"embeddable":true,"href":"https:\/\/www.casagredohotel.com\/pt-pt\/wp-json\/wp\/v2\/pages\/1347"}],"wp:attachment":[{"href":"https:\/\/www.casagredohotel.com\/pt-pt\/wp-json\/wp\/v2\/media?parent=1408"}],"curies":[{"name":"wp","href":"https:\/\/api.w.org\/{rel}","templated":true}]}}